{"id":134,"date":"2018-09-14T11:27:21","date_gmt":"2018-09-14T11:27:21","guid":{"rendered":"http:\/\/varaviksne.rezeknesip.lv\/?page_id=134"},"modified":"2020-02-12T08:27:26","modified_gmt":"2020-02-12T08:27:26","slug":"laipni-ludzam","status":"publish","type":"page","link":"https:\/\/varaviksne.rezeknesip.lv\/index.php\/laipni-ludzam\/","title":{"rendered":"Laipni l\u016bdzam"},"content":{"rendered":"<p>R\u0113zeknes pils\u0113tas pirmsskolas izgl\u012bt\u012bbas iest\u0101d\u0113 &#8220;Varav\u012bksne&#8221;<\/p>\n","protected":false},"excerpt":{"rendered":"<p>R\u0113zeknes pils\u0113tas pirmsskolas izgl\u012bt\u012bbas iest\u0101d\u0113 &#8220;Varav\u012bksne&#8221;<\/p>\n","protected":false},"author":1,"featured_media":135,"parent":0,"menu_order":0,"comment_status":"closed","ping_status":"closed","template":"","meta":{"footnotes":""},"class_list":["post-134","page","type-page","status-publish","has-post-thumbnail","hentry"],"_links":{"self":[{"href":"https:\/\/varaviksne.rezeknesip.lv\/index.php\/wp-json\/wp\/v2\/pages\/134","targetHints":{"allow":["GET"]}}],"collection":[{"href":"https:\/\/varaviksne.rezeknesip.lv\/index.php\/wp-json\/wp\/v2\/pages"}],"about":[{"href":"https:\/\/varaviksne.rezeknesip.lv\/index.php\/wp-json\/wp\/v2\/types\/page"}],"author":[{"embeddable":true,"href":"https:\/\/varaviksne.rezeknesip.lv\/index.php\/wp-json\/wp\/v2\/users\/1"}],"replies":[{"embeddable":true,"href":"https:\/\/varaviksne.rezeknesip.lv\/index.php\/wp-json\/wp\/v2\/comments?post=134"}],"version-history":[{"count":1,"href":"https:\/\/varaviksne.rezeknesip.lv\/index.php\/wp-json\/wp\/v2\/pages\/134\/revisions"}],"predecessor-version":[{"id":136,"href":"https:\/\/varaviksne.rezeknesip.lv\/index.php\/wp-json\/wp\/v2\/pages\/134\/revisions\/136"}],"wp:featuredmedia":[{"embeddable":true,"href":"https:\/\/varaviksne.rezeknesip.lv\/index.php\/wp-json\/wp\/v2\/media\/135"}],"wp:attachment":[{"href":"https:\/\/varaviksne.rezeknesip.lv\/index.php\/wp-json\/wp\/v2\/media?parent=134"}],"curies":[{"name":"wp","href":"https:\/\/api.w.org\/{rel}","templated":true}]}}