{"id":16308,"date":"2024-10-25T10:27:21","date_gmt":"2024-10-25T07:27:21","guid":{"rendered":"http:\/\/varaviksne.rezeknesip.lv\/?page_id=16308"},"modified":"2026-01-26T13:49:35","modified_gmt":"2026-01-26T10:49:35","slug":"veselibu-veicinosa-skola","status":"publish","type":"page","link":"https:\/\/varaviksne.rezeknesip.lv\/index.php\/veselibu-veicinosa-skola\/","title":{"rendered":"Vesel\u012bbu veicino\u0161a skola"},"content":{"rendered":"<p>2024.gada novembr\u012b iest\u0101dei ir pie\u0161\u0137irts <strong>Vesel\u012bbu veicino\u0161as izgl\u012bt\u012bbas iest\u0101des statuss.<\/strong><\/p>\n<p>&nbsp;<\/p>\n<p><img loading=\"lazy\" decoding=\"async\" class=\"aligncenter size-full wp-image-16687\" src=\"http:\/\/varaviksne.rezeknesip.lv\/wp-content\/uploads\/2024\/12\/veselibas-skola.png\" alt=\"\" width=\"602\" height=\"340\" srcset=\"https:\/\/varaviksne.rezeknesip.lv\/wp-content\/uploads\/2024\/12\/veselibas-skola.png 602w, https:\/\/varaviksne.rezeknesip.lv\/wp-content\/uploads\/2024\/12\/veselibas-skola-300x169.png 300w, https:\/\/varaviksne.rezeknesip.lv\/wp-content\/uploads\/2024\/12\/veselibas-skola-24x14.png 24w, https:\/\/varaviksne.rezeknesip.lv\/wp-content\/uploads\/2024\/12\/veselibas-skola-36x20.png 36w, https:\/\/varaviksne.rezeknesip.lv\/wp-content\/uploads\/2024\/12\/veselibas-skola-48x27.png 48w\" sizes=\"auto, (max-width: 602px) 100vw, 602px\" \/><\/p>\n<p>&nbsp;<\/p>\n<p><img loading=\"lazy\" decoding=\"async\" class=\"aligncenter size-full wp-image-16707\" src=\"http:\/\/varaviksne.rezeknesip.lv\/wp-content\/uploads\/2024\/12\/Veselibas-skola-2-scaled.jpg\" alt=\"\" width=\"1725\" height=\"2560\" srcset=\"https:\/\/varaviksne.rezeknesip.lv\/wp-content\/uploads\/2024\/12\/Veselibas-skola-2-scaled.jpg 1725w, https:\/\/varaviksne.rezeknesip.lv\/wp-content\/uploads\/2024\/12\/Veselibas-skola-2-202x300.jpg 202w, https:\/\/varaviksne.rezeknesip.lv\/wp-content\/uploads\/2024\/12\/Veselibas-skola-2-690x1024.jpg 690w, https:\/\/varaviksne.rezeknesip.lv\/wp-content\/uploads\/2024\/12\/Veselibas-skola-2-768x1139.jpg 768w, https:\/\/varaviksne.rezeknesip.lv\/wp-content\/uploads\/2024\/12\/Veselibas-skola-2-1035x1536.jpg 1035w, https:\/\/varaviksne.rezeknesip.lv\/wp-content\/uploads\/2024\/12\/Veselibas-skola-2-1380x2048.jpg 1380w, https:\/\/varaviksne.rezeknesip.lv\/wp-content\/uploads\/2024\/12\/Veselibas-skola-2-16x24.jpg 16w, https:\/\/varaviksne.rezeknesip.lv\/wp-content\/uploads\/2024\/12\/Veselibas-skola-2-24x36.jpg 24w, https:\/\/varaviksne.rezeknesip.lv\/wp-content\/uploads\/2024\/12\/Veselibas-skola-2-32x48.jpg 32w\" sizes=\"auto, (max-width: 1725px) 100vw, 1725px\" \/><\/p>\n<p>&nbsp;<\/p>\n<p>&nbsp;<\/p>\n<p>&nbsp;<\/p>\n<p>&nbsp;<\/p>\n<p>&nbsp;<\/p>\n<table>\n<tbody>\n<tr>\n<td width=\"229\"><strong>Vesel\u012bbu veicino\u0161\u0101s izgl\u012bt\u012bbas iest\u0101des koordinators <\/strong><a href=\"#_ftn1\" name=\"_ftnref1\"><\/a><\/td>\n<td width=\"361\"><strong>Inga Kr\u016bmi\u0146a<\/strong><\/td>\n<\/tr>\n<tr>\n<td width=\"229\"><strong>Vesel\u012bbu veicino\u0161\u0101s izgl\u012bt\u012bbas iest\u0101des padomes locek\u013ci<\/strong><\/p>\n<p>&nbsp;<\/td>\n<td width=\"361\"><strong>1.\u00a0\u00a0\u00a0\u00a0\u00a0 <\/strong><strong>iest\u0101des vad\u012bt\u0101ja Nata\u013cja Maksimova, <\/strong><\/p>\n<p><strong>2.\u00a0\u00a0\u00a0\u00a0\u00a0 <\/strong><strong>Iest\u0101des padomes priek\u0161s\u0113d\u0113t\u0101ja <\/strong><strong>Maija Kr\u016bmi\u0146a (vec\u0101ku p\u0101rst\u0101vis);<\/strong><\/p>\n<p><strong>3.\u00a0\u00a0\u00a0\u00a0\u00a0 <\/strong><strong>Irina Litvjakova (vec\u0101ku p\u0101rst\u0101vis); <\/strong><\/p>\n<p><strong>4.\u00a0\u00a0\u00a0\u00a0\u00a0 <\/strong><strong>iest\u0101des vesel\u012bbas speci\u0101lists \u013bena Rupaine;<\/strong><\/p>\n<p><strong>5.\u00a0\u00a0\u00a0\u00a0\u00a0 <\/strong><strong>izgl\u012bt\u012bbas metodi\u0137e Inga Kr\u016bmi\u0146a (NVVST koordinators). <\/strong><\/td>\n<\/tr>\n<\/tbody>\n<\/table>\n<p>&nbsp;<\/p>\n<p>V<strong>esel\u012bbu veicino\u0161a izgl\u012bt\u012bbas iest\u0101des<\/strong> darba priorit\u0101tes:<\/p>\n<p>&nbsp;<\/p>\n<p>&nbsp;<\/p>\n<table>\n<tbody>\n<tr>\n<td width=\"187\"><strong>Dal\u012bbas krit\u0113rijs<\/strong><\/td>\n<td width=\"402\"><strong>Aktivit\u0101tes<\/strong><\/p>\n<p><strong>\u00a0<\/strong><\/td>\n<\/tr>\n<tr>\n<td rowspan=\"3\" width=\"187\"><strong>priorit\u0101te Nr.1<\/strong><\/p>\n<p><strong>Izgl\u012bt\u012bbas iest\u0101des darbinieku un atbalsta person\u0101la (medm\u0101sas, psihologa, logop\u0113da, soci\u0101l\u0101 pedagoga) l\u012bdzdal\u012bba vesel\u012bbas veicin\u0101\u0161an\u0101 <\/strong><\/td>\n<td width=\"402\">P\u0101rg\u0101jieni, m\u0101c\u012bbu ekskursijas, sportiskie pas\u0101kumi\/ aktivit\u0101tes, rado\u0161\u0101s rokdarbu nodarb\u012bbas \u201cES to varu!\u201d, vesel\u012bbas m\u0101c\u012bbas nodarb\u012bbas, pas\u0101kumi programmas \u201cC\u016bkmena detekt\u012bvi\u201d ietvaros.<\/td>\n<\/tr>\n<tr>\n<td width=\"402\">Pedagogu un izgl\u012btojamo darbs sak\u0146u d\u0101rz\u0101.<\/td>\n<\/tr>\n<tr>\n<td width=\"402\">Iest\u0101des vesel\u012bbas speci\u0101lista izgl\u012btojo\u0161ie pas\u0101kumi.<\/td>\n<\/tr>\n<tr>\n<td rowspan=\"3\" width=\"187\"><strong>priorit\u0101te Nr.2<\/strong><\/p>\n<p><strong>Sabiedr\u012bbas iesaist\u012b\u0161ana un l\u012bdzdal\u012bba vesel\u012bbas izgl\u012bt\u012bbas darb\u0101<\/strong><\/p>\n<p><strong>\u00a0<\/strong><\/td>\n<td width=\"402\">Sadarb\u012bba ar R\u0113zeknes sporta p\u0101rvaldi: m\u0101c\u012bbu ekskursijas uz sporta sekciju nodarb\u012bb\u0101m. Ekskursijas uz cit\u0101m iest\u0101d\u0113m.<\/p>\n<p>Pa\u0161gatavotas d\u0101vanas R\u0113zeknes pils\u0113tas pansion\u0101ta \u013caud\u012bm, iest\u0101des izgl\u012btojamo koncerts pansion\u0101t\u0101.<\/td>\n<\/tr>\n<tr>\n<td width=\"402\">Kop\u0113jie sv\u0113tki ar vec\u0101kiem un vecvec\u0101kiem: T\u0113vu diena, \u0122imenes diena, pas\u0101kums vecvec\u0101kiem, teritorijas labiek\u0101rto\u0161anas talkas, R\u016b\u0137u g\u0101jiens.<\/td>\n<\/tr>\n<tr>\n<td width=\"402\">\u0100rstu izgl\u012btojo\u0161ie pas\u0101kumi, ekskursija uz zob\u0101rsta kabinetu.<\/td>\n<\/tr>\n<\/tbody>\n<\/table>\n<p>&nbsp;<\/p>\n<p><a href=\"http:\/\/varaviksne.rezeknesip.lv\/wp-content\/uploads\/2024\/12\/Berna-mutes-higiena-pirmsskolas-vecuma.pdf\" target=\"_blank\" rel=\"noopener\">B\u0113rna mutes higi\u0113na pirmsskolas vecum\u0101. Iest\u0101des vesel\u012bbas speci\u0101lista rekomend\u0101cijas.<\/a><\/p>\n<p>&nbsp;<\/p>\n","protected":false},"excerpt":{"rendered":"<p>2024.gada novembr\u012b iest\u0101dei ir pie\u0161\u0137irts Vesel\u012bbu veicino\u0161as izgl\u012bt\u012bbas iest\u0101des statuss. &nbsp; &nbsp; &nbsp; &nbsp; &nbsp; &nbsp; &nbsp; Vesel\u012bbu veicino\u0161\u0101s izgl\u012bt\u012bbas iest\u0101des koordinators Inga Kr\u016bmi\u0146a Vesel\u012bbu veicino\u0161\u0101s izgl\u012bt\u012bbas iest\u0101des padomes locek\u013ci &nbsp; 1.\u00a0\u00a0\u00a0\u00a0\u00a0 iest\u0101des vad\u012bt\u0101ja Nata\u013cja Maksimova, 2.\u00a0\u00a0\u00a0\u00a0\u00a0 Iest\u0101des padomes priek\u0161s\u0113d\u0113t\u0101ja Maija Kr\u016bmi\u0146a (vec\u0101ku p\u0101rst\u0101vis); 3.\u00a0\u00a0\u00a0\u00a0\u00a0 Irina Litvjakova (vec\u0101ku p\u0101rst\u0101vis); 4.\u00a0\u00a0\u00a0\u00a0\u00a0 iest\u0101des vesel\u012bbas speci\u0101lists \u013bena Rupaine; [&hellip;]<\/p>\n","protected":false},"author":2,"featured_media":0,"parent":0,"menu_order":0,"comment_status":"closed","ping_status":"closed","template":"","meta":{"footnotes":""},"class_list":["post-16308","page","type-page","status-publish","hentry"],"_links":{"self":[{"href":"https:\/\/varaviksne.rezeknesip.lv\/index.php\/wp-json\/wp\/v2\/pages\/16308","targetHints":{"allow":["GET"]}}],"collection":[{"href":"https:\/\/varaviksne.rezeknesip.lv\/index.php\/wp-json\/wp\/v2\/pages"}],"about":[{"href":"https:\/\/varaviksne.rezeknesip.lv\/index.php\/wp-json\/wp\/v2\/types\/page"}],"author":[{"embeddable":true,"href":"https:\/\/varaviksne.rezeknesip.lv\/index.php\/wp-json\/wp\/v2\/users\/2"}],"replies":[{"embeddable":true,"href":"https:\/\/varaviksne.rezeknesip.lv\/index.php\/wp-json\/wp\/v2\/comments?post=16308"}],"version-history":[{"count":11,"href":"https:\/\/varaviksne.rezeknesip.lv\/index.php\/wp-json\/wp\/v2\/pages\/16308\/revisions"}],"predecessor-version":[{"id":20929,"href":"https:\/\/varaviksne.rezeknesip.lv\/index.php\/wp-json\/wp\/v2\/pages\/16308\/revisions\/20929"}],"wp:attachment":[{"href":"https:\/\/varaviksne.rezeknesip.lv\/index.php\/wp-json\/wp\/v2\/media?parent=16308"}],"curies":[{"name":"wp","href":"https:\/\/api.w.org\/{rel}","templated":true}]}}