{"id":16729,"date":"2024-12-09T17:50:14","date_gmt":"2024-12-09T14:50:14","guid":{"rendered":"http:\/\/varaviksne.rezeknesip.lv\/?page_id=16729"},"modified":"2025-01-29T12:40:20","modified_gmt":"2025-01-29T09:40:20","slug":"veselibas-macibas-nodarbibas-par-zobu-higienu","status":"publish","type":"page","link":"https:\/\/varaviksne.rezeknesip.lv\/index.php\/veselibas-macibas-nodarbibas-par-zobu-higienu\/","title":{"rendered":"Vesel\u012bbas m\u0101c\u012bbas nodarb\u012bbas par zobu higi\u0113nu"},"content":{"rendered":"<p><img loading=\"lazy\" decoding=\"async\" class=\"aligncenter size-full wp-image-16734\" src=\"http:\/\/varaviksne.rezeknesip.lv\/wp-content\/uploads\/2024\/12\/IMG_20241204_0907511-scaled.jpg\" alt=\"\" width=\"1922\" height=\"2560\" srcset=\"https:\/\/varaviksne.rezeknesip.lv\/wp-content\/uploads\/2024\/12\/IMG_20241204_0907511-scaled.jpg 1922w, https:\/\/varaviksne.rezeknesip.lv\/wp-content\/uploads\/2024\/12\/IMG_20241204_0907511-225x300.jpg 225w, https:\/\/varaviksne.rezeknesip.lv\/wp-content\/uploads\/2024\/12\/IMG_20241204_0907511-769x1024.jpg 769w, https:\/\/varaviksne.rezeknesip.lv\/wp-content\/uploads\/2024\/12\/IMG_20241204_0907511-768x1023.jpg 768w, https:\/\/varaviksne.rezeknesip.lv\/wp-content\/uploads\/2024\/12\/IMG_20241204_0907511-1153x1536.jpg 1153w, https:\/\/varaviksne.rezeknesip.lv\/wp-content\/uploads\/2024\/12\/IMG_20241204_0907511-1538x2048.jpg 1538w, https:\/\/varaviksne.rezeknesip.lv\/wp-content\/uploads\/2024\/12\/IMG_20241204_0907511-18x24.jpg 18w, https:\/\/varaviksne.rezeknesip.lv\/wp-content\/uploads\/2024\/12\/IMG_20241204_0907511-27x36.jpg 27w, https:\/\/varaviksne.rezeknesip.lv\/wp-content\/uploads\/2024\/12\/IMG_20241204_0907511-36x48.jpg 36w\" sizes=\"auto, (max-width: 1922px) 100vw, 1922px\" \/> <img loading=\"lazy\" decoding=\"async\" class=\"aligncenter size-full wp-image-16737\" src=\"http:\/\/varaviksne.rezeknesip.lv\/wp-content\/uploads\/2024\/12\/IMG_20241204_090653-scaled.jpg\" alt=\"\" width=\"1922\" height=\"2560\" srcset=\"https:\/\/varaviksne.rezeknesip.lv\/wp-content\/uploads\/2024\/12\/IMG_20241204_090653-scaled.jpg 1922w, https:\/\/varaviksne.rezeknesip.lv\/wp-content\/uploads\/2024\/12\/IMG_20241204_090653-225x300.jpg 225w, https:\/\/varaviksne.rezeknesip.lv\/wp-content\/uploads\/2024\/12\/IMG_20241204_090653-769x1024.jpg 769w, https:\/\/varaviksne.rezeknesip.lv\/wp-content\/uploads\/2024\/12\/IMG_20241204_090653-768x1023.jpg 768w, https:\/\/varaviksne.rezeknesip.lv\/wp-content\/uploads\/2024\/12\/IMG_20241204_090653-1153x1536.jpg 1153w, https:\/\/varaviksne.rezeknesip.lv\/wp-content\/uploads\/2024\/12\/IMG_20241204_090653-1538x2048.jpg 1538w, https:\/\/varaviksne.rezeknesip.lv\/wp-content\/uploads\/2024\/12\/IMG_20241204_090653-18x24.jpg 18w, https:\/\/varaviksne.rezeknesip.lv\/wp-content\/uploads\/2024\/12\/IMG_20241204_090653-27x36.jpg 27w, https:\/\/varaviksne.rezeknesip.lv\/wp-content\/uploads\/2024\/12\/IMG_20241204_090653-36x48.jpg 36w\" sizes=\"auto, (max-width: 1922px) 100vw, 1922px\" \/> <img loading=\"lazy\" decoding=\"async\" class=\"aligncenter size-full wp-image-16739\" src=\"http:\/\/varaviksne.rezeknesip.lv\/wp-content\/uploads\/2024\/12\/IMG_20241204_085954-scaled.jpg\" alt=\"\" width=\"1922\" height=\"2560\" srcset=\"https:\/\/varaviksne.rezeknesip.lv\/wp-content\/uploads\/2024\/12\/IMG_20241204_085954-scaled.jpg 1922w, https:\/\/varaviksne.rezeknesip.lv\/wp-content\/uploads\/2024\/12\/IMG_20241204_085954-225x300.jpg 225w, https:\/\/varaviksne.rezeknesip.lv\/wp-content\/uploads\/2024\/12\/IMG_20241204_085954-769x1024.jpg 769w, https:\/\/varaviksne.rezeknesip.lv\/wp-content\/uploads\/2024\/12\/IMG_20241204_085954-768x1023.jpg 768w, https:\/\/varaviksne.rezeknesip.lv\/wp-content\/uploads\/2024\/12\/IMG_20241204_085954-1153x1536.jpg 1153w, https:\/\/varaviksne.rezeknesip.lv\/wp-content\/uploads\/2024\/12\/IMG_20241204_085954-1538x2048.jpg 1538w, https:\/\/varaviksne.rezeknesip.lv\/wp-content\/uploads\/2024\/12\/IMG_20241204_085954-18x24.jpg 18w, https:\/\/varaviksne.rezeknesip.lv\/wp-content\/uploads\/2024\/12\/IMG_20241204_085954-27x36.jpg 27w, https:\/\/varaviksne.rezeknesip.lv\/wp-content\/uploads\/2024\/12\/IMG_20241204_085954-36x48.jpg 36w\" sizes=\"auto, (max-width: 1922px) 100vw, 1922px\" \/> <img loading=\"lazy\" decoding=\"async\" class=\"aligncenter size-full wp-image-16740\" src=\"http:\/\/varaviksne.rezeknesip.lv\/wp-content\/uploads\/2024\/12\/IMG_20241204_090212-scaled.jpg\" alt=\"\" width=\"1922\" height=\"2560\" srcset=\"https:\/\/varaviksne.rezeknesip.lv\/wp-content\/uploads\/2024\/12\/IMG_20241204_090212-scaled.jpg 1922w, https:\/\/varaviksne.rezeknesip.lv\/wp-content\/uploads\/2024\/12\/IMG_20241204_090212-225x300.jpg 225w, https:\/\/varaviksne.rezeknesip.lv\/wp-content\/uploads\/2024\/12\/IMG_20241204_090212-769x1024.jpg 769w, https:\/\/varaviksne.rezeknesip.lv\/wp-content\/uploads\/2024\/12\/IMG_20241204_090212-768x1023.jpg 768w, https:\/\/varaviksne.rezeknesip.lv\/wp-content\/uploads\/2024\/12\/IMG_20241204_090212-1153x1536.jpg 1153w, https:\/\/varaviksne.rezeknesip.lv\/wp-content\/uploads\/2024\/12\/IMG_20241204_090212-1538x2048.jpg 1538w, https:\/\/varaviksne.rezeknesip.lv\/wp-content\/uploads\/2024\/12\/IMG_20241204_090212-18x24.jpg 18w, https:\/\/varaviksne.rezeknesip.lv\/wp-content\/uploads\/2024\/12\/IMG_20241204_090212-27x36.jpg 27w, https:\/\/varaviksne.rezeknesip.lv\/wp-content\/uploads\/2024\/12\/IMG_20241204_090212-36x48.jpg 36w\" sizes=\"auto, (max-width: 1922px) 100vw, 1922px\" \/> <img loading=\"lazy\" decoding=\"async\" class=\"aligncenter size-full wp-image-16741\" src=\"http:\/\/varaviksne.rezeknesip.lv\/wp-content\/uploads\/2024\/12\/IMG_20241204_085745-scaled.jpg\" alt=\"\" width=\"1922\" height=\"2560\" srcset=\"https:\/\/varaviksne.rezeknesip.lv\/wp-content\/uploads\/2024\/12\/IMG_20241204_085745-scaled.jpg 1922w, https:\/\/varaviksne.rezeknesip.lv\/wp-content\/uploads\/2024\/12\/IMG_20241204_085745-225x300.jpg 225w, https:\/\/varaviksne.rezeknesip.lv\/wp-content\/uploads\/2024\/12\/IMG_20241204_085745-769x1024.jpg 769w, https:\/\/varaviksne.rezeknesip.lv\/wp-content\/uploads\/2024\/12\/IMG_20241204_085745-768x1023.jpg 768w, https:\/\/varaviksne.rezeknesip.lv\/wp-content\/uploads\/2024\/12\/IMG_20241204_085745-1153x1536.jpg 1153w, https:\/\/varaviksne.rezeknesip.lv\/wp-content\/uploads\/2024\/12\/IMG_20241204_085745-1538x2048.jpg 1538w, https:\/\/varaviksne.rezeknesip.lv\/wp-content\/uploads\/2024\/12\/IMG_20241204_085745-18x24.jpg 18w, https:\/\/varaviksne.rezeknesip.lv\/wp-content\/uploads\/2024\/12\/IMG_20241204_085745-27x36.jpg 27w, https:\/\/varaviksne.rezeknesip.lv\/wp-content\/uploads\/2024\/12\/IMG_20241204_085745-36x48.jpg 36w\" sizes=\"auto, (max-width: 1922px) 100vw, 1922px\" \/> <img loading=\"lazy\" decoding=\"async\" class=\"aligncenter size-full wp-image-16742\" src=\"http:\/\/varaviksne.rezeknesip.lv\/wp-content\/uploads\/2024\/12\/IMG_20241204_085309-scaled.jpg\" alt=\"\" width=\"1920\" height=\"2560\" srcset=\"https:\/\/varaviksne.rezeknesip.lv\/wp-content\/uploads\/2024\/12\/IMG_20241204_085309-scaled.jpg 1920w, https:\/\/varaviksne.rezeknesip.lv\/wp-content\/uploads\/2024\/12\/IMG_20241204_085309-225x300.jpg 225w, https:\/\/varaviksne.rezeknesip.lv\/wp-content\/uploads\/2024\/12\/IMG_20241204_085309-768x1024.jpg 768w, https:\/\/varaviksne.rezeknesip.lv\/wp-content\/uploads\/2024\/12\/IMG_20241204_085309-1152x1536.jpg 1152w, https:\/\/varaviksne.rezeknesip.lv\/wp-content\/uploads\/2024\/12\/IMG_20241204_085309-1536x2048.jpg 1536w, https:\/\/varaviksne.rezeknesip.lv\/wp-content\/uploads\/2024\/12\/IMG_20241204_085309-18x24.jpg 18w, https:\/\/varaviksne.rezeknesip.lv\/wp-content\/uploads\/2024\/12\/IMG_20241204_085309-27x36.jpg 27w, https:\/\/varaviksne.rezeknesip.lv\/wp-content\/uploads\/2024\/12\/IMG_20241204_085309-36x48.jpg 36w\" sizes=\"auto, (max-width: 1920px) 100vw, 1920px\" \/> <img loading=\"lazy\" decoding=\"async\" class=\"aligncenter size-full wp-image-16743\" src=\"http:\/\/varaviksne.rezeknesip.lv\/wp-content\/uploads\/2024\/12\/IMG_20241206_122802-scaled.jpg\" alt=\"\" width=\"1922\" height=\"2560\" srcset=\"https:\/\/varaviksne.rezeknesip.lv\/wp-content\/uploads\/2024\/12\/IMG_20241206_122802-scaled.jpg 1922w, https:\/\/varaviksne.rezeknesip.lv\/wp-content\/uploads\/2024\/12\/IMG_20241206_122802-225x300.jpg 225w, https:\/\/varaviksne.rezeknesip.lv\/wp-content\/uploads\/2024\/12\/IMG_20241206_122802-769x1024.jpg 769w, https:\/\/varaviksne.rezeknesip.lv\/wp-content\/uploads\/2024\/12\/IMG_20241206_122802-768x1023.jpg 768w, https:\/\/varaviksne.rezeknesip.lv\/wp-content\/uploads\/2024\/12\/IMG_20241206_122802-1153x1536.jpg 1153w, https:\/\/varaviksne.rezeknesip.lv\/wp-content\/uploads\/2024\/12\/IMG_20241206_122802-1538x2048.jpg 1538w, https:\/\/varaviksne.rezeknesip.lv\/wp-content\/uploads\/2024\/12\/IMG_20241206_122802-18x24.jpg 18w, https:\/\/varaviksne.rezeknesip.lv\/wp-content\/uploads\/2024\/12\/IMG_20241206_122802-27x36.jpg 27w, https:\/\/varaviksne.rezeknesip.lv\/wp-content\/uploads\/2024\/12\/IMG_20241206_122802-36x48.jpg 36w\" sizes=\"auto, (max-width: 1922px) 100vw, 1922px\" \/> <img loading=\"lazy\" decoding=\"async\" class=\"aligncenter size-full wp-image-16744\" src=\"http:\/\/varaviksne.rezeknesip.lv\/wp-content\/uploads\/2024\/12\/IMG_20241206_102800-scaled.jpg\" alt=\"\" width=\"2560\" height=\"1922\" srcset=\"https:\/\/varaviksne.rezeknesip.lv\/wp-content\/uploads\/2024\/12\/IMG_20241206_102800-scaled.jpg 2560w, https:\/\/varaviksne.rezeknesip.lv\/wp-content\/uploads\/2024\/12\/IMG_20241206_102800-300x225.jpg 300w, https:\/\/varaviksne.rezeknesip.lv\/wp-content\/uploads\/2024\/12\/IMG_20241206_102800-1024x769.jpg 1024w, https:\/\/varaviksne.rezeknesip.lv\/wp-content\/uploads\/2024\/12\/IMG_20241206_102800-768x577.jpg 768w, https:\/\/varaviksne.rezeknesip.lv\/wp-content\/uploads\/2024\/12\/IMG_20241206_102800-1536x1153.jpg 1536w, https:\/\/varaviksne.rezeknesip.lv\/wp-content\/uploads\/2024\/12\/IMG_20241206_102800-2048x1538.jpg 2048w, https:\/\/varaviksne.rezeknesip.lv\/wp-content\/uploads\/2024\/12\/IMG_20241206_102800-24x18.jpg 24w, https:\/\/varaviksne.rezeknesip.lv\/wp-content\/uploads\/2024\/12\/IMG_20241206_102800-36x27.jpg 36w, https:\/\/varaviksne.rezeknesip.lv\/wp-content\/uploads\/2024\/12\/IMG_20241206_102800-48x36.jpg 48w\" sizes=\"auto, (max-width: 2560px) 100vw, 2560px\" \/> <img loading=\"lazy\" decoding=\"async\" class=\"aligncenter size-full wp-image-16745\" src=\"http:\/\/varaviksne.rezeknesip.lv\/wp-content\/uploads\/2024\/12\/IMG_20241206_122640-scaled.jpg\" alt=\"\" width=\"1922\" height=\"2560\" srcset=\"https:\/\/varaviksne.rezeknesip.lv\/wp-content\/uploads\/2024\/12\/IMG_20241206_122640-scaled.jpg 1922w, https:\/\/varaviksne.rezeknesip.lv\/wp-content\/uploads\/2024\/12\/IMG_20241206_122640-225x300.jpg 225w, https:\/\/varaviksne.rezeknesip.lv\/wp-content\/uploads\/2024\/12\/IMG_20241206_122640-769x1024.jpg 769w, https:\/\/varaviksne.rezeknesip.lv\/wp-content\/uploads\/2024\/12\/IMG_20241206_122640-768x1023.jpg 768w, https:\/\/varaviksne.rezeknesip.lv\/wp-content\/uploads\/2024\/12\/IMG_20241206_122640-1153x1536.jpg 1153w, https:\/\/varaviksne.rezeknesip.lv\/wp-content\/uploads\/2024\/12\/IMG_20241206_122640-1538x2048.jpg 1538w, https:\/\/varaviksne.rezeknesip.lv\/wp-content\/uploads\/2024\/12\/IMG_20241206_122640-18x24.jpg 18w, https:\/\/varaviksne.rezeknesip.lv\/wp-content\/uploads\/2024\/12\/IMG_20241206_122640-27x36.jpg 27w, https:\/\/varaviksne.rezeknesip.lv\/wp-content\/uploads\/2024\/12\/IMG_20241206_122640-36x48.jpg 36w\" sizes=\"auto, (max-width: 1922px) 100vw, 1922px\" \/> <img loading=\"lazy\" decoding=\"async\" class=\"aligncenter size-full wp-image-16746\" src=\"http:\/\/varaviksne.rezeknesip.lv\/wp-content\/uploads\/2024\/12\/IMG_20241204_090751-scaled.jpg\" alt=\"\" width=\"1922\" height=\"2560\" srcset=\"https:\/\/varaviksne.rezeknesip.lv\/wp-content\/uploads\/2024\/12\/IMG_20241204_090751-scaled.jpg 1922w, https:\/\/varaviksne.rezeknesip.lv\/wp-content\/uploads\/2024\/12\/IMG_20241204_090751-225x300.jpg 225w, https:\/\/varaviksne.rezeknesip.lv\/wp-content\/uploads\/2024\/12\/IMG_20241204_090751-769x1024.jpg 769w, https:\/\/varaviksne.rezeknesip.lv\/wp-content\/uploads\/2024\/12\/IMG_20241204_090751-768x1023.jpg 768w, https:\/\/varaviksne.rezeknesip.lv\/wp-content\/uploads\/2024\/12\/IMG_20241204_090751-1153x1536.jpg 1153w, https:\/\/varaviksne.rezeknesip.lv\/wp-content\/uploads\/2024\/12\/IMG_20241204_090751-1538x2048.jpg 1538w, https:\/\/varaviksne.rezeknesip.lv\/wp-content\/uploads\/2024\/12\/IMG_20241204_090751-18x24.jpg 18w, https:\/\/varaviksne.rezeknesip.lv\/wp-content\/uploads\/2024\/12\/IMG_20241204_090751-27x36.jpg 27w, https:\/\/varaviksne.rezeknesip.lv\/wp-content\/uploads\/2024\/12\/IMG_20241204_090751-36x48.jpg 36w\" sizes=\"auto, (max-width: 1922px) 100vw, 1922px\" \/><\/p>\n<p><img loading=\"lazy\" decoding=\"async\" class=\"aligncenter size-full wp-image-16747\" src=\"http:\/\/varaviksne.rezeknesip.lv\/wp-content\/uploads\/2024\/12\/IMG_20241206_101612-scaled.jpg\" alt=\"\" width=\"1920\" height=\"2560\" srcset=\"https:\/\/varaviksne.rezeknesip.lv\/wp-content\/uploads\/2024\/12\/IMG_20241206_101612-scaled.jpg 1920w, https:\/\/varaviksne.rezeknesip.lv\/wp-content\/uploads\/2024\/12\/IMG_20241206_101612-225x300.jpg 225w, https:\/\/varaviksne.rezeknesip.lv\/wp-content\/uploads\/2024\/12\/IMG_20241206_101612-768x1024.jpg 768w, https:\/\/varaviksne.rezeknesip.lv\/wp-content\/uploads\/2024\/12\/IMG_20241206_101612-1152x1536.jpg 1152w, https:\/\/varaviksne.rezeknesip.lv\/wp-content\/uploads\/2024\/12\/IMG_20241206_101612-1536x2048.jpg 1536w, https:\/\/varaviksne.rezeknesip.lv\/wp-content\/uploads\/2024\/12\/IMG_20241206_101612-18x24.jpg 18w, https:\/\/varaviksne.rezeknesip.lv\/wp-content\/uploads\/2024\/12\/IMG_20241206_101612-27x36.jpg 27w, https:\/\/varaviksne.rezeknesip.lv\/wp-content\/uploads\/2024\/12\/IMG_20241206_101612-36x48.jpg 36w\" sizes=\"auto, (max-width: 1920px) 100vw, 1920px\" \/><\/p>\n<p><img loading=\"lazy\" decoding=\"async\" class=\"aligncenter size-full wp-image-17204\" src=\"http:\/\/varaviksne.rezeknesip.lv\/wp-content\/uploads\/2025\/01\/\u0424\u043e\u0442\u043e-\u043e\u0442-Natalja24.jpg\" alt=\"\" width=\"1112\" height=\"1600\" srcset=\"https:\/\/varaviksne.rezeknesip.lv\/wp-content\/uploads\/2025\/01\/\u0424\u043e\u0442\u043e-\u043e\u0442-Natalja24.jpg 1112w, https:\/\/varaviksne.rezeknesip.lv\/wp-content\/uploads\/2025\/01\/\u0424\u043e\u0442\u043e-\u043e\u0442-Natalja24-209x300.jpg 209w, https:\/\/varaviksne.rezeknesip.lv\/wp-content\/uploads\/2025\/01\/\u0424\u043e\u0442\u043e-\u043e\u0442-Natalja24-712x1024.jpg 712w, https:\/\/varaviksne.rezeknesip.lv\/wp-content\/uploads\/2025\/01\/\u0424\u043e\u0442\u043e-\u043e\u0442-Natalja24-768x1105.jpg 768w, https:\/\/varaviksne.rezeknesip.lv\/wp-content\/uploads\/2025\/01\/\u0424\u043e\u0442\u043e-\u043e\u0442-Natalja24-1068x1536.jpg 1068w, https:\/\/varaviksne.rezeknesip.lv\/wp-content\/uploads\/2025\/01\/\u0424\u043e\u0442\u043e-\u043e\u0442-Natalja24-17x24.jpg 17w, https:\/\/varaviksne.rezeknesip.lv\/wp-content\/uploads\/2025\/01\/\u0424\u043e\u0442\u043e-\u043e\u0442-Natalja24-25x36.jpg 25w, https:\/\/varaviksne.rezeknesip.lv\/wp-content\/uploads\/2025\/01\/\u0424\u043e\u0442\u043e-\u043e\u0442-Natalja24-33x48.jpg 33w\" sizes=\"auto, (max-width: 1112px) 100vw, 1112px\" \/><\/p>\n<p><img loading=\"lazy\" decoding=\"async\" class=\"aligncenter size-full wp-image-17205\" src=\"http:\/\/varaviksne.rezeknesip.lv\/wp-content\/uploads\/2025\/01\/\u0424\u043e\u0442\u043e-\u043e\u0442-Natalja23.jpg\" alt=\"\" width=\"1227\" height=\"1600\" srcset=\"https:\/\/varaviksne.rezeknesip.lv\/wp-content\/uploads\/2025\/01\/\u0424\u043e\u0442\u043e-\u043e\u0442-Natalja23.jpg 1227w, https:\/\/varaviksne.rezeknesip.lv\/wp-content\/uploads\/2025\/01\/\u0424\u043e\u0442\u043e-\u043e\u0442-Natalja23-230x300.jpg 230w, https:\/\/varaviksne.rezeknesip.lv\/wp-content\/uploads\/2025\/01\/\u0424\u043e\u0442\u043e-\u043e\u0442-Natalja23-785x1024.jpg 785w, https:\/\/varaviksne.rezeknesip.lv\/wp-content\/uploads\/2025\/01\/\u0424\u043e\u0442\u043e-\u043e\u0442-Natalja23-768x1001.jpg 768w, https:\/\/varaviksne.rezeknesip.lv\/wp-content\/uploads\/2025\/01\/\u0424\u043e\u0442\u043e-\u043e\u0442-Natalja23-1178x1536.jpg 1178w, https:\/\/varaviksne.rezeknesip.lv\/wp-content\/uploads\/2025\/01\/\u0424\u043e\u0442\u043e-\u043e\u0442-Natalja23-18x24.jpg 18w, https:\/\/varaviksne.rezeknesip.lv\/wp-content\/uploads\/2025\/01\/\u0424\u043e\u0442\u043e-\u043e\u0442-Natalja23-28x36.jpg 28w, https:\/\/varaviksne.rezeknesip.lv\/wp-content\/uploads\/2025\/01\/\u0424\u043e\u0442\u043e-\u043e\u0442-Natalja23-37x48.jpg 37w\" sizes=\"auto, (max-width: 1227px) 100vw, 1227px\" \/><\/p>\n","protected":false},"excerpt":{"rendered":"","protected":false},"author":2,"featured_media":0,"parent":0,"menu_order":0,"comment_status":"closed","ping_status":"closed","template":"","meta":{"footnotes":""},"class_list":["post-16729","page","type-page","status-publish","hentry"],"_links":{"self":[{"href":"https:\/\/varaviksne.rezeknesip.lv\/index.php\/wp-json\/wp\/v2\/pages\/16729","targetHints":{"allow":["GET"]}}],"collection":[{"href":"https:\/\/varaviksne.rezeknesip.lv\/index.php\/wp-json\/wp\/v2\/pages"}],"about":[{"href":"https:\/\/varaviksne.rezeknesip.lv\/index.php\/wp-json\/wp\/v2\/types\/page"}],"author":[{"embeddable":true,"href":"https:\/\/varaviksne.rezeknesip.lv\/index.php\/wp-json\/wp\/v2\/users\/2"}],"replies":[{"embeddable":true,"href":"https:\/\/varaviksne.rezeknesip.lv\/index.php\/wp-json\/wp\/v2\/comments?post=16729"}],"version-history":[{"count":4,"href":"https:\/\/varaviksne.rezeknesip.lv\/index.php\/wp-json\/wp\/v2\/pages\/16729\/revisions"}],"predecessor-version":[{"id":17206,"href":"https:\/\/varaviksne.rezeknesip.lv\/index.php\/wp-json\/wp\/v2\/pages\/16729\/revisions\/17206"}],"wp:attachment":[{"href":"https:\/\/varaviksne.rezeknesip.lv\/index.php\/wp-json\/wp\/v2\/media?parent=16729"}],"curies":[{"name":"wp","href":"https:\/\/api.w.org\/{rel}","templated":true}]}}