{"id":16782,"date":"2024-12-10T09:34:50","date_gmt":"2024-12-10T06:34:50","guid":{"rendered":"http:\/\/varaviksne.rezeknesip.lv\/?page_id=16782"},"modified":"2026-04-09T07:14:16","modified_gmt":"2026-04-09T04:14:16","slug":"ekskursijas","status":"publish","type":"page","link":"https:\/\/varaviksne.rezeknesip.lv\/index.php\/ekskursijas\/","title":{"rendered":"Ekskursijas"},"content":{"rendered":"<div id=\"ht-content\" class=\"ht-site-content\">\n<div class=\"ht-container ht-clearfix\">\n<div id=\"primary\" class=\"content-area\">\n<p>&nbsp;<\/p>\n<article id=\"post-21685\" class=\"post-21685 post type-post status-publish format-standard has-post-thumbnail category-aktualitates\">\n<div class=\"entry-content\">\n<h1>Ekskursija uz R\u0113zeknes medic\u012bnas un vesel\u012bbas centru \u201cMedical plus\u201d<\/h1>\n<p>2026.g. 6. mart\u0101 b\u0113rni\u00a0 no grupas \u201dBit\u012bte\u201d dev\u0101s uz R\u0113zeknes medic\u012bnas un vesel\u012bbas centru \u201cMedical plus\u201d, lai b\u0113rni vair\u0101k uzzin\u0101tu par higi\u0113nista un zobu \u0101rsta profesij\u0101m, \u00a0\u00a0iem\u0101c\u012btos p\u0101rvar\u0113t bailes no zobu \u0101rst\u0113\u0161anas un dro\u0161i dotos viz\u012bt\u0113s turpm\u0101k.<\/p>\n<p>Da\u017eiem b\u0113rniem jau bija pieredze, k\u0101 notiek zobu higi\u0113nas proced\u016bra, bet da\u017eiem t\u0101 bija pirm\u0101 manipul\u0101cija. Jauk\u0101 un smaid\u012bg\u0101 daktere paskaidroja visu, lai b\u0113rni nebaid\u012btos no higi\u0113nista vai zobu \u0101rsta, ar\u012b vi\u0146iem, tie\u0161i t\u0101pat k\u0101 pieaugu\u0161ajiem pacientiem, svar\u012bgi ir redz\u0113t un zin\u0101t, k\u0101das manipul\u0101cijas tiks veiktas.<\/p>\n<p>B\u0113rniem visliel\u0101k\u0101 interese bija par stomatologa kr\u0113slu un t\u0101 apr\u012bkojumu. Vi\u0146iem izr\u0101d\u012bja siekalu ats\u016bc\u0113ju, \u013c\u0101va groz\u012bt, pacelt un nolaist kr\u0113slu, iesl\u0113gt gaismas, b\u0113rna sa\u0146\u0113ma saprotamu inform\u0101ciju par katru manipul\u0101ciju. Daktere nodemonstr\u0113ja manipul\u0101cijas un veica katram b\u0113rnam, kur\u0161 v\u0113l\u0113j\u0101s, \u0161o pat\u012bkamo proced\u016bru. Tika izrun\u0101ti ar\u012b\u00a0ne maz\u0101k svar\u012bgie \u00a0jaut\u0101jumi par zobu t\u012br\u012b\u0161anu, piem\u0113ram, cik reizes dien\u0101 t\u012br\u012bt zobus?!<\/p>\n<p>B\u0113rni k\u013cuva gudr\u0101ki, drosm\u012bg\u0101ki un ar balt\u0101kiem zobiem!<\/p>\n<p>Liels paldies R\u0113zeknes medic\u012bnas un vesel\u012bbas centru \u201cMedical plus\u201d darbiniekiem!<\/p>\n<p><img loading=\"lazy\" decoding=\"async\" class=\"aligncenter size-full wp-image-21696\" src=\"http:\/\/varaviksne.rezeknesip.lv\/wp-content\/uploads\/2026\/03\/IMG-20260306-WA0009-2.jpg\" sizes=\"auto, (max-width: 1188px) 100vw, 1188px\" srcset=\"https:\/\/varaviksne.rezeknesip.lv\/wp-content\/uploads\/2026\/03\/IMG-20260306-WA0009-2.jpg 1188w, https:\/\/varaviksne.rezeknesip.lv\/wp-content\/uploads\/2026\/03\/IMG-20260306-WA0009-2-300x247.jpg 300w, https:\/\/varaviksne.rezeknesip.lv\/wp-content\/uploads\/2026\/03\/IMG-20260306-WA0009-2-1024x845.jpg 1024w, https:\/\/varaviksne.rezeknesip.lv\/wp-content\/uploads\/2026\/03\/IMG-20260306-WA0009-2-768x634.jpg 768w, https:\/\/varaviksne.rezeknesip.lv\/wp-content\/uploads\/2026\/03\/IMG-20260306-WA0009-2-24x20.jpg 24w, https:\/\/varaviksne.rezeknesip.lv\/wp-content\/uploads\/2026\/03\/IMG-20260306-WA0009-2-36x30.jpg 36w, https:\/\/varaviksne.rezeknesip.lv\/wp-content\/uploads\/2026\/03\/IMG-20260306-WA0009-2-48x40.jpg 48w\" alt=\"\" width=\"1188\" height=\"980\" \/> <img loading=\"lazy\" decoding=\"async\" class=\"aligncenter size-full wp-image-21695\" src=\"http:\/\/varaviksne.rezeknesip.lv\/wp-content\/uploads\/2026\/03\/IMG-20260306-WA0005-2.jpg\" sizes=\"auto, (max-width: 962px) 100vw, 962px\" srcset=\"https:\/\/varaviksne.rezeknesip.lv\/wp-content\/uploads\/2026\/03\/IMG-20260306-WA0005-2.jpg 962w, https:\/\/varaviksne.rezeknesip.lv\/wp-content\/uploads\/2026\/03\/IMG-20260306-WA0005-2-282x300.jpg 282w, https:\/\/varaviksne.rezeknesip.lv\/wp-content\/uploads\/2026\/03\/IMG-20260306-WA0005-2-768x817.jpg 768w, https:\/\/varaviksne.rezeknesip.lv\/wp-content\/uploads\/2026\/03\/IMG-20260306-WA0005-2-34x36.jpg 34w, https:\/\/varaviksne.rezeknesip.lv\/wp-content\/uploads\/2026\/03\/IMG-20260306-WA0005-2-45x48.jpg 45w\" alt=\"\" width=\"962\" height=\"1023\" \/> <img loading=\"lazy\" decoding=\"async\" class=\"aligncenter size-full wp-image-21694\" src=\"http:\/\/varaviksne.rezeknesip.lv\/wp-content\/uploads\/2026\/03\/IMG-20260306-WA0001.jpg\" sizes=\"auto, (max-width: 1380px) 100vw, 1380px\" srcset=\"https:\/\/varaviksne.rezeknesip.lv\/wp-content\/uploads\/2026\/03\/IMG-20260306-WA0001.jpg 1380w, https:\/\/varaviksne.rezeknesip.lv\/wp-content\/uploads\/2026\/03\/IMG-20260306-WA0001-300x232.jpg 300w, https:\/\/varaviksne.rezeknesip.lv\/wp-content\/uploads\/2026\/03\/IMG-20260306-WA0001-1024x792.jpg 1024w, https:\/\/varaviksne.rezeknesip.lv\/wp-content\/uploads\/2026\/03\/IMG-20260306-WA0001-768x594.jpg 768w, https:\/\/varaviksne.rezeknesip.lv\/wp-content\/uploads\/2026\/03\/IMG-20260306-WA0001-24x19.jpg 24w, https:\/\/varaviksne.rezeknesip.lv\/wp-content\/uploads\/2026\/03\/IMG-20260306-WA0001-36x28.jpg 36w, https:\/\/varaviksne.rezeknesip.lv\/wp-content\/uploads\/2026\/03\/IMG-20260306-WA0001-48x37.jpg 48w\" alt=\"\" width=\"1380\" height=\"1067\" \/> <img loading=\"lazy\" decoding=\"async\" class=\"aligncenter size-full wp-image-21693\" src=\"http:\/\/varaviksne.rezeknesip.lv\/wp-content\/uploads\/2026\/03\/20260306_100702-scaled.jpg\" sizes=\"auto, (max-width: 2560px) 100vw, 2560px\" srcset=\"https:\/\/varaviksne.rezeknesip.lv\/wp-content\/uploads\/2026\/03\/20260306_100702-scaled.jpg 2560w, https:\/\/varaviksne.rezeknesip.lv\/wp-content\/uploads\/2026\/03\/20260306_100702-300x261.jpg 300w, https:\/\/varaviksne.rezeknesip.lv\/wp-content\/uploads\/2026\/03\/20260306_100702-1024x892.jpg 1024w, https:\/\/varaviksne.rezeknesip.lv\/wp-content\/uploads\/2026\/03\/20260306_100702-768x669.jpg 768w, https:\/\/varaviksne.rezeknesip.lv\/wp-content\/uploads\/2026\/03\/20260306_100702-1536x1339.jpg 1536w, https:\/\/varaviksne.rezeknesip.lv\/wp-content\/uploads\/2026\/03\/20260306_100702-2048x1785.jpg 2048w, https:\/\/varaviksne.rezeknesip.lv\/wp-content\/uploads\/2026\/03\/20260306_100702-24x21.jpg 24w, https:\/\/varaviksne.rezeknesip.lv\/wp-content\/uploads\/2026\/03\/20260306_100702-36x31.jpg 36w, https:\/\/varaviksne.rezeknesip.lv\/wp-content\/uploads\/2026\/03\/20260306_100702-48x42.jpg 48w\" alt=\"\" width=\"2560\" height=\"2231\" \/> <img loading=\"lazy\" decoding=\"async\" class=\"aligncenter size-full wp-image-21692\" src=\"http:\/\/varaviksne.rezeknesip.lv\/wp-content\/uploads\/2026\/03\/20260306_100653.jpg\" sizes=\"auto, (max-width: 2432px) 100vw, 2432px\" srcset=\"https:\/\/varaviksne.rezeknesip.lv\/wp-content\/uploads\/2026\/03\/20260306_100653.jpg 2432w, https:\/\/varaviksne.rezeknesip.lv\/wp-content\/uploads\/2026\/03\/20260306_100653-288x300.jpg 288w, https:\/\/varaviksne.rezeknesip.lv\/wp-content\/uploads\/2026\/03\/20260306_100653-982x1024.jpg 982w, https:\/\/varaviksne.rezeknesip.lv\/wp-content\/uploads\/2026\/03\/20260306_100653-768x801.jpg 768w, https:\/\/varaviksne.rezeknesip.lv\/wp-content\/uploads\/2026\/03\/20260306_100653-1473x1536.jpg 1473w, https:\/\/varaviksne.rezeknesip.lv\/wp-content\/uploads\/2026\/03\/20260306_100653-1964x2048.jpg 1964w, https:\/\/varaviksne.rezeknesip.lv\/wp-content\/uploads\/2026\/03\/20260306_100653-24x24.jpg 24w, https:\/\/varaviksne.rezeknesip.lv\/wp-content\/uploads\/2026\/03\/20260306_100653-46x48.jpg 46w\" alt=\"\" width=\"2432\" height=\"2536\" \/> <img loading=\"lazy\" decoding=\"async\" class=\"aligncenter size-full wp-image-21691\" src=\"http:\/\/varaviksne.rezeknesip.lv\/wp-content\/uploads\/2026\/03\/20260306_100558-scaled.jpg\" sizes=\"auto, (max-width: 2560px) 100vw, 2560px\" srcset=\"https:\/\/varaviksne.rezeknesip.lv\/wp-content\/uploads\/2026\/03\/20260306_100558-scaled.jpg 2560w, https:\/\/varaviksne.rezeknesip.lv\/wp-content\/uploads\/2026\/03\/20260306_100558-300x207.jpg 300w, https:\/\/varaviksne.rezeknesip.lv\/wp-content\/uploads\/2026\/03\/20260306_100558-1024x706.jpg 1024w, https:\/\/varaviksne.rezeknesip.lv\/wp-content\/uploads\/2026\/03\/20260306_100558-768x529.jpg 768w, https:\/\/varaviksne.rezeknesip.lv\/wp-content\/uploads\/2026\/03\/20260306_100558-1536x1059.jpg 1536w, https:\/\/varaviksne.rezeknesip.lv\/wp-content\/uploads\/2026\/03\/20260306_100558-2048x1412.jpg 2048w, https:\/\/varaviksne.rezeknesip.lv\/wp-content\/uploads\/2026\/03\/20260306_100558-24x17.jpg 24w, https:\/\/varaviksne.rezeknesip.lv\/wp-content\/uploads\/2026\/03\/20260306_100558-36x25.jpg 36w, https:\/\/varaviksne.rezeknesip.lv\/wp-content\/uploads\/2026\/03\/20260306_100558-48x33.jpg 48w\" alt=\"\" width=\"2560\" height=\"1765\" \/> <img loading=\"lazy\" decoding=\"async\" class=\"aligncenter size-full wp-image-21690\" src=\"http:\/\/varaviksne.rezeknesip.lv\/wp-content\/uploads\/2026\/03\/20260306_100543-scaled.jpg\" sizes=\"auto, (max-width: 2560px) 100vw, 2560px\" srcset=\"https:\/\/varaviksne.rezeknesip.lv\/wp-content\/uploads\/2026\/03\/20260306_100543-scaled.jpg 2560w, https:\/\/varaviksne.rezeknesip.lv\/wp-content\/uploads\/2026\/03\/20260306_100543-300x251.jpg 300w, https:\/\/varaviksne.rezeknesip.lv\/wp-content\/uploads\/2026\/03\/20260306_100543-1024x856.jpg 1024w, https:\/\/varaviksne.rezeknesip.lv\/wp-content\/uploads\/2026\/03\/20260306_100543-768x642.jpg 768w, https:\/\/varaviksne.rezeknesip.lv\/wp-content\/uploads\/2026\/03\/20260306_100543-1536x1284.jpg 1536w, https:\/\/varaviksne.rezeknesip.lv\/wp-content\/uploads\/2026\/03\/20260306_100543-2048x1712.jpg 2048w, https:\/\/varaviksne.rezeknesip.lv\/wp-content\/uploads\/2026\/03\/20260306_100543-24x20.jpg 24w, https:\/\/varaviksne.rezeknesip.lv\/wp-content\/uploads\/2026\/03\/20260306_100543-36x30.jpg 36w, https:\/\/varaviksne.rezeknesip.lv\/wp-content\/uploads\/2026\/03\/20260306_100543-48x40.jpg 48w\" alt=\"\" width=\"2560\" height=\"2140\" \/> <img loading=\"lazy\" decoding=\"async\" class=\"aligncenter size-full wp-image-21689\" src=\"http:\/\/varaviksne.rezeknesip.lv\/wp-content\/uploads\/2026\/03\/20260306_100458-scaled.jpg\" sizes=\"auto, (max-width: 2560px) 100vw, 2560px\" srcset=\"https:\/\/varaviksne.rezeknesip.lv\/wp-content\/uploads\/2026\/03\/20260306_100458-scaled.jpg 2560w, https:\/\/varaviksne.rezeknesip.lv\/wp-content\/uploads\/2026\/03\/20260306_100458-300x265.jpg 300w, https:\/\/varaviksne.rezeknesip.lv\/wp-content\/uploads\/2026\/03\/20260306_100458-1024x906.jpg 1024w, https:\/\/varaviksne.rezeknesip.lv\/wp-content\/uploads\/2026\/03\/20260306_100458-768x679.jpg 768w, https:\/\/varaviksne.rezeknesip.lv\/wp-content\/uploads\/2026\/03\/20260306_100458-1536x1359.jpg 1536w, https:\/\/varaviksne.rezeknesip.lv\/wp-content\/uploads\/2026\/03\/20260306_100458-2048x1812.jpg 2048w, https:\/\/varaviksne.rezeknesip.lv\/wp-content\/uploads\/2026\/03\/20260306_100458-24x21.jpg 24w, https:\/\/varaviksne.rezeknesip.lv\/wp-content\/uploads\/2026\/03\/20260306_100458-36x32.jpg 36w, https:\/\/varaviksne.rezeknesip.lv\/wp-content\/uploads\/2026\/03\/20260306_100458-48x42.jpg 48w\" alt=\"\" width=\"2560\" height=\"2265\" \/> <img loading=\"lazy\" decoding=\"async\" class=\"aligncenter size-full wp-image-21688\" src=\"http:\/\/varaviksne.rezeknesip.lv\/wp-content\/uploads\/2026\/03\/20260306_100453.jpg\" sizes=\"auto, (max-width: 2289px) 100vw, 2289px\" srcset=\"https:\/\/varaviksne.rezeknesip.lv\/wp-content\/uploads\/2026\/03\/20260306_100453.jpg 2289w, https:\/\/varaviksne.rezeknesip.lv\/wp-content\/uploads\/2026\/03\/20260306_100453-300x268.jpg 300w, https:\/\/varaviksne.rezeknesip.lv\/wp-content\/uploads\/2026\/03\/20260306_100453-1024x915.jpg 1024w, https:\/\/varaviksne.rezeknesip.lv\/wp-content\/uploads\/2026\/03\/20260306_100453-768x686.jpg 768w, https:\/\/varaviksne.rezeknesip.lv\/wp-content\/uploads\/2026\/03\/20260306_100453-1536x1373.jpg 1536w, https:\/\/varaviksne.rezeknesip.lv\/wp-content\/uploads\/2026\/03\/20260306_100453-2048x1831.jpg 2048w, https:\/\/varaviksne.rezeknesip.lv\/wp-content\/uploads\/2026\/03\/20260306_100453-24x21.jpg 24w, https:\/\/varaviksne.rezeknesip.lv\/wp-content\/uploads\/2026\/03\/20260306_100453-36x32.jpg 36w, https:\/\/varaviksne.rezeknesip.lv\/wp-content\/uploads\/2026\/03\/20260306_100453-48x43.jpg 48w\" alt=\"\" width=\"2289\" height=\"2046\" \/><\/p>\n<\/div>\n<\/article>\n<\/div>\n<div id=\"secondary\" class=\"widget-area\"><\/div>\n<\/div>\n<\/div>\n<footer id=\"ht-colophon\" class=\"ht-site-footer\">\n<div id=\"ht-main-footer\">\n<div class=\"ht-container\">\n<div class=\"ht-main-footer col-4-1-1-1-1\">\n<div class=\"ht-footer ht-footer4\">\n<aside id=\"block-8\" class=\"widget widget_block widget_text\">\u00a0<\/aside>\n<\/div>\n<\/div>\n<\/div>\n<\/div>\n<div id=\"ht-bottom-footer\">\n<div class=\"ht-container\">\n<div class=\"ht-site-info ht-bottom-footer\"><\/div>\n<\/div>\n<\/div>\n<\/footer>\n<h2><strong>Ekskursija uz R\u0113zeknes medic\u012bnas centru &#8220;Medical plus&#8221;<\/strong><\/h2>\n<p>2024. gada 9. decembr\u012b grupas &#8220;M\u0101r\u012bte&#8221; b\u0113rni kop\u0101 ar skolot\u0101j\u0101m dev\u0101s ekskursij\u0101 uz R\u0113zeknes medic\u012bnas centru &#8220;Medical plus&#8221;.<\/p>\n<p>Ekskursijas m\u0113r\u0137is bija iepaz\u012bties ar zob\u0101rsta profesiju, k\u0101 ar\u012b aktualiz\u0113t zobu higi\u0113nas noz\u012bmi un nepiecie\u0161am\u012bbu.<\/p>\n<p>B\u0113rni uzzin\u0101ja, k\u0101 pareizi t\u012br\u012bt un skalot zobus, k\u0101p\u0113c nepiecie\u0161ams piev\u0113rst uzman\u012bbu zobu higi\u0113nai.<\/p>\n<p>M\u0101c\u012bbu ekskursijas dal\u012bbnieki ar\u012b sa\u0146\u0113ma balvas &#8211; uzl\u012bmes un zobu birstes!<\/p>\n<p>&nbsp;<\/p>\n<p><img loading=\"lazy\" decoding=\"async\" class=\"aligncenter size-full wp-image-16774\" src=\"http:\/\/varaviksne.rezeknesip.lv\/wp-content\/uploads\/2024\/12\/1000028142.jpg\" alt=\"\" width=\"1400\" height=\"1627\" srcset=\"https:\/\/varaviksne.rezeknesip.lv\/wp-content\/uploads\/2024\/12\/1000028142.jpg 1400w, https:\/\/varaviksne.rezeknesip.lv\/wp-content\/uploads\/2024\/12\/1000028142-258x300.jpg 258w, https:\/\/varaviksne.rezeknesip.lv\/wp-content\/uploads\/2024\/12\/1000028142-881x1024.jpg 881w, https:\/\/varaviksne.rezeknesip.lv\/wp-content\/uploads\/2024\/12\/1000028142-768x893.jpg 768w, https:\/\/varaviksne.rezeknesip.lv\/wp-content\/uploads\/2024\/12\/1000028142-1322x1536.jpg 1322w, https:\/\/varaviksne.rezeknesip.lv\/wp-content\/uploads\/2024\/12\/1000028142-21x24.jpg 21w, https:\/\/varaviksne.rezeknesip.lv\/wp-content\/uploads\/2024\/12\/1000028142-31x36.jpg 31w, https:\/\/varaviksne.rezeknesip.lv\/wp-content\/uploads\/2024\/12\/1000028142-41x48.jpg 41w\" sizes=\"auto, (max-width: 1400px) 100vw, 1400px\" \/><\/p>\n<p>&nbsp;<\/p>\n<p><img loading=\"lazy\" decoding=\"async\" class=\"aligncenter size-full wp-image-16775\" src=\"http:\/\/varaviksne.rezeknesip.lv\/wp-content\/uploads\/2024\/12\/1000028141.jpg\" alt=\"\" width=\"1397\" height=\"1225\" srcset=\"https:\/\/varaviksne.rezeknesip.lv\/wp-content\/uploads\/2024\/12\/1000028141.jpg 1397w, https:\/\/varaviksne.rezeknesip.lv\/wp-content\/uploads\/2024\/12\/1000028141-300x263.jpg 300w, https:\/\/varaviksne.rezeknesip.lv\/wp-content\/uploads\/2024\/12\/1000028141-1024x898.jpg 1024w, https:\/\/varaviksne.rezeknesip.lv\/wp-content\/uploads\/2024\/12\/1000028141-768x673.jpg 768w, https:\/\/varaviksne.rezeknesip.lv\/wp-content\/uploads\/2024\/12\/1000028141-24x21.jpg 24w, https:\/\/varaviksne.rezeknesip.lv\/wp-content\/uploads\/2024\/12\/1000028141-36x32.jpg 36w, https:\/\/varaviksne.rezeknesip.lv\/wp-content\/uploads\/2024\/12\/1000028141-48x42.jpg 48w\" sizes=\"auto, (max-width: 1397px) 100vw, 1397px\" \/><\/p>\n<p>&nbsp;<\/p>\n<p><img loading=\"lazy\" decoding=\"async\" class=\"aligncenter size-full wp-image-16776\" src=\"http:\/\/varaviksne.rezeknesip.lv\/wp-content\/uploads\/2024\/12\/1000028109.jpg\" alt=\"\" width=\"1468\" height=\"963\" srcset=\"https:\/\/varaviksne.rezeknesip.lv\/wp-content\/uploads\/2024\/12\/1000028109.jpg 1468w, https:\/\/varaviksne.rezeknesip.lv\/wp-content\/uploads\/2024\/12\/1000028109-300x197.jpg 300w, https:\/\/varaviksne.rezeknesip.lv\/wp-content\/uploads\/2024\/12\/1000028109-1024x672.jpg 1024w, https:\/\/varaviksne.rezeknesip.lv\/wp-content\/uploads\/2024\/12\/1000028109-768x504.jpg 768w, https:\/\/varaviksne.rezeknesip.lv\/wp-content\/uploads\/2024\/12\/1000028109-24x16.jpg 24w, https:\/\/varaviksne.rezeknesip.lv\/wp-content\/uploads\/2024\/12\/1000028109-36x24.jpg 36w, https:\/\/varaviksne.rezeknesip.lv\/wp-content\/uploads\/2024\/12\/1000028109-48x31.jpg 48w\" sizes=\"auto, (max-width: 1468px) 100vw, 1468px\" \/><\/p>\n<p>&nbsp;<\/p>\n<p><img loading=\"lazy\" decoding=\"async\" class=\"aligncenter size-full wp-image-16777\" src=\"http:\/\/varaviksne.rezeknesip.lv\/wp-content\/uploads\/2024\/12\/1000028092.jpg\" alt=\"\" width=\"1600\" height=\"1200\" srcset=\"https:\/\/varaviksne.rezeknesip.lv\/wp-content\/uploads\/2024\/12\/1000028092.jpg 1600w, https:\/\/varaviksne.rezeknesip.lv\/wp-content\/uploads\/2024\/12\/1000028092-300x225.jpg 300w, https:\/\/varaviksne.rezeknesip.lv\/wp-content\/uploads\/2024\/12\/1000028092-1024x768.jpg 1024w, https:\/\/varaviksne.rezeknesip.lv\/wp-content\/uploads\/2024\/12\/1000028092-768x576.jpg 768w, https:\/\/varaviksne.rezeknesip.lv\/wp-content\/uploads\/2024\/12\/1000028092-1536x1152.jpg 1536w, https:\/\/varaviksne.rezeknesip.lv\/wp-content\/uploads\/2024\/12\/1000028092-24x18.jpg 24w, https:\/\/varaviksne.rezeknesip.lv\/wp-content\/uploads\/2024\/12\/1000028092-36x27.jpg 36w, https:\/\/varaviksne.rezeknesip.lv\/wp-content\/uploads\/2024\/12\/1000028092-48x36.jpg 48w\" sizes=\"auto, (max-width: 1600px) 100vw, 1600px\" \/><\/p>\n<p>&nbsp;<\/p>\n<p><img loading=\"lazy\" decoding=\"async\" class=\"aligncenter size-full wp-image-16778\" src=\"http:\/\/varaviksne.rezeknesip.lv\/wp-content\/uploads\/2024\/12\/1000028066-scaled.jpg\" alt=\"\" width=\"1151\" height=\"2560\" srcset=\"https:\/\/varaviksne.rezeknesip.lv\/wp-content\/uploads\/2024\/12\/1000028066-scaled.jpg 1151w, https:\/\/varaviksne.rezeknesip.lv\/wp-content\/uploads\/2024\/12\/1000028066-135x300.jpg 135w, https:\/\/varaviksne.rezeknesip.lv\/wp-content\/uploads\/2024\/12\/1000028066-461x1024.jpg 461w, https:\/\/varaviksne.rezeknesip.lv\/wp-content\/uploads\/2024\/12\/1000028066-768x1708.jpg 768w, https:\/\/varaviksne.rezeknesip.lv\/wp-content\/uploads\/2024\/12\/1000028066-691x1536.jpg 691w, https:\/\/varaviksne.rezeknesip.lv\/wp-content\/uploads\/2024\/12\/1000028066-921x2048.jpg 921w, https:\/\/varaviksne.rezeknesip.lv\/wp-content\/uploads\/2024\/12\/1000028066-11x24.jpg 11w, https:\/\/varaviksne.rezeknesip.lv\/wp-content\/uploads\/2024\/12\/1000028066-16x36.jpg 16w, https:\/\/varaviksne.rezeknesip.lv\/wp-content\/uploads\/2024\/12\/1000028066-22x48.jpg 22w\" sizes=\"auto, (max-width: 1151px) 100vw, 1151px\" \/><\/p>\n<p>&nbsp;<\/p>\n<p><img loading=\"lazy\" decoding=\"async\" class=\"aligncenter size-full wp-image-16779\" src=\"http:\/\/varaviksne.rezeknesip.lv\/wp-content\/uploads\/2024\/12\/1000028064-scaled.jpg\" alt=\"\" width=\"1151\" height=\"2560\" srcset=\"https:\/\/varaviksne.rezeknesip.lv\/wp-content\/uploads\/2024\/12\/1000028064-scaled.jpg 1151w, https:\/\/varaviksne.rezeknesip.lv\/wp-content\/uploads\/2024\/12\/1000028064-135x300.jpg 135w, https:\/\/varaviksne.rezeknesip.lv\/wp-content\/uploads\/2024\/12\/1000028064-461x1024.jpg 461w, https:\/\/varaviksne.rezeknesip.lv\/wp-content\/uploads\/2024\/12\/1000028064-768x1708.jpg 768w, https:\/\/varaviksne.rezeknesip.lv\/wp-content\/uploads\/2024\/12\/1000028064-691x1536.jpg 691w, https:\/\/varaviksne.rezeknesip.lv\/wp-content\/uploads\/2024\/12\/1000028064-921x2048.jpg 921w, https:\/\/varaviksne.rezeknesip.lv\/wp-content\/uploads\/2024\/12\/1000028064-11x24.jpg 11w, https:\/\/varaviksne.rezeknesip.lv\/wp-content\/uploads\/2024\/12\/1000028064-16x36.jpg 16w, https:\/\/varaviksne.rezeknesip.lv\/wp-content\/uploads\/2024\/12\/1000028064-22x48.jpg 22w\" sizes=\"auto, (max-width: 1151px) 100vw, 1151px\" \/><\/p>\n","protected":false},"excerpt":{"rendered":"<p>&nbsp; Ekskursija uz R\u0113zeknes medic\u012bnas un vesel\u012bbas centru \u201cMedical plus\u201d 2026.g. 6. mart\u0101 b\u0113rni\u00a0 no grupas \u201dBit\u012bte\u201d dev\u0101s uz R\u0113zeknes medic\u012bnas un vesel\u012bbas centru \u201cMedical plus\u201d, lai b\u0113rni vair\u0101k uzzin\u0101tu par higi\u0113nista un zobu \u0101rsta profesij\u0101m, \u00a0\u00a0iem\u0101c\u012btos p\u0101rvar\u0113t bailes no zobu \u0101rst\u0113\u0161anas un dro\u0161i dotos viz\u012bt\u0113s turpm\u0101k. Da\u017eiem b\u0113rniem jau bija pieredze, k\u0101 notiek zobu [&hellip;]<\/p>\n","protected":false},"author":2,"featured_media":0,"parent":0,"menu_order":0,"comment_status":"closed","ping_status":"closed","template":"","meta":{"footnotes":""},"class_list":["post-16782","page","type-page","status-publish","hentry"],"_links":{"self":[{"href":"https:\/\/varaviksne.rezeknesip.lv\/index.php\/wp-json\/wp\/v2\/pages\/16782","targetHints":{"allow":["GET"]}}],"collection":[{"href":"https:\/\/varaviksne.rezeknesip.lv\/index.php\/wp-json\/wp\/v2\/pages"}],"about":[{"href":"https:\/\/varaviksne.rezeknesip.lv\/index.php\/wp-json\/wp\/v2\/types\/page"}],"author":[{"embeddable":true,"href":"https:\/\/varaviksne.rezeknesip.lv\/index.php\/wp-json\/wp\/v2\/users\/2"}],"replies":[{"embeddable":true,"href":"https:\/\/varaviksne.rezeknesip.lv\/index.php\/wp-json\/wp\/v2\/comments?post=16782"}],"version-history":[{"count":5,"href":"https:\/\/varaviksne.rezeknesip.lv\/index.php\/wp-json\/wp\/v2\/pages\/16782\/revisions"}],"predecessor-version":[{"id":21933,"href":"https:\/\/varaviksne.rezeknesip.lv\/index.php\/wp-json\/wp\/v2\/pages\/16782\/revisions\/21933"}],"wp:attachment":[{"href":"https:\/\/varaviksne.rezeknesip.lv\/index.php\/wp-json\/wp\/v2\/media?parent=16782"}],"curies":[{"name":"wp","href":"https:\/\/api.w.org\/{rel}","templated":true}]}}