{"id":16787,"date":"2024-12-10T12:52:03","date_gmt":"2024-12-10T09:52:03","guid":{"rendered":"http:\/\/varaviksne.rezeknesip.lv\/?page_id=16787"},"modified":"2024-12-10T13:19:20","modified_gmt":"2024-12-10T10:19:20","slug":"veseligs-dzivesveids","status":"publish","type":"page","link":"https:\/\/varaviksne.rezeknesip.lv\/index.php\/veseligs-dzivesveids\/","title":{"rendered":"Vesel\u012bgs dz\u012bvesveids"},"content":{"rendered":"<h2>Kas ir vesel\u012bgs dz\u012bvesveids?<\/h2>\n<p>Vesel\u012bgs dz\u012bvesveids ietver visaptvero\u0161u pieeju labkl\u0101j\u012bbai, iek\u013caujot fiziskos, gar\u012bgos un soci\u0101los aspektus. Tas ietver apzin\u0101tu izv\u0113li, kas veicina visp\u0101r\u0113jo vesel\u012bbu un ilgm\u016b\u017e\u012bbu. Regul\u0101ras fizisk\u0101s aktivit\u0101tes, <a href=\"https:\/\/www.livin.lv\/jaunumi-un-raksti\/veseliga-uztura-padomi\">vesel\u012bgs uzturs<\/a>, pietiekams miegs un stresa p\u0101rvald\u012bba ir vesel\u012bga dz\u012bvesveida pamatprincipi.<\/p>\n<h3>Fizisk\u0101s aktivit\u0101tes k\u0101 priorit\u0101te<\/h3>\n<p>Regul\u0101ras fizisk\u0101s aktivit\u0101tes ir vesel\u012bga dz\u012bvesveida atsl\u0113ga. M\u016bsdien\u0101s \u012bpa\u0161i izteikts ir mazkust\u012bgs dz\u012bvesveids, kas nereti tiek saist\u012bts ar str\u0101d\u0101\u0161anu no m\u0101j\u0101m vai citiem iemesliem, kas savuk\u0101rt var rad\u012bt vair\u0101kas vesel\u012bbas probl\u0113mas, t\u0101p\u0113c \u012bpa\u0161i aktu\u0101las ir fizisk\u0101s aktivit\u0101tes, kas pal\u012bdz c\u012bn\u012bties ar mazkust\u012bgu dz\u012bvesveidu. Vingrojumi ne tikai veicina svara kontroli, bet ar\u012b uzlabo sirds un asinsvadu vesel\u012bbu, garast\u0101vokli un visp\u0101r\u0113jo fizisko sagatavot\u012bbu. Neatkar\u012bgi no t\u0101, vai t\u0101 ir \u0101tra pastaiga, jogas nodarb\u012bba vai trena\u017eieru z\u0101les apmekl\u0113jums, svar\u012bg\u0101kais izv\u0113l\u0113ties t\u0101das sporta aktivit\u0101tes, kas jums sniegs prieku un pal\u012bdz\u0113s iev\u0113rot vesel\u012bgu dz\u012bvesveidu ilgtermi\u0146\u0101.<\/p>\n<p><img loading=\"lazy\" decoding=\"async\" class=\"aligncenter size-full wp-image-16795\" src=\"http:\/\/varaviksne.rezeknesip.lv\/wp-content\/uploads\/2024\/12\/adaptirovannaya-fizicheskaya-aktivnost-sport-i-zdorove-dlya-vseh-1.jpg\" alt=\"\" width=\"444\" height=\"286\" srcset=\"https:\/\/varaviksne.rezeknesip.lv\/wp-content\/uploads\/2024\/12\/adaptirovannaya-fizicheskaya-aktivnost-sport-i-zdorove-dlya-vseh-1.jpg 444w, https:\/\/varaviksne.rezeknesip.lv\/wp-content\/uploads\/2024\/12\/adaptirovannaya-fizicheskaya-aktivnost-sport-i-zdorove-dlya-vseh-1-300x193.jpg 300w, https:\/\/varaviksne.rezeknesip.lv\/wp-content\/uploads\/2024\/12\/adaptirovannaya-fizicheskaya-aktivnost-sport-i-zdorove-dlya-vseh-1-24x15.jpg 24w, https:\/\/varaviksne.rezeknesip.lv\/wp-content\/uploads\/2024\/12\/adaptirovannaya-fizicheskaya-aktivnost-sport-i-zdorove-dlya-vseh-1-36x23.jpg 36w, https:\/\/varaviksne.rezeknesip.lv\/wp-content\/uploads\/2024\/12\/adaptirovannaya-fizicheskaya-aktivnost-sport-i-zdorove-dlya-vseh-1-48x31.jpg 48w\" sizes=\"auto, (max-width: 444px) 100vw, 444px\" \/><\/p>\n<h3>Vesel\u012bga dz\u012bvesveida pamat\u0101 ar\u012b vesel\u012bgs uzturs<\/h3>\n<p>Labi sabalans\u0113ts uzturs, kas bag\u0101ts ar aug\u013ciem, d\u0101rze\u0146iem, <a href=\"https:\/\/www.livin.lv\/dzivesveids\/pilngraudu-produkti\">pilngraudu produktiem<\/a> un lies\u0101m olbaltumviel\u0101m, nodro\u0161ina visas nepiecie\u0161am\u0101s uzturvielas. Svar\u012bga loma vesel\u012bbas saglab\u0101\u0161an\u0101 ir ar\u012b <a href=\"https:\/\/www.livin.lv\/dzivesveids\/produkti-bez-cukura\">izvair\u012b\u0161an\u0101s no liek\u0101 cukura<\/a>, s\u0101ls un pies\u0101tin\u0101to tauku lieto\u0161anas.<\/p>\n<h3>Kvalitat\u012bvs miegs un atp\u016bta<\/h3>\n<p>Nereti miega noz\u012bme vesel\u012bga dz\u012bvesveida kontekst\u0101 netiek pietiekami nov\u0113rt\u0113ta, ta\u010du miegam ir b\u016btiska noz\u012bme labas vesel\u012bbas uztur\u0113\u0161an\u0101. Kvalitat\u012bvs miegs sekm\u0113 fizisko un gar\u012bgo \u201catjauno\u0161anos\u201d, stiprina im\u016bnsist\u0113mu un uzlabo kognit\u012bv\u0101s funkcijas. Piev\u0113rsiet uzman\u012bbu miega kvalit\u0101tei un ilgumam, sniedzot savam organismam pietiekamu atp\u016btu. K\u0101 pal\u012bgus miega kvalit\u0101tes uzlabo\u0161anai var izmantot <a href=\"https:\/\/www.livin.lv\/uztura-bagatinataji\/nomierinosi-lidzekli\">dab\u012bgus nomierino\u0161us l\u012bdzek\u013cus<\/a>, kas pal\u012bdz\u0113s mazin\u0101t nervu spriedzi, stresu, bezmiegu un trauksmi.<\/p>\n<h3>Stresa mazin\u0101\u0161ana<\/h3>\n<p>Vesel\u012bgs dz\u012bvesveids nav tikai r\u016bpes par fizisko pusi \u2013 tas attiecas ar\u012b uz r\u016bp\u0113m par m\u016bsu gar\u012bgo labsaj\u016btu. Nav nosl\u0113pums, ka hronisks stress var negat\u012bvi ietekm\u0113t ne tikai fizisko, bet ar\u012b gar\u012bgo vesel\u012bbu. Ikdien\u0101 ieteicams iek\u013caut da\u017e\u0101das stresu mazino\u0161as aktivit\u0101tes k\u0101 medit\u0101cija, dzi\u013c\u0101s elpo\u0161anas vingrin\u0101jumi, nodo\u0161an\u0101s va\u013caspriekiem, sazi\u0146a ar mums m\u012b\u013ciem cilv\u0113kiem, kas pal\u012bdz\u0113s tikt gal\u0101 ar m\u016bsdienu dz\u012bves izaicin\u0101jumiem. T\u0101pat l\u012bdzsvara rad\u012b\u0161ana starp darbu un person\u012bgo dz\u012bvi sp\u0113j iev\u0113rojami uzlabot visp\u0101r\u0113jo labsaj\u016btu.<\/p>\n<h3>Citi vesel\u012bga dz\u012bvesveida iev\u0113ro\u0161anas principi<\/h3>\n<p>Lai gan regul\u0101ras fizisk\u0101s aktivit\u0101tes un sabalans\u0113ts uzturs ir vesel\u012bga dz\u012bvesveida pamat\u0101, ir ar\u012b papildu prakses, kas veicina visp\u0101r\u0113jo labsaj\u016btu. Piem\u0113ram, pietiekama \u016bdens daudzuma uz\u0146em\u0161ana ir vienk\u0101r\u0161s, ta\u010du bie\u017ei aizmirsts veids, k\u0101 iev\u0113rot vesel\u012bg\u0101ku dz\u012bvesveidu. Pietiekama \u016bdens daudzuma uz\u0146em\u0161ana pal\u012bdz uzlabot gremo\u0161anu, veicina \u0101das vesel\u012bbu, k\u0101 ar\u012b sniedz citus b\u016btiskus ieguvumus m\u016bsu vesel\u012bbai.<\/p>\n<h2>K\u0101 za\u013cais dz\u012bvesveids ir saist\u012bts ar m\u016bsu vesel\u012bbu?<\/h2>\n<p>Za\u013cais dz\u012bvesveids iet roku rok\u0101 ar vesel\u012bgu dz\u012bvesveidu, uzsverot ilgtsp\u0113j\u012bbu un videi draudz\u012bgu praksi. Za\u013cais dz\u012bvesveids noz\u012bm\u0113 atbild\u012bgu attieksmi pret dabu, kas var labv\u0113l\u012bgi ietekm\u0113t m\u016bsu vesel\u012bbu un vides kvalit\u0101ti. Za\u013c\u0101s prakses, piem\u0113ram, plastmasas izmanto\u0161anas samazin\u0101\u0161ana, <a href=\"https:\/\/www.livin.lv\/dzivesveids\/zero-waste\">zero waste<\/a> un p\u0101reja uz atjaunojamiem ener\u0123ijas avotiem, veicina visp\u0101r\u0113jo labkl\u0101j\u012bbu.<\/p>\n<p><img decoding=\"async\" src=\"https:\/\/www.livin.lv\/media\/image\/9b\/ab\/1862700a0bfabedbee9f5bef0d78.jpeg\" alt=\"P\u0101rtikas produkti, kas iesai\u0146oti bez plastmasas iepakojuma, lai ilustr\u0113tu za\u013c\u0101 dz\u012bvesveida iev\u0113ro\u0161anu\" \/><\/p>\n<h3>Za\u013c\u0101 dz\u012bvesveida iev\u0113ro\u0161ana<\/h3>\n<p>Atkritumu samazin\u0101\u0161ana, atk\u0101rtoti lietojamu <a href=\"https:\/\/www.livin.lv\/saimniecibas-preces\/majsaimniecibas-piederumi\">m\u0101jsaimniec\u012bbas piederumu<\/a> vai <a href=\"https:\/\/www.livin.lv\/saimniecibas-preces\">eko mazg\u0101\u0161anas l\u012bdzek\u013cu<\/a> izmanto\u0161ana un ilgtsp\u0113j\u012bgu materi\u0101lu izv\u0113le ir vienk\u0101r\u0161i, ta\u010du efekt\u012bvi veidi, k\u0101 iev\u0113rot za\u013co dz\u012bvesveidu. Apzin\u0101ti pat\u0113ri\u0146a paradumi pal\u012bdz taup\u012bt resursus un samazin\u0101t negat\u012bvo ietekmi uz vidi.<\/p>\n<p>Ar\u012b apzin\u0101ta p\u0101rtikas lieto\u0161ana sekm\u0113 za\u013c\u0101 dz\u012bvesveida iev\u0113ro\u0161anu, piem\u0113ram, <a href=\"https:\/\/www.livin.lv\/jaunumi-un-raksti\/biodinamiska-partika-vai-ta-ir-tikpat-divaina-ka-tas-nosaukums\">biolo\u0123isk\u0101s lauksaimniec\u012bbas<\/a> atbalst\u012b\u0161ana, izv\u0113loties <a href=\"https:\/\/www.livin.lv\/partika\">eko produktus<\/a>, un ga\u013cas pat\u0113ri\u0146a samazin\u0101\u0161ana var samazin\u0101t m\u016bsu ekolo\u0123isko p\u0113du.<\/p>\n<p>Savuk\u0101rt, izv\u0113loties ilgtsp\u0113j\u012bgas transporta iesp\u0113jas, piem\u0113ram, brauk\u0161anu ar velosip\u0113du, p\u0101rvieto\u0161anos ar k\u0101j\u0101m vai sabiedrisko transportu, m\u0113s ne tikai samazin\u0101m oglek\u013ca p\u0113das nospiedumu, bet ar\u012b veicin\u0101m fizisk\u0101s aktivit\u0101tes. \u0160is dubultais ieguvums atbilst gan vesel\u012bga, gan za\u013ca dz\u012bvesveida principiem.<\/p>\n<h2>Bie\u017e\u0101k uzdotie jaut\u0101jumi<\/h2>\n<h3>Kas ir vesel\u012bgs dz\u012bvesveids?<\/h3>\n<p>Vesel\u012bgs dz\u012bvesveids ir aktivit\u0101\u0161u kopums, kura m\u0113r\u0137is ir uztur\u0113t fizisko un gar\u012bgo vesel\u012bbu. Tas ietver pareizu uzturu, fizisk\u0101s aktivit\u0101tes un stresa p\u0101rvald\u012bbu.<\/p>\n<h3>K\u0101p\u0113c j\u0101iev\u0113ro vesel\u012bgs dz\u012bvesveids?<\/h3>\n<p>Vesel\u012bgs dz\u012bvesveids pal\u012bdz uztur\u0113t norm\u0101lu svaru, stiprina im\u016bnsist\u0113mu, uzlabo \u0101das un matu st\u0101vokli. Turkl\u0101t tas pal\u012bdz uzlabot emocion\u0101lo labsaj\u016btu un paaugstin\u0101t ener\u0123ijas l\u012bmeni.<\/p>\n<h3>Kas ir za\u013cais dz\u012bvesveids?<\/h3>\n<p>Za\u013cais dz\u012bvesveids koncentr\u0113jas uz ilgtsp\u0113j\u012bgu praksi, kuras m\u0113r\u0137is ir mazin\u0101t negat\u012bvo ietekmi uz apk\u0101rt\u0113jo vidi. Tas ietver t\u0101das aktivit\u0101tes k\u0101 atkritumu samazin\u0101\u0161ana, videi draudz\u012bgu produktu izmanto\u0161ana un p\u0101rdom\u0101tu l\u0113mumu pie\u0146em\u0161ana attiec\u012bb\u0101 uz pre\u010du pat\u0113ri\u0146u un p\u0101rvieto\u0161anos.<\/p>\n<h3>K\u0101 uzs\u0101kt vesel\u012bga dz\u012bvesveida iev\u0113ro\u0161anu?<\/h3>\n<p>Vislab\u0101k uzs\u0101kt vesel\u012bga dz\u012bvesveida iev\u0113ro\u0161anu ar neliel\u0101m, pak\u0101penisk\u0101m izmai\u0146\u0101m. S\u0101ciet ar regul\u0101ru fizisko aktivit\u0101\u0161u iek\u013cau\u0161anu sav\u0101s ikdienas gait\u0101s, vesel\u012bg\u0101kas p\u0101rtikas uz\u0146em\u0161anu, miega kvalit\u0101tes uzlabo\u0161anu un stresu mazino\u0161u aktivit\u0101\u0161u \u012bsteno\u0161anu.<\/p>\n<p>&nbsp;<\/p>\n<p><img loading=\"lazy\" decoding=\"async\" class=\"aligncenter size-full wp-image-16797\" src=\"http:\/\/varaviksne.rezeknesip.lv\/wp-content\/uploads\/2024\/12\/VESELIGS-DZIVESVEIDS.-prez-vk2009-images-0-scaled.jpg\" alt=\"\" width=\"2560\" height=\"1440\" srcset=\"https:\/\/varaviksne.rezeknesip.lv\/wp-content\/uploads\/2024\/12\/VESELIGS-DZIVESVEIDS.-prez-vk2009-images-0-scaled.jpg 2560w, https:\/\/varaviksne.rezeknesip.lv\/wp-content\/uploads\/2024\/12\/VESELIGS-DZIVESVEIDS.-prez-vk2009-images-0-300x169.jpg 300w, https:\/\/varaviksne.rezeknesip.lv\/wp-content\/uploads\/2024\/12\/VESELIGS-DZIVESVEIDS.-prez-vk2009-images-0-1024x576.jpg 1024w, https:\/\/varaviksne.rezeknesip.lv\/wp-content\/uploads\/2024\/12\/VESELIGS-DZIVESVEIDS.-prez-vk2009-images-0-768x432.jpg 768w, https:\/\/varaviksne.rezeknesip.lv\/wp-content\/uploads\/2024\/12\/VESELIGS-DZIVESVEIDS.-prez-vk2009-images-0-1536x864.jpg 1536w, https:\/\/varaviksne.rezeknesip.lv\/wp-content\/uploads\/2024\/12\/VESELIGS-DZIVESVEIDS.-prez-vk2009-images-0-2048x1152.jpg 2048w, https:\/\/varaviksne.rezeknesip.lv\/wp-content\/uploads\/2024\/12\/VESELIGS-DZIVESVEIDS.-prez-vk2009-images-0-24x14.jpg 24w, https:\/\/varaviksne.rezeknesip.lv\/wp-content\/uploads\/2024\/12\/VESELIGS-DZIVESVEIDS.-prez-vk2009-images-0-36x20.jpg 36w, https:\/\/varaviksne.rezeknesip.lv\/wp-content\/uploads\/2024\/12\/VESELIGS-DZIVESVEIDS.-prez-vk2009-images-0-48x27.jpg 48w\" sizes=\"auto, (max-width: 2560px) 100vw, 2560px\" \/><\/p>\n<p><img loading=\"lazy\" decoding=\"async\" class=\"aligncenter size-full wp-image-16798\" src=\"http:\/\/varaviksne.rezeknesip.lv\/wp-content\/uploads\/2024\/12\/VESELIGS-DZIVESVEIDS.-prez-vk2009-images-1-scaled.jpg\" alt=\"\" width=\"2560\" height=\"1440\" srcset=\"https:\/\/varaviksne.rezeknesip.lv\/wp-content\/uploads\/2024\/12\/VESELIGS-DZIVESVEIDS.-prez-vk2009-images-1-scaled.jpg 2560w, https:\/\/varaviksne.rezeknesip.lv\/wp-content\/uploads\/2024\/12\/VESELIGS-DZIVESVEIDS.-prez-vk2009-images-1-300x169.jpg 300w, https:\/\/varaviksne.rezeknesip.lv\/wp-content\/uploads\/2024\/12\/VESELIGS-DZIVESVEIDS.-prez-vk2009-images-1-1024x576.jpg 1024w, https:\/\/varaviksne.rezeknesip.lv\/wp-content\/uploads\/2024\/12\/VESELIGS-DZIVESVEIDS.-prez-vk2009-images-1-768x432.jpg 768w, https:\/\/varaviksne.rezeknesip.lv\/wp-content\/uploads\/2024\/12\/VESELIGS-DZIVESVEIDS.-prez-vk2009-images-1-1536x864.jpg 1536w, https:\/\/varaviksne.rezeknesip.lv\/wp-content\/uploads\/2024\/12\/VESELIGS-DZIVESVEIDS.-prez-vk2009-images-1-2048x1152.jpg 2048w, https:\/\/varaviksne.rezeknesip.lv\/wp-content\/uploads\/2024\/12\/VESELIGS-DZIVESVEIDS.-prez-vk2009-images-1-24x14.jpg 24w, https:\/\/varaviksne.rezeknesip.lv\/wp-content\/uploads\/2024\/12\/VESELIGS-DZIVESVEIDS.-prez-vk2009-images-1-36x20.jpg 36w, https:\/\/varaviksne.rezeknesip.lv\/wp-content\/uploads\/2024\/12\/VESELIGS-DZIVESVEIDS.-prez-vk2009-images-1-48x27.jpg 48w\" sizes=\"auto, (max-width: 2560px) 100vw, 2560px\" \/><\/p>\n<p><img loading=\"lazy\" decoding=\"async\" class=\"aligncenter size-full wp-image-16799\" src=\"http:\/\/varaviksne.rezeknesip.lv\/wp-content\/uploads\/2024\/12\/VESELIGS-DZIVESVEIDS.-prez-vk2009-images-2-scaled.jpg\" alt=\"\" width=\"2560\" height=\"1440\" srcset=\"https:\/\/varaviksne.rezeknesip.lv\/wp-content\/uploads\/2024\/12\/VESELIGS-DZIVESVEIDS.-prez-vk2009-images-2-scaled.jpg 2560w, https:\/\/varaviksne.rezeknesip.lv\/wp-content\/uploads\/2024\/12\/VESELIGS-DZIVESVEIDS.-prez-vk2009-images-2-300x169.jpg 300w, https:\/\/varaviksne.rezeknesip.lv\/wp-content\/uploads\/2024\/12\/VESELIGS-DZIVESVEIDS.-prez-vk2009-images-2-1024x576.jpg 1024w, https:\/\/varaviksne.rezeknesip.lv\/wp-content\/uploads\/2024\/12\/VESELIGS-DZIVESVEIDS.-prez-vk2009-images-2-768x432.jpg 768w, https:\/\/varaviksne.rezeknesip.lv\/wp-content\/uploads\/2024\/12\/VESELIGS-DZIVESVEIDS.-prez-vk2009-images-2-1536x864.jpg 1536w, https:\/\/varaviksne.rezeknesip.lv\/wp-content\/uploads\/2024\/12\/VESELIGS-DZIVESVEIDS.-prez-vk2009-images-2-2048x1152.jpg 2048w, https:\/\/varaviksne.rezeknesip.lv\/wp-content\/uploads\/2024\/12\/VESELIGS-DZIVESVEIDS.-prez-vk2009-images-2-24x14.jpg 24w, https:\/\/varaviksne.rezeknesip.lv\/wp-content\/uploads\/2024\/12\/VESELIGS-DZIVESVEIDS.-prez-vk2009-images-2-36x20.jpg 36w, https:\/\/varaviksne.rezeknesip.lv\/wp-content\/uploads\/2024\/12\/VESELIGS-DZIVESVEIDS.-prez-vk2009-images-2-48x27.jpg 48w\" sizes=\"auto, (max-width: 2560px) 100vw, 2560px\" \/><\/p>\n<p>&nbsp;<\/p>\n<p><img loading=\"lazy\" decoding=\"async\" class=\"aligncenter size-full wp-image-16800\" src=\"http:\/\/varaviksne.rezeknesip.lv\/wp-content\/uploads\/2024\/12\/VESELIGS-DZIVESVEIDS.-prez-vk2009-images-3-scaled.jpg\" alt=\"\" width=\"2560\" height=\"1440\" srcset=\"https:\/\/varaviksne.rezeknesip.lv\/wp-content\/uploads\/2024\/12\/VESELIGS-DZIVESVEIDS.-prez-vk2009-images-3-scaled.jpg 2560w, https:\/\/varaviksne.rezeknesip.lv\/wp-content\/uploads\/2024\/12\/VESELIGS-DZIVESVEIDS.-prez-vk2009-images-3-300x169.jpg 300w, https:\/\/varaviksne.rezeknesip.lv\/wp-content\/uploads\/2024\/12\/VESELIGS-DZIVESVEIDS.-prez-vk2009-images-3-1024x576.jpg 1024w, https:\/\/varaviksne.rezeknesip.lv\/wp-content\/uploads\/2024\/12\/VESELIGS-DZIVESVEIDS.-prez-vk2009-images-3-768x432.jpg 768w, https:\/\/varaviksne.rezeknesip.lv\/wp-content\/uploads\/2024\/12\/VESELIGS-DZIVESVEIDS.-prez-vk2009-images-3-1536x864.jpg 1536w, https:\/\/varaviksne.rezeknesip.lv\/wp-content\/uploads\/2024\/12\/VESELIGS-DZIVESVEIDS.-prez-vk2009-images-3-2048x1152.jpg 2048w, https:\/\/varaviksne.rezeknesip.lv\/wp-content\/uploads\/2024\/12\/VESELIGS-DZIVESVEIDS.-prez-vk2009-images-3-24x14.jpg 24w, https:\/\/varaviksne.rezeknesip.lv\/wp-content\/uploads\/2024\/12\/VESELIGS-DZIVESVEIDS.-prez-vk2009-images-3-36x20.jpg 36w, https:\/\/varaviksne.rezeknesip.lv\/wp-content\/uploads\/2024\/12\/VESELIGS-DZIVESVEIDS.-prez-vk2009-images-3-48x27.jpg 48w\" sizes=\"auto, (max-width: 2560px) 100vw, 2560px\" \/><\/p>\n<p><img loading=\"lazy\" decoding=\"async\" class=\"aligncenter size-full wp-image-16801\" src=\"http:\/\/varaviksne.rezeknesip.lv\/wp-content\/uploads\/2024\/12\/VESELIGS-DZIVESVEIDS.-prez-vk2009-images-4-scaled.jpg\" alt=\"\" width=\"2560\" height=\"1440\" srcset=\"https:\/\/varaviksne.rezeknesip.lv\/wp-content\/uploads\/2024\/12\/VESELIGS-DZIVESVEIDS.-prez-vk2009-images-4-scaled.jpg 2560w, https:\/\/varaviksne.rezeknesip.lv\/wp-content\/uploads\/2024\/12\/VESELIGS-DZIVESVEIDS.-prez-vk2009-images-4-300x169.jpg 300w, https:\/\/varaviksne.rezeknesip.lv\/wp-content\/uploads\/2024\/12\/VESELIGS-DZIVESVEIDS.-prez-vk2009-images-4-1024x576.jpg 1024w, https:\/\/varaviksne.rezeknesip.lv\/wp-content\/uploads\/2024\/12\/VESELIGS-DZIVESVEIDS.-prez-vk2009-images-4-768x432.jpg 768w, https:\/\/varaviksne.rezeknesip.lv\/wp-content\/uploads\/2024\/12\/VESELIGS-DZIVESVEIDS.-prez-vk2009-images-4-1536x864.jpg 1536w, https:\/\/varaviksne.rezeknesip.lv\/wp-content\/uploads\/2024\/12\/VESELIGS-DZIVESVEIDS.-prez-vk2009-images-4-2048x1152.jpg 2048w, https:\/\/varaviksne.rezeknesip.lv\/wp-content\/uploads\/2024\/12\/VESELIGS-DZIVESVEIDS.-prez-vk2009-images-4-24x14.jpg 24w, https:\/\/varaviksne.rezeknesip.lv\/wp-content\/uploads\/2024\/12\/VESELIGS-DZIVESVEIDS.-prez-vk2009-images-4-36x20.jpg 36w, https:\/\/varaviksne.rezeknesip.lv\/wp-content\/uploads\/2024\/12\/VESELIGS-DZIVESVEIDS.-prez-vk2009-images-4-48x27.jpg 48w\" sizes=\"auto, (max-width: 2560px) 100vw, 2560px\" \/><\/p>\n<p><img loading=\"lazy\" decoding=\"async\" class=\"aligncenter size-full wp-image-16802\" src=\"http:\/\/varaviksne.rezeknesip.lv\/wp-content\/uploads\/2024\/12\/VESELIGS-DZIVESVEIDS.-prez-vk2009-images-5-scaled.jpg\" alt=\"\" width=\"2560\" height=\"1440\" srcset=\"https:\/\/varaviksne.rezeknesip.lv\/wp-content\/uploads\/2024\/12\/VESELIGS-DZIVESVEIDS.-prez-vk2009-images-5-scaled.jpg 2560w, https:\/\/varaviksne.rezeknesip.lv\/wp-content\/uploads\/2024\/12\/VESELIGS-DZIVESVEIDS.-prez-vk2009-images-5-300x169.jpg 300w, https:\/\/varaviksne.rezeknesip.lv\/wp-content\/uploads\/2024\/12\/VESELIGS-DZIVESVEIDS.-prez-vk2009-images-5-1024x576.jpg 1024w, https:\/\/varaviksne.rezeknesip.lv\/wp-content\/uploads\/2024\/12\/VESELIGS-DZIVESVEIDS.-prez-vk2009-images-5-768x432.jpg 768w, https:\/\/varaviksne.rezeknesip.lv\/wp-content\/uploads\/2024\/12\/VESELIGS-DZIVESVEIDS.-prez-vk2009-images-5-1536x864.jpg 1536w, https:\/\/varaviksne.rezeknesip.lv\/wp-content\/uploads\/2024\/12\/VESELIGS-DZIVESVEIDS.-prez-vk2009-images-5-2048x1152.jpg 2048w, https:\/\/varaviksne.rezeknesip.lv\/wp-content\/uploads\/2024\/12\/VESELIGS-DZIVESVEIDS.-prez-vk2009-images-5-24x14.jpg 24w, https:\/\/varaviksne.rezeknesip.lv\/wp-content\/uploads\/2024\/12\/VESELIGS-DZIVESVEIDS.-prez-vk2009-images-5-36x20.jpg 36w, https:\/\/varaviksne.rezeknesip.lv\/wp-content\/uploads\/2024\/12\/VESELIGS-DZIVESVEIDS.-prez-vk2009-images-5-48x27.jpg 48w\" sizes=\"auto, (max-width: 2560px) 100vw, 2560px\" \/><\/p>\n<p><img loading=\"lazy\" decoding=\"async\" class=\"aligncenter size-full wp-image-16803\" src=\"http:\/\/varaviksne.rezeknesip.lv\/wp-content\/uploads\/2024\/12\/VESELIGS-DZIVESVEIDS.-prez-vk2009-images-6-scaled.jpg\" alt=\"\" width=\"2560\" height=\"1440\" srcset=\"https:\/\/varaviksne.rezeknesip.lv\/wp-content\/uploads\/2024\/12\/VESELIGS-DZIVESVEIDS.-prez-vk2009-images-6-scaled.jpg 2560w, https:\/\/varaviksne.rezeknesip.lv\/wp-content\/uploads\/2024\/12\/VESELIGS-DZIVESVEIDS.-prez-vk2009-images-6-300x169.jpg 300w, https:\/\/varaviksne.rezeknesip.lv\/wp-content\/uploads\/2024\/12\/VESELIGS-DZIVESVEIDS.-prez-vk2009-images-6-1024x576.jpg 1024w, https:\/\/varaviksne.rezeknesip.lv\/wp-content\/uploads\/2024\/12\/VESELIGS-DZIVESVEIDS.-prez-vk2009-images-6-768x432.jpg 768w, https:\/\/varaviksne.rezeknesip.lv\/wp-content\/uploads\/2024\/12\/VESELIGS-DZIVESVEIDS.-prez-vk2009-images-6-1536x864.jpg 1536w, https:\/\/varaviksne.rezeknesip.lv\/wp-content\/uploads\/2024\/12\/VESELIGS-DZIVESVEIDS.-prez-vk2009-images-6-2048x1152.jpg 2048w, https:\/\/varaviksne.rezeknesip.lv\/wp-content\/uploads\/2024\/12\/VESELIGS-DZIVESVEIDS.-prez-vk2009-images-6-24x14.jpg 24w, https:\/\/varaviksne.rezeknesip.lv\/wp-content\/uploads\/2024\/12\/VESELIGS-DZIVESVEIDS.-prez-vk2009-images-6-36x20.jpg 36w, https:\/\/varaviksne.rezeknesip.lv\/wp-content\/uploads\/2024\/12\/VESELIGS-DZIVESVEIDS.-prez-vk2009-images-6-48x27.jpg 48w\" sizes=\"auto, (max-width: 2560px) 100vw, 2560px\" \/><\/p>\n<p><img loading=\"lazy\" decoding=\"async\" class=\"aligncenter size-full wp-image-16804\" src=\"http:\/\/varaviksne.rezeknesip.lv\/wp-content\/uploads\/2024\/12\/VESELIGS-DZIVESVEIDS.-prez-vk2009-images-7-scaled.jpg\" alt=\"\" width=\"2560\" height=\"1440\" srcset=\"https:\/\/varaviksne.rezeknesip.lv\/wp-content\/uploads\/2024\/12\/VESELIGS-DZIVESVEIDS.-prez-vk2009-images-7-scaled.jpg 2560w, https:\/\/varaviksne.rezeknesip.lv\/wp-content\/uploads\/2024\/12\/VESELIGS-DZIVESVEIDS.-prez-vk2009-images-7-300x169.jpg 300w, https:\/\/varaviksne.rezeknesip.lv\/wp-content\/uploads\/2024\/12\/VESELIGS-DZIVESVEIDS.-prez-vk2009-images-7-1024x576.jpg 1024w, https:\/\/varaviksne.rezeknesip.lv\/wp-content\/uploads\/2024\/12\/VESELIGS-DZIVESVEIDS.-prez-vk2009-images-7-768x432.jpg 768w, https:\/\/varaviksne.rezeknesip.lv\/wp-content\/uploads\/2024\/12\/VESELIGS-DZIVESVEIDS.-prez-vk2009-images-7-1536x864.jpg 1536w, https:\/\/varaviksne.rezeknesip.lv\/wp-content\/uploads\/2024\/12\/VESELIGS-DZIVESVEIDS.-prez-vk2009-images-7-2048x1152.jpg 2048w, https:\/\/varaviksne.rezeknesip.lv\/wp-content\/uploads\/2024\/12\/VESELIGS-DZIVESVEIDS.-prez-vk2009-images-7-24x14.jpg 24w, https:\/\/varaviksne.rezeknesip.lv\/wp-content\/uploads\/2024\/12\/VESELIGS-DZIVESVEIDS.-prez-vk2009-images-7-36x20.jpg 36w, https:\/\/varaviksne.rezeknesip.lv\/wp-content\/uploads\/2024\/12\/VESELIGS-DZIVESVEIDS.-prez-vk2009-images-7-48x27.jpg 48w\" sizes=\"auto, (max-width: 2560px) 100vw, 2560px\" \/><\/p>\n<p><img loading=\"lazy\" decoding=\"async\" class=\"aligncenter size-full wp-image-16805\" src=\"http:\/\/varaviksne.rezeknesip.lv\/wp-content\/uploads\/2024\/12\/VESELIGS-DZIVESVEIDS.-prez-vk2009-images-8-scaled.jpg\" alt=\"\" width=\"2560\" height=\"1440\" srcset=\"https:\/\/varaviksne.rezeknesip.lv\/wp-content\/uploads\/2024\/12\/VESELIGS-DZIVESVEIDS.-prez-vk2009-images-8-scaled.jpg 2560w, https:\/\/varaviksne.rezeknesip.lv\/wp-content\/uploads\/2024\/12\/VESELIGS-DZIVESVEIDS.-prez-vk2009-images-8-300x169.jpg 300w, https:\/\/varaviksne.rezeknesip.lv\/wp-content\/uploads\/2024\/12\/VESELIGS-DZIVESVEIDS.-prez-vk2009-images-8-1024x576.jpg 1024w, https:\/\/varaviksne.rezeknesip.lv\/wp-content\/uploads\/2024\/12\/VESELIGS-DZIVESVEIDS.-prez-vk2009-images-8-768x432.jpg 768w, https:\/\/varaviksne.rezeknesip.lv\/wp-content\/uploads\/2024\/12\/VESELIGS-DZIVESVEIDS.-prez-vk2009-images-8-1536x864.jpg 1536w, https:\/\/varaviksne.rezeknesip.lv\/wp-content\/uploads\/2024\/12\/VESELIGS-DZIVESVEIDS.-prez-vk2009-images-8-2048x1152.jpg 2048w, https:\/\/varaviksne.rezeknesip.lv\/wp-content\/uploads\/2024\/12\/VESELIGS-DZIVESVEIDS.-prez-vk2009-images-8-24x14.jpg 24w, https:\/\/varaviksne.rezeknesip.lv\/wp-content\/uploads\/2024\/12\/VESELIGS-DZIVESVEIDS.-prez-vk2009-images-8-36x20.jpg 36w, https:\/\/varaviksne.rezeknesip.lv\/wp-content\/uploads\/2024\/12\/VESELIGS-DZIVESVEIDS.-prez-vk2009-images-8-48x27.jpg 48w\" sizes=\"auto, (max-width: 2560px) 100vw, 2560px\" \/><\/p>\n<p><img loading=\"lazy\" decoding=\"async\" class=\"aligncenter size-full wp-image-16806\" src=\"http:\/\/varaviksne.rezeknesip.lv\/wp-content\/uploads\/2024\/12\/VESELIGS-DZIVESVEIDS.-prez-vk2009-images-9-scaled.jpg\" alt=\"\" width=\"2560\" height=\"1440\" srcset=\"https:\/\/varaviksne.rezeknesip.lv\/wp-content\/uploads\/2024\/12\/VESELIGS-DZIVESVEIDS.-prez-vk2009-images-9-scaled.jpg 2560w, https:\/\/varaviksne.rezeknesip.lv\/wp-content\/uploads\/2024\/12\/VESELIGS-DZIVESVEIDS.-prez-vk2009-images-9-300x169.jpg 300w, https:\/\/varaviksne.rezeknesip.lv\/wp-content\/uploads\/2024\/12\/VESELIGS-DZIVESVEIDS.-prez-vk2009-images-9-1024x576.jpg 1024w, https:\/\/varaviksne.rezeknesip.lv\/wp-content\/uploads\/2024\/12\/VESELIGS-DZIVESVEIDS.-prez-vk2009-images-9-768x432.jpg 768w, https:\/\/varaviksne.rezeknesip.lv\/wp-content\/uploads\/2024\/12\/VESELIGS-DZIVESVEIDS.-prez-vk2009-images-9-1536x864.jpg 1536w, https:\/\/varaviksne.rezeknesip.lv\/wp-content\/uploads\/2024\/12\/VESELIGS-DZIVESVEIDS.-prez-vk2009-images-9-2048x1152.jpg 2048w, https:\/\/varaviksne.rezeknesip.lv\/wp-content\/uploads\/2024\/12\/VESELIGS-DZIVESVEIDS.-prez-vk2009-images-9-24x14.jpg 24w, https:\/\/varaviksne.rezeknesip.lv\/wp-content\/uploads\/2024\/12\/VESELIGS-DZIVESVEIDS.-prez-vk2009-images-9-36x20.jpg 36w, https:\/\/varaviksne.rezeknesip.lv\/wp-content\/uploads\/2024\/12\/VESELIGS-DZIVESVEIDS.-prez-vk2009-images-9-48x27.jpg 48w\" sizes=\"auto, (max-width: 2560px) 100vw, 2560px\" \/><\/p>\n<p>&nbsp;<\/p>\n","protected":false},"excerpt":{"rendered":"<p>Kas ir vesel\u012bgs dz\u012bvesveids? Vesel\u012bgs dz\u012bvesveids ietver visaptvero\u0161u pieeju labkl\u0101j\u012bbai, iek\u013caujot fiziskos, gar\u012bgos un soci\u0101los aspektus. Tas ietver apzin\u0101tu izv\u0113li, kas veicina visp\u0101r\u0113jo vesel\u012bbu un ilgm\u016b\u017e\u012bbu. Regul\u0101ras fizisk\u0101s aktivit\u0101tes, vesel\u012bgs uzturs, pietiekams miegs un stresa p\u0101rvald\u012bba ir vesel\u012bga dz\u012bvesveida pamatprincipi. Fizisk\u0101s aktivit\u0101tes k\u0101 priorit\u0101te Regul\u0101ras fizisk\u0101s aktivit\u0101tes ir vesel\u012bga dz\u012bvesveida atsl\u0113ga. M\u016bsdien\u0101s \u012bpa\u0161i izteikts ir [&hellip;]<\/p>\n","protected":false},"author":2,"featured_media":0,"parent":0,"menu_order":0,"comment_status":"closed","ping_status":"closed","template":"","meta":{"footnotes":""},"class_list":["post-16787","page","type-page","status-publish","hentry"],"_links":{"self":[{"href":"https:\/\/varaviksne.rezeknesip.lv\/index.php\/wp-json\/wp\/v2\/pages\/16787","targetHints":{"allow":["GET"]}}],"collection":[{"href":"https:\/\/varaviksne.rezeknesip.lv\/index.php\/wp-json\/wp\/v2\/pages"}],"about":[{"href":"https:\/\/varaviksne.rezeknesip.lv\/index.php\/wp-json\/wp\/v2\/types\/page"}],"author":[{"embeddable":true,"href":"https:\/\/varaviksne.rezeknesip.lv\/index.php\/wp-json\/wp\/v2\/users\/2"}],"replies":[{"embeddable":true,"href":"https:\/\/varaviksne.rezeknesip.lv\/index.php\/wp-json\/wp\/v2\/comments?post=16787"}],"version-history":[{"count":9,"href":"https:\/\/varaviksne.rezeknesip.lv\/index.php\/wp-json\/wp\/v2\/pages\/16787\/revisions"}],"predecessor-version":[{"id":16810,"href":"https:\/\/varaviksne.rezeknesip.lv\/index.php\/wp-json\/wp\/v2\/pages\/16787\/revisions\/16810"}],"wp:attachment":[{"href":"https:\/\/varaviksne.rezeknesip.lv\/index.php\/wp-json\/wp\/v2\/media?parent=16787"}],"curies":[{"name":"wp","href":"https:\/\/api.w.org\/{rel}","templated":true}]}}