{"id":171,"date":"2018-09-14T12:01:03","date_gmt":"2018-09-14T12:01:03","guid":{"rendered":"http:\/\/varaviksne.rezeknesip.lv\/?page_id=171"},"modified":"2024-11-07T16:07:45","modified_gmt":"2024-11-07T13:07:45","slug":"macibas-3","status":"publish","type":"page","link":"https:\/\/varaviksne.rezeknesip.lv\/index.php\/macibas-4\/macibas-3\/","title":{"rendered":"Logop\u0113ds"},"content":{"rendered":"<p style=\"text-align: right;\">Skolot\u0101ja logop\u0113de<\/p>\n<p style=\"text-align: right;\"><strong>\u00a0\u00a0 \u00a0\u00a0\u00a0\u00a0\u00a0\u00a0\u00a0\u00a0\u00a0\u00a0\u00a0\u00a0\u00a0\u00a0\u00a0\u00a0\u00a0Darba laiks : <\/strong>pirmdiena 14:00 \u2013 17:00 (gr. &#8220;Bit\u012bte&#8221;)<\/p>\n<p style=\"text-align: right;\">\u00a0\u00a0\u00a0\u00a0\u00a0\u00a0\u00a0\u00a0\u00a0\u00a0\u00a0\u00a0\u00a0\u00a0\u00a0\u00a0\u00a0\u00a0\u00a0\u00a0\u00a0\u00a0\u00a0 tre\u0161diena 7.30 \u2013 11:50 (gr. &#8220;M\u0101r\u012bte&#8221;)<\/p>\n<p>Logop\u0113da darbs, galvenok\u0101rt, \u00a0saist\u012bts ar piecgad\u012bgajiem un se\u0161gad\u012bgajiem b\u0113rniem, kuriem ir izteikti runas trauc\u0113jumi <em>( \u201c Skolot\u0101ja logop\u0113da darba paraug noteikumi visp\u0101r\u0113j\u0101 izgl\u012bt\u012bbas iest\u0101d\u0113 \u201c ( IZM 09. 03. 2004., Nr. 146 ) ).<\/em><\/p>\n<p>Septembr\u012b tiek veikta vec\u0101k\u0101s un sagatavo\u0161anas grupas b\u0113rnu runas p\u0101rbaude <em>( latvie\u0161u un krievu grup\u0101s ).\u00a0 <\/em>Ar p\u0101rbaudes rezult\u0101tiem var iepaz\u012bties pie skolot\u0101ja logop\u0113da, sazinoties person\u012bgi, darba laik\u0101. \u00a0<strong>Logop\u0113disk\u0101s nodarb\u012bbas notiek vec\u0101ko un sagatavo\u0161anas grupu b\u0113rniem.<\/strong>\u00a0 Skolot\u0101ja sniedz konsult\u0101cijas ar\u012b 3-4 gad\u012bgo b\u0113rnu vec\u0101kiem.<\/p>\n<p>Nodarb\u012bb\u0101s b\u0113rni izpilda da\u017e\u0101dus artikul\u0101cijas, runas,\u00a0 elpo\u0161anas un kust\u012bbu vingrin\u0101jumus, k\u0101 ar\u012b m\u0101c\u0101s pareizi izrun\u0101t visas ska\u0146as.<\/p>\n<p>Viena no svar\u012bg\u0101kaj\u0101m\u00a0 darba sast\u0101vda\u013c\u0101m, kas sekm\u0113 runas trauc\u0113jumu \u0101tr\u0101ku nov\u0113r\u0161anu, ir grupu skolot\u0101ju, vec\u0101ku sadarb\u012bba ar logop\u0113du. Runas korekcijas labv\u0113l\u012bgus rezult\u0101tus nosaka vec\u0101ku attieksme pret b\u0113rna runas trauc\u0113jumu labo\u0161anas laik\u0101.<\/p>\n<p>Ieteikumi runas att\u012bst\u012bbai:<\/p>\n<p><a href=\"http:\/\/varaviksne.rezeknesip.lv\/wp-content\/uploads\/2020\/02\/Vingrin\u0101jumi-un-uzdevumi-b\u0113rna-runas-att\u012bst\u012bbai.docx\" target=\"_blank\" rel=\"noopener\">Vingrin\u0101jumi un uzdevumi b\u0113rna runas att\u012bst\u012bbai (lejupl\u0101d\u0113t);<\/a><\/p>\n<p><a href=\"http:\/\/www.lpii-rukitis.lv\/data\/inform.materi%C4%81li\/ARTIKUL%C4%80CIJAS%20APAR%C4%80TA%20SAGATAVO%C5%A0ANA%20PAREIZAS%20SKA%C5%85U%20IZRUNAS%20VEIDO%C5%A0ANAI.pdf\" target=\"_blank\" rel=\"noopener\">ARTIKUL\u0100CIJAS APAR\u0100TA SAGATAVO\u0160ANA PAREIZAS SKA\u0145U IZRUNAS VEIDO\u0160ANAI (lejupl\u0101d\u0113t);<\/a><\/p>\n<p><a href=\"http:\/\/varaviksne.rezeknesip.lv\/wp-content\/uploads\/2020\/02\/Vingrin\u0101jumi.docx\" target=\"_blank\" rel=\"noopener\">Vingrin\u0101jumi, ja b\u0113rns neizrun\u0101 burtus &#8220;s&#8221; un &#8220;r&#8221; (lejupl\u0101d\u0113t).<\/a><\/p>\n<p><img loading=\"lazy\" decoding=\"async\" class=\"aligncenter size-full wp-image-3944\" src=\"http:\/\/varaviksne.rezeknesip.lv\/wp-content\/uploads\/2020\/11\/Skan\u0327uplaka\u0304ts.jpg\" alt=\"\" width=\"2480\" height=\"3508\" srcset=\"https:\/\/varaviksne.rezeknesip.lv\/wp-content\/uploads\/2020\/11\/Skan\u0327uplaka\u0304ts.jpg 2480w, https:\/\/varaviksne.rezeknesip.lv\/wp-content\/uploads\/2020\/11\/Skan\u0327uplaka\u0304ts-212x300.jpg 212w, https:\/\/varaviksne.rezeknesip.lv\/wp-content\/uploads\/2020\/11\/Skan\u0327uplaka\u0304ts-768x1086.jpg 768w, https:\/\/varaviksne.rezeknesip.lv\/wp-content\/uploads\/2020\/11\/Skan\u0327uplaka\u0304ts-724x1024.jpg 724w, https:\/\/varaviksne.rezeknesip.lv\/wp-content\/uploads\/2020\/11\/Skan\u0327uplaka\u0304ts-17x24.jpg 17w, https:\/\/varaviksne.rezeknesip.lv\/wp-content\/uploads\/2020\/11\/Skan\u0327uplaka\u0304ts-25x36.jpg 25w, https:\/\/varaviksne.rezeknesip.lv\/wp-content\/uploads\/2020\/11\/Skan\u0327uplaka\u0304ts-34x48.jpg 34w\" sizes=\"auto, (max-width: 2480px) 100vw, 2480px\" \/><\/p>\n<p><img loading=\"lazy\" decoding=\"async\" class=\"aligncenter size-full wp-image-6658\" src=\"http:\/\/varaviksne.rezeknesip.lv\/wp-content\/uploads\/2021\/10\/LOGO12.jpg\" alt=\"\" width=\"1426\" height=\"2217\" srcset=\"https:\/\/varaviksne.rezeknesip.lv\/wp-content\/uploads\/2021\/10\/LOGO12.jpg 1426w, https:\/\/varaviksne.rezeknesip.lv\/wp-content\/uploads\/2021\/10\/LOGO12-193x300.jpg 193w, https:\/\/varaviksne.rezeknesip.lv\/wp-content\/uploads\/2021\/10\/LOGO12-768x1194.jpg 768w, https:\/\/varaviksne.rezeknesip.lv\/wp-content\/uploads\/2021\/10\/LOGO12-659x1024.jpg 659w, https:\/\/varaviksne.rezeknesip.lv\/wp-content\/uploads\/2021\/10\/LOGO12-15x24.jpg 15w, https:\/\/varaviksne.rezeknesip.lv\/wp-content\/uploads\/2021\/10\/LOGO12-23x36.jpg 23w, https:\/\/varaviksne.rezeknesip.lv\/wp-content\/uploads\/2021\/10\/LOGO12-31x48.jpg 31w\" sizes=\"auto, (max-width: 1426px) 100vw, 1426px\" \/><\/p>\n<p><b>Logop\u0113diskie vingrin\u0101jumi visiem<\/b><\/p>\n<p><a href=\"https:\/\/www.youtube.com\/watch?v=KUmCL9ToqVQ\">https:\/\/www.youtube.com\/watch?v=KUmCL9ToqVQ<\/a><\/p>\n<p>Logop\u0113diskie vingrin\u0101jumi <b>svelpot\u0101jiem (s,z,c,dz)\u00a0 un \u0161\u0146\u0101c\u0113jiem (\u0161,\u017e,\u010d,d\u017e)<\/b><\/p>\n<p><a href=\"https:\/\/www.youtube.com\/watch?v=9phcUeNc8DI\">https:\/\/www.youtube.com\/watch?v=9phcUeNc8DI<\/a><\/p>\n<p>Logop\u0113diskie vingrin\u0101jumi <b>r\u016bc\u0113jiem(r,l)<\/b><\/p>\n<p><a href=\"https:\/\/www.youtube.com\/watch?v=-2qZGGo8cjk\">https:\/\/www.youtube.com\/watch?v=-2qZGGo8cjk<\/a><\/p>\n<p>K\u0101 p\u0101rbaud\u012bt b\u0113rna gatav\u012bbu <b>ska\u0146as R<\/b> izrunai un<\/p>\n<p>k\u0101 iem\u0101c\u012bties gr\u016bto ska\u0146u <b>m\u0101j\u0101s?<\/b><\/p>\n<p><a href=\"https:\/\/www.youtube.com\/watch?v=JCDV5MFuRYo\">https:\/\/www.youtube.com\/watch?v=JCDV5MFuRYo<\/a><\/p>\n<p>K\u0101 p\u0101rst\u0101t \u0161\u013cupst\u0113t &#8211; 3 vienk\u0101r\u0161i veidi, k\u0101 iem\u0101c\u012bt <b>ska\u0146u S un Z <\/b>pareizu izrunu m\u0101j\u0101s!<\/p>\n<p><a href=\"https:\/\/www.youtube.com\/watch?v=v22L3biUvV4\">https:\/\/www.youtube.com\/watch?v=v22L3biUvV4<\/a><\/p>\n<p>5 SP\u0112LES <b>fonem\u0101tisk\u0101s uztveres <\/b>sekm\u0113\u0161anai<\/p>\n<p><a href=\"https:\/\/www.youtube.com\/watch?v=28ubExtyid4\">https:\/\/www.youtube.com\/watch?v=28ubExtyid4<\/a><\/p>\n<p><b>Elpo\u0161anas<\/b> vingrin\u0101jumu komplekss<\/p>\n<p><a href=\"https:\/\/www.youtube.com\/watch?v=vjDrN2t9FMc\">https:\/\/www.youtube.com\/watch?v=vjDrN2t9FMc<\/a><\/p>\n<p><a href=\"http:\/\/varaviksne.rezeknesip.lv\/wp-content\/uploads\/2022\/01\/pareizas-ska\u0146u-1.odp\" target=\"_blank\" rel=\"noopener\">PAREIZAS SKA\u0145U IZRUNAS PILNVEIDO\u0160ANA M\u0100JAS APST\u0100K\u013bOS (lejupl\u0101d\u0113t)<\/a><\/p>\n<p><img loading=\"lazy\" decoding=\"async\" class=\"aligncenter size-full wp-image-7728\" src=\"http:\/\/varaviksne.rezeknesip.lv\/wp-content\/uploads\/2022\/01\/1.jpg\" alt=\"\" width=\"1130\" height=\"624\" srcset=\"https:\/\/varaviksne.rezeknesip.lv\/wp-content\/uploads\/2022\/01\/1.jpg 1130w, https:\/\/varaviksne.rezeknesip.lv\/wp-content\/uploads\/2022\/01\/1-300x166.jpg 300w, https:\/\/varaviksne.rezeknesip.lv\/wp-content\/uploads\/2022\/01\/1-768x424.jpg 768w, https:\/\/varaviksne.rezeknesip.lv\/wp-content\/uploads\/2022\/01\/1-1024x565.jpg 1024w, https:\/\/varaviksne.rezeknesip.lv\/wp-content\/uploads\/2022\/01\/1-24x13.jpg 24w, https:\/\/varaviksne.rezeknesip.lv\/wp-content\/uploads\/2022\/01\/1-36x20.jpg 36w, https:\/\/varaviksne.rezeknesip.lv\/wp-content\/uploads\/2022\/01\/1-48x27.jpg 48w\" sizes=\"auto, (max-width: 1130px) 100vw, 1130px\" \/> <img loading=\"lazy\" decoding=\"async\" class=\"aligncenter size-full wp-image-7730\" src=\"http:\/\/varaviksne.rezeknesip.lv\/wp-content\/uploads\/2022\/01\/2.jpg\" alt=\"\" width=\"1114\" height=\"608\" srcset=\"https:\/\/varaviksne.rezeknesip.lv\/wp-content\/uploads\/2022\/01\/2.jpg 1114w, https:\/\/varaviksne.rezeknesip.lv\/wp-content\/uploads\/2022\/01\/2-300x164.jpg 300w, https:\/\/varaviksne.rezeknesip.lv\/wp-content\/uploads\/2022\/01\/2-768x419.jpg 768w, https:\/\/varaviksne.rezeknesip.lv\/wp-content\/uploads\/2022\/01\/2-1024x559.jpg 1024w, https:\/\/varaviksne.rezeknesip.lv\/wp-content\/uploads\/2022\/01\/2-24x13.jpg 24w, https:\/\/varaviksne.rezeknesip.lv\/wp-content\/uploads\/2022\/01\/2-36x20.jpg 36w, https:\/\/varaviksne.rezeknesip.lv\/wp-content\/uploads\/2022\/01\/2-48x26.jpg 48w\" sizes=\"auto, (max-width: 1114px) 100vw, 1114px\" \/> <img loading=\"lazy\" decoding=\"async\" class=\"aligncenter size-full wp-image-7731\" src=\"http:\/\/varaviksne.rezeknesip.lv\/wp-content\/uploads\/2022\/01\/3.jpg\" alt=\"\" width=\"1178\" height=\"625\" srcset=\"https:\/\/varaviksne.rezeknesip.lv\/wp-content\/uploads\/2022\/01\/3.jpg 1178w, https:\/\/varaviksne.rezeknesip.lv\/wp-content\/uploads\/2022\/01\/3-300x159.jpg 300w, https:\/\/varaviksne.rezeknesip.lv\/wp-content\/uploads\/2022\/01\/3-768x407.jpg 768w, https:\/\/varaviksne.rezeknesip.lv\/wp-content\/uploads\/2022\/01\/3-1024x543.jpg 1024w, https:\/\/varaviksne.rezeknesip.lv\/wp-content\/uploads\/2022\/01\/3-24x13.jpg 24w, https:\/\/varaviksne.rezeknesip.lv\/wp-content\/uploads\/2022\/01\/3-36x19.jpg 36w, https:\/\/varaviksne.rezeknesip.lv\/wp-content\/uploads\/2022\/01\/3-48x25.jpg 48w\" sizes=\"auto, (max-width: 1178px) 100vw, 1178px\" \/> <img loading=\"lazy\" decoding=\"async\" class=\"aligncenter size-full wp-image-7733\" src=\"http:\/\/varaviksne.rezeknesip.lv\/wp-content\/uploads\/2022\/01\/4.jpg\" alt=\"\" width=\"1119\" height=\"604\" srcset=\"https:\/\/varaviksne.rezeknesip.lv\/wp-content\/uploads\/2022\/01\/4.jpg 1119w, https:\/\/varaviksne.rezeknesip.lv\/wp-content\/uploads\/2022\/01\/4-300x162.jpg 300w, https:\/\/varaviksne.rezeknesip.lv\/wp-content\/uploads\/2022\/01\/4-768x415.jpg 768w, https:\/\/varaviksne.rezeknesip.lv\/wp-content\/uploads\/2022\/01\/4-1024x553.jpg 1024w, https:\/\/varaviksne.rezeknesip.lv\/wp-content\/uploads\/2022\/01\/4-24x13.jpg 24w, https:\/\/varaviksne.rezeknesip.lv\/wp-content\/uploads\/2022\/01\/4-36x19.jpg 36w, https:\/\/varaviksne.rezeknesip.lv\/wp-content\/uploads\/2022\/01\/4-48x26.jpg 48w\" sizes=\"auto, (max-width: 1119px) 100vw, 1119px\" \/> <img loading=\"lazy\" decoding=\"async\" class=\"aligncenter size-full wp-image-7734\" src=\"http:\/\/varaviksne.rezeknesip.lv\/wp-content\/uploads\/2022\/01\/5.jpg\" alt=\"\" width=\"1123\" height=\"594\" srcset=\"https:\/\/varaviksne.rezeknesip.lv\/wp-content\/uploads\/2022\/01\/5.jpg 1123w, https:\/\/varaviksne.rezeknesip.lv\/wp-content\/uploads\/2022\/01\/5-300x159.jpg 300w, https:\/\/varaviksne.rezeknesip.lv\/wp-content\/uploads\/2022\/01\/5-768x406.jpg 768w, https:\/\/varaviksne.rezeknesip.lv\/wp-content\/uploads\/2022\/01\/5-1024x542.jpg 1024w, https:\/\/varaviksne.rezeknesip.lv\/wp-content\/uploads\/2022\/01\/5-24x13.jpg 24w, https:\/\/varaviksne.rezeknesip.lv\/wp-content\/uploads\/2022\/01\/5-36x19.jpg 36w, https:\/\/varaviksne.rezeknesip.lv\/wp-content\/uploads\/2022\/01\/5-48x25.jpg 48w\" sizes=\"auto, (max-width: 1123px) 100vw, 1123px\" \/> <img loading=\"lazy\" decoding=\"async\" class=\"aligncenter size-full wp-image-7735\" src=\"http:\/\/varaviksne.rezeknesip.lv\/wp-content\/uploads\/2022\/01\/6.jpg\" alt=\"\" width=\"1139\" height=\"618\" srcset=\"https:\/\/varaviksne.rezeknesip.lv\/wp-content\/uploads\/2022\/01\/6.jpg 1139w, https:\/\/varaviksne.rezeknesip.lv\/wp-content\/uploads\/2022\/01\/6-300x163.jpg 300w, https:\/\/varaviksne.rezeknesip.lv\/wp-content\/uploads\/2022\/01\/6-768x417.jpg 768w, https:\/\/varaviksne.rezeknesip.lv\/wp-content\/uploads\/2022\/01\/6-1024x556.jpg 1024w, https:\/\/varaviksne.rezeknesip.lv\/wp-content\/uploads\/2022\/01\/6-24x13.jpg 24w, https:\/\/varaviksne.rezeknesip.lv\/wp-content\/uploads\/2022\/01\/6-36x20.jpg 36w, https:\/\/varaviksne.rezeknesip.lv\/wp-content\/uploads\/2022\/01\/6-48x26.jpg 48w\" sizes=\"auto, (max-width: 1139px) 100vw, 1139px\" \/> <img loading=\"lazy\" decoding=\"async\" class=\"aligncenter size-full wp-image-7736\" src=\"http:\/\/varaviksne.rezeknesip.lv\/wp-content\/uploads\/2022\/01\/7.jpg\" alt=\"\" width=\"1155\" height=\"628\" srcset=\"https:\/\/varaviksne.rezeknesip.lv\/wp-content\/uploads\/2022\/01\/7.jpg 1155w, https:\/\/varaviksne.rezeknesip.lv\/wp-content\/uploads\/2022\/01\/7-300x163.jpg 300w, https:\/\/varaviksne.rezeknesip.lv\/wp-content\/uploads\/2022\/01\/7-768x418.jpg 768w, https:\/\/varaviksne.rezeknesip.lv\/wp-content\/uploads\/2022\/01\/7-1024x557.jpg 1024w, https:\/\/varaviksne.rezeknesip.lv\/wp-content\/uploads\/2022\/01\/7-24x13.jpg 24w, https:\/\/varaviksne.rezeknesip.lv\/wp-content\/uploads\/2022\/01\/7-36x20.jpg 36w, https:\/\/varaviksne.rezeknesip.lv\/wp-content\/uploads\/2022\/01\/7-48x26.jpg 48w\" sizes=\"auto, (max-width: 1155px) 100vw, 1155px\" \/> <img loading=\"lazy\" decoding=\"async\" class=\"aligncenter size-full wp-image-7737\" src=\"http:\/\/varaviksne.rezeknesip.lv\/wp-content\/uploads\/2022\/01\/8.jpg\" alt=\"\" width=\"1128\" height=\"596\" srcset=\"https:\/\/varaviksne.rezeknesip.lv\/wp-content\/uploads\/2022\/01\/8.jpg 1128w, https:\/\/varaviksne.rezeknesip.lv\/wp-content\/uploads\/2022\/01\/8-300x159.jpg 300w, https:\/\/varaviksne.rezeknesip.lv\/wp-content\/uploads\/2022\/01\/8-768x406.jpg 768w, https:\/\/varaviksne.rezeknesip.lv\/wp-content\/uploads\/2022\/01\/8-1024x541.jpg 1024w, https:\/\/varaviksne.rezeknesip.lv\/wp-content\/uploads\/2022\/01\/8-24x13.jpg 24w, https:\/\/varaviksne.rezeknesip.lv\/wp-content\/uploads\/2022\/01\/8-36x19.jpg 36w, https:\/\/varaviksne.rezeknesip.lv\/wp-content\/uploads\/2022\/01\/8-48x25.jpg 48w\" sizes=\"auto, (max-width: 1128px) 100vw, 1128px\" \/> <img loading=\"lazy\" decoding=\"async\" class=\"aligncenter size-full wp-image-7738\" src=\"http:\/\/varaviksne.rezeknesip.lv\/wp-content\/uploads\/2022\/01\/9.jpg\" alt=\"\" width=\"1121\" height=\"621\" srcset=\"https:\/\/varaviksne.rezeknesip.lv\/wp-content\/uploads\/2022\/01\/9.jpg 1121w, https:\/\/varaviksne.rezeknesip.lv\/wp-content\/uploads\/2022\/01\/9-300x166.jpg 300w, https:\/\/varaviksne.rezeknesip.lv\/wp-content\/uploads\/2022\/01\/9-768x425.jpg 768w, https:\/\/varaviksne.rezeknesip.lv\/wp-content\/uploads\/2022\/01\/9-1024x567.jpg 1024w, https:\/\/varaviksne.rezeknesip.lv\/wp-content\/uploads\/2022\/01\/9-24x13.jpg 24w, https:\/\/varaviksne.rezeknesip.lv\/wp-content\/uploads\/2022\/01\/9-36x20.jpg 36w, https:\/\/varaviksne.rezeknesip.lv\/wp-content\/uploads\/2022\/01\/9-48x27.jpg 48w\" sizes=\"auto, (max-width: 1121px) 100vw, 1121px\" \/> <img loading=\"lazy\" decoding=\"async\" class=\"aligncenter size-full wp-image-7739\" src=\"http:\/\/varaviksne.rezeknesip.lv\/wp-content\/uploads\/2022\/01\/11.jpg\" alt=\"\" width=\"1084\" height=\"616\" srcset=\"https:\/\/varaviksne.rezeknesip.lv\/wp-content\/uploads\/2022\/01\/11.jpg 1084w, https:\/\/varaviksne.rezeknesip.lv\/wp-content\/uploads\/2022\/01\/11-300x170.jpg 300w, https:\/\/varaviksne.rezeknesip.lv\/wp-content\/uploads\/2022\/01\/11-768x436.jpg 768w, https:\/\/varaviksne.rezeknesip.lv\/wp-content\/uploads\/2022\/01\/11-1024x582.jpg 1024w, https:\/\/varaviksne.rezeknesip.lv\/wp-content\/uploads\/2022\/01\/11-24x14.jpg 24w, https:\/\/varaviksne.rezeknesip.lv\/wp-content\/uploads\/2022\/01\/11-36x20.jpg 36w, https:\/\/varaviksne.rezeknesip.lv\/wp-content\/uploads\/2022\/01\/11-48x27.jpg 48w\" sizes=\"auto, (max-width: 1084px) 100vw, 1084px\" \/> <img loading=\"lazy\" decoding=\"async\" class=\"aligncenter size-full wp-image-7740\" src=\"http:\/\/varaviksne.rezeknesip.lv\/wp-content\/uploads\/2022\/01\/12.jpg\" alt=\"\" width=\"1095\" height=\"605\" srcset=\"https:\/\/varaviksne.rezeknesip.lv\/wp-content\/uploads\/2022\/01\/12.jpg 1095w, https:\/\/varaviksne.rezeknesip.lv\/wp-content\/uploads\/2022\/01\/12-300x166.jpg 300w, https:\/\/varaviksne.rezeknesip.lv\/wp-content\/uploads\/2022\/01\/12-768x424.jpg 768w, https:\/\/varaviksne.rezeknesip.lv\/wp-content\/uploads\/2022\/01\/12-1024x566.jpg 1024w, https:\/\/varaviksne.rezeknesip.lv\/wp-content\/uploads\/2022\/01\/12-24x13.jpg 24w, https:\/\/varaviksne.rezeknesip.lv\/wp-content\/uploads\/2022\/01\/12-36x20.jpg 36w, https:\/\/varaviksne.rezeknesip.lv\/wp-content\/uploads\/2022\/01\/12-48x27.jpg 48w\" sizes=\"auto, (max-width: 1095px) 100vw, 1095px\" \/> <img loading=\"lazy\" decoding=\"async\" class=\"aligncenter size-full wp-image-7742\" src=\"http:\/\/varaviksne.rezeknesip.lv\/wp-content\/uploads\/2022\/01\/13.jpg\" alt=\"\" width=\"1127\" height=\"626\" srcset=\"https:\/\/varaviksne.rezeknesip.lv\/wp-content\/uploads\/2022\/01\/13.jpg 1127w, https:\/\/varaviksne.rezeknesip.lv\/wp-content\/uploads\/2022\/01\/13-300x167.jpg 300w, https:\/\/varaviksne.rezeknesip.lv\/wp-content\/uploads\/2022\/01\/13-768x427.jpg 768w, https:\/\/varaviksne.rezeknesip.lv\/wp-content\/uploads\/2022\/01\/13-1024x569.jpg 1024w, https:\/\/varaviksne.rezeknesip.lv\/wp-content\/uploads\/2022\/01\/13-24x13.jpg 24w, https:\/\/varaviksne.rezeknesip.lv\/wp-content\/uploads\/2022\/01\/13-36x20.jpg 36w, https:\/\/varaviksne.rezeknesip.lv\/wp-content\/uploads\/2022\/01\/13-48x27.jpg 48w\" sizes=\"auto, (max-width: 1127px) 100vw, 1127px\" \/> <img loading=\"lazy\" decoding=\"async\" class=\"aligncenter size-full wp-image-7743\" src=\"http:\/\/varaviksne.rezeknesip.lv\/wp-content\/uploads\/2022\/01\/14.jpg\" alt=\"\" width=\"1148\" height=\"623\" srcset=\"https:\/\/varaviksne.rezeknesip.lv\/wp-content\/uploads\/2022\/01\/14.jpg 1148w, https:\/\/varaviksne.rezeknesip.lv\/wp-content\/uploads\/2022\/01\/14-300x163.jpg 300w, https:\/\/varaviksne.rezeknesip.lv\/wp-content\/uploads\/2022\/01\/14-768x417.jpg 768w, https:\/\/varaviksne.rezeknesip.lv\/wp-content\/uploads\/2022\/01\/14-1024x556.jpg 1024w, https:\/\/varaviksne.rezeknesip.lv\/wp-content\/uploads\/2022\/01\/14-24x13.jpg 24w, https:\/\/varaviksne.rezeknesip.lv\/wp-content\/uploads\/2022\/01\/14-36x20.jpg 36w, https:\/\/varaviksne.rezeknesip.lv\/wp-content\/uploads\/2022\/01\/14-48x26.jpg 48w\" sizes=\"auto, (max-width: 1148px) 100vw, 1148px\" \/><\/p>\n","protected":false},"excerpt":{"rendered":"<p>Skolot\u0101ja logop\u0113de \u00a0\u00a0 \u00a0\u00a0\u00a0\u00a0\u00a0\u00a0\u00a0\u00a0\u00a0\u00a0\u00a0\u00a0\u00a0\u00a0\u00a0\u00a0\u00a0Darba laiks : pirmdiena 14:00 \u2013 17:00 (gr. &#8220;Bit\u012bte&#8221;) \u00a0\u00a0\u00a0\u00a0\u00a0\u00a0\u00a0\u00a0\u00a0\u00a0\u00a0\u00a0\u00a0\u00a0\u00a0\u00a0\u00a0\u00a0\u00a0\u00a0\u00a0\u00a0\u00a0 tre\u0161diena 7.30 \u2013 11:50 (gr. &#8220;M\u0101r\u012bte&#8221;) Logop\u0113da darbs, galvenok\u0101rt, \u00a0saist\u012bts ar piecgad\u012bgajiem un se\u0161gad\u012bgajiem b\u0113rniem, kuriem ir izteikti runas trauc\u0113jumi ( \u201c Skolot\u0101ja logop\u0113da darba paraug noteikumi visp\u0101r\u0113j\u0101 izgl\u012bt\u012bbas iest\u0101d\u0113 \u201c ( IZM 09. 03. 2004., Nr. 146 ) ). Septembr\u012b tiek [&hellip;]<\/p>\n","protected":false},"author":1,"featured_media":0,"parent":178,"menu_order":0,"comment_status":"closed","ping_status":"closed","template":"","meta":{"footnotes":""},"class_list":["post-171","page","type-page","status-publish","hentry"],"_links":{"self":[{"href":"https:\/\/varaviksne.rezeknesip.lv\/index.php\/wp-json\/wp\/v2\/pages\/171","targetHints":{"allow":["GET"]}}],"collection":[{"href":"https:\/\/varaviksne.rezeknesip.lv\/index.php\/wp-json\/wp\/v2\/pages"}],"about":[{"href":"https:\/\/varaviksne.rezeknesip.lv\/index.php\/wp-json\/wp\/v2\/types\/page"}],"author":[{"embeddable":true,"href":"https:\/\/varaviksne.rezeknesip.lv\/index.php\/wp-json\/wp\/v2\/users\/1"}],"replies":[{"embeddable":true,"href":"https:\/\/varaviksne.rezeknesip.lv\/index.php\/wp-json\/wp\/v2\/comments?post=171"}],"version-history":[{"count":20,"href":"https:\/\/varaviksne.rezeknesip.lv\/index.php\/wp-json\/wp\/v2\/pages\/171\/revisions"}],"predecessor-version":[{"id":16395,"href":"https:\/\/varaviksne.rezeknesip.lv\/index.php\/wp-json\/wp\/v2\/pages\/171\/revisions\/16395"}],"up":[{"embeddable":true,"href":"https:\/\/varaviksne.rezeknesip.lv\/index.php\/wp-json\/wp\/v2\/pages\/178"}],"wp:attachment":[{"href":"https:\/\/varaviksne.rezeknesip.lv\/index.php\/wp-json\/wp\/v2\/media?parent=171"}],"curies":[{"name":"wp","href":"https:\/\/api.w.org\/{rel}","templated":true}]}}