{"id":180,"date":"2018-09-14T12:08:08","date_gmt":"2018-09-14T12:08:08","guid":{"rendered":"http:\/\/varaviksne.rezeknesip.lv\/?page_id=180"},"modified":"2024-09-12T13:13:23","modified_gmt":"2024-09-12T10:13:23","slug":"muzika","status":"publish","type":"page","link":"https:\/\/varaviksne.rezeknesip.lv\/index.php\/macibas-4\/muzika\/","title":{"rendered":"M\u016bzika"},"content":{"rendered":"<p>M\u016bzikas skolot\u0101ja Di\u0101na Vi\u013cuma<\/p>\n<p><strong>M\u016bzikas noz\u012bme pirmsskol\u0101<\/strong><\/p>\n<p>Pirmsskolas audzin\u0101\u0161anas m\u0113r\u0137is ir att\u012bst\u012bt katra b\u0113rna rado\u0161umu, rosin\u0101t sava &#8220;ES&#8221; izpratni. M\u016bzika k\u0101 m\u0101ksla tiek uzskat\u012bta par vienu no visdarb\u012bg\u0101kajiem l\u012bdzek\u013ciem person\u012bbas pilnveido\u0161an\u0101s proces\u0101. M\u016bzika rosina darboties pr\u0101tam, paaugstinot b\u0113rna intelektu\u0101lo l\u012bmeni.<\/p>\n<p>D.Makdonalda run\u0101 par m\u016bziku k\u0101 par &#8220;daudz\u0161\u0137aut\u0146ainu fenomenu&#8221;, ko var izmantot da\u017e\u0101du m\u0113r\u0137u sasnieg\u0161anai. Piem\u0113ram:<\/p>\n<ul>\n<li>lai m\u0101c\u012btu alfab\u0113tu,;<\/li>\n<li>lai vingrin\u0101tu kognit\u012bv\u0101s prasmes &#8211; skait\u013cus, pieskait\u012b\u0161anu un at\u0146em\u0161anu;<\/li>\n<li>lai m\u0101c\u012btu nemuzik\u0101lus j\u0113dzienus (aug\u0161\u0101 &#8211; lej\u0101, \u0101r\u0101 &#8211; iek\u0161\u0101, uz &#8211; zem, \u0101tri \u2013 l\u0113ni u.c.);<\/li>\n<li>lai sekm\u0113tu da\u017e\u0101dus b\u0113rna darb\u012bbas veidus;<\/li>\n<li>lai izteiktu j\u016btas un atbr\u012bvotu uzkr\u0101to ener\u0123iju;<\/li>\n<li>lai uzlabotu las\u012b\u0161anas iema\u0146as;<\/li>\n<li>lai uzlabotu runas kvalit\u0101ti, ( ska\u0146as izrunu, runas pl\u016bdumu);<\/li>\n<li>lai att\u012bst\u012btu fant\u0101ziju;<\/li>\n<li>lai att\u012bst\u012btu dom\u0101\u0161anu;<\/li>\n<li>lai att\u012bst\u012btu fizisko koordin\u0101ciju;<\/li>\n<li>lai paceltu pa\u0161v\u0113rt\u0113jumu;<\/li>\n<li>lai rad\u012btu pozit\u012bvas emocijas..<\/li>\n<\/ul>\n<p>Un v\u0113l daudz citu lietu.<\/p>\n<p>&nbsp;<\/p>\n<p>M\u016bsu pirmsskolas izgl\u012bt\u012bbas iest\u0101de pied\u0101v\u0101<strong>\u00a0m\u016bzikas nodarb\u012bbas<\/strong>\u00a0katrai grupai\u00a0<strong>2 reizes ned\u0113\u013c\u0101 un 2 ritmikas nodarb\u012bbas<\/strong>, iev\u0113rojot b\u0113rnu vecumposmu \u012bpatn\u012bbas.<\/p>\n<p>M\u016bzikas nodarb\u012bba ietver sev\u012b da\u017e\u0101du aktivit\u0101\u0161u mijiedarb\u012bbu:\u00a0<strong>dzied\u0101\u0161anu, m\u016bzikas klaus\u012b\u0161an\u0101s( <\/strong>bez klasisk\u0101s m\u016bzikas\u00a0b\u0113rni tiek iepaz\u012bstin\u0101ti ar\u012b ar tautas m\u016bziku. Caur tautasdziesm\u0101m b\u0113rns ieg\u016bs zin\u0101\u0161anas par pasauli un t\u0101s kalpos k\u0101 gudr\u012bbas avots.\u00a0Tautas m\u016bziku varat ne tikai klaus\u012bties, bet ar\u012b pa\u0161i sp\u0113l\u0113t, jo ir pieejami ar\u012b da\u017e\u0101di b\u0113rniem piem\u0113roti vienk\u0101r\u0161i m\u016bzikas instrumenti, piem\u0113ram, sitamie koci\u0146i u.c.) <strong>m\u016bzikas instrumentu sp\u0113li un muzik\u0101las ritma rota\u013cas, iepaz\u012b\u0161an\u0101s ar m\u016bzikas ABC<\/strong>\u00a0(\u0101tri-l\u0113ni, augstu-zemu, ska\u013ci-klusi, ritma zilbes \u201et\u0101\u201d un \u201eti -ti\u201d , m\u016bzikas \u017eanrus \u2013 polka, mar\u0161s, valsis u.c.).,\u00a0<strong>darb\u012bbas ar ritmu, da\u017e\u0101das muzik\u0101li-ritmisk\u0101s kust\u012bbas<\/strong>, kas veicina b\u0113rna daudzpus\u012bgu muzik\u0101lo att\u012bst\u012bbu. B\u0113rni m\u0101c\u0101s izteikt savas domas, muzik\u0101los iespaidus par dzird\u0113to m\u016bziku.<\/p>\n<p>B\u0113rnu ieinteres\u0113\u0161anai m\u016bzikas nodarb\u012bb\u0101 tiek izmantotas digit\u0101l\u0101s ier\u012bces, p\u0101rsteiguma momenti vai pied\u0101v\u0101ts \u00a0atrisin\u0101t k\u0101du problemsitu\u0101ciju \u00a0(pal\u012bdz\u0113t za\u0137\u012btim sasild\u012bties, l\u0101c\u012btim atrast draugus vai iem\u0101c\u012bt lell\u012btei dziesmi\u0146u utt.), m\u012bkst\u0101s rota\u013clietas, b\u0113rniem aktu\u0101lu un saisto\u0161u varo\u0146u izmanto\u0161ana u.c.<\/p>\n<p>Muzik\u0101l\u0101s audzin\u0101\u0161anas uzdevumu risin\u0101\u0161an\u0101 svar\u012bga ir ar\u012b pa\u0161a b\u0113rna muzik\u0101l\u0101 darb\u012bba, kas var b\u016bt pieaugu\u0161\u0101 vad\u012bb\u0101 vai p\u0113c pa\u0161a iniciat\u012bvas.<\/p>\n<p><strong>M\u016bsu m\u0113r\u0137is ir , lai muzik\u0101l\u0101 pieredze ietekm\u0113 b\u0113rna darb\u012bbu, savuk\u0101rt darbo\u0161an\u0101s proces\u0101 apg\u016bt\u0101s iema\u0146as un prasmes rosina jaunus iespaidus uztvert ar liel\u0101ku interesi un izpratni.<\/strong><\/p>\n<p><strong>\u00a0<\/strong><\/p>\n<p><strong>\u00a0<\/strong><img loading=\"lazy\" decoding=\"async\" class=\"aligncenter size-full wp-image-7930\" src=\"http:\/\/varaviksne.rezeknesip.lv\/wp-content\/uploads\/2022\/02\/20220204_110712.jpg\" alt=\"\" width=\"3571\" height=\"1847\" srcset=\"https:\/\/varaviksne.rezeknesip.lv\/wp-content\/uploads\/2022\/02\/20220204_110712.jpg 3571w, https:\/\/varaviksne.rezeknesip.lv\/wp-content\/uploads\/2022\/02\/20220204_110712-300x155.jpg 300w, https:\/\/varaviksne.rezeknesip.lv\/wp-content\/uploads\/2022\/02\/20220204_110712-768x397.jpg 768w, https:\/\/varaviksne.rezeknesip.lv\/wp-content\/uploads\/2022\/02\/20220204_110712-1024x530.jpg 1024w, https:\/\/varaviksne.rezeknesip.lv\/wp-content\/uploads\/2022\/02\/20220204_110712-24x12.jpg 24w, https:\/\/varaviksne.rezeknesip.lv\/wp-content\/uploads\/2022\/02\/20220204_110712-36x19.jpg 36w, https:\/\/varaviksne.rezeknesip.lv\/wp-content\/uploads\/2022\/02\/20220204_110712-48x25.jpg 48w\" sizes=\"auto, (max-width: 3571px) 100vw, 3571px\" \/><\/p>\n<p><img loading=\"lazy\" decoding=\"async\" class=\"aligncenter size-full wp-image-7928\" src=\"http:\/\/varaviksne.rezeknesip.lv\/wp-content\/uploads\/2022\/02\/20220204_122112.jpg\" alt=\"\" width=\"3474\" height=\"1882\" srcset=\"https:\/\/varaviksne.rezeknesip.lv\/wp-content\/uploads\/2022\/02\/20220204_122112.jpg 3474w, https:\/\/varaviksne.rezeknesip.lv\/wp-content\/uploads\/2022\/02\/20220204_122112-300x163.jpg 300w, https:\/\/varaviksne.rezeknesip.lv\/wp-content\/uploads\/2022\/02\/20220204_122112-768x416.jpg 768w, https:\/\/varaviksne.rezeknesip.lv\/wp-content\/uploads\/2022\/02\/20220204_122112-1024x555.jpg 1024w, https:\/\/varaviksne.rezeknesip.lv\/wp-content\/uploads\/2022\/02\/20220204_122112-24x13.jpg 24w, https:\/\/varaviksne.rezeknesip.lv\/wp-content\/uploads\/2022\/02\/20220204_122112-36x20.jpg 36w, https:\/\/varaviksne.rezeknesip.lv\/wp-content\/uploads\/2022\/02\/20220204_122112-48x26.jpg 48w\" sizes=\"auto, (max-width: 3474px) 100vw, 3474px\" \/><\/p>\n<p>&nbsp;<\/p>\n<p>&nbsp;<\/p>\n<p><img loading=\"lazy\" decoding=\"async\" class=\"aligncenter wp-image-7929\" src=\"http:\/\/varaviksne.rezeknesip.lv\/wp-content\/uploads\/2022\/02\/20220204_111648.jpg\" alt=\"\" width=\"469\" height=\"733\" srcset=\"https:\/\/varaviksne.rezeknesip.lv\/wp-content\/uploads\/2022\/02\/20220204_111648.jpg 2029w, https:\/\/varaviksne.rezeknesip.lv\/wp-content\/uploads\/2022\/02\/20220204_111648-192x300.jpg 192w, https:\/\/varaviksne.rezeknesip.lv\/wp-content\/uploads\/2022\/02\/20220204_111648-768x1200.jpg 768w, https:\/\/varaviksne.rezeknesip.lv\/wp-content\/uploads\/2022\/02\/20220204_111648-655x1024.jpg 655w, https:\/\/varaviksne.rezeknesip.lv\/wp-content\/uploads\/2022\/02\/20220204_111648-15x24.jpg 15w, https:\/\/varaviksne.rezeknesip.lv\/wp-content\/uploads\/2022\/02\/20220204_111648-23x36.jpg 23w, https:\/\/varaviksne.rezeknesip.lv\/wp-content\/uploads\/2022\/02\/20220204_111648-31x48.jpg 31w\" sizes=\"auto, (max-width: 469px) 100vw, 469px\" \/><\/p>\n<p>&nbsp;<\/p>\n<p>&nbsp;<\/p>\n<p>&nbsp;<\/p>\n<p>&nbsp;<\/p>\n<p>&nbsp;<\/p>\n","protected":false},"excerpt":{"rendered":"<p>M\u016bzikas skolot\u0101ja Di\u0101na Vi\u013cuma M\u016bzikas noz\u012bme pirmsskol\u0101 Pirmsskolas audzin\u0101\u0161anas m\u0113r\u0137is ir att\u012bst\u012bt katra b\u0113rna rado\u0161umu, rosin\u0101t sava &#8220;ES&#8221; izpratni. M\u016bzika k\u0101 m\u0101ksla tiek uzskat\u012bta par vienu no visdarb\u012bg\u0101kajiem l\u012bdzek\u013ciem person\u012bbas pilnveido\u0161an\u0101s proces\u0101. M\u016bzika rosina darboties pr\u0101tam, paaugstinot b\u0113rna intelektu\u0101lo l\u012bmeni. D.Makdonalda run\u0101 par m\u016bziku k\u0101 par &#8220;daudz\u0161\u0137aut\u0146ainu fenomenu&#8221;, ko var izmantot da\u017e\u0101du m\u0113r\u0137u sasnieg\u0161anai. Piem\u0113ram: [&hellip;]<\/p>\n","protected":false},"author":1,"featured_media":0,"parent":178,"menu_order":0,"comment_status":"closed","ping_status":"closed","template":"","meta":{"footnotes":""},"class_list":["post-180","page","type-page","status-publish","hentry"],"_links":{"self":[{"href":"https:\/\/varaviksne.rezeknesip.lv\/index.php\/wp-json\/wp\/v2\/pages\/180","targetHints":{"allow":["GET"]}}],"collection":[{"href":"https:\/\/varaviksne.rezeknesip.lv\/index.php\/wp-json\/wp\/v2\/pages"}],"about":[{"href":"https:\/\/varaviksne.rezeknesip.lv\/index.php\/wp-json\/wp\/v2\/types\/page"}],"author":[{"embeddable":true,"href":"https:\/\/varaviksne.rezeknesip.lv\/index.php\/wp-json\/wp\/v2\/users\/1"}],"replies":[{"embeddable":true,"href":"https:\/\/varaviksne.rezeknesip.lv\/index.php\/wp-json\/wp\/v2\/comments?post=180"}],"version-history":[{"count":19,"href":"https:\/\/varaviksne.rezeknesip.lv\/index.php\/wp-json\/wp\/v2\/pages\/180\/revisions"}],"predecessor-version":[{"id":16024,"href":"https:\/\/varaviksne.rezeknesip.lv\/index.php\/wp-json\/wp\/v2\/pages\/180\/revisions\/16024"}],"up":[{"embeddable":true,"href":"https:\/\/varaviksne.rezeknesip.lv\/index.php\/wp-json\/wp\/v2\/pages\/178"}],"wp:attachment":[{"href":"https:\/\/varaviksne.rezeknesip.lv\/index.php\/wp-json\/wp\/v2\/media?parent=180"}],"curies":[{"name":"wp","href":"https:\/\/api.w.org\/{rel}","templated":true}]}}