{"id":19059,"date":"2025-05-30T14:36:29","date_gmt":"2025-05-30T11:36:29","guid":{"rendered":"http:\/\/varaviksne.rezeknesip.lv\/?page_id=19059"},"modified":"2025-05-30T15:01:33","modified_gmt":"2025-05-30T12:01:33","slug":"nodarbibas","status":"publish","type":"page","link":"https:\/\/varaviksne.rezeknesip.lv\/index.php\/nodarbibas\/","title":{"rendered":"Nodarb\u012bbas"},"content":{"rendered":"<h1 style=\"text-align: center;\"><span style=\"color: #ff0000;\"><strong>Nodarb\u012bbas par fizisko un emocion\u0101lo vardarb\u012bbu b\u0113rnu vid\u016b<\/strong><\/span><\/h1>\n<p>Emocion\u0101l\u0101 vardarb\u012bba b\u0113rnu starp\u0101 var nodar\u012bt lielu kait\u0113jumu. B\u0113rnud\u0101rz\u0101 da\u017ereiz nejau\u0161a pagr\u016b\u0161ana var p\u0101raugt liel\u0101 konflikt\u0101, kur b\u0113rnu reakcija nav adekv\u0101ta. Fizisko vardarb\u012bbu ir viegl\u0101k paman\u012bt un ar\u012b nov\u0113rst, gr\u016bt\u0101k ir ar emocion\u0101lo vardarb\u012bbu, to ir gr\u016bt\u0101k paman\u012bt. <strong>Viens no izplat\u012bt\u0101kajiem vardarb\u012bbas veidiem izgl\u012bt\u012bbas vid\u0113 ir \u0146irg\u0101\u0161an\u0101s. <\/strong>\u0145irg\u0101\u0161an\u0101s ir vardarb\u012bgas attiec\u012bbas, kas past\u0101v starp b\u0113rniem noteikt\u0101 kolekt\u012bv\u0101, ar m\u0113r\u0137i apzin\u0101ti un sistem\u0101tiski nodar\u012bt otram emocion\u0101las cie\u0161anas, piem\u0113ram, mantu sl\u0113p\u0161ana,\u00a0apsauk\u0101\u0161ana, pazemo\u0161ana, baumo\u0161ana un ignor\u0113\u0161anu.<\/p>\n<p>B\u0113rni b\u0113rnud\u0101rz\u0101 m\u0101c\u0101s saskarsmi ikdien\u0101, sp\u0113l\u0113s un rota\u013c\u0101s, rota\u013cnodarb\u012bb\u0101s, pastaig\u0101. Ikdien\u0101 cen\u0161as iev\u0113rot grupas un iek\u0161\u0113j\u0101s k\u0101rt\u012bbas noteikumus. Iest\u0101des vesel\u012bbas speci\u0101liste iest\u0101des b\u0113rniem no 3 l\u012bdz 7 gadu vecuma b\u0113rniem st\u0101st\u012bja par fizisko un emocion\u0101lo vardarb\u012bbu b\u0113rnu starp\u0101. Aicin\u0101ja konfliktus risin\u0101t bez vardarb\u012bbas, \u00a0lai b\u0113rns j\u016btas dro\u0161i gan pats ar sevi vienatn\u0113, gan kop\u0101 ar citiem.<\/p>\n<p><img loading=\"lazy\" decoding=\"async\" class=\"aligncenter size-full wp-image-19066\" src=\"http:\/\/varaviksne.rezeknesip.lv\/wp-content\/uploads\/2025\/05\/IMG-20250530-WA0020.jpg\" alt=\"\" width=\"2048\" height=\"932\" srcset=\"https:\/\/varaviksne.rezeknesip.lv\/wp-content\/uploads\/2025\/05\/IMG-20250530-WA0020.jpg 2048w, https:\/\/varaviksne.rezeknesip.lv\/wp-content\/uploads\/2025\/05\/IMG-20250530-WA0020-300x137.jpg 300w, https:\/\/varaviksne.rezeknesip.lv\/wp-content\/uploads\/2025\/05\/IMG-20250530-WA0020-1024x466.jpg 1024w, https:\/\/varaviksne.rezeknesip.lv\/wp-content\/uploads\/2025\/05\/IMG-20250530-WA0020-768x350.jpg 768w, https:\/\/varaviksne.rezeknesip.lv\/wp-content\/uploads\/2025\/05\/IMG-20250530-WA0020-1536x699.jpg 1536w, https:\/\/varaviksne.rezeknesip.lv\/wp-content\/uploads\/2025\/05\/IMG-20250530-WA0020-24x11.jpg 24w, https:\/\/varaviksne.rezeknesip.lv\/wp-content\/uploads\/2025\/05\/IMG-20250530-WA0020-36x16.jpg 36w, https:\/\/varaviksne.rezeknesip.lv\/wp-content\/uploads\/2025\/05\/IMG-20250530-WA0020-48x22.jpg 48w\" sizes=\"auto, (max-width: 2048px) 100vw, 2048px\" \/> <img loading=\"lazy\" decoding=\"async\" class=\"aligncenter size-full wp-image-19067\" src=\"http:\/\/varaviksne.rezeknesip.lv\/wp-content\/uploads\/2025\/05\/IMG-20250530-WA0019.jpg\" alt=\"\" width=\"2048\" height=\"2009\" srcset=\"https:\/\/varaviksne.rezeknesip.lv\/wp-content\/uploads\/2025\/05\/IMG-20250530-WA0019.jpg 2048w, https:\/\/varaviksne.rezeknesip.lv\/wp-content\/uploads\/2025\/05\/IMG-20250530-WA0019-300x294.jpg 300w, https:\/\/varaviksne.rezeknesip.lv\/wp-content\/uploads\/2025\/05\/IMG-20250530-WA0019-1024x1005.jpg 1024w, https:\/\/varaviksne.rezeknesip.lv\/wp-content\/uploads\/2025\/05\/IMG-20250530-WA0019-768x753.jpg 768w, https:\/\/varaviksne.rezeknesip.lv\/wp-content\/uploads\/2025\/05\/IMG-20250530-WA0019-1536x1507.jpg 1536w, https:\/\/varaviksne.rezeknesip.lv\/wp-content\/uploads\/2025\/05\/IMG-20250530-WA0019-24x24.jpg 24w, https:\/\/varaviksne.rezeknesip.lv\/wp-content\/uploads\/2025\/05\/IMG-20250530-WA0019-36x36.jpg 36w, https:\/\/varaviksne.rezeknesip.lv\/wp-content\/uploads\/2025\/05\/IMG-20250530-WA0019-48x48.jpg 48w\" sizes=\"auto, (max-width: 2048px) 100vw, 2048px\" \/> <img loading=\"lazy\" decoding=\"async\" class=\"aligncenter size-full wp-image-19068\" src=\"http:\/\/varaviksne.rezeknesip.lv\/wp-content\/uploads\/2025\/05\/IMG-20250530-WA0018.jpg\" alt=\"\" width=\"2048\" height=\"976\" srcset=\"https:\/\/varaviksne.rezeknesip.lv\/wp-content\/uploads\/2025\/05\/IMG-20250530-WA0018.jpg 2048w, https:\/\/varaviksne.rezeknesip.lv\/wp-content\/uploads\/2025\/05\/IMG-20250530-WA0018-300x143.jpg 300w, https:\/\/varaviksne.rezeknesip.lv\/wp-content\/uploads\/2025\/05\/IMG-20250530-WA0018-1024x488.jpg 1024w, https:\/\/varaviksne.rezeknesip.lv\/wp-content\/uploads\/2025\/05\/IMG-20250530-WA0018-768x366.jpg 768w, https:\/\/varaviksne.rezeknesip.lv\/wp-content\/uploads\/2025\/05\/IMG-20250530-WA0018-1536x732.jpg 1536w, https:\/\/varaviksne.rezeknesip.lv\/wp-content\/uploads\/2025\/05\/IMG-20250530-WA0018-24x11.jpg 24w, https:\/\/varaviksne.rezeknesip.lv\/wp-content\/uploads\/2025\/05\/IMG-20250530-WA0018-36x17.jpg 36w, https:\/\/varaviksne.rezeknesip.lv\/wp-content\/uploads\/2025\/05\/IMG-20250530-WA0018-48x23.jpg 48w\" sizes=\"auto, (max-width: 2048px) 100vw, 2048px\" \/> <img loading=\"lazy\" decoding=\"async\" class=\"aligncenter size-full wp-image-19069\" src=\"http:\/\/varaviksne.rezeknesip.lv\/wp-content\/uploads\/2025\/05\/IMG-20250530-WA0017.jpg\" alt=\"\" width=\"2048\" height=\"877\" srcset=\"https:\/\/varaviksne.rezeknesip.lv\/wp-content\/uploads\/2025\/05\/IMG-20250530-WA0017.jpg 2048w, https:\/\/varaviksne.rezeknesip.lv\/wp-content\/uploads\/2025\/05\/IMG-20250530-WA0017-300x128.jpg 300w, https:\/\/varaviksne.rezeknesip.lv\/wp-content\/uploads\/2025\/05\/IMG-20250530-WA0017-1024x439.jpg 1024w, https:\/\/varaviksne.rezeknesip.lv\/wp-content\/uploads\/2025\/05\/IMG-20250530-WA0017-768x329.jpg 768w, https:\/\/varaviksne.rezeknesip.lv\/wp-content\/uploads\/2025\/05\/IMG-20250530-WA0017-1536x658.jpg 1536w, https:\/\/varaviksne.rezeknesip.lv\/wp-content\/uploads\/2025\/05\/IMG-20250530-WA0017-24x10.jpg 24w, https:\/\/varaviksne.rezeknesip.lv\/wp-content\/uploads\/2025\/05\/IMG-20250530-WA0017-36x15.jpg 36w, https:\/\/varaviksne.rezeknesip.lv\/wp-content\/uploads\/2025\/05\/IMG-20250530-WA0017-48x21.jpg 48w\" sizes=\"auto, (max-width: 2048px) 100vw, 2048px\" \/> <img loading=\"lazy\" decoding=\"async\" class=\"aligncenter size-full wp-image-19070\" src=\"http:\/\/varaviksne.rezeknesip.lv\/wp-content\/uploads\/2025\/05\/IMG-20250530-WA0016.jpg\" alt=\"\" width=\"2048\" height=\"1536\" srcset=\"https:\/\/varaviksne.rezeknesip.lv\/wp-content\/uploads\/2025\/05\/IMG-20250530-WA0016.jpg 2048w, https:\/\/varaviksne.rezeknesip.lv\/wp-content\/uploads\/2025\/05\/IMG-20250530-WA0016-300x225.jpg 300w, https:\/\/varaviksne.rezeknesip.lv\/wp-content\/uploads\/2025\/05\/IMG-20250530-WA0016-1024x768.jpg 1024w, https:\/\/varaviksne.rezeknesip.lv\/wp-content\/uploads\/2025\/05\/IMG-20250530-WA0016-768x576.jpg 768w, https:\/\/varaviksne.rezeknesip.lv\/wp-content\/uploads\/2025\/05\/IMG-20250530-WA0016-1536x1152.jpg 1536w, https:\/\/varaviksne.rezeknesip.lv\/wp-content\/uploads\/2025\/05\/IMG-20250530-WA0016-24x18.jpg 24w, https:\/\/varaviksne.rezeknesip.lv\/wp-content\/uploads\/2025\/05\/IMG-20250530-WA0016-36x27.jpg 36w, https:\/\/varaviksne.rezeknesip.lv\/wp-content\/uploads\/2025\/05\/IMG-20250530-WA0016-48x36.jpg 48w\" sizes=\"auto, (max-width: 2048px) 100vw, 2048px\" \/> <img loading=\"lazy\" decoding=\"async\" class=\"aligncenter size-full wp-image-19071\" src=\"http:\/\/varaviksne.rezeknesip.lv\/wp-content\/uploads\/2025\/05\/IMG-20250530-WA0015.jpg\" alt=\"\" width=\"1794\" height=\"1148\" srcset=\"https:\/\/varaviksne.rezeknesip.lv\/wp-content\/uploads\/2025\/05\/IMG-20250530-WA0015.jpg 1794w, https:\/\/varaviksne.rezeknesip.lv\/wp-content\/uploads\/2025\/05\/IMG-20250530-WA0015-300x192.jpg 300w, https:\/\/varaviksne.rezeknesip.lv\/wp-content\/uploads\/2025\/05\/IMG-20250530-WA0015-1024x655.jpg 1024w, https:\/\/varaviksne.rezeknesip.lv\/wp-content\/uploads\/2025\/05\/IMG-20250530-WA0015-768x491.jpg 768w, https:\/\/varaviksne.rezeknesip.lv\/wp-content\/uploads\/2025\/05\/IMG-20250530-WA0015-1536x983.jpg 1536w, https:\/\/varaviksne.rezeknesip.lv\/wp-content\/uploads\/2025\/05\/IMG-20250530-WA0015-24x15.jpg 24w, https:\/\/varaviksne.rezeknesip.lv\/wp-content\/uploads\/2025\/05\/IMG-20250530-WA0015-36x23.jpg 36w, https:\/\/varaviksne.rezeknesip.lv\/wp-content\/uploads\/2025\/05\/IMG-20250530-WA0015-48x31.jpg 48w\" sizes=\"auto, (max-width: 1794px) 100vw, 1794px\" \/> <img loading=\"lazy\" decoding=\"async\" class=\"aligncenter size-full wp-image-19072\" src=\"http:\/\/varaviksne.rezeknesip.lv\/wp-content\/uploads\/2025\/05\/IMG-20250530-WA0014.jpg\" alt=\"\" width=\"1799\" height=\"1197\" srcset=\"https:\/\/varaviksne.rezeknesip.lv\/wp-content\/uploads\/2025\/05\/IMG-20250530-WA0014.jpg 1799w, https:\/\/varaviksne.rezeknesip.lv\/wp-content\/uploads\/2025\/05\/IMG-20250530-WA0014-300x200.jpg 300w, https:\/\/varaviksne.rezeknesip.lv\/wp-content\/uploads\/2025\/05\/IMG-20250530-WA0014-1024x681.jpg 1024w, https:\/\/varaviksne.rezeknesip.lv\/wp-content\/uploads\/2025\/05\/IMG-20250530-WA0014-768x511.jpg 768w, https:\/\/varaviksne.rezeknesip.lv\/wp-content\/uploads\/2025\/05\/IMG-20250530-WA0014-1536x1022.jpg 1536w, https:\/\/varaviksne.rezeknesip.lv\/wp-content\/uploads\/2025\/05\/IMG-20250530-WA0014-24x16.jpg 24w, https:\/\/varaviksne.rezeknesip.lv\/wp-content\/uploads\/2025\/05\/IMG-20250530-WA0014-36x24.jpg 36w, https:\/\/varaviksne.rezeknesip.lv\/wp-content\/uploads\/2025\/05\/IMG-20250530-WA0014-48x32.jpg 48w\" sizes=\"auto, (max-width: 1799px) 100vw, 1799px\" \/> <img loading=\"lazy\" decoding=\"async\" class=\"aligncenter size-full wp-image-19073\" src=\"http:\/\/varaviksne.rezeknesip.lv\/wp-content\/uploads\/2025\/05\/IMG-20250530-WA0013.jpg\" alt=\"\" width=\"1862\" height=\"1100\" srcset=\"https:\/\/varaviksne.rezeknesip.lv\/wp-content\/uploads\/2025\/05\/IMG-20250530-WA0013.jpg 1862w, https:\/\/varaviksne.rezeknesip.lv\/wp-content\/uploads\/2025\/05\/IMG-20250530-WA0013-300x177.jpg 300w, https:\/\/varaviksne.rezeknesip.lv\/wp-content\/uploads\/2025\/05\/IMG-20250530-WA0013-1024x605.jpg 1024w, https:\/\/varaviksne.rezeknesip.lv\/wp-content\/uploads\/2025\/05\/IMG-20250530-WA0013-768x454.jpg 768w, https:\/\/varaviksne.rezeknesip.lv\/wp-content\/uploads\/2025\/05\/IMG-20250530-WA0013-1536x907.jpg 1536w, https:\/\/varaviksne.rezeknesip.lv\/wp-content\/uploads\/2025\/05\/IMG-20250530-WA0013-24x14.jpg 24w, https:\/\/varaviksne.rezeknesip.lv\/wp-content\/uploads\/2025\/05\/IMG-20250530-WA0013-36x21.jpg 36w, https:\/\/varaviksne.rezeknesip.lv\/wp-content\/uploads\/2025\/05\/IMG-20250530-WA0013-48x28.jpg 48w\" sizes=\"auto, (max-width: 1862px) 100vw, 1862px\" \/> <img loading=\"lazy\" decoding=\"async\" class=\"aligncenter size-full wp-image-19074\" src=\"http:\/\/varaviksne.rezeknesip.lv\/wp-content\/uploads\/2025\/05\/IMG-20250530-WA0012.jpg\" alt=\"\" width=\"1800\" height=\"1170\" srcset=\"https:\/\/varaviksne.rezeknesip.lv\/wp-content\/uploads\/2025\/05\/IMG-20250530-WA0012.jpg 1800w, https:\/\/varaviksne.rezeknesip.lv\/wp-content\/uploads\/2025\/05\/IMG-20250530-WA0012-300x195.jpg 300w, https:\/\/varaviksne.rezeknesip.lv\/wp-content\/uploads\/2025\/05\/IMG-20250530-WA0012-1024x666.jpg 1024w, https:\/\/varaviksne.rezeknesip.lv\/wp-content\/uploads\/2025\/05\/IMG-20250530-WA0012-768x499.jpg 768w, https:\/\/varaviksne.rezeknesip.lv\/wp-content\/uploads\/2025\/05\/IMG-20250530-WA0012-1536x998.jpg 1536w, https:\/\/varaviksne.rezeknesip.lv\/wp-content\/uploads\/2025\/05\/IMG-20250530-WA0012-24x16.jpg 24w, https:\/\/varaviksne.rezeknesip.lv\/wp-content\/uploads\/2025\/05\/IMG-20250530-WA0012-36x23.jpg 36w, https:\/\/varaviksne.rezeknesip.lv\/wp-content\/uploads\/2025\/05\/IMG-20250530-WA0012-48x31.jpg 48w\" sizes=\"auto, (max-width: 1800px) 100vw, 1800px\" \/> <img loading=\"lazy\" decoding=\"async\" class=\"aligncenter wp-image-19075 size-full\" src=\"http:\/\/varaviksne.rezeknesip.lv\/wp-content\/uploads\/2025\/05\/IMG-20250530-WA0011-scaled-e1748606455936.jpg\" alt=\"\" width=\"2193\" height=\"1587\" srcset=\"https:\/\/varaviksne.rezeknesip.lv\/wp-content\/uploads\/2025\/05\/IMG-20250530-WA0011-scaled-e1748606455936.jpg 2193w, https:\/\/varaviksne.rezeknesip.lv\/wp-content\/uploads\/2025\/05\/IMG-20250530-WA0011-scaled-e1748606455936-300x217.jpg 300w, https:\/\/varaviksne.rezeknesip.lv\/wp-content\/uploads\/2025\/05\/IMG-20250530-WA0011-scaled-e1748606455936-1024x741.jpg 1024w, https:\/\/varaviksne.rezeknesip.lv\/wp-content\/uploads\/2025\/05\/IMG-20250530-WA0011-scaled-e1748606455936-768x556.jpg 768w, https:\/\/varaviksne.rezeknesip.lv\/wp-content\/uploads\/2025\/05\/IMG-20250530-WA0011-scaled-e1748606455936-1536x1112.jpg 1536w, https:\/\/varaviksne.rezeknesip.lv\/wp-content\/uploads\/2025\/05\/IMG-20250530-WA0011-scaled-e1748606455936-2048x1482.jpg 2048w, https:\/\/varaviksne.rezeknesip.lv\/wp-content\/uploads\/2025\/05\/IMG-20250530-WA0011-scaled-e1748606455936-24x17.jpg 24w, https:\/\/varaviksne.rezeknesip.lv\/wp-content\/uploads\/2025\/05\/IMG-20250530-WA0011-scaled-e1748606455936-36x26.jpg 36w, https:\/\/varaviksne.rezeknesip.lv\/wp-content\/uploads\/2025\/05\/IMG-20250530-WA0011-scaled-e1748606455936-48x35.jpg 48w\" sizes=\"auto, (max-width: 2193px) 100vw, 2193px\" \/> <img loading=\"lazy\" decoding=\"async\" class=\"aligncenter size-full wp-image-19076\" src=\"http:\/\/varaviksne.rezeknesip.lv\/wp-content\/uploads\/2025\/05\/IMG-20250530-WA0009-scaled.jpg\" alt=\"\" width=\"1920\" height=\"2560\" srcset=\"https:\/\/varaviksne.rezeknesip.lv\/wp-content\/uploads\/2025\/05\/IMG-20250530-WA0009-scaled.jpg 1920w, https:\/\/varaviksne.rezeknesip.lv\/wp-content\/uploads\/2025\/05\/IMG-20250530-WA0009-225x300.jpg 225w, https:\/\/varaviksne.rezeknesip.lv\/wp-content\/uploads\/2025\/05\/IMG-20250530-WA0009-768x1024.jpg 768w, https:\/\/varaviksne.rezeknesip.lv\/wp-content\/uploads\/2025\/05\/IMG-20250530-WA0009-1152x1536.jpg 1152w, https:\/\/varaviksne.rezeknesip.lv\/wp-content\/uploads\/2025\/05\/IMG-20250530-WA0009-1536x2048.jpg 1536w, https:\/\/varaviksne.rezeknesip.lv\/wp-content\/uploads\/2025\/05\/IMG-20250530-WA0009-18x24.jpg 18w, https:\/\/varaviksne.rezeknesip.lv\/wp-content\/uploads\/2025\/05\/IMG-20250530-WA0009-27x36.jpg 27w, https:\/\/varaviksne.rezeknesip.lv\/wp-content\/uploads\/2025\/05\/IMG-20250530-WA0009-36x48.jpg 36w\" sizes=\"auto, (max-width: 1920px) 100vw, 1920px\" \/> <img loading=\"lazy\" decoding=\"async\" class=\"aligncenter size-full wp-image-19077\" src=\"http:\/\/varaviksne.rezeknesip.lv\/wp-content\/uploads\/2025\/05\/IMG-20250530-WA0008-scaled.jpg\" alt=\"\" width=\"1920\" height=\"2560\" srcset=\"https:\/\/varaviksne.rezeknesip.lv\/wp-content\/uploads\/2025\/05\/IMG-20250530-WA0008-scaled.jpg 1920w, https:\/\/varaviksne.rezeknesip.lv\/wp-content\/uploads\/2025\/05\/IMG-20250530-WA0008-225x300.jpg 225w, https:\/\/varaviksne.rezeknesip.lv\/wp-content\/uploads\/2025\/05\/IMG-20250530-WA0008-768x1024.jpg 768w, https:\/\/varaviksne.rezeknesip.lv\/wp-content\/uploads\/2025\/05\/IMG-20250530-WA0008-1152x1536.jpg 1152w, https:\/\/varaviksne.rezeknesip.lv\/wp-content\/uploads\/2025\/05\/IMG-20250530-WA0008-1536x2048.jpg 1536w, https:\/\/varaviksne.rezeknesip.lv\/wp-content\/uploads\/2025\/05\/IMG-20250530-WA0008-18x24.jpg 18w, https:\/\/varaviksne.rezeknesip.lv\/wp-content\/uploads\/2025\/05\/IMG-20250530-WA0008-27x36.jpg 27w, https:\/\/varaviksne.rezeknesip.lv\/wp-content\/uploads\/2025\/05\/IMG-20250530-WA0008-36x48.jpg 36w\" sizes=\"auto, (max-width: 1920px) 100vw, 1920px\" \/> <img loading=\"lazy\" decoding=\"async\" class=\"aligncenter size-full wp-image-19078\" src=\"http:\/\/varaviksne.rezeknesip.lv\/wp-content\/uploads\/2025\/05\/IMG-20250530-WA0007.jpg\" alt=\"\" width=\"2040\" height=\"1530\" srcset=\"https:\/\/varaviksne.rezeknesip.lv\/wp-content\/uploads\/2025\/05\/IMG-20250530-WA0007.jpg 2040w, https:\/\/varaviksne.rezeknesip.lv\/wp-content\/uploads\/2025\/05\/IMG-20250530-WA0007-300x225.jpg 300w, https:\/\/varaviksne.rezeknesip.lv\/wp-content\/uploads\/2025\/05\/IMG-20250530-WA0007-1024x768.jpg 1024w, https:\/\/varaviksne.rezeknesip.lv\/wp-content\/uploads\/2025\/05\/IMG-20250530-WA0007-768x576.jpg 768w, https:\/\/varaviksne.rezeknesip.lv\/wp-content\/uploads\/2025\/05\/IMG-20250530-WA0007-1536x1152.jpg 1536w, https:\/\/varaviksne.rezeknesip.lv\/wp-content\/uploads\/2025\/05\/IMG-20250530-WA0007-24x18.jpg 24w, https:\/\/varaviksne.rezeknesip.lv\/wp-content\/uploads\/2025\/05\/IMG-20250530-WA0007-36x27.jpg 36w, https:\/\/varaviksne.rezeknesip.lv\/wp-content\/uploads\/2025\/05\/IMG-20250530-WA0007-48x36.jpg 48w\" sizes=\"auto, (max-width: 2040px) 100vw, 2040px\" \/> <img loading=\"lazy\" decoding=\"async\" class=\"aligncenter size-full wp-image-19079\" src=\"http:\/\/varaviksne.rezeknesip.lv\/wp-content\/uploads\/2025\/05\/IMG-20250530-WA0006.jpg\" alt=\"\" width=\"1500\" height=\"2000\" srcset=\"https:\/\/varaviksne.rezeknesip.lv\/wp-content\/uploads\/2025\/05\/IMG-20250530-WA0006.jpg 1500w, https:\/\/varaviksne.rezeknesip.lv\/wp-content\/uploads\/2025\/05\/IMG-20250530-WA0006-225x300.jpg 225w, https:\/\/varaviksne.rezeknesip.lv\/wp-content\/uploads\/2025\/05\/IMG-20250530-WA0006-768x1024.jpg 768w, https:\/\/varaviksne.rezeknesip.lv\/wp-content\/uploads\/2025\/05\/IMG-20250530-WA0006-1152x1536.jpg 1152w, https:\/\/varaviksne.rezeknesip.lv\/wp-content\/uploads\/2025\/05\/IMG-20250530-WA0006-18x24.jpg 18w, https:\/\/varaviksne.rezeknesip.lv\/wp-content\/uploads\/2025\/05\/IMG-20250530-WA0006-27x36.jpg 27w, https:\/\/varaviksne.rezeknesip.lv\/wp-content\/uploads\/2025\/05\/IMG-20250530-WA0006-36x48.jpg 36w\" sizes=\"auto, (max-width: 1500px) 100vw, 1500px\" \/> <img loading=\"lazy\" decoding=\"async\" class=\"aligncenter size-full wp-image-19080\" src=\"http:\/\/varaviksne.rezeknesip.lv\/wp-content\/uploads\/2025\/05\/IMG-20250530-WA0005.jpg\" alt=\"\" width=\"1500\" height=\"2000\" srcset=\"https:\/\/varaviksne.rezeknesip.lv\/wp-content\/uploads\/2025\/05\/IMG-20250530-WA0005.jpg 1500w, https:\/\/varaviksne.rezeknesip.lv\/wp-content\/uploads\/2025\/05\/IMG-20250530-WA0005-225x300.jpg 225w, https:\/\/varaviksne.rezeknesip.lv\/wp-content\/uploads\/2025\/05\/IMG-20250530-WA0005-768x1024.jpg 768w, https:\/\/varaviksne.rezeknesip.lv\/wp-content\/uploads\/2025\/05\/IMG-20250530-WA0005-1152x1536.jpg 1152w, https:\/\/varaviksne.rezeknesip.lv\/wp-content\/uploads\/2025\/05\/IMG-20250530-WA0005-18x24.jpg 18w, https:\/\/varaviksne.rezeknesip.lv\/wp-content\/uploads\/2025\/05\/IMG-20250530-WA0005-27x36.jpg 27w, https:\/\/varaviksne.rezeknesip.lv\/wp-content\/uploads\/2025\/05\/IMG-20250530-WA0005-36x48.jpg 36w\" sizes=\"auto, (max-width: 1500px) 100vw, 1500px\" \/><\/p>\n<p>&nbsp;<\/p>\n<p>&nbsp;<\/p>\n","protected":false},"excerpt":{"rendered":"<p>Nodarb\u012bbas par fizisko un emocion\u0101lo vardarb\u012bbu b\u0113rnu vid\u016b Emocion\u0101l\u0101 vardarb\u012bba b\u0113rnu starp\u0101 var nodar\u012bt lielu kait\u0113jumu. B\u0113rnud\u0101rz\u0101 da\u017ereiz nejau\u0161a pagr\u016b\u0161ana var p\u0101raugt liel\u0101 konflikt\u0101, kur b\u0113rnu reakcija nav adekv\u0101ta. Fizisko vardarb\u012bbu ir viegl\u0101k paman\u012bt un ar\u012b nov\u0113rst, gr\u016bt\u0101k ir ar emocion\u0101lo vardarb\u012bbu, to ir gr\u016bt\u0101k paman\u012bt. Viens no izplat\u012bt\u0101kajiem vardarb\u012bbas veidiem izgl\u012bt\u012bbas vid\u0113 ir \u0146irg\u0101\u0161an\u0101s. [&hellip;]<\/p>\n","protected":false},"author":2,"featured_media":0,"parent":0,"menu_order":0,"comment_status":"closed","ping_status":"closed","template":"","meta":{"footnotes":""},"class_list":["post-19059","page","type-page","status-publish","hentry"],"_links":{"self":[{"href":"https:\/\/varaviksne.rezeknesip.lv\/index.php\/wp-json\/wp\/v2\/pages\/19059","targetHints":{"allow":["GET"]}}],"collection":[{"href":"https:\/\/varaviksne.rezeknesip.lv\/index.php\/wp-json\/wp\/v2\/pages"}],"about":[{"href":"https:\/\/varaviksne.rezeknesip.lv\/index.php\/wp-json\/wp\/v2\/types\/page"}],"author":[{"embeddable":true,"href":"https:\/\/varaviksne.rezeknesip.lv\/index.php\/wp-json\/wp\/v2\/users\/2"}],"replies":[{"embeddable":true,"href":"https:\/\/varaviksne.rezeknesip.lv\/index.php\/wp-json\/wp\/v2\/comments?post=19059"}],"version-history":[{"count":4,"href":"https:\/\/varaviksne.rezeknesip.lv\/index.php\/wp-json\/wp\/v2\/pages\/19059\/revisions"}],"predecessor-version":[{"id":19082,"href":"https:\/\/varaviksne.rezeknesip.lv\/index.php\/wp-json\/wp\/v2\/pages\/19059\/revisions\/19082"}],"wp:attachment":[{"href":"https:\/\/varaviksne.rezeknesip.lv\/index.php\/wp-json\/wp\/v2\/media?parent=19059"}],"curies":[{"name":"wp","href":"https:\/\/api.w.org\/{rel}","templated":true}]}}