{"id":19083,"date":"2025-05-30T15:49:52","date_gmt":"2025-05-30T12:49:52","guid":{"rendered":"http:\/\/varaviksne.rezeknesip.lv\/?page_id=19083"},"modified":"2026-01-17T13:02:03","modified_gmt":"2026-01-17T10:02:03","slug":"izglitojosie-materiali","status":"publish","type":"page","link":"https:\/\/varaviksne.rezeknesip.lv\/index.php\/izglitojosie-materiali\/","title":{"rendered":"izgl\u012btojo\u0161ie materi\u0101li"},"content":{"rendered":"<p>&nbsp;<\/p>\n<div style=\"width: 640px;\" class=\"wp-video\"><video class=\"wp-video-shortcode\" id=\"video-19083-1\" width=\"640\" height=\"360\" preload=\"metadata\" controls=\"controls\"><source type=\"video\/mp4\" src=\"http:\/\/varaviksne.rezeknesip.lv\/wp-content\/uploads\/2025\/05\/Pareiza_roku_mazgasana_isa.mp4?_=1\" \/><a href=\"http:\/\/varaviksne.rezeknesip.lv\/wp-content\/uploads\/2025\/05\/Pareiza_roku_mazgasana_isa.mp4\">http:\/\/varaviksne.rezeknesip.lv\/wp-content\/uploads\/2025\/05\/Pareiza_roku_mazgasana_isa.mp4<\/a><\/video><\/div>\n<p>&nbsp;<\/p>\n<p>&nbsp;<\/p>\n<div style=\"width: 640px;\" class=\"wp-video\"><video class=\"wp-video-shortcode\" id=\"video-19083-2\" width=\"640\" height=\"360\" preload=\"metadata\" controls=\"controls\"><source type=\"video\/mp4\" src=\"http:\/\/varaviksne.rezeknesip.lv\/wp-content\/uploads\/2025\/05\/Pareiza_roku_mazgasana_gara.mp4?_=2\" \/><a href=\"http:\/\/varaviksne.rezeknesip.lv\/wp-content\/uploads\/2025\/05\/Pareiza_roku_mazgasana_gara.mp4\">http:\/\/varaviksne.rezeknesip.lv\/wp-content\/uploads\/2025\/05\/Pareiza_roku_mazgasana_gara.mp4<\/a><\/video><\/div>\n<p>&nbsp;<\/p>\n<div style=\"width: 640px;\" class=\"wp-video\"><video class=\"wp-video-shortcode\" id=\"video-19083-3\" width=\"640\" height=\"360\" preload=\"metadata\" controls=\"controls\"><source type=\"video\/mp4\" src=\"http:\/\/varaviksne.rezeknesip.lv\/wp-content\/uploads\/2025\/05\/Erces_vakcinejies_pavasaris.mp4?_=3\" \/><a href=\"http:\/\/varaviksne.rezeknesip.lv\/wp-content\/uploads\/2025\/05\/Erces_vakcinejies_pavasaris.mp4\">http:\/\/varaviksne.rezeknesip.lv\/wp-content\/uploads\/2025\/05\/Erces_vakcinejies_pavasaris.mp4<\/a><\/video><\/div>\n<p>&nbsp;<\/p>\n<p><a href=\"http:\/\/varaviksne.rezeknesip.lv\/wp-content\/uploads\/2025\/05\/Kontrolsaraksts_vecakiem_pdf.pdf\">Kontrolsaraksts_vecakiem_pdf<\/a> <img loading=\"lazy\" decoding=\"async\" class=\"aligncenter size-full wp-image-19093\" src=\"http:\/\/varaviksne.rezeknesip.lv\/wp-content\/uploads\/2025\/05\/Kontrolsaraksts_vecakiem_png.png\" alt=\"\" width=\"1414\" height=\"2000\" srcset=\"https:\/\/varaviksne.rezeknesip.lv\/wp-content\/uploads\/2025\/05\/Kontrolsaraksts_vecakiem_png.png 1414w, https:\/\/varaviksne.rezeknesip.lv\/wp-content\/uploads\/2025\/05\/Kontrolsaraksts_vecakiem_png-212x300.png 212w, https:\/\/varaviksne.rezeknesip.lv\/wp-content\/uploads\/2025\/05\/Kontrolsaraksts_vecakiem_png-724x1024.png 724w, https:\/\/varaviksne.rezeknesip.lv\/wp-content\/uploads\/2025\/05\/Kontrolsaraksts_vecakiem_png-768x1086.png 768w, https:\/\/varaviksne.rezeknesip.lv\/wp-content\/uploads\/2025\/05\/Kontrolsaraksts_vecakiem_png-1086x1536.png 1086w, https:\/\/varaviksne.rezeknesip.lv\/wp-content\/uploads\/2025\/05\/Kontrolsaraksts_vecakiem_png-17x24.png 17w, https:\/\/varaviksne.rezeknesip.lv\/wp-content\/uploads\/2025\/05\/Kontrolsaraksts_vecakiem_png-25x36.png 25w, https:\/\/varaviksne.rezeknesip.lv\/wp-content\/uploads\/2025\/05\/Kontrolsaraksts_vecakiem_png-34x48.png 34w\" sizes=\"auto, (max-width: 1414px) 100vw, 1414px\" \/><\/p>\n<p>&nbsp;<\/p>\n<p><img loading=\"lazy\" decoding=\"async\" class=\"aligncenter size-full wp-image-19094\" src=\"http:\/\/varaviksne.rezeknesip.lv\/wp-content\/uploads\/2025\/05\/vard.png\" alt=\"\" width=\"703\" height=\"835\" srcset=\"https:\/\/varaviksne.rezeknesip.lv\/wp-content\/uploads\/2025\/05\/vard.png 703w, https:\/\/varaviksne.rezeknesip.lv\/wp-content\/uploads\/2025\/05\/vard-253x300.png 253w, https:\/\/varaviksne.rezeknesip.lv\/wp-content\/uploads\/2025\/05\/vard-20x24.png 20w, https:\/\/varaviksne.rezeknesip.lv\/wp-content\/uploads\/2025\/05\/vard-30x36.png 30w, https:\/\/varaviksne.rezeknesip.lv\/wp-content\/uploads\/2025\/05\/vard-40x48.png 40w\" sizes=\"auto, (max-width: 703px) 100vw, 703px\" \/><\/p>\n<p>&nbsp;<\/p>\n<h1><span style=\"color: #339966;\"><strong>B\u0113rnu slimn\u012bcas port\u0101l\u0101 veselapasaule.lv br\u012bvi pieejamas e-apm\u0101c\u012bbas vec\u0101kiem b\u0113rnu soci\u0101lo un komunik\u0101cijas prasmju stiprin\u0101\u0161anai<\/strong><\/span><\/h1>\n<p><em>\u00a0B\u0113rnu slimn\u012bcas port\u0101l\u0101 veselapasaule.lv br\u012bvi pieejamas e-apm\u0101c\u012bbas vec\u0101kiem b\u0113rnu soci\u0101lo un komunik\u0101cijas prasmju stiprin\u0101\u0161anai<\/em><\/p>\n<p><em>\u00a0<\/em>Latvij\u0101 aptuveni viens no pieciem b\u0113rniem piedz\u012bvo gr\u016bt\u012bbas k\u0101d\u0101 no att\u012bst\u012bbas jom\u0101m, piem\u0113ram, valodas, runas, m\u0101c\u012b\u0161an\u0101s sp\u0113j\u0101s, uzman\u012bbas notur\u0113\u0161an\u0101, intelektu\u0101laj\u0101 att\u012bst\u012bb\u0101 vai uzved\u012bb\u0101. Lai \u0161\u012bs gr\u016bt\u012bbas nek\u013c\u016btu par nopietniem att\u012bst\u012bbas trauc\u0113jumiem, b\u016btiska ir savlaic\u012bga un m\u0113r\u0137tiec\u012bga prasmju tren\u0113\u0161ana. T\u0101p\u0113c B\u0113rnu slimn\u012bcas Metodisk\u0101s vad\u012bbas centrs sadarb\u012bb\u0101 ar Pasaules Vesel\u012bbas organiz\u0101cijas (PVO) p\u0101rst\u0101vniec\u012bbu Latvij\u0101 pied\u0101v\u0101 PVO Apr\u016bp\u0113t\u0101ju prasmju e-apm\u0101c\u012bbas, kas \u012bpa\u0161i adapt\u0113tas Latvijas \u0123ime\u0146u vajadz\u012bb\u0101m.<\/p>\n<p>P\u0113t\u012bjumi apliecina, ka b\u0113rni ar att\u012bst\u012bbas sare\u017e\u0123\u012bjumiem vislab\u0101kos rezult\u0101tus sasniedz tad, ja m\u0101c\u012b\u0161an\u0101s un prasmju stiprin\u0101\u0161ana notiek regul\u0101ri, ikdienas vid\u0113, nevis tikai da\u017eas stundas speci\u0101lista kabinet\u0101. Tie\u0161i t\u0101p\u0113c ir b\u016btiski vec\u0101kiem dot iesp\u0113ju apg\u016bt prasmes, lai vi\u0146i var\u0113tu izmantot ikdienas situ\u0101cijas \u2013 rota\u013cas, rut\u012bnas, sarunas \u2013 b\u0113rna komunik\u0101cijas, pozit\u012bvas uzved\u012bbas un soci\u0101lo prasmju att\u012bst\u012b\u0161anai.<\/p>\n<p>PVO Apr\u016bp\u0113t\u0101ju prasmju apm\u0101c\u012bbu (APA) programma ir zin\u0101tniski pamatota pieeja, kas veicina b\u0113rna att\u012bst\u012bbu, uzlabo pa\u0161u vec\u0101ku ment\u0101lo labb\u016bt\u012bbu un stiprina \u0123imenes sp\u0113ju veiksm\u012bgi funkcion\u0113t. Ir pier\u0101d\u012bts, ka vec\u0101ku stiprin\u0101\u0161anas programmu iek\u013cau\u0161ana valsts apr\u016bpes sist\u0113m\u0101 veicina b\u0113rnu att\u012bst\u012bbu, sniedzot ilgtermi\u0146a ieguvumus ne tikai pa\u0161iem b\u0113rniem un vi\u0146u vec\u0101kiem, bet ar\u012b apk\u0101rt\u0113jai kopienai. \u0160\u012b kursa saturu viet\u0113jai situ\u0101cijai un latvie\u0161u valodai piel\u0101gojusi Latvijas Autisma apvien\u012bba.<\/p>\n<p>Da\u017e\u0101dos form\u0101tos \u2013 video, audio un prezent\u0101ciju veid\u0101 \u2013 PVO Apr\u016bp\u0113t\u0101ju prasmju e-apm\u0101c\u012bbas bez maksas pieejamas B\u0113rnu slimn\u012bcas port\u0101l\u0101 veselapasaule.lv. T\u0101s paredz\u0113tas vec\u0101kiem, aizbild\u0146iem, vecvec\u0101kiem, kuru apr\u016bp\u0113 ir b\u0113rni ar att\u012bst\u012bbas kav\u0113jumiem, autisk\u0101 spektra trauc\u0113jumiem, UDHS, uzved\u012bbas gr\u016bt\u012bb\u0101m, emocion\u0101liem sare\u017e\u0123\u012bjumiem, valodas un komunik\u0101cijas att\u012bst\u012bbas kav\u0113jumiem. T\u0101pat noder\u012bgi tas b\u016bs vesel\u012bbas apr\u016bpes speci\u0101listiem, pirmsskolu un s\u0101kumskolu pedagogiem, asistentiem, k\u0101 ar\u012b soci\u0101lo dienestu darbiniekiem un aud\u017eu\u0123imen\u0113m, kas ikdien\u0101 atbalsta b\u0113rnus ar att\u012bst\u012bbas sare\u017e\u0123\u012bjumiem.<\/p>\n<p>Katra e-apm\u0101c\u012bbu modu\u013ca t\u0113ma pied\u0101v\u0101 konkr\u0113tus so\u013cus un vingrin\u0101jumus, ko izm\u0113\u0123in\u0101t ikdienas situ\u0101cij\u0101s. Apr\u016bp\u0113t\u0101ji tiek aicin\u0101ti 5\u201310 min\u016btes dien\u0101 velt\u012bt m\u0113r\u0137tiec\u012bgai saskarsmei ar b\u0113rnu, veicinot komunik\u0101ciju, savstarp\u0113jo sapratni un pozit\u012bvu uzved\u012bbu. Apm\u0101c\u012bbu ietvaros vec\u0101ki m\u0101c\u0101s paman\u012bt, kas provoc\u0113 b\u0113rna uzved\u012bbu, k\u0101das ir vi\u0146u pa\u0161u autom\u0101tisk\u0101s reakcijas un k\u0101dus alternat\u012bvus r\u012bc\u012bbas veidus iesp\u0113jams izv\u0113l\u0113ties. Tas pal\u012bdz samazin\u0101t konfliktus un veidot mier\u012bg\u0101ku ikdienas vidi.<\/p>\n<p>Programmas apg\u016b\u0161ana neprasa \u012bpa\u0161u apr\u012bkojumu vai speci\u0101las rota\u013clietas \u2014 prasmes tiek m\u0101c\u012btas, izmantojot parastas ikdienas situ\u0101cijas, sp\u0113les un sadz\u012bves aktivit\u0101tes. B\u016btiska ir konsekvence un mazi so\u013ci. Apm\u0101c\u012bbas br\u012bvi pieejams un apg\u016bstams sev \u0113rt\u0101 laik\u0101 un temp\u0101, k\u0101 ar\u012b veidots t\u0101, lai vec\u0101ki var\u0113tu pak\u0101peniski nostiprin\u0101t jaun\u0101s prasmes.<\/p>\n<p>PVO Apr\u016bp\u0113t\u0101ju prasmju e-apm\u0101c\u012bbas pieejamas B\u0113rnu slimn\u012bcas port\u0101l\u0101<\/p>\n<p><a href=\"https:\/\/www.veselapasaule.lv\/lv\/lasitava\/pvo-aprupetaju-prasmju-e-apmacibas-gimenem-ar-berniem-ar-attistibas-traucejumiem-vai\" target=\"_blank\" rel=\"noopener\">https:\/\/www.veselapasaule.lv\/lv\/lasitava\/pvo-aprupetaju-prasmju-e-apmacibas-gimenem-ar-berniem-ar-attistibas-traucejumiem-vai<\/a><\/p>\n<p>&nbsp;<\/p>\n","protected":false},"excerpt":{"rendered":"<p>&nbsp; &nbsp; &nbsp; &nbsp; &nbsp; Kontrolsaraksts_vecakiem_pdf &nbsp; &nbsp; B\u0113rnu slimn\u012bcas port\u0101l\u0101 veselapasaule.lv br\u012bvi pieejamas e-apm\u0101c\u012bbas vec\u0101kiem b\u0113rnu soci\u0101lo un komunik\u0101cijas prasmju stiprin\u0101\u0161anai \u00a0B\u0113rnu slimn\u012bcas port\u0101l\u0101 veselapasaule.lv br\u012bvi pieejamas e-apm\u0101c\u012bbas vec\u0101kiem b\u0113rnu soci\u0101lo un komunik\u0101cijas prasmju stiprin\u0101\u0161anai \u00a0Latvij\u0101 aptuveni viens no pieciem b\u0113rniem piedz\u012bvo gr\u016bt\u012bbas k\u0101d\u0101 no att\u012bst\u012bbas jom\u0101m, piem\u0113ram, valodas, runas, m\u0101c\u012b\u0161an\u0101s sp\u0113j\u0101s, uzman\u012bbas notur\u0113\u0161an\u0101, [&hellip;]<\/p>\n","protected":false},"author":2,"featured_media":0,"parent":0,"menu_order":0,"comment_status":"closed","ping_status":"closed","template":"","meta":{"footnotes":""},"class_list":["post-19083","page","type-page","status-publish","hentry"],"_links":{"self":[{"href":"https:\/\/varaviksne.rezeknesip.lv\/index.php\/wp-json\/wp\/v2\/pages\/19083","targetHints":{"allow":["GET"]}}],"collection":[{"href":"https:\/\/varaviksne.rezeknesip.lv\/index.php\/wp-json\/wp\/v2\/pages"}],"about":[{"href":"https:\/\/varaviksne.rezeknesip.lv\/index.php\/wp-json\/wp\/v2\/types\/page"}],"author":[{"embeddable":true,"href":"https:\/\/varaviksne.rezeknesip.lv\/index.php\/wp-json\/wp\/v2\/users\/2"}],"replies":[{"embeddable":true,"href":"https:\/\/varaviksne.rezeknesip.lv\/index.php\/wp-json\/wp\/v2\/comments?post=19083"}],"version-history":[{"count":4,"href":"https:\/\/varaviksne.rezeknesip.lv\/index.php\/wp-json\/wp\/v2\/pages\/19083\/revisions"}],"predecessor-version":[{"id":20919,"href":"https:\/\/varaviksne.rezeknesip.lv\/index.php\/wp-json\/wp\/v2\/pages\/19083\/revisions\/20919"}],"wp:attachment":[{"href":"https:\/\/varaviksne.rezeknesip.lv\/index.php\/wp-json\/wp\/v2\/media?parent=19083"}],"curies":[{"name":"wp","href":"https:\/\/api.w.org\/{rel}","templated":true}]}}