{"id":19125,"date":"2025-06-06T13:20:37","date_gmt":"2025-06-06T10:20:37","guid":{"rendered":"http:\/\/varaviksne.rezeknesip.lv\/?page_id=19125"},"modified":"2025-06-06T13:21:07","modified_gmt":"2025-06-06T10:21:07","slug":"attalinatas-macibas-2","status":"publish","type":"page","link":"https:\/\/varaviksne.rezeknesip.lv\/index.php\/attalinatas-macibas-2\/","title":{"rendered":"Att\u0101lin\u0101t\u0101s m\u0101c\u012bbas"},"content":{"rendered":"<blockquote><p><a href=\"http:\/\/varaviksne.rezeknesip.lv\/index.php\/attalinatas-macibas-19-20\/\" target=\"_blank\" rel=\"noopener\">Arh\u012bvs &#8211; Att\u0101lin\u0101t\u0101s m\u0101c\u012bbas 2019-2021<\/a><\/p><\/blockquote>\n<h4><strong>2021.\/2022. m\u0101c\u012bbu gads<\/strong><\/h4>\n<h4><strong>Septembris<\/strong><\/h4>\n<p><a href=\"http:\/\/varaviksne.rezeknesip.lv\/wp-content\/uploads\/2021\/09\/Att\u0101lin\u0101tais-m\u0101c\u012bbu-process-5.-grup\u0101-M\u0101r\u012bte-20.09.21.-01.10.2021..docx\" target=\"_blank\" rel=\"noopener\">Att\u0101lin\u0101tais m\u0101c\u012bbu process 5. grup\u0101 M\u0101r\u012bte 20.09.21.-01.10.2021.<\/a><\/p>\n<p><a href=\"http:\/\/varaviksne.rezeknesip.lv\/wp-content\/uploads\/2021\/09\/5-gr.-M\u0101r\u012bte-Darba-lapas-20.09.21.-01.10.2021..pdf\" target=\"_blank\" rel=\"noopener\">5. gr. M\u0101r\u012bte Darba lapas 20.09.21.-01.10.2021.<\/a><\/p>\n<h4><strong>Oktobris<\/strong><\/h4>\n<p><strong><a href=\"http:\/\/varaviksne.rezeknesip.lv\/wp-content\/uploads\/2021\/10\/05.gr_.-es-\u0113du-vesel\u012bgi.docx\" target=\"_blank\" rel=\"noopener\">Att\u0101lin\u0101tais m\u0101c\u012bbu process 5.gr. ,,M\u0101r\u012bte&#8221; 01.10.21.-15.10.21. <\/a><\/strong><\/p>\n<p><strong><a href=\"http:\/\/varaviksne.rezeknesip.lv\/wp-content\/uploads\/2021\/10\/DocScan_10_04_2021.pdf\">5. gr. M\u0101r\u012bte Darba lapas 01.10.21.-15.10.21.<\/a><\/strong><\/p>\n<p><strong><a href=\"http:\/\/varaviksne.rezeknesip.lv\/wp-content\/uploads\/2021\/10\/att\u0101lin\u0101ta-m\u0101c\u012bbas-es-\u0113du-vesel\u012bgi.docx\" target=\"_blank\" rel=\"noopener\">Att\u0101lin\u0101tais m\u0101c\u012bbu process Es \u0113du vesel\u012bgi gr. &#8220;M\u0101r\u012bte&#8221; 18.10.-29.10.21.<\/a><\/strong><\/p>\n<p><strong><a href=\"http:\/\/varaviksne.rezeknesip.lv\/wp-content\/uploads\/2021\/10\/Pasaka-Tobiass-dodas-pasaul\u0113.pdf\" target=\"_blank\" rel=\"noopener\">Pasaka Tobiass dodas pasaul\u0113<\/a><\/strong><\/p>\n<p><strong><a href=\"http:\/\/varaviksne.rezeknesip.lv\/wp-content\/uploads\/2021\/10\/Darba-lapas-25.-29.10.-2021-attalinata-m\u0101c\u012b\u0161an\u0101s.pdf\" target=\"_blank\" rel=\"noopener\">Darba lapas 18.- 29.10. 2021.<\/a><\/strong><\/p>\n<p>&nbsp;<\/p>\n<p><a href=\"http:\/\/varaviksne.rezeknesip.lv\/wp-content\/uploads\/2021\/10\/att\u0101lin\u0101ta-m\u0101c\u012bbas-es-\u0113du-vesel\u012bgi_BIT\u012aTE.docx\" target=\"_blank\" rel=\"noopener\"><strong>Att\u0101lin\u0101tais m\u0101c\u012bbu process Es \u0113du vesel\u012bgi gr. &#8220;BIT\u012aTE&#8221;\u00a021.10.-29.10.2021.<\/strong><\/a><\/p>\n<p><strong><a href=\"http:\/\/varaviksne.rezeknesip.lv\/wp-content\/uploads\/2021\/10\/Bit\u012bte_okt.pdf\" target=\"_blank\" rel=\"noopener\">Darba lapas Bit\u012bte 21.10.-29.10.2021. <\/a><\/strong><\/p>\n<p><a href=\"http:\/\/varaviksne.rezeknesip.lv\/wp-content\/uploads\/2021\/10\/burts-m.docx\" target=\"_blank\" rel=\"noopener\">Burts M<\/a><\/p>\n<p>&nbsp;<\/p>\n<h2><strong>Novembris<\/strong><\/h2>\n<h4><a href=\"http:\/\/varaviksne.rezeknesip.lv\/wp-content\/uploads\/2021\/10\/att\u0101lin\u0101ti-novembris-M\u0101r\u012bte.docx\" target=\"_blank\" rel=\"noopener\"><strong>Att\u0101lin\u0101tais m\u0101c\u012bbu process novembris grupa M\u0101r\u012bte<\/strong><\/a><\/h4>\n<p><a href=\"http:\/\/varaviksne.rezeknesip.lv\/wp-content\/uploads\/2021\/10\/DL-grupa-M\u0101r\u012bte-1.-ned\u0113\u013ca-copy.pdf\" target=\"_blank\" rel=\"noopener\">Darba lapas grupa M\u0101r\u012bte 1. ned\u0113\u013ca<\/a><\/p>\n<p><a href=\"http:\/\/varaviksne.rezeknesip.lv\/wp-content\/uploads\/2021\/10\/DL-grupa-M\u0101r\u012bte-2.ned\u0113\u013ca-copy.pdf\" target=\"_blank\" rel=\"noopener\">Darba lapas grupa M\u0101r\u012bte 2.ned\u0113\u013ca<\/a><\/p>\n<p><a href=\"http:\/\/varaviksne.rezeknesip.lv\/wp-content\/uploads\/2021\/10\/DL-grupa-M\u0101r\u012bte-3-4-ned\u0113\u013ca-copy.pdf\" target=\"_blank\" rel=\"noopener\">Darba lapas grupa M\u0101r\u012bte 3. &#8211; 4. ned\u0113\u013ca<\/a><\/p>\n<p>&nbsp;<\/p>\n<h4><strong><a href=\"http:\/\/varaviksne.rezeknesip.lv\/wp-content\/uploads\/2021\/10\/Dzintra-att\u0101lin\u0101t\u0101s.docx\" target=\"_blank\" rel=\"noopener\">Att\u0101lin\u0101tais m\u0101c\u012bbu process novembris grupa &#8220;Bit\u012bte&#8221;<\/a><\/strong><\/h4>\n<p><a href=\"http:\/\/varaviksne.rezeknesip.lv\/wp-content\/uploads\/2021\/10\/DL-grupa-Bit\u012bte-1.-ned\u0113\u013ca.pdf\" target=\"_blank\" rel=\"noopener\">Darba lapas grupa Bit\u012bte 1. ned\u0113\u013ca<\/a><\/p>\n<p><a href=\"http:\/\/varaviksne.rezeknesip.lv\/wp-content\/uploads\/2021\/10\/DL-grupa-Bit\u012bte-2.ned\u0113\u013ca.pdf\" target=\"_blank\" rel=\"noopener\">Darba lapas grupa Bit\u012bte 2.ned\u0113\u013ca<\/a><\/p>\n<p><a href=\"http:\/\/varaviksne.rezeknesip.lv\/wp-content\/uploads\/2021\/10\/DL-grupa-Bit\u012bte-3-4-ned\u0113\u013ca.pdf\" target=\"_blank\" rel=\"noopener\">Darba lapas grupa Bit\u012bte 3.-4. ned\u0113\u013ca<\/a><\/p>\n<p><a href=\"http:\/\/varaviksne.rezeknesip.lv\/wp-content\/uploads\/2021\/10\/burti-c-x-p.docx\" target=\"_blank\" rel=\"noopener\">Darba lapas, krievu valoda<\/a><\/p>\n<h4><strong>M\u016bzika<\/strong><\/h4>\n<p><a href=\"http:\/\/varaviksne.rezeknesip.lv\/wp-content\/uploads\/2021\/10\/M\u016bzika.docx\" target=\"_blank\" rel=\"noopener\">M\u016bzika (lejupl\u0101d\u0113t)<\/a><\/p>\n<p><a href=\"http:\/\/varaviksne.rezeknesip.lv\/wp-content\/uploads\/2021\/10\/M\u016bsu-Latvija-un-Himna-teksti.docx\" target=\"_blank\" rel=\"noopener\">M\u016bsu Latvija un Himna teksti<\/a><\/p>\n<p><a href=\"http:\/\/varaviksne.rezeknesip.lv\/wp-content\/uploads\/2021\/10\/ritmiz\u0113\u0161ana.docx\" target=\"_blank\" rel=\"noopener\">Ritmiz\u0113\u0161ana (lejupl\u0101d\u0113t)<\/a><\/p>\n<audio class=\"wp-audio-shortcode\" id=\"audio-19125-1\" preload=\"none\" style=\"width: 100%;\" controls=\"controls\"><source type=\"audio\/mpeg\" src=\"http:\/\/varaviksne.rezeknesip.lv\/wp-content\/uploads\/2021\/10\/01-Kur-tu-teci-gail\u012btis-mans.mp3?_=1\" \/><a href=\"http:\/\/varaviksne.rezeknesip.lv\/wp-content\/uploads\/2021\/10\/01-Kur-tu-teci-gail\u012btis-mans.mp3\">http:\/\/varaviksne.rezeknesip.lv\/wp-content\/uploads\/2021\/10\/01-Kur-tu-teci-gail\u012btis-mans.mp3<\/a><\/audio>\n<p><strong>Sports<\/strong><\/p>\n<p><a href=\"http:\/\/varaviksne.rezeknesip.lv\/wp-content\/uploads\/2021\/11\/PII-att\u0101lin\u0101t\u0101-nodarb\u012bbas-sport\u0101.docx\" target=\"_blank\" rel=\"noopener\">Sporta nodarb\u012bbas (lejupl\u0101d\u0113t)<\/a><\/p>\n<p>&nbsp;<\/p>\n<p><a href=\"https:\/\/www.youtube.com\/watch?v=lNBfFJhVWF8\" target=\"_blank\" rel=\"noopener\">https:\/\/www.youtube.com\/watch?v=lNBfFJhVWF8<\/a><\/p>\n<p>&nbsp;<\/p>\n<p><a href=\"https:\/\/www.youtube.com\/watch?v=nvb4PdNRVf0\" target=\"_blank\" rel=\"noopener\">https:\/\/www.youtube.com\/watch?v=nvb4PdNRVf0<\/a><\/p>\n<p>&nbsp;<\/p>\n<p><a href=\"https:\/\/www.youtube.com\/watch?v=Lh2QQ2A9EVs\" target=\"_blank\" rel=\"noopener\">https:\/\/www.youtube.com\/watch?v=Lh2QQ2A9EVs<\/a><\/p>\n<p>&nbsp;<\/p>\n<h3><strong>Saites:<\/strong><\/h3>\n<p><a href=\"https:\/\/mammassmaids.net\/2012\/11\/15\/macamies-par-latviju\/\" target=\"_blank\" rel=\"noopener\">https:\/\/mammassmaids.net\/2012\/11\/15\/macamies-par-latviju\/<\/a><\/p>\n<p>&nbsp;<\/p>\n<p><iframe loading=\"lazy\" title=\"7 min\u016bt\u0113s par to, k\u0101p\u0113c Latvij\u0101 svinam 11. novembri\" width=\"640\" height=\"360\" src=\"https:\/\/www.youtube.com\/embed\/IioodVnAFo8?feature=oembed\" frameborder=\"0\" allow=\"accelerometer; autoplay; clipboard-write; encrypted-media; gyroscope; picture-in-picture; web-share\" referrerpolicy=\"strict-origin-when-cross-origin\" allowfullscreen><\/iframe><\/p>\n<p><a href=\"https:\/\/jauns.lv\/raksts\/sievietem\/10865-vai-tiesam-lacplesim-ir-dzimsanas-diena-14-iespejas-ka-bernam-stastit-par-latviju\" target=\"_blank\" rel=\"noopener\">https:\/\/jauns.lv\/raksts\/sievietem\/10865-vai-tiesam-lacplesim-ir-dzimsanas-diena-14-iespejas-ka-bernam-stastit-par-latviju<\/a><\/p>\n<p>&nbsp;<\/p>\n<p><a href=\"https:\/\/www.google.com\/url?sa=t&amp;source=web&amp;rct=j&amp;url=https:\/\/nra.lv\/video\/7610-par-godu-robezsardzes-simtgadei-robezsargi-iedziedajusi-jaudigu-dziesmu.htm&amp;ved=2ahUKEwj2r-O2lvnzAhUllIsKHVOCDTwQuAJ6BAgFEAE&amp;usg=AOvVaw34jI-5GUxihXNBGa3Q8F06\" target=\"_blank\" rel=\"noopener\">https:\/\/www.google.com\/url?sa=t&amp;source=web&amp;rct=j&amp;url=https:\/\/nra.lv\/video\/7610-par-godu-robezsardzes-simtgadei-robezsargi-iedziedajusi-jaudigu-dziesmu.htm&amp;ved=2ahUKEwj2r-O2lvnzAhUllIsKHVOCDTwQuAJ6BAgFEAE&amp;usg=AOvVaw34jI-5GUxihXNBGa3Q8F06<\/a><\/p>\n<p>&nbsp;<\/p>\n<p><a href=\"https:\/\/jauns.lv\/raksts\/sievietem\/10865-vai-tiesam-lacplesim-ir-dzimsanas-diena-14-iespejas-ka-bernam-stastit-par-latviju\" target=\"_blank\" rel=\"noopener\">https:\/\/jauns.lv\/raksts\/sievietem\/10865-vai-tiesam-lacplesim-ir-dzimsanas-diena-14-iespejas-ka-bernam-stastit-par-latviju<\/a><\/p>\n<p>&nbsp;<\/p>\n<h3><strong>Decembris<\/strong><\/h3>\n<p><a href=\"http:\/\/varaviksne.rezeknesip.lv\/wp-content\/uploads\/2021\/11\/Decembris-attalinataOK.docx\" target=\"_blank\" rel=\"noopener\">Att\u0101lin\u0101tais m\u0101c\u012bbu process decembris grupa &#8220;Bit\u012bte&#8221;<\/a><\/p>\n<p><a href=\"http:\/\/varaviksne.rezeknesip.lv\/wp-content\/uploads\/2021\/11\/Darba-lapas-1-ned\u0113\u013ca.pdf\" target=\"_blank\" rel=\"noopener\">Darba lapas 1. ned\u0113\u013ca<\/a><\/p>\n<p><a href=\"http:\/\/varaviksne.rezeknesip.lv\/wp-content\/uploads\/2021\/11\/darba-lapas-2-ned\u0113\u013ca.pdf\" target=\"_blank\" rel=\"noopener\">Darba lapas 2. ned\u0113\u013ca<\/a><\/p>\n<p><a href=\"http:\/\/varaviksne.rezeknesip.lv\/wp-content\/uploads\/2021\/11\/Darba-lapas-3-4-ned\u0113\u013ca.pdf\" target=\"_blank\" rel=\"noopener\">Darba lapas 3.-4. ned\u0113\u013ca<\/a><\/p>\n<p><a href=\"http:\/\/varaviksne.rezeknesip.lv\/wp-content\/uploads\/2021\/11\/Literatura-krievu-valoda.docx\" target=\"_blank\" rel=\"noopener\">Literat\u016bra krievu valoda<\/a><\/p>\n<p><a href=\"http:\/\/varaviksne.rezeknesip.lv\/wp-content\/uploads\/2021\/11\/burts-\u0448-\u044b-\u043b-\u043d-krievu-valoda.docx\" target=\"_blank\" rel=\"noopener\">burts \u0448 \u044b \u043b \u043d krievu valoda<\/a><\/p>\n<p>&nbsp;<\/p>\n<h3><strong>Janv\u0101ris<\/strong><\/h3>\n<p><a href=\"http:\/\/varaviksne.rezeknesip.lv\/wp-content\/uploads\/2022\/01\/att\u0101lin\u0101t\u0101s-janv\u0101ris-1-1.docx\" target=\"_blank\" rel=\"noopener\">Att\u0101lin\u0101tais m\u0101c\u012bbu process janv\u0101ris grupa &#8220;Bit\u012bte&#8221;<\/a><\/p>\n<p><a href=\"http:\/\/varaviksne.rezeknesip.lv\/wp-content\/uploads\/2022\/01\/Janv\u0101ris-1-ned\u0113\u013ca.pdf\" target=\"_blank\" rel=\"noopener\">Janv\u0101ris 1. ned\u0113\u013ca<\/a><\/p>\n<p><a href=\"http:\/\/varaviksne.rezeknesip.lv\/wp-content\/uploads\/2022\/01\/Janv\u0101ris-2-ned\u0113\u013ca.pdf\" target=\"_blank\" rel=\"noopener\">Janv\u0101ris 2. ned\u0113\u013ca<\/a><\/p>\n<p><a href=\"http:\/\/varaviksne.rezeknesip.lv\/wp-content\/uploads\/2022\/01\/Janv\u0101ris-3-ned\u0113\u013ca.pdf\" target=\"_blank\" rel=\"noopener\">Janv\u0101ris 3. ned\u0113\u013ca<\/a><\/p>\n<p><a href=\"http:\/\/varaviksne.rezeknesip.lv\/wp-content\/uploads\/2022\/01\/Janv\u0101ris-4-ned\u0113\u013ca.pdf\">Janv\u0101ris 4. ned\u0113\u013ca<\/a><\/p>\n<p>&nbsp;<\/p>\n<p><a href=\"http:\/\/varaviksne.rezeknesip.lv\/index.php\/1014\/\" target=\"_blank\" rel=\"noopener\">Att\u0101lin\u0101tais m\u0101c\u012bbu process grupa &#8220;M\u0101r\u012bte&#8221; 31.01. 2022. &#8211; 04.02.2022.<\/a><\/p>\n<p>&nbsp;<\/p>\n<h2><strong>Febru\u0101ris<\/strong><\/h2>\n<p><a href=\"http:\/\/varaviksne.rezeknesip.lv\/wp-content\/uploads\/2022\/02\/att\u0101lin\u0101ta-m\u0101c\u012bbas-emociju-pasaule-1-1.docx\" target=\"_blank\" rel=\"noopener\">Att\u0101lin\u0101t\u0101s m\u0101c\u012bbas Emociju pasaule gr. &#8220;M\u0101r\u012bte&#8221;1.-2.ned\u0113\u013ca<\/a><\/p>\n<p><a href=\"http:\/\/varaviksne.rezeknesip.lv\/wp-content\/uploads\/2022\/02\/DL-1-ned\u0113\u013ca-gr.-M\u0101r\u012bte-febru\u0101ris.pdf\" target=\"_blank\" rel=\"noopener\">Darba lapas 1. ned\u0113\u013ca gr. M\u0101r\u012bte febru\u0101ris<\/a><\/p>\n<p><a href=\"http:\/\/varaviksne.rezeknesip.lv\/wp-content\/uploads\/2022\/02\/DL-2-ned\u0113\u013ca-gr.-M\u0101r\u012bte-febru\u0101ris.pdf\" target=\"_blank\" rel=\"noopener\">Darba lapas 2. ned\u0113\u013ca gr. M\u0101r\u012bte febru\u0101ris<\/a><\/p>\n<p><a href=\"http:\/\/varaviksne.rezeknesip.lv\/wp-content\/uploads\/2022\/02\/att\u0101lin\u0101t\u0101-3-ned\u0113\u013ca.docx\" target=\"_blank\" rel=\"noopener\">Att\u0101lin\u0101t\u0101s m\u0101c\u012bbas Emociju pasaule gr. &#8220;M\u0101r\u012bte&#8221; 3. ned\u0113\u013ca<\/a><\/p>\n<p><a href=\"http:\/\/varaviksne.rezeknesip.lv\/wp-content\/uploads\/2022\/02\/Darba-lapas-3.ned\u0113\u013ca-M.pdf\" target=\"_blank\" rel=\"noopener\">Darba lapas 3.ned\u0113\u013ca gr. M\u0101r\u012bte febru\u0101ris<\/a><\/p>\n<p>&nbsp;<\/p>\n<p><a href=\"http:\/\/varaviksne.rezeknesip.lv\/wp-content\/uploads\/2022\/02\/dro\u0161iba-suns.pdf\" target=\"_blank\" rel=\"noopener\">Dro\u0161\u012bba suns<\/a><\/p>\n<p>&nbsp;<\/p>\n<p><a href=\"http:\/\/varaviksne.rezeknesip.lv\/wp-content\/uploads\/2022\/02\/Att\u0101lin\u0101t\u0101s-febru\u0101ris-2.docx\" target=\"_blank\" rel=\"noopener\"><strong>Att\u0101lin\u0101t\u0101s m\u0101c\u012bbas febru\u0101ris gr. &#8220;Bit\u012bte&#8221;<\/strong><\/a><\/p>\n<p><a href=\"http:\/\/varaviksne.rezeknesip.lv\/wp-content\/uploads\/2022\/02\/DL-1-ned\u0113\u013ca-gr.-Bit\u012bte-febru\u0101ris.pdf\" target=\"_blank\" rel=\"noopener\">Darba lapas 1. ned\u0113\u013ca<\/a><\/p>\n<p><a href=\"http:\/\/varaviksne.rezeknesip.lv\/wp-content\/uploads\/2022\/02\/DL-2-ned\u0113\u013ca-gr.-Bit\u012bte-febru\u0101ris.pdf\" target=\"_blank\" rel=\"noopener\">Darba lapas 2. ned\u0113\u013ca <\/a><\/p>\n<p><a href=\"http:\/\/varaviksne.rezeknesip.lv\/wp-content\/uploads\/2022\/02\/Darba-lapas-3.ned\u0113\u013ca.pdf\" target=\"_blank\" rel=\"noopener\">Darba lapas 3.ned\u0113\u013ca<\/a><\/p>\n<p><a href=\"http:\/\/varaviksne.rezeknesip.lv\/wp-content\/uploads\/2022\/02\/Darba-lapas-4.ned\u0113\u013ca.pdf\" target=\"_blank\" rel=\"noopener\">Darba lapas 4.ned\u0113\u013ca<\/a><\/p>\n<p><a href=\"http:\/\/varaviksne.rezeknesip.lv\/wp-content\/uploads\/2022\/02\/Burti-\u0417-\u0419-\u0413-\u0412-1.docx\" target=\"_blank\" rel=\"noopener\">Burti \u0417 \u0419 \u0413 \u0412 <\/a><\/p>\n<p>&nbsp;<\/p>\n<h3><strong>Marts<\/strong><\/h3>\n<p><a href=\"http:\/\/varaviksne.rezeknesip.lv\/wp-content\/uploads\/2022\/02\/Izzi\u0146as-temats-Dz\u012bves-cikls-no-28.02.2022.-gr.-M\u0101r\u012bte.docx\" target=\"_blank\" rel=\"noopener\"><strong>Att\u0101lin\u0101t\u0101s m\u0101c\u012bbas. Dz\u012bves cikls. gr. &#8220;M\u0101r\u012bte&#8221; marts<\/strong><\/a><\/p>\n<p><a href=\"http:\/\/varaviksne.rezeknesip.lv\/wp-content\/uploads\/2022\/03\/Darba-lapas-5-gadi.pdf\">Darba lapas 5 gadi<\/a><\/p>\n<p><a href=\"http:\/\/varaviksne.rezeknesip.lv\/wp-content\/uploads\/2022\/03\/Darba-lapas-6-7-gadi.pdf\">Darba lapas 6-7 gadi<\/a><\/p>\n<p>&nbsp;<\/p>\n<p><a href=\"http:\/\/varaviksne.rezeknesip.lv\/wp-content\/uploads\/2022\/03\/Att\u0101lin\u0101t\u0101s-Marts-gr-Bit\u012btte.docx\" target=\"_blank\" rel=\"noopener\"><strong>Att\u0101lin\u0101t\u0101s m\u0101c\u012bbas . Dz\u012bves cikls. Marts . gr. &#8220;Bit\u012bte&#8221;<\/strong><\/a><\/p>\n<p><a href=\"http:\/\/varaviksne.rezeknesip.lv\/wp-content\/uploads\/2022\/03\/Nenosaukts-pielikums-00041.pdf\" target=\"_blank\" rel=\"noopener\">Darba lapas. 1.ned\u0113\u013ca<\/a><\/p>\n<p><a href=\"http:\/\/varaviksne.rezeknesip.lv\/wp-content\/uploads\/2022\/03\/Nenosaukts-pielikums-00044.pdf\" target=\"_blank\" rel=\"noopener\">Darba lapas. 2.ned\u0113\u013ca.<\/a><\/p>\n<p><a href=\"http:\/\/varaviksne.rezeknesip.lv\/wp-content\/uploads\/2022\/03\/Nenosaukts-pielikums-00047.pdf\" target=\"_blank\" rel=\"noopener\">Darba lapas. 3.ned\u0113\u013ca.<\/a><\/p>\n<p><a href=\"http:\/\/varaviksne.rezeknesip.lv\/wp-content\/uploads\/2022\/03\/Nenosaukts-pielikums-00050.pdf\" target=\"_blank\" rel=\"noopener\">Darba lapas. 4.ned\u0113\u013ca.<\/a><\/p>\n<p><a href=\"http:\/\/varaviksne.rezeknesip.lv\/wp-content\/uploads\/2022\/03\/burti-\u0414-\u0411-\u0416-\u0415.docx\" target=\"_blank\" rel=\"noopener\">Burti \u0414 \u0411 \u0416 \u0415<\/a><\/p>\n<p>&nbsp;<\/p>\n<p>&nbsp;<\/p>\n","protected":false},"excerpt":{"rendered":"<p>Arh\u012bvs &#8211; Att\u0101lin\u0101t\u0101s m\u0101c\u012bbas 2019-2021 2021.\/2022. m\u0101c\u012bbu gads Septembris Att\u0101lin\u0101tais m\u0101c\u012bbu process 5. grup\u0101 M\u0101r\u012bte 20.09.21.-01.10.2021. 5. gr. M\u0101r\u012bte Darba lapas 20.09.21.-01.10.2021. Oktobris Att\u0101lin\u0101tais m\u0101c\u012bbu process 5.gr. ,,M\u0101r\u012bte&#8221; 01.10.21.-15.10.21. 5. gr. M\u0101r\u012bte Darba lapas 01.10.21.-15.10.21. Att\u0101lin\u0101tais m\u0101c\u012bbu process Es \u0113du vesel\u012bgi gr. &#8220;M\u0101r\u012bte&#8221; 18.10.-29.10.21. Pasaka Tobiass dodas pasaul\u0113 Darba lapas 18.- 29.10. 2021. &nbsp; Att\u0101lin\u0101tais [&hellip;]<\/p>\n","protected":false},"author":2,"featured_media":0,"parent":0,"menu_order":0,"comment_status":"closed","ping_status":"closed","template":"","meta":{"footnotes":""},"class_list":["post-19125","page","type-page","status-publish","hentry"],"_links":{"self":[{"href":"https:\/\/varaviksne.rezeknesip.lv\/index.php\/wp-json\/wp\/v2\/pages\/19125","targetHints":{"allow":["GET"]}}],"collection":[{"href":"https:\/\/varaviksne.rezeknesip.lv\/index.php\/wp-json\/wp\/v2\/pages"}],"about":[{"href":"https:\/\/varaviksne.rezeknesip.lv\/index.php\/wp-json\/wp\/v2\/types\/page"}],"author":[{"embeddable":true,"href":"https:\/\/varaviksne.rezeknesip.lv\/index.php\/wp-json\/wp\/v2\/users\/2"}],"replies":[{"embeddable":true,"href":"https:\/\/varaviksne.rezeknesip.lv\/index.php\/wp-json\/wp\/v2\/comments?post=19125"}],"version-history":[{"count":2,"href":"https:\/\/varaviksne.rezeknesip.lv\/index.php\/wp-json\/wp\/v2\/pages\/19125\/revisions"}],"predecessor-version":[{"id":19129,"href":"https:\/\/varaviksne.rezeknesip.lv\/index.php\/wp-json\/wp\/v2\/pages\/19125\/revisions\/19129"}],"wp:attachment":[{"href":"https:\/\/varaviksne.rezeknesip.lv\/index.php\/wp-json\/wp\/v2\/media?parent=19125"}],"curies":[{"name":"wp","href":"https:\/\/api.w.org\/{rel}","templated":true}]}}