{"id":20189,"date":"2025-11-10T12:32:55","date_gmt":"2025-11-10T09:32:55","guid":{"rendered":"http:\/\/varaviksne.rezeknesip.lv\/?page_id=20189"},"modified":"2025-11-10T15:29:23","modified_gmt":"2025-11-10T12:29:23","slug":"ka-atpazit-vardarbibu","status":"publish","type":"page","link":"https:\/\/varaviksne.rezeknesip.lv\/index.php\/ka-atpazit-vardarbibu\/","title":{"rendered":"K\u0101 atpaz\u012bt vardarb\u012bbu"},"content":{"rendered":"<p>&nbsp;<\/p>\n<p>&nbsp;<\/p>\n<p>&nbsp;<\/p>\n<p><img loading=\"lazy\" decoding=\"async\" class=\"aligncenter size-full wp-image-20196\" src=\"http:\/\/varaviksne.rezeknesip.lv\/wp-content\/uploads\/2025\/11\/Var1.jpg\" alt=\"\" width=\"1109\" height=\"747\" srcset=\"https:\/\/varaviksne.rezeknesip.lv\/wp-content\/uploads\/2025\/11\/Var1.jpg 1109w, https:\/\/varaviksne.rezeknesip.lv\/wp-content\/uploads\/2025\/11\/Var1-300x202.jpg 300w, https:\/\/varaviksne.rezeknesip.lv\/wp-content\/uploads\/2025\/11\/Var1-1024x690.jpg 1024w, https:\/\/varaviksne.rezeknesip.lv\/wp-content\/uploads\/2025\/11\/Var1-768x517.jpg 768w, https:\/\/varaviksne.rezeknesip.lv\/wp-content\/uploads\/2025\/11\/Var1-24x16.jpg 24w, https:\/\/varaviksne.rezeknesip.lv\/wp-content\/uploads\/2025\/11\/Var1-36x24.jpg 36w, https:\/\/varaviksne.rezeknesip.lv\/wp-content\/uploads\/2025\/11\/Var1-48x32.jpg 48w\" sizes=\"auto, (max-width: 1109px) 100vw, 1109px\" \/><\/p>\n<p>&nbsp;<\/p>\n<p><img loading=\"lazy\" decoding=\"async\" class=\"aligncenter size-full wp-image-20198\" src=\"http:\/\/varaviksne.rezeknesip.lv\/wp-content\/uploads\/2025\/11\/Var2.jpg\" alt=\"\" width=\"1133\" height=\"863\" srcset=\"https:\/\/varaviksne.rezeknesip.lv\/wp-content\/uploads\/2025\/11\/Var2.jpg 1133w, https:\/\/varaviksne.rezeknesip.lv\/wp-content\/uploads\/2025\/11\/Var2-300x229.jpg 300w, https:\/\/varaviksne.rezeknesip.lv\/wp-content\/uploads\/2025\/11\/Var2-1024x780.jpg 1024w, https:\/\/varaviksne.rezeknesip.lv\/wp-content\/uploads\/2025\/11\/Var2-768x585.jpg 768w, https:\/\/varaviksne.rezeknesip.lv\/wp-content\/uploads\/2025\/11\/Var2-24x18.jpg 24w, https:\/\/varaviksne.rezeknesip.lv\/wp-content\/uploads\/2025\/11\/Var2-36x27.jpg 36w, https:\/\/varaviksne.rezeknesip.lv\/wp-content\/uploads\/2025\/11\/Var2-48x37.jpg 48w\" sizes=\"auto, (max-width: 1133px) 100vw, 1133px\" \/><\/p>\n<p>&nbsp;<\/p>\n<p><img loading=\"lazy\" decoding=\"async\" class=\"aligncenter size-full wp-image-20193\" src=\"http:\/\/varaviksne.rezeknesip.lv\/wp-content\/uploads\/2025\/11\/548747922_1102904045313252_7151247632872683488_n1.jpg\" alt=\"\" width=\"940\" height=\"788\" srcset=\"https:\/\/varaviksne.rezeknesip.lv\/wp-content\/uploads\/2025\/11\/548747922_1102904045313252_7151247632872683488_n1.jpg 940w, https:\/\/varaviksne.rezeknesip.lv\/wp-content\/uploads\/2025\/11\/548747922_1102904045313252_7151247632872683488_n1-300x251.jpg 300w, https:\/\/varaviksne.rezeknesip.lv\/wp-content\/uploads\/2025\/11\/548747922_1102904045313252_7151247632872683488_n1-768x644.jpg 768w, https:\/\/varaviksne.rezeknesip.lv\/wp-content\/uploads\/2025\/11\/548747922_1102904045313252_7151247632872683488_n1-24x20.jpg 24w, https:\/\/varaviksne.rezeknesip.lv\/wp-content\/uploads\/2025\/11\/548747922_1102904045313252_7151247632872683488_n1-36x30.jpg 36w, https:\/\/varaviksne.rezeknesip.lv\/wp-content\/uploads\/2025\/11\/548747922_1102904045313252_7151247632872683488_n1-48x40.jpg 48w\" sizes=\"auto, (max-width: 940px) 100vw, 940px\" \/><\/p>\n","protected":false},"excerpt":{"rendered":"<p>&nbsp; &nbsp; &nbsp; &nbsp; &nbsp;<\/p>\n","protected":false},"author":2,"featured_media":0,"parent":0,"menu_order":0,"comment_status":"closed","ping_status":"closed","template":"","meta":{"footnotes":""},"class_list":["post-20189","page","type-page","status-publish","hentry"],"_links":{"self":[{"href":"https:\/\/varaviksne.rezeknesip.lv\/index.php\/wp-json\/wp\/v2\/pages\/20189","targetHints":{"allow":["GET"]}}],"collection":[{"href":"https:\/\/varaviksne.rezeknesip.lv\/index.php\/wp-json\/wp\/v2\/pages"}],"about":[{"href":"https:\/\/varaviksne.rezeknesip.lv\/index.php\/wp-json\/wp\/v2\/types\/page"}],"author":[{"embeddable":true,"href":"https:\/\/varaviksne.rezeknesip.lv\/index.php\/wp-json\/wp\/v2\/users\/2"}],"replies":[{"embeddable":true,"href":"https:\/\/varaviksne.rezeknesip.lv\/index.php\/wp-json\/wp\/v2\/comments?post=20189"}],"version-history":[{"count":6,"href":"https:\/\/varaviksne.rezeknesip.lv\/index.php\/wp-json\/wp\/v2\/pages\/20189\/revisions"}],"predecessor-version":[{"id":20200,"href":"https:\/\/varaviksne.rezeknesip.lv\/index.php\/wp-json\/wp\/v2\/pages\/20189\/revisions\/20200"}],"wp:attachment":[{"href":"https:\/\/varaviksne.rezeknesip.lv\/index.php\/wp-json\/wp\/v2\/media?parent=20189"}],"curies":[{"name":"wp","href":"https:\/\/api.w.org\/{rel}","templated":true}]}}