{"id":218,"date":"2018-11-12T14:52:17","date_gmt":"2018-11-12T14:52:17","guid":{"rendered":"http:\/\/varaviksne.rezeknesip.lv\/?page_id=218"},"modified":"2024-11-07T16:45:13","modified_gmt":"2024-11-07T13:45:13","slug":"vesture","status":"publish","type":"page","link":"https:\/\/varaviksne.rezeknesip.lv\/index.php\/par-mums\/vesture\/","title":{"rendered":"V\u0113sture"},"content":{"rendered":"<p>R\u0113zekn\u0113 1965.gad\u0101 august\u0101 atv\u0113ra savas durvis jauns b\u0113rnud\u0101rzs Nr.9.<br \/>\nTo savu darbinieku b\u0113rniem uzc\u0113la un ilgus gadus finans\u0113ja R\u0113zeknes pils\u0113tas Celtniec\u012bbas trests.<\/p>\n<div id='gallery-1' class='gallery galleryid-218 gallery-columns-3 gallery-size-medium'><figure class='gallery-item'>\n\t\t\t<div class='gallery-icon landscape'>\n\t\t\t\t<a href='https:\/\/varaviksne.rezeknesip.lv\/index.php\/par-mums\/vesture\/vesture1\/'><img loading=\"lazy\" decoding=\"async\" width=\"300\" height=\"169\" src=\"https:\/\/varaviksne.rezeknesip.lv\/wp-content\/uploads\/2018\/11\/vesture1-e1542034326299-300x169.jpg\" class=\"attachment-medium size-medium\" alt=\"\" srcset=\"https:\/\/varaviksne.rezeknesip.lv\/wp-content\/uploads\/2018\/11\/vesture1-e1542034326299-300x169.jpg 300w, https:\/\/varaviksne.rezeknesip.lv\/wp-content\/uploads\/2018\/11\/vesture1-e1542034326299-768x431.jpg 768w, https:\/\/varaviksne.rezeknesip.lv\/wp-content\/uploads\/2018\/11\/vesture1-e1542034326299-1024x575.jpg 1024w, https:\/\/varaviksne.rezeknesip.lv\/wp-content\/uploads\/2018\/11\/vesture1-e1542034326299-24x13.jpg 24w, https:\/\/varaviksne.rezeknesip.lv\/wp-content\/uploads\/2018\/11\/vesture1-e1542034326299-36x20.jpg 36w, https:\/\/varaviksne.rezeknesip.lv\/wp-content\/uploads\/2018\/11\/vesture1-e1542034326299-48x27.jpg 48w, https:\/\/varaviksne.rezeknesip.lv\/wp-content\/uploads\/2018\/11\/vesture1-e1542034326299.jpg 1159w\" sizes=\"auto, (max-width: 300px) 100vw, 300px\" \/><\/a>\n\t\t\t<\/div><\/figure>\n\t\t<\/div>\n\n<p>90.gadu s\u0101kum\u0101 b\u0113rnud\u0101rzs non\u0101ca pils\u0113tas domes Izgl\u012bt\u012bbas p\u0101rvaldes pak\u013caut\u012bb\u0101 un 9. B\/d k\u013cuva par Pirmsskolas izgl\u012bt\u012bbas iest\u0101di (PII) \u201cVarav\u012bksne\u201d.<\/p>\n<div id='gallery-2' class='gallery galleryid-218 gallery-columns-3 gallery-size-medium'><figure class='gallery-item'>\n\t\t\t<div class='gallery-icon landscape'>\n\t\t\t\t<a href='https:\/\/varaviksne.rezeknesip.lv\/index.php\/par-mums\/vesture\/vesture2\/'><img loading=\"lazy\" decoding=\"async\" width=\"300\" height=\"225\" src=\"https:\/\/varaviksne.rezeknesip.lv\/wp-content\/uploads\/2018\/11\/vesture2-300x225.jpg\" class=\"attachment-medium size-medium\" alt=\"\" srcset=\"https:\/\/varaviksne.rezeknesip.lv\/wp-content\/uploads\/2018\/11\/vesture2-300x225.jpg 300w, https:\/\/varaviksne.rezeknesip.lv\/wp-content\/uploads\/2018\/11\/vesture2-768x577.jpg 768w, https:\/\/varaviksne.rezeknesip.lv\/wp-content\/uploads\/2018\/11\/vesture2-1024x769.jpg 1024w, https:\/\/varaviksne.rezeknesip.lv\/wp-content\/uploads\/2018\/11\/vesture2-24x18.jpg 24w, https:\/\/varaviksne.rezeknesip.lv\/wp-content\/uploads\/2018\/11\/vesture2-36x27.jpg 36w, https:\/\/varaviksne.rezeknesip.lv\/wp-content\/uploads\/2018\/11\/vesture2-48x36.jpg 48w, https:\/\/varaviksne.rezeknesip.lv\/wp-content\/uploads\/2018\/11\/vesture2.jpg 1049w\" sizes=\"auto, (max-width: 300px) 100vw, 300px\" \/><\/a>\n\t\t\t<\/div><\/figure>\n\t\t<\/div>\n\n<h3>Ko noz\u012bme v\u0101rds \u201cVarav\u012bksne\u201d?!<\/h3>\n<p>Varav\u012bksnes loks p\u0101ri debesjumam ir viens no kr\u0101\u0161\u0146\u0101kajiem dabas skatiem. Varav\u012bksne ir optiska par\u0101d\u012bba atmosf\u0113r\u0101, kuru rada Saules staru lau\u0161ana un atstaro\u0161ana kr\u012bto\u0161os lietus pilienos. T\u0101 par\u0101d\u0101s iepretim Saulei uz m\u0101ko\u0146u fona, kad l\u012bst.<\/p>\n<h3>Etimolo\u0123ija<\/h3>\n<p>Saliktenis no latvie\u0161u valodas v\u0101rdiem var\u0161 un v\u012bksna.<\/p>\n<p><strong>Var\u0161<\/strong> -\u0136\u012bmiskais elements, viegli apstr\u0101d\u0101jams, m\u012bksts, smags met\u0101ls iesarkan\u0101 kr\u0101s\u0101.<br \/>\n<strong>V\u012bksna<\/strong> \u2013 V\u012bksnu dzimtas koks, Goba. Koks ieguvis savu nosaukumu sakar\u0101 ar labi lok\u0101mo koksni, kas sen\u0101k lietota rite\u0146iem, zirgu lokiem un citiem liektiem priek\u0161metiem. (Latvie\u0161u etimolo\u0123ijas v\u0101rdn\u012bca, II, Avots, 1992.)<\/p>\n<p>Pirmsskolas iest\u0101dei \u201eVarav\u012bksne\u201d 2012. gad\u0101 ir pie\u0161\u0137irts starptautiskais Ekoskolas sertifik\u0101ts un iest\u0101de par sasniegumiem ilgtsp\u0113j\u012bgas att\u012bst\u012bbas, vides izgl\u012bt\u012bbas un vides aizsardz\u012bbas veicin\u0101\u0161anu izgl\u012bt\u012bbas iest\u0101d\u0113 un t\u0101s apk\u0101rtn\u0113, apbalvota 2013.gad\u0101 ar Ekoskolu visaukst\u0101ko balvu \u2013 Za\u013co karogu.<\/p>\n<p>Ekoskolu programma ir starptautiska kust\u012bba, kas aizs\u0101k\u0101s 1994. gad\u0101 k\u0101 atbilde uz 1992. gad\u0101 Riode\u017eaneiro notiku\u0161\u0101s ANO konferences \u201eVide un Att\u012bst\u012bba\u201d apzin\u0101taj\u0101m vajadz\u012bb\u0101m. Programmu izstr\u0101d\u0101ja Vides izgl\u012bt\u012bbas fonds (Foundation for Environmental Education) ar Eiropas Komisijas atbalstu, s\u0101kotn\u0113ji iesaistot \u010detras valstis: D\u0101niju, V\u0101ciju, Grie\u0137iju un Apvienoto Karalisti. Programma ir viens no visaptvero\u0161\u0101kajiem un popul\u0101r\u0101kajiem vides izgl\u012bt\u012bbas mode\u013ciem pasaul\u0113. T\u0101 veicina izpratni par vidi, saistot to ar m\u0101c\u012bbu priek\u0161metiem, veido attieksmi un v\u0113rt\u012bbas, interesi par vidi, proces\u0101 iek\u013caujot ne tikai skolas dz\u012bv\u0113 iesaist\u012btos, bet ar\u012b apk\u0101rt\u0113jo sabiedr\u012bbu, t\u0101 stiprinot kop\u0113jo vides apzi\u0146as att\u012bst\u012bbu. Pa\u0161laik Ekoskolu programm\u0101 ir iesaist\u012btas vair\u0101k k\u0101 40 000 skolas vis\u0101 pasaul\u0113.<\/p>\n<p>T\u0101 m\u0113s darbojamies Ekoskolu programm\u0101 l\u012bdz 2018.gadam. Tagad m\u0113s neesam Ekoskola da\u017e\u0101du iemeslu d\u0113\u013c (viens no iz\u0161\u0137irojo\u0161iem bija ikgad\u0113ja dal\u012bbas maksa), bet turpin\u0101m sekm\u0113t ekolo\u0123isku audzin\u0101\u0161anu un br\u012bvdabas pedago\u0123ijas pamatprincipu izmanto\u0161anu apm\u0101c\u012bbu proces\u0101.<\/p>\n<p><strong>Br\u012bvdabas pedago\u0123ijas Moto<\/strong> \u2013 atrasties dab\u0101 p\u0113c iesp\u0113jas vair\u0101k jebkuros laika apst\u0101k\u013cos.<\/p>\n<p><strong>Filozofija<\/strong> \u2013 mums visiem vajadz\u012bgs kontakts ar m\u016bsu s\u0101kumu jeb izcelsmi \u2013 dabu, lai var\u0113tu pie\u0146emt ar izpratni l\u0113mumus kopt, saglab\u0101t un aizsarg\u0101t dabu. Lai m\u0113s dz\u012bvotu mums vajadz\u012bga t\u012bra zeme, t\u012brs \u016bdens, t\u012brs gaiss.<\/p>\n<p>2015.gad\u0101 iest\u0101de atz\u012bm\u0113ja 50 gadu jubileju. Sv\u0113tku pas\u0101kumu apmekl\u0113ja R\u0113zeknes pils\u0113tas m\u0113rs Aleksandrs Barta\u0161evi\u010ds, Saimas deput\u0101ts Ivans Ribakovs, domes deput\u0101ti Aleksandrs Stec, Aleksandrs Iri\u0161ins un Lidija Ostapceva, Izgl\u012bt\u012bbas p\u0101rvaldes pirmsskolas speci\u0101liste Nat\u0101lija An\u010dup\u0101ne un metodi\u0137e Tatjana Tokareva, iest\u0101des veter\u0101ni un absolventi.<\/p>\n<p>Rindi\u0146as no audz\u0113k\u0146u vec\u0101ku v\u0113l\u0113jumiem PII jubilej\u0101:<br \/>\n\u201cLai nemain\u0101s trad\u012bcijas un saglab\u0101jas v\u0113rt\u012bbas!\u201d, \u201cLai piepild\u0101s diena ar smaidiem, kas gai\u0161i k\u0101 saulstari mirdz!\u201d, \u201cSirsn\u012bgi nov\u0113lam, lai b\u0113rnud\u0101rz\u0101 vienm\u0113r vald\u012btu jautra, smaidu un zin\u0101\u0161anu pilna gaisotne!\u201d<\/p>\n<p>No N.An\u010dup\u0101nes apsveikuma: \u201cLai izdodas izl\u012bdzsvarot pras\u012bgumu un iej\u016bt\u012bbu, m\u0113r\u0137tiec\u012bbu un iedzi\u013cin\u0101\u0161anos, cie\u0146u pret citiem un cie\u0146u pret sevi. Nov\u0113lam rast laiku par\u016bp\u0113ties par savu emocion\u0101lo un fizisko labsaj\u016btu, lai var\u0113tu sniegt tik nepiecie\u0161amo atbalstu b\u0113rniem!\u201d<\/p>\n<p>Gadu gait\u0101 b\u0113rnud\u0101rz\u0101 \u201eVarav\u012bksne\u201d ir saglab\u0101jusies nemain\u012bga v\u0113rt\u012bba \u2013 b\u016bt kop\u0101, gan sv\u0113tkos, gan ikdien\u0101, vieglos un gr\u016btos darbos \u2013 esam visi kop\u0101, gan iest\u0101des darbinieki, gan audz\u0113k\u0146i, gan vi\u0146u \u0123imenes!<\/p>\n","protected":false},"excerpt":{"rendered":"<p>R\u0113zekn\u0113 1965.gad\u0101 august\u0101 atv\u0113ra savas durvis jauns b\u0113rnud\u0101rzs Nr.9. To savu darbinieku b\u0113rniem uzc\u0113la un ilgus gadus finans\u0113ja R\u0113zeknes pils\u0113tas Celtniec\u012bbas trests. 90.gadu s\u0101kum\u0101 b\u0113rnud\u0101rzs non\u0101ca pils\u0113tas domes Izgl\u012bt\u012bbas p\u0101rvaldes pak\u013caut\u012bb\u0101 un 9. B\/d k\u013cuva par Pirmsskolas izgl\u012bt\u012bbas iest\u0101di (PII) \u201cVarav\u012bksne\u201d. Ko noz\u012bme v\u0101rds \u201cVarav\u012bksne\u201d?! Varav\u012bksnes loks p\u0101ri debesjumam ir viens no kr\u0101\u0161\u0146\u0101kajiem dabas skatiem. [&hellip;]<\/p>\n","protected":false},"author":1,"featured_media":0,"parent":241,"menu_order":0,"comment_status":"closed","ping_status":"closed","template":"","meta":{"footnotes":""},"class_list":["post-218","page","type-page","status-publish","hentry"],"_links":{"self":[{"href":"https:\/\/varaviksne.rezeknesip.lv\/index.php\/wp-json\/wp\/v2\/pages\/218","targetHints":{"allow":["GET"]}}],"collection":[{"href":"https:\/\/varaviksne.rezeknesip.lv\/index.php\/wp-json\/wp\/v2\/pages"}],"about":[{"href":"https:\/\/varaviksne.rezeknesip.lv\/index.php\/wp-json\/wp\/v2\/types\/page"}],"author":[{"embeddable":true,"href":"https:\/\/varaviksne.rezeknesip.lv\/index.php\/wp-json\/wp\/v2\/users\/1"}],"replies":[{"embeddable":true,"href":"https:\/\/varaviksne.rezeknesip.lv\/index.php\/wp-json\/wp\/v2\/comments?post=218"}],"version-history":[{"count":8,"href":"https:\/\/varaviksne.rezeknesip.lv\/index.php\/wp-json\/wp\/v2\/pages\/218\/revisions"}],"predecessor-version":[{"id":16402,"href":"https:\/\/varaviksne.rezeknesip.lv\/index.php\/wp-json\/wp\/v2\/pages\/218\/revisions\/16402"}],"up":[{"embeddable":true,"href":"https:\/\/varaviksne.rezeknesip.lv\/index.php\/wp-json\/wp\/v2\/pages\/241"}],"wp:attachment":[{"href":"https:\/\/varaviksne.rezeknesip.lv\/index.php\/wp-json\/wp\/v2\/media?parent=218"}],"curies":[{"name":"wp","href":"https:\/\/api.w.org\/{rel}","templated":true}]}}