{"id":234,"date":"2018-11-13T08:49:51","date_gmt":"2018-11-13T08:49:51","guid":{"rendered":"http:\/\/varaviksne.rezeknesip.lv\/?page_id=234"},"modified":"2025-10-24T12:25:58","modified_gmt":"2025-10-24T09:25:58","slug":"pasnovertejums","status":"publish","type":"page","link":"https:\/\/varaviksne.rezeknesip.lv\/index.php\/par-mums\/pasnovertejums\/","title":{"rendered":"Pa\u0161nov\u0113rt\u0113juma zi\u0146ojums"},"content":{"rendered":"<p><a href=\"http:\/\/varaviksne.rezeknesip.lv\/wp-content\/uploads\/2020\/08\/pa\u0161nov\u0113rt\u0113jums2019.pdf\" target=\"_blank\" rel=\"noopener\">Pa\u0161nov\u0113rt\u0113juma zi\u0146ojums 2019.gads<\/a><\/p>\r\n<p>&nbsp;<\/p>\r\n<p><a href=\"http:\/\/varaviksne.rezeknesip.lv\/wp-content\/uploads\/2021\/10\/pa\u0161nov\u0113rt\u0113jums2020-_Varav\u012bksne.pdf\" target=\"_blank\" rel=\"noopener\">Pa\u0161nov\u0113rt\u0113juma zi\u0146ojums 2020.gads<\/a><\/p>\r\n<p>&nbsp;<\/p>\r\n<p><a href=\"http:\/\/varaviksne.rezeknesip.lv\/wp-content\/uploads\/2021\/11\/Pa\u0161nov\u0113rt\u0113juma-zi\u0146ojums-2021.gads-publiskojam\u0101-da\u013ca.pdf\" target=\"_blank\" rel=\"noopener\">Pa\u0161nov\u0113rt\u0113juma zi\u0146ojums 2021.gad <\/a><\/p>\r\n<p>&nbsp;<\/p>\r\n\r\n<div class=\"wp-block-file\"><a id=\"wp-block-file--media-79af688f-0ac8-42af-a008-51f586a0095f\" href=\"http:\/\/varaviksne.rezeknesip.lv\/wp-content\/uploads\/2022\/10\/Rezeknes-pilsetas-pirmsskolas-izglitibas-iestades-Varaviksne-pasnovertejuma-zinojums-par-2021.2022.m.g.-publ.dala_.docx\" target=\"_blank\" rel=\"noreferrer noopener\">Pa\u0161nov\u0113rt\u0113juma zi\u0146ojums 2022.gads<\/a><\/div>\r\n\r\n\r\n\r\n<p>&nbsp;<\/p>\r\n\r\n\r\n\r\n<div class=\"wp-block-file\"><a id=\"wp-block-file--media-45b5f8d4-7976-46e1-9901-0edab5e97742\" href=\"http:\/\/varaviksne.rezeknesip.lv\/index.php\/par-mums\/pasnovertejums\/pasnovertejuma-zinojums_2023-2\/\" target=\"_blank\" rel=\"noreferrer noopener\">Pa\u0161nov\u0113rt\u0113juma zi\u0146ojums_2023.gads<\/a><\/div>\r\n\r\n\r\n\r\n<p>&nbsp;<\/p>\r\n<p><a href=\"http:\/\/varaviksne.rezeknesip.lv\/wp-content\/uploads\/2024\/10\/Varaviksne-pasnovertejuma-zinojums-par-2023.2024.m.g_.pdf\" target=\"_blank\" rel=\"noopener\">Pa\u0161nov\u0113rt\u0113juma zi\u0146ojums 2024.gads_<\/a><\/p>\r\n\r\n\r\n\r\n<p><a href=\"http:\/\/varaviksne.rezeknesip.lv\/wp-content\/uploads\/2025\/10\/PII-Varaviksne-pasnovertejuma-zinojums-par-2024.2025.m.g.pdf\" target=\"_blank\" rel=\"noopener\">Pa\u0161nov\u0113rt\u0113juma zi\u0146ojums 2025. gads<\/a><\/p>\r\n\r\n\r\n\r\n<p>&nbsp;<\/p>\r\n","protected":false},"excerpt":{"rendered":"<p>Pa\u0161nov\u0113rt\u0113juma zi\u0146ojums 2019.gads &nbsp; Pa\u0161nov\u0113rt\u0113juma zi\u0146ojums 2020.gads &nbsp; Pa\u0161nov\u0113rt\u0113juma zi\u0146ojums 2021.gad &nbsp; &nbsp; &nbsp; Pa\u0161nov\u0113rt\u0113juma zi\u0146ojums 2024.gads_ Pa\u0161nov\u0113rt\u0113juma zi\u0146ojums 2025. gads &nbsp;<\/p>\n","protected":false},"author":1,"featured_media":0,"parent":241,"menu_order":0,"comment_status":"closed","ping_status":"closed","template":"","meta":{"footnotes":""},"class_list":["post-234","page","type-page","status-publish","hentry"],"_links":{"self":[{"href":"https:\/\/varaviksne.rezeknesip.lv\/index.php\/wp-json\/wp\/v2\/pages\/234","targetHints":{"allow":["GET"]}}],"collection":[{"href":"https:\/\/varaviksne.rezeknesip.lv\/index.php\/wp-json\/wp\/v2\/pages"}],"about":[{"href":"https:\/\/varaviksne.rezeknesip.lv\/index.php\/wp-json\/wp\/v2\/types\/page"}],"author":[{"embeddable":true,"href":"https:\/\/varaviksne.rezeknesip.lv\/index.php\/wp-json\/wp\/v2\/users\/1"}],"replies":[{"embeddable":true,"href":"https:\/\/varaviksne.rezeknesip.lv\/index.php\/wp-json\/wp\/v2\/comments?post=234"}],"version-history":[{"count":21,"href":"https:\/\/varaviksne.rezeknesip.lv\/index.php\/wp-json\/wp\/v2\/pages\/234\/revisions"}],"predecessor-version":[{"id":20128,"href":"https:\/\/varaviksne.rezeknesip.lv\/index.php\/wp-json\/wp\/v2\/pages\/234\/revisions\/20128"}],"up":[{"embeddable":true,"href":"https:\/\/varaviksne.rezeknesip.lv\/index.php\/wp-json\/wp\/v2\/pages\/241"}],"wp:attachment":[{"href":"https:\/\/varaviksne.rezeknesip.lv\/index.php\/wp-json\/wp\/v2\/media?parent=234"}],"curies":[{"name":"wp","href":"https:\/\/api.w.org\/{rel}","templated":true}]}}