{"id":244,"date":"2018-11-13T08:54:29","date_gmt":"2018-11-13T08:54:29","guid":{"rendered":"http:\/\/varaviksne.rezeknesip.lv\/?page_id=244"},"modified":"2025-01-10T16:39:12","modified_gmt":"2025-01-10T13:39:12","slug":"uznemsana","status":"publish","type":"page","link":"https:\/\/varaviksne.rezeknesip.lv\/index.php\/vecakiem\/uznemsana\/","title":{"rendered":"Uz\u0146em\u0161ana"},"content":{"rendered":"<p>&nbsp;<\/p>\n<p><a href=\"https:\/\/likumi.lv\/ta\/id\/290895-par-pirmsskolas-vecuma-bernu-registracijas-uznemsanas-un-atskaitisanas-kartibu-rezeknes-pilsetas-pirmsskolas-izglitibas\" target=\"_blank\" rel=\"noopener\">Par pirmsskolas vecuma b\u0113rnu re\u0123istr\u0101cijas, uz\u0146em\u0161anas un atskait\u012b\u0161anas k\u0101rt\u012bbu R\u0113zeknes pils\u0113tas pirmsskolas izgl\u012bt\u012bbas iest\u0101d\u0113s<\/a><\/p>\n<p>&nbsp;<\/p>\n<p><a href=\"http:\/\/varaviksne.rezeknesip.lv\/wp-content\/uploads\/2019\/10\/Iesniegums-b\u0113rna-uz\u0146em\u0161anai.docx\">Iesniegums b\u0113rna uz\u0146em\u0161anai<\/a><\/p>\n<p><img loading=\"lazy\" decoding=\"async\" class=\"aligncenter size-full wp-image-17151\" src=\"http:\/\/varaviksne.rezeknesip.lv\/wp-content\/uploads\/2025\/01\/ricibas_algoritms_2024_v5-01.png\" alt=\"\" width=\"1527\" height=\"1080\" srcset=\"https:\/\/varaviksne.rezeknesip.lv\/wp-content\/uploads\/2025\/01\/ricibas_algoritms_2024_v5-01.png 1527w, https:\/\/varaviksne.rezeknesip.lv\/wp-content\/uploads\/2025\/01\/ricibas_algoritms_2024_v5-01-300x212.png 300w, https:\/\/varaviksne.rezeknesip.lv\/wp-content\/uploads\/2025\/01\/ricibas_algoritms_2024_v5-01-1024x724.png 1024w, https:\/\/varaviksne.rezeknesip.lv\/wp-content\/uploads\/2025\/01\/ricibas_algoritms_2024_v5-01-768x543.png 768w, https:\/\/varaviksne.rezeknesip.lv\/wp-content\/uploads\/2025\/01\/ricibas_algoritms_2024_v5-01-24x17.png 24w, https:\/\/varaviksne.rezeknesip.lv\/wp-content\/uploads\/2025\/01\/ricibas_algoritms_2024_v5-01-36x25.png 36w, https:\/\/varaviksne.rezeknesip.lv\/wp-content\/uploads\/2025\/01\/ricibas_algoritms_2024_v5-01-48x34.png 48w\" sizes=\"auto, (max-width: 1527px) 100vw, 1527px\" \/><\/p>\n","protected":false},"excerpt":{"rendered":"<p>&nbsp; Par pirmsskolas vecuma b\u0113rnu re\u0123istr\u0101cijas, uz\u0146em\u0161anas un atskait\u012b\u0161anas k\u0101rt\u012bbu R\u0113zeknes pils\u0113tas pirmsskolas izgl\u012bt\u012bbas iest\u0101d\u0113s &nbsp; Iesniegums b\u0113rna uz\u0146em\u0161anai<\/p>\n","protected":false},"author":1,"featured_media":0,"parent":30,"menu_order":0,"comment_status":"closed","ping_status":"closed","template":"","meta":{"footnotes":""},"class_list":["post-244","page","type-page","status-publish","hentry"],"_links":{"self":[{"href":"https:\/\/varaviksne.rezeknesip.lv\/index.php\/wp-json\/wp\/v2\/pages\/244","targetHints":{"allow":["GET"]}}],"collection":[{"href":"https:\/\/varaviksne.rezeknesip.lv\/index.php\/wp-json\/wp\/v2\/pages"}],"about":[{"href":"https:\/\/varaviksne.rezeknesip.lv\/index.php\/wp-json\/wp\/v2\/types\/page"}],"author":[{"embeddable":true,"href":"https:\/\/varaviksne.rezeknesip.lv\/index.php\/wp-json\/wp\/v2\/users\/1"}],"replies":[{"embeddable":true,"href":"https:\/\/varaviksne.rezeknesip.lv\/index.php\/wp-json\/wp\/v2\/comments?post=244"}],"version-history":[{"count":12,"href":"https:\/\/varaviksne.rezeknesip.lv\/index.php\/wp-json\/wp\/v2\/pages\/244\/revisions"}],"predecessor-version":[{"id":17152,"href":"https:\/\/varaviksne.rezeknesip.lv\/index.php\/wp-json\/wp\/v2\/pages\/244\/revisions\/17152"}],"up":[{"embeddable":true,"href":"https:\/\/varaviksne.rezeknesip.lv\/index.php\/wp-json\/wp\/v2\/pages\/30"}],"wp:attachment":[{"href":"https:\/\/varaviksne.rezeknesip.lv\/index.php\/wp-json\/wp\/v2\/media?parent=244"}],"curies":[{"name":"wp","href":"https:\/\/api.w.org\/{rel}","templated":true}]}}