{"id":246,"date":"2018-11-13T08:55:19","date_gmt":"2018-11-13T08:55:19","guid":{"rendered":"http:\/\/varaviksne.rezeknesip.lv\/?page_id=246"},"modified":"2026-04-15T08:43:46","modified_gmt":"2026-04-15T05:43:46","slug":"edinasana","status":"publish","type":"page","link":"https:\/\/varaviksne.rezeknesip.lv\/index.php\/vecakiem\/edinasana\/","title":{"rendered":"\u0112din\u0101\u0161ana"},"content":{"rendered":"<p>&nbsp;<\/p>\r\n\r\n<h3><strong>\u00a0R\u0113zeknes valstspils\u0113tas pa\u0161vald\u012bbas soci\u0101l\u0101s pal\u012bdz\u012bbas pabalsti:\u00a0\u00a0<\/strong><\/h3>\r\n<p><strong><span style=\"color: #ff0000;\"><a style=\"color: #ff0000;\" href=\"https:\/\/www.sdrezekne.lv\/socialas-palidzibas-pabalsti\" target=\"_blank\" rel=\"noopener\">https:\/\/www.sdrezekne.lv\/socialas-palidzibas-pabalsti<\/a><\/span><\/strong><strong>\u00a0<\/strong><strong>\u00a0<\/strong>\u00a0\u00a0\u00a0 \u00a0 \u00a0\u00a0\u00a0<\/p>\r\n\r\n\r\n\r\n\r\n\r\n<p style=\"text-align: center;\">\u00a0<\/p>\r\n<p><img loading=\"lazy\" decoding=\"async\" class=\"aligncenter wp-image-21918 size-full\" src=\"http:\/\/varaviksne.rezeknesip.lv\/wp-content\/uploads\/2026\/04\/2.png\" alt=\"\" width=\"1458\" height=\"886\" srcset=\"https:\/\/varaviksne.rezeknesip.lv\/wp-content\/uploads\/2026\/04\/2.png 1458w, https:\/\/varaviksne.rezeknesip.lv\/wp-content\/uploads\/2026\/04\/2-300x182.png 300w, https:\/\/varaviksne.rezeknesip.lv\/wp-content\/uploads\/2026\/04\/2-1024x622.png 1024w, https:\/\/varaviksne.rezeknesip.lv\/wp-content\/uploads\/2026\/04\/2-768x467.png 768w, https:\/\/varaviksne.rezeknesip.lv\/wp-content\/uploads\/2026\/04\/2-24x15.png 24w, https:\/\/varaviksne.rezeknesip.lv\/wp-content\/uploads\/2026\/04\/2-36x22.png 36w, https:\/\/varaviksne.rezeknesip.lv\/wp-content\/uploads\/2026\/04\/2-48x29.png 48w\" sizes=\"auto, (max-width: 1458px) 100vw, 1458px\" \/><\/p>\r\n<p>&nbsp;<\/p>\r\n<p style=\"text-align: center;\">\u00a0<\/p>\r\n<p style=\"text-align: center;\"><img loading=\"lazy\" decoding=\"async\" class=\"alignnone wp-image-22047 size-full\" src=\"http:\/\/varaviksne.rezeknesip.lv\/wp-content\/uploads\/2026\/04\/0.png\" alt=\"\" width=\"1456\" height=\"910\" srcset=\"https:\/\/varaviksne.rezeknesip.lv\/wp-content\/uploads\/2026\/04\/0.png 1456w, https:\/\/varaviksne.rezeknesip.lv\/wp-content\/uploads\/2026\/04\/0-300x188.png 300w, https:\/\/varaviksne.rezeknesip.lv\/wp-content\/uploads\/2026\/04\/0-1024x640.png 1024w, https:\/\/varaviksne.rezeknesip.lv\/wp-content\/uploads\/2026\/04\/0-768x480.png 768w, https:\/\/varaviksne.rezeknesip.lv\/wp-content\/uploads\/2026\/04\/0-24x15.png 24w, https:\/\/varaviksne.rezeknesip.lv\/wp-content\/uploads\/2026\/04\/0-36x23.png 36w, https:\/\/varaviksne.rezeknesip.lv\/wp-content\/uploads\/2026\/04\/0-48x30.png 48w\" sizes=\"auto, (max-width: 1456px) 100vw, 1456px\" \/><\/p>\r\n<p>&nbsp;<\/p>\r\n<p style=\"text-align: center;\">\u00a0<\/p>\r\n<p>&nbsp;<\/p>\r\n<p style=\"text-align: center;\">\u00a0<\/p>\r\n<p style=\"text-align: center;\">\u00a0<\/p>\r\n<p>&nbsp;<\/p>\r\n<p style=\"text-align: center;\">\u00a0<\/p>\r\n<p style=\"text-align: center;\">\u00a0<\/p>\r\n<p>&nbsp;<\/p>\r\n<p>&nbsp;<\/p>\r\n<p style=\"text-align: center;\">\u00a0<\/p>\r\n<p>&nbsp;<\/p>\r\n<p>&nbsp;<\/p>\r\n<p style=\"text-align: center;\">\u00a0<\/p>\r\n<p>&nbsp;<\/p>\r\n<p>&nbsp;<\/p>\r\n<p>&nbsp;<\/p>\r\n<p>&nbsp;<\/p>\r\n<p>&nbsp;<\/p>\r\n<p style=\"text-align: center;\">\u00a0<\/p>\r\n<p>&nbsp;<\/p>\r\n<p>&nbsp;<\/p>\r\n<p>&nbsp;<\/p>\r\n<p>&nbsp;<\/p>\r\n<p>&nbsp;<\/p>\r\n<p>&nbsp;<\/p>\r\n<p>&nbsp;<\/p>\r\n","protected":false},"excerpt":{"rendered":"<p>&nbsp; \u00a0R\u0113zeknes valstspils\u0113tas pa\u0161vald\u012bbas soci\u0101l\u0101s pal\u012bdz\u012bbas pabalsti:\u00a0\u00a0 https:\/\/www.sdrezekne.lv\/socialas-palidzibas-pabalsti\u00a0\u00a0\u00a0\u00a0\u00a0 \u00a0 \u00a0\u00a0\u00a0 \u00a0 &nbsp; \u00a0 &nbsp; \u00a0 &nbsp; \u00a0 \u00a0 &nbsp; \u00a0 \u00a0 &nbsp; &nbsp; \u00a0 &nbsp; &nbsp; \u00a0 &nbsp; &nbsp; &nbsp; &nbsp; &nbsp; \u00a0 &nbsp; &nbsp; &nbsp; &nbsp; &nbsp; &nbsp; &nbsp;<\/p>\n","protected":false},"author":1,"featured_media":0,"parent":30,"menu_order":0,"comment_status":"closed","ping_status":"closed","template":"","meta":{"footnotes":""},"class_list":["post-246","page","type-page","status-publish","hentry"],"_links":{"self":[{"href":"https:\/\/varaviksne.rezeknesip.lv\/index.php\/wp-json\/wp\/v2\/pages\/246","targetHints":{"allow":["GET"]}}],"collection":[{"href":"https:\/\/varaviksne.rezeknesip.lv\/index.php\/wp-json\/wp\/v2\/pages"}],"about":[{"href":"https:\/\/varaviksne.rezeknesip.lv\/index.php\/wp-json\/wp\/v2\/types\/page"}],"author":[{"embeddable":true,"href":"https:\/\/varaviksne.rezeknesip.lv\/index.php\/wp-json\/wp\/v2\/users\/1"}],"replies":[{"embeddable":true,"href":"https:\/\/varaviksne.rezeknesip.lv\/index.php\/wp-json\/wp\/v2\/comments?post=246"}],"version-history":[{"count":585,"href":"https:\/\/varaviksne.rezeknesip.lv\/index.php\/wp-json\/wp\/v2\/pages\/246\/revisions"}],"predecessor-version":[{"id":21380,"href":"https:\/\/varaviksne.rezeknesip.lv\/index.php\/wp-json\/wp\/v2\/pages\/246\/revisions\/21380"}],"up":[{"embeddable":true,"href":"https:\/\/varaviksne.rezeknesip.lv\/index.php\/wp-json\/wp\/v2\/pages\/30"}],"wp:attachment":[{"href":"https:\/\/varaviksne.rezeknesip.lv\/index.php\/wp-json\/wp\/v2\/media?parent=246"}],"curies":[{"name":"wp","href":"https:\/\/api.w.org\/{rel}","templated":true}]}}