{"id":250,"date":"2018-11-13T08:56:35","date_gmt":"2018-11-13T08:56:35","guid":{"rendered":"http:\/\/varaviksne.rezeknesip.lv\/?page_id=250"},"modified":"2025-12-03T13:03:54","modified_gmt":"2025-12-03T10:03:54","slug":"pasaka","status":"publish","type":"page","link":"https:\/\/varaviksne.rezeknesip.lv\/index.php\/grupas\/pasaka\/","title":{"rendered":"Pasaka"},"content":{"rendered":"<p style=\"text-align: left;\">\u00a0\u00a0<strong>1.jaun\u0101k\u0101 grupa ,,Pasaka\u201d<\/strong> <strong>\u00a0<\/strong><\/p>\n<p style=\"text-align: center;\"><strong>(b\u0113rni\u00a0 2.5-3g.)<\/strong><\/p>\n<p><strong>\u00a0<\/strong>Grup\u0101 str\u0101d\u0101 pirmsskolas izgl\u012bt\u012bbas skolot\u0101jas:<\/p>\n<p><strong>Krist\u012bne Piskunova, L\u012bga Novika<\/strong><\/p>\n<p>Skolot\u0101ja pal\u012bgs <strong>Inga Si\u0146icina<\/strong><\/p>\n<p><strong>\u00a0<\/strong><strong>\u00a0<\/strong><strong>Grupas moto &#8211; ,,B\u0113rni ir pu\u0137es Dieva pasaules d\u0101rzos, kas uz laiku ir uztic\u0113ti m\u016bsu m\u012blest\u012bbai\u2026\u201d.<\/strong><\/p>\n<p><strong>\u00a0 \u00a0 \u00a0 \u00a0 \u00a0 \u00a0 \u00a0 \u00a0 \u00a0 \u00a0 \u00a0 \u00a0 \u00a0 \u00a0 \u00a0 \u00a0 \u00a0 \u00a0 \u00a0 \u00a0 \u00a0 \u00a0 \u00a0 \u00a0 \u00a0 \u00a0 \u00a0 \u00a0 \u00a0 \u00a0 \u00a0 \u00a0 \u00a0 \u00a0 \u00a0 \u00a0 \u00a0 \u00a0 \u00a0 \u00a0 \u00a0 \u00a0 \u00a0 \u00a0 \u00a0 \u00a0 \u00a0 \u00a0 \u00a0 \u00a0 \u00a0 \u00a0 \u00a0 \u00a0 \u00a0 \u00a0 \u00a0 \u00a0 \u00a0 \u00a0 \u00a0 \u00a0 \u00a0 \u00a0 \u00a0 \u00a0 \u00a0 \u00a0 \u00a0 \u00a0(Z. Mauri\u0146a).<\/strong><\/p>\n<p><strong><em>Varav\u012bksne ko\u0161\u0101s kr\u0101s\u0101s<\/em><\/strong><strong><em><br \/>\n\u0160odien katr\u0101 sird\u012b m\u012bt,<br \/>\nJo pie mums Tu atn\u0101kusi esi<br \/>\nMaz\u0101 dv\u0113sel\u012bt!<\/em><\/strong><\/p>\n<p><strong><em>\u00a0K\u0101 balta pu\u0137e b\u0113rns ir uzzied\u0113jis,<\/em><\/strong><strong><em><br \/>\nLai k\u0101dreiz dz\u012bv\u0113 sp\u0113tu t\u0101lu iet.<br \/>\n<\/em><\/strong><strong><em>No nedien\u0101m, no salt\u0101 dz\u012bves v\u0113ja<\/em><\/strong><strong><em><br \/>\n\u0160o mazo dv\u0113sel\u012bti sarg\u0101jiet!<\/em><\/strong><\/p>\n<p><strong><em>\u00a0<\/em><\/strong><strong>\u00a0 \u00a0<img loading=\"lazy\" decoding=\"async\" class=\"alignnone size-medium wp-image-457 aligncenter\" src=\"http:\/\/varaviksne.rezeknesip.lv\/wp-content\/uploads\/2019\/10\/olga1-261x300.jpg\" alt=\"\" width=\"261\" height=\"300\" srcset=\"https:\/\/varaviksne.rezeknesip.lv\/wp-content\/uploads\/2019\/10\/olga1-261x300.jpg 261w, https:\/\/varaviksne.rezeknesip.lv\/wp-content\/uploads\/2019\/10\/olga1-21x24.jpg 21w, https:\/\/varaviksne.rezeknesip.lv\/wp-content\/uploads\/2019\/10\/olga1-31x36.jpg 31w, https:\/\/varaviksne.rezeknesip.lv\/wp-content\/uploads\/2019\/10\/olga1-42x48.jpg 42w, https:\/\/varaviksne.rezeknesip.lv\/wp-content\/uploads\/2019\/10\/olga1.jpg 454w\" sizes=\"auto, (max-width: 261px) 100vw, 261px\" \/><\/strong><\/p>\n<p><strong>M\u0101c\u012bbu jomas vienai ned\u0113\u013cai:<br \/>\n<\/strong><\/p>\n<ol>\n<li><em>Valodu m\u0101c\u012bbu joma<\/em><\/li>\n<li>Soci\u0101l\u0101 un pilsonisk\u0101 m\u0101c\u012bbu joma\u00a0<em>(iepaz\u012bstin\u0101\u0161ana ar apk\u0101rtni)<\/em><\/li>\n<li>Kult\u016bras izpratnes un pa\u0161izpausmes m\u0101ksl\u0101 m\u0101c\u012bbu joma <em>(z\u012bm\u0113\u0161ana, m\u016bzika, literat\u016bra)<\/em><\/li>\n<li>Dabaszin\u012bbu m\u0101c\u012bbu joma <em>(iepaz\u012bstin\u0101\u0161ana ar dabu)<\/em><\/li>\n<li>Matem\u0101tikas m\u0101c\u012bbu joma <em>(matem\u0101tika)<\/em><\/li>\n<li>Tehnolo\u0123iju m\u0101c\u012bbu joma <em>(veido\u0161ana, aplic\u0113\u0161ana, konstru\u0113\u0161ana, rokdarbi)<\/em><\/li>\n<li>Vesel\u012bbas un fizisk\u0101s aktivit\u0101tes m\u0101c\u012bbu joma <em>(sports)<\/em><\/li>\n<\/ol>\n<p><strong><img loading=\"lazy\" decoding=\"async\" class=\"alignnone size-medium wp-image-458 aligncenter\" src=\"http:\/\/varaviksne.rezeknesip.lv\/wp-content\/uploads\/2019\/10\/olga2-300x225.jpg\" alt=\"\" width=\"300\" height=\"225\" srcset=\"https:\/\/varaviksne.rezeknesip.lv\/wp-content\/uploads\/2019\/10\/olga2-300x225.jpg 300w, https:\/\/varaviksne.rezeknesip.lv\/wp-content\/uploads\/2019\/10\/olga2-24x18.jpg 24w, https:\/\/varaviksne.rezeknesip.lv\/wp-content\/uploads\/2019\/10\/olga2-36x27.jpg 36w, https:\/\/varaviksne.rezeknesip.lv\/wp-content\/uploads\/2019\/10\/olga2-48x36.jpg 48w, https:\/\/varaviksne.rezeknesip.lv\/wp-content\/uploads\/2019\/10\/olga2.jpg 484w\" sizes=\"auto, (max-width: 300px) 100vw, 300px\" \/><\/strong><\/p>\n<p><strong>Pirmsskolas izgl\u012bt\u012bbas skolot\u0101ji atbild par izgl\u012bt\u012bbas satura apguvi <\/strong>rota\u013cnodarb\u012bb\u0101s ar integr\u0113tu m\u0101c\u012bbu saturu b\u0113rna fiziskai un soci\u0101lai att\u012bst\u012bbai m\u0101c\u012bbu jom\u0101s <strong>visas dienas garum\u0101.<\/strong><\/p>\n<p style=\"text-align: center;\"><strong>Dienas re\u017e\u012bms<\/strong><\/p>\n<p><strong>\u00a0<\/strong><\/p>\n<table>\n<tbody>\n<tr>\n<td width=\"294\"><strong>Grupas nosaukums, b\u0113rna vecums<\/strong><\/td>\n<td width=\"274\"><strong>Mazb\u0113rnu grupa \u201cPasaka\u201d (2 gadi)<\/strong><\/td>\n<\/tr>\n<tr>\n<td width=\"294\"><\/td>\n<td width=\"274\"><\/td>\n<\/tr>\n<tr>\n<td width=\"294\"><strong>Pie\u0146em\u0161ana, individu\u0101lais darbs<\/strong><\/td>\n<td width=\"274\"><strong>7.00 \u2013 8.00<\/strong><\/td>\n<\/tr>\n<tr>\n<td width=\"294\"><strong>R\u012bta aplis,\u00a0 \u00a0 R\u012bta rosme <\/strong><\/td>\n<td width=\"274\"><strong>8:05\u00a0 \u00a0 \u00a08.15 \u2013 8.20<\/strong><\/td>\n<\/tr>\n<tr>\n<td width=\"294\"><strong>Brokastis<\/strong><\/td>\n<td width=\"274\"><strong>8.25 \u2013 8.45<\/strong><\/td>\n<\/tr>\n<tr>\n<td width=\"294\"><strong>\u00a0rota\u013cnodarb\u012bbas<\/strong><\/td>\n<td width=\"274\"><strong>8.55 \u2013 9.50<\/strong><\/td>\n<\/tr>\n<tr>\n<td width=\"294\"><strong>Sagatavo\u0161an\u0101s pastaigai, pastaiga <\/strong><\/td>\n<td width=\"274\"><strong>10.00 \u2013 11.25<\/strong><\/td>\n<\/tr>\n<tr>\n<td width=\"294\"><strong>Pusdienas<\/strong><\/td>\n<td width=\"274\"><strong>11.30 \u2013 12.00<\/strong><\/td>\n<\/tr>\n<tr>\n<td width=\"294\"><strong>Sagatavo\u0161an\u0101s atp\u016btai, atp\u016bta<br \/>\n<\/strong><\/td>\n<td width=\"274\"><strong>L\u012bdz 14.50<\/strong><\/td>\n<\/tr>\n<tr>\n<td width=\"294\"><strong>Cel\u0161an\u0101s, gaisa proced\u016bras<\/strong><\/td>\n<td width=\"274\"><strong>14.50 \u2013 15.00<\/strong><\/td>\n<\/tr>\n<tr>\n<td width=\"294\"><strong>Launags<\/strong><\/td>\n<td width=\"274\"><strong>15.20 \u2013 15.40<\/strong><\/td>\n<\/tr>\n<tr>\n<td width=\"294\"><strong>Vakara aplis, sp\u0113les, individu\u0101lais darbs, pastaiga (ja labs laiks)<\/strong><\/td>\n<td width=\"274\"><strong>L\u012bdz 18.00<\/strong><\/td>\n<\/tr>\n<\/tbody>\n<\/table>\n<p style=\"text-align: center;\"><strong>Nodarb\u012bbu saraksts gr. \u201cPasaka\u201d\u00a0 2025.\/2026.m.g.<\/strong><\/p>\n<table width=\"0\">\n<tbody>\n<tr>\n<td width=\"214\"><\/td>\n<td width=\"201\"><\/td>\n<td width=\"236\"><strong>8:05-8:10\u00a0\u00a0 <\/strong>R\u012bta aplis<\/p>\n<p><strong>8.15 \u2013 8.20\u00a0\u00a0 <\/strong>R\u012bta rosme<\/p>\n<p><strong>\u00a0<\/strong><\/td>\n<td width=\"205\"><\/td>\n<td width=\"214\"><\/td>\n<\/tr>\n<tr>\n<td width=\"214\"><strong>Pirmdiena<\/strong>(Krist\u012bne)<\/td>\n<td width=\"201\"><strong>Otrdiena<\/strong>(Krist\u012bne)<\/td>\n<td width=\"236\"><strong>Tre\u0161diena<\/strong>(Krist\u012bne)<\/td>\n<td width=\"205\"><strong>Ceturtdiena<\/strong>(Krist\u012bne)<\/td>\n<td width=\"214\"><strong>Piektdiena<\/strong>(L\u012bga)<\/td>\n<\/tr>\n<tr>\n<td width=\"214\"><strong>8.55 \u2013 9.05\u00a0 <\/strong>\u00a0Dabas zin\u012bbas<\/td>\n<td width=\"201\"><strong>8.55 \u2013 9.08 <\/strong>\u00a0Sports grup\u0101<\/td>\n<td width=\"236\">8.55 \u2013 9.05 \u00a0Matem\u0101tika<\/td>\n<td width=\"205\">8.50 \u2013 9.00 \u00a0Valodas att\u012bst\u012bba<\/td>\n<td width=\"214\">8.55 \u2013 9.10 \u00a0Literat\u016bra<\/td>\n<\/tr>\n<tr>\n<td width=\"214\">9.10 \u2013 9.25 <strong>\u00a0Sports z\u0101l\u0113<\/strong><\/td>\n<td width=\"201\">9.10 \u2013 9.25 \u00a0Apk\u0101rtne<\/td>\n<td width=\"236\">9.10 \u2013 9.20 \u00a0Konstru\u0113\u0161ana<\/td>\n<td width=\"205\">9.05 \u2013 9.20 \u00a0<u>\u00a0No<\/u> <u>valodas\u00a0\u00a0 jomas\u00a0\u00a0\u00a0\u00a0\u00a0 satura lapas<\/u><\/td>\n<td width=\"214\"><strong>9.15 \u2013 9.30 \u00a0M\u016bzika z\u0101l\u0113<\/strong><\/p>\n<p><strong>\u00a0<\/strong><\/p>\n<p><strong>\u00a0<\/strong><\/td>\n<\/tr>\n<tr>\n<td width=\"214\"><strong>9.28-9.35 d\u0101rze\u0146i + \u016bdens<\/strong><\/td>\n<td width=\"201\"><strong>9.30- 9.40d\u0101rze\u0146i + \u016bdens<\/strong><\/p>\n<p><strong>\u00a0<\/strong><\/td>\n<td width=\"236\">9.30 -9.35 \u00a0\u00a0\u00a0<u>No valodas\u00a0\u00a0 jomas\u00a0\u00a0\u00a0\u00a0\u00a0 satura lapas<\/u><\/td>\n<td width=\"205\">9.25 -9.30 S\u012bk\u0101s motorikas att\u012bst\u012bba Aplic\u0113\u0161ana<\/td>\n<td width=\"214\">9.35 \u2013 9.55 Z\u012bm\u0113\u0161ana<\/p>\n<p>&nbsp;<\/td>\n<\/tr>\n<tr>\n<td width=\"214\">9.40 \u2013 9.50 Veido\u0161ana<\/td>\n<td width=\"201\"><strong>9.45 \u2013 9.55<\/strong> <strong>M\u016bzika grup\u0101<\/strong><\/td>\n<td width=\"236\"><strong>9.40 \u2013 9.50 d\u0101rze\u0146i +\u016bdens<\/strong><\/td>\n<td width=\"205\"><strong>9.40 \u2013 9.50 \u00a0d\u0101rze\u0146i +\u016bdens<\/strong><\/td>\n<td width=\"214\"><strong>\u00a0<\/strong><\/p>\n<p><strong>9.45\u2013 9.55 d\u0101rze\u0146i + \u016bdens<\/strong><\/p>\n<p><strong>\u00a0<\/strong><\/td>\n<\/tr>\n<tr>\n<td colspan=\"5\" width=\"1070\"><strong><em>9:55<\/em><\/strong><em> sagat.pastaigai, pastaiga<\/em><\/p>\n<p><em>\u00a0<\/em><\/td>\n<\/tr>\n<tr>\n<td width=\"214\"><\/td>\n<td width=\"201\"><\/td>\n<td width=\"236\"><strong>10.50. \u2013 11.00<\/strong><\/p>\n<p>Sports laukum\u0101<\/p>\n<p>&nbsp;<\/td>\n<td width=\"205\">&nbsp;<\/p>\n<p>&nbsp;<\/td>\n<td width=\"214\"><\/td>\n<\/tr>\n<tr>\n<td width=\"214\">16.00<u>\u00a0 No<\/u> <u>valodas\u00a0\u00a0 jomas\u00a0\u00a0\u00a0\u00a0\u00a0 satura lapas<\/u><\/td>\n<td width=\"201\">16.00<u> Vingrin\u0101jumi m\u0113lei un l\u016bp\u0101m<\/u><\/td>\n<td width=\"236\">16.00\u00a0 <u>No<\/u> <u>valodas\u00a0\u00a0 jomas\u00a0\u00a0\u00a0\u00a0\u00a0 satura lapas<\/u><\/td>\n<td width=\"205\"><strong>16.30-16.40\u00a0 ritmika z\u0101l\u0113<\/strong><\/td>\n<td width=\"214\">16.00<u> Vingrin\u0101jumi m\u0113lei un l\u016bp\u0101m<\/u><\/td>\n<\/tr>\n<\/tbody>\n<\/table>\n<p>&nbsp;<\/p>\n<p><strong>\u00a0<\/strong><\/p>\n<p><strong>\u00a0<\/strong><\/p>\n<p style=\"text-align: center;\"><strong>M\u016bsu grup\u0101 m\u0113s dodam b\u0113rniem iesp\u0113ju rota\u013c\u0101ties un sp\u0113l\u0113ties, draudz\u0113ties un atp\u016bsties, z\u012bm\u0113t, l\u012bm\u0113t, veidot, dzied\u0101t un dejot, svin\u0113t sv\u0113tkus un priec\u0101ties, apce\u013cot pasaku valst\u012bbu!<\/strong><\/p>\n<p><strong>\u00a0Ka ar\u012b -v\u0113rot debesis, klaus\u012bties v\u0113ju, sadzird\u0113t putnu dziesmas, r\u016bp\u0113ties par sevi un citiem, no maza nieka uzburt prieku!<\/strong><\/p>\n<p><img loading=\"lazy\" decoding=\"async\" class=\"wp-image-473 size-full aligncenter\" src=\"http:\/\/varaviksne.rezeknesip.lv\/wp-content\/uploads\/2019\/10\/olga3-e1571487729914.jpg\" alt=\"\" width=\"564\" height=\"751\" srcset=\"https:\/\/varaviksne.rezeknesip.lv\/wp-content\/uploads\/2019\/10\/olga3-e1571487729914.jpg 564w, https:\/\/varaviksne.rezeknesip.lv\/wp-content\/uploads\/2019\/10\/olga3-e1571487729914-225x300.jpg 225w, https:\/\/varaviksne.rezeknesip.lv\/wp-content\/uploads\/2019\/10\/olga3-e1571487729914-18x24.jpg 18w, https:\/\/varaviksne.rezeknesip.lv\/wp-content\/uploads\/2019\/10\/olga3-e1571487729914-27x36.jpg 27w, https:\/\/varaviksne.rezeknesip.lv\/wp-content\/uploads\/2019\/10\/olga3-e1571487729914-36x48.jpg 36w\" sizes=\"auto, (max-width: 564px) 100vw, 564px\" \/><\/p>\n<p style=\"text-align: center;\">Latvijas patriotisma audzin\u0101\u0161anas\u00a0 st\u016br\u012btis<\/p>\n<p style=\"text-align: center;\"><img loading=\"lazy\" decoding=\"async\" class=\"alignnone wp-image-470 \" src=\"http:\/\/varaviksne.rezeknesip.lv\/wp-content\/uploads\/2019\/10\/20191017_074647-e1571487536637-768x1024.jpg\" alt=\"\" width=\"311\" height=\"415\" srcset=\"https:\/\/varaviksne.rezeknesip.lv\/wp-content\/uploads\/2019\/10\/20191017_074647-e1571487536637-768x1024.jpg 768w, https:\/\/varaviksne.rezeknesip.lv\/wp-content\/uploads\/2019\/10\/20191017_074647-e1571487536637-225x300.jpg 225w, https:\/\/varaviksne.rezeknesip.lv\/wp-content\/uploads\/2019\/10\/20191017_074647-e1571487536637-18x24.jpg 18w, https:\/\/varaviksne.rezeknesip.lv\/wp-content\/uploads\/2019\/10\/20191017_074647-e1571487536637-27x36.jpg 27w, https:\/\/varaviksne.rezeknesip.lv\/wp-content\/uploads\/2019\/10\/20191017_074647-e1571487536637-36x48.jpg 36w\" sizes=\"auto, (max-width: 311px) 100vw, 311px\" \/>\u00a0 \u00a0 \u00a0 \u00a0 \u00a0 \u00a0\u00a0<img loading=\"lazy\" decoding=\"async\" class=\"alignnone wp-image-469\" src=\"http:\/\/varaviksne.rezeknesip.lv\/wp-content\/uploads\/2019\/10\/20191017_074700-e1571487518399-225x300.jpg\" alt=\"\" width=\"311\" height=\"415\" srcset=\"https:\/\/varaviksne.rezeknesip.lv\/wp-content\/uploads\/2019\/10\/20191017_074700-e1571487518399-225x300.jpg 225w, https:\/\/varaviksne.rezeknesip.lv\/wp-content\/uploads\/2019\/10\/20191017_074700-e1571487518399-768x1024.jpg 768w, https:\/\/varaviksne.rezeknesip.lv\/wp-content\/uploads\/2019\/10\/20191017_074700-e1571487518399-18x24.jpg 18w, https:\/\/varaviksne.rezeknesip.lv\/wp-content\/uploads\/2019\/10\/20191017_074700-e1571487518399-27x36.jpg 27w, https:\/\/varaviksne.rezeknesip.lv\/wp-content\/uploads\/2019\/10\/20191017_074700-e1571487518399-36x48.jpg 36w\" sizes=\"auto, (max-width: 311px) 100vw, 311px\" \/><\/p>\n<p style=\"text-align: center;\">,,Dabas\u201d st\u016br\u012btis<\/p>\n<p><img loading=\"lazy\" decoding=\"async\" class=\"aligncenter size-full wp-image-16026\" src=\"http:\/\/varaviksne.rezeknesip.lv\/wp-content\/uploads\/2024\/09\/Nenosaukts-pielikums-000422-scaled.jpg\" alt=\"\" width=\"2560\" height=\"2179\" srcset=\"https:\/\/varaviksne.rezeknesip.lv\/wp-content\/uploads\/2024\/09\/Nenosaukts-pielikums-000422-scaled.jpg 2560w, https:\/\/varaviksne.rezeknesip.lv\/wp-content\/uploads\/2024\/09\/Nenosaukts-pielikums-000422-300x255.jpg 300w, https:\/\/varaviksne.rezeknesip.lv\/wp-content\/uploads\/2024\/09\/Nenosaukts-pielikums-000422-1024x872.jpg 1024w, https:\/\/varaviksne.rezeknesip.lv\/wp-content\/uploads\/2024\/09\/Nenosaukts-pielikums-000422-768x654.jpg 768w, https:\/\/varaviksne.rezeknesip.lv\/wp-content\/uploads\/2024\/09\/Nenosaukts-pielikums-000422-1536x1308.jpg 1536w, https:\/\/varaviksne.rezeknesip.lv\/wp-content\/uploads\/2024\/09\/Nenosaukts-pielikums-000422-2048x1744.jpg 2048w, https:\/\/varaviksne.rezeknesip.lv\/wp-content\/uploads\/2024\/09\/Nenosaukts-pielikums-000422-24x20.jpg 24w, https:\/\/varaviksne.rezeknesip.lv\/wp-content\/uploads\/2024\/09\/Nenosaukts-pielikums-000422-36x31.jpg 36w, https:\/\/varaviksne.rezeknesip.lv\/wp-content\/uploads\/2024\/09\/Nenosaukts-pielikums-000422-48x41.jpg 48w\" sizes=\"auto, (max-width: 2560px) 100vw, 2560px\" \/><\/p>\n<p style=\"text-align: center;\">\u201cRun\u0101jo\u0161a siena\u201d<\/p>\n<p><img loading=\"lazy\" decoding=\"async\" class=\"aligncenter wp-image-472 \" src=\"http:\/\/varaviksne.rezeknesip.lv\/wp-content\/uploads\/2019\/10\/20191010_095248-e1571487661525-1024x768.jpg\" alt=\"\" width=\"544\" height=\"408\" srcset=\"https:\/\/varaviksne.rezeknesip.lv\/wp-content\/uploads\/2019\/10\/20191010_095248-e1571487661525-1024x768.jpg 1024w, https:\/\/varaviksne.rezeknesip.lv\/wp-content\/uploads\/2019\/10\/20191010_095248-e1571487661525-300x225.jpg 300w, https:\/\/varaviksne.rezeknesip.lv\/wp-content\/uploads\/2019\/10\/20191010_095248-e1571487661525-768x576.jpg 768w, https:\/\/varaviksne.rezeknesip.lv\/wp-content\/uploads\/2019\/10\/20191010_095248-e1571487661525-24x18.jpg 24w, https:\/\/varaviksne.rezeknesip.lv\/wp-content\/uploads\/2019\/10\/20191010_095248-e1571487661525-36x27.jpg 36w, https:\/\/varaviksne.rezeknesip.lv\/wp-content\/uploads\/2019\/10\/20191010_095248-e1571487661525-48x36.jpg 48w\" sizes=\"auto, (max-width: 544px) 100vw, 544px\" \/><\/p>\n<p style=\"text-align: center;\">Nodarbo\u0161an\u0101s ar interakt\u012bvo galdu<\/p>\n<p>&nbsp;<\/p>\n<p><img loading=\"lazy\" decoding=\"async\" class=\"wp-image-467 aligncenter\" src=\"http:\/\/varaviksne.rezeknesip.lv\/wp-content\/uploads\/2019\/10\/20191017_074834-e1571487359979-1024x768.jpg\" alt=\"\" width=\"537\" height=\"403\" srcset=\"https:\/\/varaviksne.rezeknesip.lv\/wp-content\/uploads\/2019\/10\/20191017_074834-e1571487359979-1024x768.jpg 1024w, https:\/\/varaviksne.rezeknesip.lv\/wp-content\/uploads\/2019\/10\/20191017_074834-e1571487359979-300x225.jpg 300w, https:\/\/varaviksne.rezeknesip.lv\/wp-content\/uploads\/2019\/10\/20191017_074834-e1571487359979-768x576.jpg 768w, https:\/\/varaviksne.rezeknesip.lv\/wp-content\/uploads\/2019\/10\/20191017_074834-e1571487359979-24x18.jpg 24w, https:\/\/varaviksne.rezeknesip.lv\/wp-content\/uploads\/2019\/10\/20191017_074834-e1571487359979-36x27.jpg 36w, https:\/\/varaviksne.rezeknesip.lv\/wp-content\/uploads\/2019\/10\/20191017_074834-e1571487359979-48x36.jpg 48w\" sizes=\"auto, (max-width: 537px) 100vw, 537px\" \/><\/p>\n<p>&nbsp;<\/p>\n<p>&nbsp;<\/p>\n<p><img loading=\"lazy\" decoding=\"async\" class=\"aligncenter size-full wp-image-16028\" src=\"http:\/\/varaviksne.rezeknesip.lv\/wp-content\/uploads\/2024\/09\/Nenosaukts-pielikums-000451-scaled.jpg\" alt=\"\" width=\"2560\" height=\"2545\" srcset=\"https:\/\/varaviksne.rezeknesip.lv\/wp-content\/uploads\/2024\/09\/Nenosaukts-pielikums-000451-scaled.jpg 2560w, https:\/\/varaviksne.rezeknesip.lv\/wp-content\/uploads\/2024\/09\/Nenosaukts-pielikums-000451-300x298.jpg 300w, https:\/\/varaviksne.rezeknesip.lv\/wp-content\/uploads\/2024\/09\/Nenosaukts-pielikums-000451-1024x1018.jpg 1024w, https:\/\/varaviksne.rezeknesip.lv\/wp-content\/uploads\/2024\/09\/Nenosaukts-pielikums-000451-150x150.jpg 150w, https:\/\/varaviksne.rezeknesip.lv\/wp-content\/uploads\/2024\/09\/Nenosaukts-pielikums-000451-768x763.jpg 768w, https:\/\/varaviksne.rezeknesip.lv\/wp-content\/uploads\/2024\/09\/Nenosaukts-pielikums-000451-1536x1527.jpg 1536w, https:\/\/varaviksne.rezeknesip.lv\/wp-content\/uploads\/2024\/09\/Nenosaukts-pielikums-000451-2048x2036.jpg 2048w, https:\/\/varaviksne.rezeknesip.lv\/wp-content\/uploads\/2024\/09\/Nenosaukts-pielikums-000451-100x100.jpg 100w, https:\/\/varaviksne.rezeknesip.lv\/wp-content\/uploads\/2024\/09\/Nenosaukts-pielikums-000451-24x24.jpg 24w, https:\/\/varaviksne.rezeknesip.lv\/wp-content\/uploads\/2024\/09\/Nenosaukts-pielikums-000451-36x36.jpg 36w, https:\/\/varaviksne.rezeknesip.lv\/wp-content\/uploads\/2024\/09\/Nenosaukts-pielikums-000451-48x48.jpg 48w\" sizes=\"auto, (max-width: 2560px) 100vw, 2560px\" \/><\/p>\n<p style=\"text-align: center;\">Matem\u0101tikas centrs<\/p>\n<p>&nbsp;<\/p>\n<p><img loading=\"lazy\" decoding=\"async\" class=\"aligncenter size-full wp-image-16029\" src=\"http:\/\/varaviksne.rezeknesip.lv\/wp-content\/uploads\/2024\/09\/01.gr_.-Grupas-noteikumi-scaled.jpg\" alt=\"\" width=\"1920\" height=\"2560\" srcset=\"https:\/\/varaviksne.rezeknesip.lv\/wp-content\/uploads\/2024\/09\/01.gr_.-Grupas-noteikumi-scaled.jpg 1920w, https:\/\/varaviksne.rezeknesip.lv\/wp-content\/uploads\/2024\/09\/01.gr_.-Grupas-noteikumi-225x300.jpg 225w, https:\/\/varaviksne.rezeknesip.lv\/wp-content\/uploads\/2024\/09\/01.gr_.-Grupas-noteikumi-768x1024.jpg 768w, https:\/\/varaviksne.rezeknesip.lv\/wp-content\/uploads\/2024\/09\/01.gr_.-Grupas-noteikumi-1152x1536.jpg 1152w, https:\/\/varaviksne.rezeknesip.lv\/wp-content\/uploads\/2024\/09\/01.gr_.-Grupas-noteikumi-1536x2048.jpg 1536w, https:\/\/varaviksne.rezeknesip.lv\/wp-content\/uploads\/2024\/09\/01.gr_.-Grupas-noteikumi-18x24.jpg 18w, https:\/\/varaviksne.rezeknesip.lv\/wp-content\/uploads\/2024\/09\/01.gr_.-Grupas-noteikumi-27x36.jpg 27w, https:\/\/varaviksne.rezeknesip.lv\/wp-content\/uploads\/2024\/09\/01.gr_.-Grupas-noteikumi-36x48.jpg 36w\" sizes=\"auto, (max-width: 1920px) 100vw, 1920px\" \/> <img loading=\"lazy\" decoding=\"async\" class=\"aligncenter size-full wp-image-16030\" src=\"http:\/\/varaviksne.rezeknesip.lv\/wp-content\/uploads\/2024\/09\/01.gr_.-valodas-centrs.jpg\" alt=\"\" width=\"899\" height=\"1599\" srcset=\"https:\/\/varaviksne.rezeknesip.lv\/wp-content\/uploads\/2024\/09\/01.gr_.-valodas-centrs.jpg 899w, https:\/\/varaviksne.rezeknesip.lv\/wp-content\/uploads\/2024\/09\/01.gr_.-valodas-centrs-169x300.jpg 169w, https:\/\/varaviksne.rezeknesip.lv\/wp-content\/uploads\/2024\/09\/01.gr_.-valodas-centrs-576x1024.jpg 576w, https:\/\/varaviksne.rezeknesip.lv\/wp-content\/uploads\/2024\/09\/01.gr_.-valodas-centrs-768x1366.jpg 768w, https:\/\/varaviksne.rezeknesip.lv\/wp-content\/uploads\/2024\/09\/01.gr_.-valodas-centrs-864x1536.jpg 864w, https:\/\/varaviksne.rezeknesip.lv\/wp-content\/uploads\/2024\/09\/01.gr_.-valodas-centrs-13x24.jpg 13w, https:\/\/varaviksne.rezeknesip.lv\/wp-content\/uploads\/2024\/09\/01.gr_.-valodas-centrs-20x36.jpg 20w, https:\/\/varaviksne.rezeknesip.lv\/wp-content\/uploads\/2024\/09\/01.gr_.-valodas-centrs-27x48.jpg 27w\" sizes=\"auto, (max-width: 899px) 100vw, 899px\" \/><\/p>\n<p style=\"text-align: center;\">Valodas centrs<\/p>\n<p>&nbsp;<\/p>\n<table style=\"height: 22px;\" width=\"1375\">\n<tbody>\n<tr>\n<td width=\"470\"><\/td>\n<\/tr>\n<tr>\n<td width=\"470\"><\/td>\n<\/tr>\n<tr>\n<td width=\"470\"><\/td>\n<\/tr>\n<tr>\n<td width=\"470\"><\/td>\n<\/tr>\n<tr>\n<td width=\"470\"><\/td>\n<\/tr>\n<\/tbody>\n<\/table>\n<table style=\"height: 5px;\" width=\"13\">\n<tbody>\n<tr>\n<td width=\"190\"><\/td>\n<td width=\"189\"><\/td>\n<td width=\"201\"><\/td>\n<td width=\"200\"><\/td>\n<td width=\"180\"><\/td>\n<\/tr>\n<tr>\n<td width=\"190\"><\/td>\n<td width=\"189\"><\/td>\n<td width=\"201\"><\/td>\n<td width=\"200\"><\/td>\n<td width=\"180\"><\/td>\n<\/tr>\n<\/tbody>\n<\/table>\n<p style=\"text-align: center;\">\n","protected":false},"excerpt":{"rendered":"<p>\u00a0\u00a01.jaun\u0101k\u0101 grupa ,,Pasaka\u201d \u00a0 (b\u0113rni\u00a0 2.5-3g.) \u00a0Grup\u0101 str\u0101d\u0101 pirmsskolas izgl\u012bt\u012bbas skolot\u0101jas: Krist\u012bne Piskunova, L\u012bga Novika Skolot\u0101ja pal\u012bgs Inga Si\u0146icina \u00a0\u00a0Grupas moto &#8211; ,,B\u0113rni ir pu\u0137es Dieva pasaules d\u0101rzos, kas uz laiku ir uztic\u0113ti m\u016bsu m\u012blest\u012bbai\u2026\u201d. \u00a0 \u00a0 \u00a0 \u00a0 \u00a0 \u00a0 \u00a0 \u00a0 \u00a0 \u00a0 \u00a0 \u00a0 \u00a0 \u00a0 \u00a0 \u00a0 \u00a0 \u00a0 \u00a0 \u00a0 [&hellip;]<\/p>\n","protected":false},"author":1,"featured_media":0,"parent":32,"menu_order":0,"comment_status":"closed","ping_status":"closed","template":"","meta":{"footnotes":""},"class_list":["post-250","page","type-page","status-publish","hentry"],"_links":{"self":[{"href":"https:\/\/varaviksne.rezeknesip.lv\/index.php\/wp-json\/wp\/v2\/pages\/250","targetHints":{"allow":["GET"]}}],"collection":[{"href":"https:\/\/varaviksne.rezeknesip.lv\/index.php\/wp-json\/wp\/v2\/pages"}],"about":[{"href":"https:\/\/varaviksne.rezeknesip.lv\/index.php\/wp-json\/wp\/v2\/types\/page"}],"author":[{"embeddable":true,"href":"https:\/\/varaviksne.rezeknesip.lv\/index.php\/wp-json\/wp\/v2\/users\/1"}],"replies":[{"embeddable":true,"href":"https:\/\/varaviksne.rezeknesip.lv\/index.php\/wp-json\/wp\/v2\/comments?post=250"}],"version-history":[{"count":41,"href":"https:\/\/varaviksne.rezeknesip.lv\/index.php\/wp-json\/wp\/v2\/pages\/250\/revisions"}],"predecessor-version":[{"id":20475,"href":"https:\/\/varaviksne.rezeknesip.lv\/index.php\/wp-json\/wp\/v2\/pages\/250\/revisions\/20475"}],"up":[{"embeddable":true,"href":"https:\/\/varaviksne.rezeknesip.lv\/index.php\/wp-json\/wp\/v2\/pages\/32"}],"wp:attachment":[{"href":"https:\/\/varaviksne.rezeknesip.lv\/index.php\/wp-json\/wp\/v2\/media?parent=250"}],"curies":[{"name":"wp","href":"https:\/\/api.w.org\/{rel}","templated":true}]}}