{"id":252,"date":"2018-11-13T08:56:45","date_gmt":"2018-11-13T08:56:45","guid":{"rendered":"http:\/\/varaviksne.rezeknesip.lv\/?page_id=252"},"modified":"2025-12-03T10:53:08","modified_gmt":"2025-12-03T07:53:08","slug":"laceni","status":"publish","type":"page","link":"https:\/\/varaviksne.rezeknesip.lv\/index.php\/grupas\/laceni\/","title":{"rendered":"L\u0101c\u0113ni"},"content":{"rendered":"<p><strong>R\u0113zeknes pirmsskolas izgl\u012bt\u012bbas iest\u0101des ,,Varav\u012bksne\u201d <\/strong><\/p>\n<p><strong>1.jaun\u0101k\u0101 grupa ,,L\u0101c\u0113ni\u201d<\/strong><\/p>\n<p>Grupu ,,L\u0101c\u0113ni\u201d apmekl\u0113 b\u0113rni no 1,5\u00a0 l\u012bdz 2,5 gadu vecumam.<\/p>\n<p>Grup\u0101 ,,L\u0101c\u0113ni\u201d str\u0101d\u0101 pirmsskolas skolot\u0101jas:<\/p>\n<p><strong>Lilita Ladus\u0101ne, L\u012bga Novika<\/strong><\/p>\n<p>pirmsskolas skolot\u0101ja pal\u012bgs <strong>Sanita Kromere.<\/strong><\/p>\n<p>Pirmsskolas izgl\u012bt\u012bbas iest\u0101de \u012bsteno pirmsskolas izgl\u012bt\u012bbas programmu, kas balst\u012bta uz vispus\u012bgu b\u0113rna att\u012bst\u012bbu, iev\u0113rojot vi\u0146a vajadz\u012bbas, intereses, sp\u0113jas un pieredzi un liekot pamatus v\u0113rt\u012bb\u0101s balst\u012btu pamatu veido\u0161anai.<\/p>\n<p>Grupas ,,L\u0101c\u0113ns\u201d skolot\u0101jas ikdien\u0101 daudz laika velta b\u0113rnu s\u012bko pirkstu muskulat\u016bras att\u012bst\u012bbai \u2013 pied\u0101v\u0101 rota\u013cas ar dabas materi\u0101lu, veramo, beramo un p\u0101rliekamo izdales materi\u0101lu, pirksti\u0146u sp\u0113les, mazu b\u0113rnu rota\u013ci\u0146as. Iecien\u012btas ar\u012b rota\u013cas ar dzied\u0101\u0161anu, pasaku klaus\u012b\u0161an\u0101s un demonstr\u0113\u0161ana uz flane\u013ca t\u0101feles . B\u0113rni darbojas individu\u0101li vai neliel\u0101s grup\u0101s izveidotajos rota\u013cu centros , patst\u0101v\u012bgi izmantojot pieejamos un pied\u0101v\u0101tos izdales materi\u0101lus atbilsto\u0161i izv\u0113l\u0113tajai rota\u013cu darb\u012bbai visas dienas garum\u0101.<\/p>\n<p>Notiek cie\u0161a un rezultat\u012bva sadarb\u012bba ar b\u0113rnu vec\u0101kiem \u2013 regul\u0101ri tiek r\u012bkotas vec\u0101ku sapulces, individu\u0101las konsult\u0101cijas, vec\u0101ku st\u016br\u012bt\u012b tiek sniegtas rekomend\u0101cijas par jaun\u0101k\u0101 pirmsskolas vecuma b\u0113rnu audzin\u0101\u0161anas un apm\u0101c\u012bbas \u012bpatn\u012bb\u0101m. Vec\u0101ki ir atsauc\u012bgi \u2013 labpr\u0101t piedal\u0101s izdales materi\u0101lu pagatavo\u0161an\u0101, iesaist\u0101s iest\u0101des r\u012bkotajos rado\u0161o darbu konkursos un izst\u0101d\u0113s.<\/p>\n<p>Pirmsskolas skolot\u0101jas sekm\u0113 pa\u0161apkalpo\u0161an\u0101s iema\u0146u apguvi, iev\u0113rojot katra b\u0113rna individu\u0101l\u0101s prasmes un iema\u0146as, seko pilnv\u0113rt\u012bgai dienas re\u017e\u012bma momentu iev\u0113ro\u0161anai, nodro\u0161inot vispus\u012bgu b\u0113rna person\u012bbas att\u012bst\u012b\u0161anu, sadarbojoties ar iest\u0101des pedagogiem un b\u0113rnu vec\u0101kiem. Tiek piev\u0113rsta uzman\u012bba b\u0113rna runas apar\u0101ta un\u00a0 s\u012bk\u0101s pirkstu motorikas vigrin\u0101\u0161anai.<\/p>\n<p>Grupas b\u0113rniem netr\u016bkst individu\u0101las uzman\u012bbas, vi\u0146i ar prieku apmekl\u0113 savu grupu un rado\u0161i pavada laiku ar vienaud\u017eiem un skolot\u0101j\u0101m.<\/p>\n<p><strong>\u00a0<\/strong><\/p>\n<p style=\"text-align: center;\">Grupas uzved\u012bbas noteikumi<\/p>\n<p><img loading=\"lazy\" decoding=\"async\" class=\"aligncenter size-full wp-image-7886\" src=\"http:\/\/varaviksne.rezeknesip.lv\/wp-content\/uploads\/2022\/02\/20220201_072448.jpg\" alt=\"\" width=\"4608\" height=\"3456\" srcset=\"https:\/\/varaviksne.rezeknesip.lv\/wp-content\/uploads\/2022\/02\/20220201_072448.jpg 4608w, https:\/\/varaviksne.rezeknesip.lv\/wp-content\/uploads\/2022\/02\/20220201_072448-300x225.jpg 300w, https:\/\/varaviksne.rezeknesip.lv\/wp-content\/uploads\/2022\/02\/20220201_072448-768x576.jpg 768w, https:\/\/varaviksne.rezeknesip.lv\/wp-content\/uploads\/2022\/02\/20220201_072448-1024x768.jpg 1024w, https:\/\/varaviksne.rezeknesip.lv\/wp-content\/uploads\/2022\/02\/20220201_072448-24x18.jpg 24w, https:\/\/varaviksne.rezeknesip.lv\/wp-content\/uploads\/2022\/02\/20220201_072448-36x27.jpg 36w, https:\/\/varaviksne.rezeknesip.lv\/wp-content\/uploads\/2022\/02\/20220201_072448-48x36.jpg 48w\" sizes=\"auto, (max-width: 4608px) 100vw, 4608px\" \/><\/p>\n<p style=\"text-align: center;\">Grupas m\u0101c\u012bbu jomu centri<\/p>\n<p><img loading=\"lazy\" decoding=\"async\" class=\"aligncenter size-full wp-image-7887\" src=\"http:\/\/varaviksne.rezeknesip.lv\/wp-content\/uploads\/2022\/02\/20220201_072927.jpg\" alt=\"\" width=\"4608\" height=\"3456\" srcset=\"https:\/\/varaviksne.rezeknesip.lv\/wp-content\/uploads\/2022\/02\/20220201_072927.jpg 4608w, https:\/\/varaviksne.rezeknesip.lv\/wp-content\/uploads\/2022\/02\/20220201_072927-300x225.jpg 300w, https:\/\/varaviksne.rezeknesip.lv\/wp-content\/uploads\/2022\/02\/20220201_072927-768x576.jpg 768w, https:\/\/varaviksne.rezeknesip.lv\/wp-content\/uploads\/2022\/02\/20220201_072927-1024x768.jpg 1024w, https:\/\/varaviksne.rezeknesip.lv\/wp-content\/uploads\/2022\/02\/20220201_072927-24x18.jpg 24w, https:\/\/varaviksne.rezeknesip.lv\/wp-content\/uploads\/2022\/02\/20220201_072927-36x27.jpg 36w, https:\/\/varaviksne.rezeknesip.lv\/wp-content\/uploads\/2022\/02\/20220201_072927-48x36.jpg 48w\" sizes=\"auto, (max-width: 4608px) 100vw, 4608px\" \/><\/p>\n<p><img loading=\"lazy\" decoding=\"async\" class=\"aligncenter size-full wp-image-7888\" src=\"http:\/\/varaviksne.rezeknesip.lv\/wp-content\/uploads\/2022\/02\/20220201_074652.jpg\" alt=\"\" width=\"4096\" height=\"2786\" srcset=\"https:\/\/varaviksne.rezeknesip.lv\/wp-content\/uploads\/2022\/02\/20220201_074652.jpg 4096w, https:\/\/varaviksne.rezeknesip.lv\/wp-content\/uploads\/2022\/02\/20220201_074652-300x204.jpg 300w, https:\/\/varaviksne.rezeknesip.lv\/wp-content\/uploads\/2022\/02\/20220201_074652-768x522.jpg 768w, https:\/\/varaviksne.rezeknesip.lv\/wp-content\/uploads\/2022\/02\/20220201_074652-1024x697.jpg 1024w, https:\/\/varaviksne.rezeknesip.lv\/wp-content\/uploads\/2022\/02\/20220201_074652-24x16.jpg 24w, https:\/\/varaviksne.rezeknesip.lv\/wp-content\/uploads\/2022\/02\/20220201_074652-36x24.jpg 36w, https:\/\/varaviksne.rezeknesip.lv\/wp-content\/uploads\/2022\/02\/20220201_074652-48x33.jpg 48w\" sizes=\"auto, (max-width: 4096px) 100vw, 4096px\" \/><\/p>\n<p><img loading=\"lazy\" decoding=\"async\" class=\"aligncenter size-full wp-image-7889\" src=\"http:\/\/varaviksne.rezeknesip.lv\/wp-content\/uploads\/2022\/02\/20220202_0751211.jpg\" alt=\"\" width=\"4096\" height=\"2603\" srcset=\"https:\/\/varaviksne.rezeknesip.lv\/wp-content\/uploads\/2022\/02\/20220202_0751211.jpg 4096w, https:\/\/varaviksne.rezeknesip.lv\/wp-content\/uploads\/2022\/02\/20220202_0751211-300x191.jpg 300w, https:\/\/varaviksne.rezeknesip.lv\/wp-content\/uploads\/2022\/02\/20220202_0751211-768x488.jpg 768w, https:\/\/varaviksne.rezeknesip.lv\/wp-content\/uploads\/2022\/02\/20220202_0751211-1024x651.jpg 1024w, https:\/\/varaviksne.rezeknesip.lv\/wp-content\/uploads\/2022\/02\/20220202_0751211-24x15.jpg 24w, https:\/\/varaviksne.rezeknesip.lv\/wp-content\/uploads\/2022\/02\/20220202_0751211-36x23.jpg 36w, https:\/\/varaviksne.rezeknesip.lv\/wp-content\/uploads\/2022\/02\/20220202_0751211-48x31.jpg 48w\" sizes=\"auto, (max-width: 4096px) 100vw, 4096px\" \/><\/p>\n<p><img loading=\"lazy\" decoding=\"async\" class=\"aligncenter size-full wp-image-7891\" src=\"http:\/\/varaviksne.rezeknesip.lv\/wp-content\/uploads\/2022\/02\/20220201_074130.jpg\" alt=\"\" width=\"4608\" height=\"3456\" srcset=\"https:\/\/varaviksne.rezeknesip.lv\/wp-content\/uploads\/2022\/02\/20220201_074130.jpg 4608w, https:\/\/varaviksne.rezeknesip.lv\/wp-content\/uploads\/2022\/02\/20220201_074130-300x225.jpg 300w, https:\/\/varaviksne.rezeknesip.lv\/wp-content\/uploads\/2022\/02\/20220201_074130-768x576.jpg 768w, https:\/\/varaviksne.rezeknesip.lv\/wp-content\/uploads\/2022\/02\/20220201_074130-1024x768.jpg 1024w, https:\/\/varaviksne.rezeknesip.lv\/wp-content\/uploads\/2022\/02\/20220201_074130-24x18.jpg 24w, https:\/\/varaviksne.rezeknesip.lv\/wp-content\/uploads\/2022\/02\/20220201_074130-36x27.jpg 36w, https:\/\/varaviksne.rezeknesip.lv\/wp-content\/uploads\/2022\/02\/20220201_074130-48x36.jpg 48w\" sizes=\"auto, (max-width: 4608px) 100vw, 4608px\" \/><\/p>\n<p><img loading=\"lazy\" decoding=\"async\" class=\"aligncenter size-full wp-image-7894\" src=\"http:\/\/varaviksne.rezeknesip.lv\/wp-content\/uploads\/2022\/02\/20220201_075523.jpg\" alt=\"\" width=\"4608\" height=\"3456\" srcset=\"https:\/\/varaviksne.rezeknesip.lv\/wp-content\/uploads\/2022\/02\/20220201_075523.jpg 4608w, https:\/\/varaviksne.rezeknesip.lv\/wp-content\/uploads\/2022\/02\/20220201_075523-300x225.jpg 300w, https:\/\/varaviksne.rezeknesip.lv\/wp-content\/uploads\/2022\/02\/20220201_075523-768x576.jpg 768w, https:\/\/varaviksne.rezeknesip.lv\/wp-content\/uploads\/2022\/02\/20220201_075523-1024x768.jpg 1024w, https:\/\/varaviksne.rezeknesip.lv\/wp-content\/uploads\/2022\/02\/20220201_075523-24x18.jpg 24w, https:\/\/varaviksne.rezeknesip.lv\/wp-content\/uploads\/2022\/02\/20220201_075523-36x27.jpg 36w, https:\/\/varaviksne.rezeknesip.lv\/wp-content\/uploads\/2022\/02\/20220201_075523-48x36.jpg 48w\" sizes=\"auto, (max-width: 4608px) 100vw, 4608px\" \/><\/p>\n<p style=\"text-align: center;\">Grup\u0101 ar m\u012b\u013c\u0101m dziesm\u0101m un p\u0101rsteigumiem tiek svin\u0113tas b\u0113rnu dzim\u0161anas dienas.<\/p>\n<p>B\u0113rnu individu\u0101l\u0101m rota\u013c\u0101m tiek pied\u0101v\u0101ts daudzveid\u012bgs, pa\u0161darin\u0101ts, ar vec\u0101ku l\u012bdzdal\u012bbu sag\u0101d\u0101ts izdales materi\u0101ls, kas rosina b\u0113rnus akt\u012bvi darboties un att\u012bst\u012bt s\u012bko roku muskulat\u016bru.<\/p>\n<p><img loading=\"lazy\" decoding=\"async\" class=\"alignnone wp-image-12464\" src=\"http:\/\/varaviksne.rezeknesip.lv\/wp-content\/uploads\/2023\/09\/20230911_140053-300x164.jpg\" alt=\"\" width=\"920\" height=\"503\" srcset=\"https:\/\/varaviksne.rezeknesip.lv\/wp-content\/uploads\/2023\/09\/20230911_140053-300x164.jpg 300w, https:\/\/varaviksne.rezeknesip.lv\/wp-content\/uploads\/2023\/09\/20230911_140053-1024x560.jpg 1024w, https:\/\/varaviksne.rezeknesip.lv\/wp-content\/uploads\/2023\/09\/20230911_140053-768x420.jpg 768w, https:\/\/varaviksne.rezeknesip.lv\/wp-content\/uploads\/2023\/09\/20230911_140053-1536x839.jpg 1536w, https:\/\/varaviksne.rezeknesip.lv\/wp-content\/uploads\/2023\/09\/20230911_140053-2048x1119.jpg 2048w, https:\/\/varaviksne.rezeknesip.lv\/wp-content\/uploads\/2023\/09\/20230911_140053-24x13.jpg 24w, https:\/\/varaviksne.rezeknesip.lv\/wp-content\/uploads\/2023\/09\/20230911_140053-36x20.jpg 36w, https:\/\/varaviksne.rezeknesip.lv\/wp-content\/uploads\/2023\/09\/20230911_140053-48x26.jpg 48w\" sizes=\"auto, (max-width: 920px) 100vw, 920px\" \/><\/p>\n<p><strong><u>Dienas re\u017e\u012bms<\/u><\/strong><\/p>\n<table width=\"0\">\n<tbody>\n<tr>\n<td width=\"803\">Pie\u0146em\u0161ana iek\u0161telp\u0101s aukstaj\u0101 period\u0101, pie\u0146em\u0161ana \u0101r\u0101 siltaj\u0101 period\u0101, individu\u0101lais darbs<\/td>\n<td width=\"113\">7:00- 8:00<\/td>\n<\/tr>\n<tr>\n<td width=\"803\">R\u012bta rosme<\/td>\n<td width=\"113\">8:10-8:15<\/td>\n<\/tr>\n<tr>\n<td width=\"803\"><strong>Brokastis<\/strong><\/td>\n<td width=\"113\"><strong>8:20\u00a0 <\/strong>&#8211;\u00a0 <strong>8:40<\/strong><\/td>\n<\/tr>\n<tr>\n<td width=\"803\">R\u012bta aplis, Rota\u013cnodarb\u012bbas<\/td>\n<td width=\"113\"><strong>8.50<\/strong>&#8211;<strong>9.45<\/strong><\/td>\n<\/tr>\n<tr>\n<td width=\"803\">Sagat.pastaigai, pastaiga \/sliktu laika apst\u0101k\u013cu gad\u012bjum\u0101 tiek organiz\u0113tas aktivit\u0101tes z\u0101l\u0113\/<\/td>\n<td width=\"113\">9.55-11:20<\/td>\n<\/tr>\n<tr>\n<td width=\"803\"><strong>Pusdienas<\/strong><\/td>\n<td width=\"113\"><strong>11.25<\/strong>&#8211;<strong>11.55<\/strong><\/td>\n<\/tr>\n<tr>\n<td width=\"803\">Sagat.atp\u016btai, atp\u016bta<\/td>\n<td width=\"113\">12.00 \u2013 14.45<\/td>\n<\/tr>\n<tr>\n<td width=\"803\">Cel\u0161an\u0101s, gaisa proced\u016bras<\/td>\n<td width=\"113\">14:50-15:00<\/td>\n<\/tr>\n<tr>\n<td width=\"803\"><strong>Launags<\/strong><\/td>\n<td width=\"113\"><strong>15:20<\/strong> \u2013<strong> 15.40<\/strong><\/td>\n<\/tr>\n<tr>\n<td width=\"803\">Vakara aplis,\u00a0<strong>pastaiga\u00a0<\/strong>ja ir labie laika apst\u0101k\u013ci, sp\u0113les, individu\u0101lais darbs.<\/td>\n<td width=\"113\">L\u012bdz 18:00<\/td>\n<\/tr>\n<\/tbody>\n<\/table>\n<p><strong>Nodarb\u012bbu saraksts grup\u0101 ,,L\u0101c\u0113ni\u201d 2025.\/2026. m. g .<\/strong><\/p>\n<table>\n<tbody>\n<tr>\n<td width=\"707\">R\u012bta rosme 8.10 \u2013 8.15.<\/p>\n<p>&nbsp;<\/p>\n<table>\n<tbody>\n<tr>\n<td width=\"134\">Pirmdiena<\/td>\n<td width=\"140\">Otrdiena<\/td>\n<td width=\"137\">Tre\u0161diena<\/td>\n<td width=\"146\">Ceturtdiena<\/td>\n<td width=\"135\">Piektdiena<\/td>\n<\/tr>\n<tr>\n<td width=\"134\">\u00a08.50 \u2013 9.10 Matem\u0101tika<\/td>\n<td width=\"140\">8.55 \u2013 9.08 Sports( grup\u0101)<\/td>\n<td width=\"137\">8.50 \u2013 9.00 Dabaszin\u012bbas<\/td>\n<td width=\"146\">8.50 \u2013 9.05 Runas att\u012bst\u012b\u0161ana<\/td>\n<td width=\"135\">8.50 \u2013 9.00 Literat\u016bra<\/td>\n<\/tr>\n<tr>\n<td width=\"134\">9.10 \u2013 9.25 Sports ( z\u0101l\u0113)<\/td>\n<td width=\"140\">9.13. \u2013 9.25 Konstru\u0113\u0161ana<\/td>\n<td width=\"137\">9.10 \u2013 9.20 Veido\u0161ana<\/td>\n<td width=\"146\">9.10 \u2013 9.25 Z\u012bm\u0113\u0161ana<\/td>\n<td width=\"135\">9.15 \u2013 9.30 M\u016bzika (z\u0101l\u0113)<\/td>\n<\/tr>\n<tr>\n<td width=\"134\">9.35- 9.45 Aplic\u0113\u0161ana<\/td>\n<td width=\"140\">9.30 <em>\u016adens, d\u0101rze\u0146i<\/em><\/td>\n<td width=\"137\">9.30 \u2013 9.40 Pirksti\u0146u rota\u013cas<\/td>\n<td width=\"146\">9.30 \u2013 9.40 Iepaz\u012bstin\u0101\u0161ana ar apk\u0101rtni<\/td>\n<td width=\"135\">9.35 \u2013 9.40 Artikul\u0101cijas ap. vingrin.<\/td>\n<\/tr>\n<tr>\n<td width=\"134\">9.50 <em>\u016adens, d\u0101rze\u0146i<\/em><\/td>\n<td width=\"140\">9.45 \u2013 10.00 M\u016bzika (grup\u0101)<\/td>\n<td width=\"137\">9.45 <em>\u016adens, d\u0101rze\u0146i<\/em><\/td>\n<td width=\"146\">9.45 <em>\u016adens, d\u0101rze\u0146i<\/em><\/td>\n<td width=\"135\">9.45 <em>\u016adens, d\u0101rze\u0146i<\/em><\/td>\n<\/tr>\n<tr>\n<td width=\"134\">15.50 Artikul\u0101cijas ap.\u00a0\u00a0\u00a0\u00a0 vingrin.<\/td>\n<td width=\"140\">15.50 Artikul\u0101cijas ap.\u00a0\u00a0\u00a0\u00a0 vingrin.<\/td>\n<td width=\"137\">10.40 \u2013 10.50 Sports (laukum\u0101)<\/td>\n<td width=\"146\">10.45 \u2013 10.55 Kust\u012bbu rota\u013cas<\/td>\n<td width=\"135\">10.45 \u2013 10.55 Kust\u012bbu rota\u013cas<\/td>\n<\/tr>\n<tr>\n<td width=\"134\">16.00 \u2013 16.10 Aplic\u0113\u0161ana<\/td>\n<td width=\"140\">16.00 \u2013 16.10 Konstru\u0113\u0161ana<\/td>\n<td width=\"137\">15.50 Artikul\u0101cijas ap.\u00a0\u00a0\u00a0\u00a0 vingrin.<\/td>\n<td width=\"146\">15.50 \u2013 16.00 Z\u012bm\u0113\u0161ana<\/td>\n<td width=\"135\">15.50 \u2013 16.00 Literat\u016bra<\/td>\n<\/tr>\n<tr>\n<td width=\"134\">&nbsp;<\/td>\n<td width=\"140\">&nbsp;<\/td>\n<td width=\"137\">16.00 \u2013 16.10 Veido\u0161ana<\/td>\n<td width=\"146\">16.10 \u2013 16.25 Ritmika<\/td>\n<td width=\"135\">16.05 artikul\u0101cijas ap. vingrin.<\/td>\n<\/tr>\n<\/tbody>\n<\/table>\n<\/td>\n<\/tr>\n<\/tbody>\n<\/table>\n<p>&nbsp;<\/p>\n<p><strong>M\u0101c\u012bbu jomas vienai ned\u0113\u013cai\u00a0 grup\u0101: <\/strong><\/p>\n<ol>\n<li>Valodu m\u0101c\u012bbu joma\u00a0<em> <strong>(latvie\u0161u valoda)<\/strong><\/em><\/li>\n<li>Soci\u0101l\u0101 un pilsonisk\u0101 m\u0101c\u012bbu joma<br \/>\n<strong><em>(iepaz\u012bstin\u0101\u0161ana ar apk\u0101rtni)<\/em><\/strong><\/li>\n<li>Kult\u016bras izpratnes un pa\u0161izpausmes<br \/>\nm\u0101ksl\u0101 m\u0101c\u012bbu joma\u00a0<strong><em>(z\u012bm\u0113\u0161ana, m\u016bzika, literat\u016bra)<\/em><\/strong><\/li>\n<li>Dabas zin\u012bbu m\u0101c\u012bbu joma\u00a0<strong><em>(iepaz\u012bstin\u0101\u0161ana ar dabu)<\/em><\/strong><\/li>\n<li>Matem\u0101tikas m\u0101c\u012bbu joma\u00a0<strong><em>(matem\u0101tika)<\/em><\/strong><\/li>\n<li>Tehnolo\u0123iju m\u0101c\u012bbu joma<em><strong>(veido\u0161ana, aplic\u0113\u0161ana, konstru\u0113\u0161ana, rokdarbi)<\/strong><\/em><\/li>\n<li>Vesel\u012bbas un fizisk\u0101s aktivit\u0101tes m\u0101c\u012bbu joma\u00a0<strong><em>(sports)<\/em><\/strong><\/li>\n<\/ol>\n<p>&nbsp;<\/p>\n<table>\n<tbody>\n<tr>\n<td width=\"583\">\n<table width=\"100%\">\n<tbody>\n<tr>\n<td><strong>Pirmsskolas izgl\u012bt\u012bbas skolot\u0101ji atbild par izgl\u012bt\u012bbas satura apguvi <\/strong>rota\u013cnodarb\u012bb\u0101s ar integr\u0113tu m\u0101c\u012bbu saturu b\u0113rna fiziskai un soci\u0101lai att\u012bst\u012bbai m\u0101c\u012bbu jom\u0101s <strong>visas dienas garum\u0101.<\/strong><\/td>\n<\/tr>\n<\/tbody>\n<\/table>\n<\/td>\n<\/tr>\n<\/tbody>\n<\/table>\n<p>&nbsp;<\/p>\n<p>&nbsp;<\/p>\n<p style=\"text-align: center;\"><strong>\u00a0<\/strong><\/p>\n<table>\n<tbody>\n<tr>\n<td width=\"294\"><\/td>\n<td width=\"274\"><\/td>\n<\/tr>\n<tr>\n<td width=\"294\"><\/td>\n<td width=\"274\"><\/td>\n<\/tr>\n<tr>\n<td width=\"294\"><\/td>\n<td width=\"274\"><\/td>\n<\/tr>\n<tr>\n<td width=\"294\"><\/td>\n<td width=\"274\"><\/td>\n<\/tr>\n<tr>\n<td width=\"294\"><\/td>\n<td width=\"274\"><\/td>\n<\/tr>\n<tr>\n<td width=\"294\"><\/td>\n<td width=\"274\"><\/td>\n<\/tr>\n<tr>\n<td width=\"294\"><\/td>\n<td width=\"274\"><\/td>\n<\/tr>\n<tr>\n<td width=\"294\"><\/td>\n<td width=\"274\"><\/td>\n<\/tr>\n<tr>\n<td width=\"294\"><\/td>\n<td width=\"274\"><\/td>\n<\/tr>\n<tr>\n<td width=\"294\"><\/td>\n<td width=\"274\"><\/td>\n<\/tr>\n<tr>\n<td width=\"294\"><\/td>\n<td width=\"274\"><\/td>\n<\/tr>\n<tr>\n<td width=\"294\"><\/td>\n<td width=\"274\"><\/td>\n<\/tr>\n<\/tbody>\n<\/table>\n<p style=\"text-align: center;\"><strong>\u00a0<\/strong><\/p>\n<p><strong>\u00a0<\/strong><\/p>\n","protected":false},"excerpt":{"rendered":"<p>R\u0113zeknes pirmsskolas izgl\u012bt\u012bbas iest\u0101des ,,Varav\u012bksne\u201d 1.jaun\u0101k\u0101 grupa ,,L\u0101c\u0113ni\u201d Grupu ,,L\u0101c\u0113ni\u201d apmekl\u0113 b\u0113rni no 1,5\u00a0 l\u012bdz 2,5 gadu vecumam. Grup\u0101 ,,L\u0101c\u0113ni\u201d str\u0101d\u0101 pirmsskolas skolot\u0101jas: Lilita Ladus\u0101ne, L\u012bga Novika pirmsskolas skolot\u0101ja pal\u012bgs Sanita Kromere. Pirmsskolas izgl\u012bt\u012bbas iest\u0101de \u012bsteno pirmsskolas izgl\u012bt\u012bbas programmu, kas balst\u012bta uz vispus\u012bgu b\u0113rna att\u012bst\u012bbu, iev\u0113rojot vi\u0146a vajadz\u012bbas, intereses, sp\u0113jas un pieredzi un liekot pamatus [&hellip;]<\/p>\n","protected":false},"author":1,"featured_media":0,"parent":32,"menu_order":0,"comment_status":"closed","ping_status":"closed","template":"","meta":{"footnotes":""},"class_list":["post-252","page","type-page","status-publish","hentry"],"_links":{"self":[{"href":"https:\/\/varaviksne.rezeknesip.lv\/index.php\/wp-json\/wp\/v2\/pages\/252","targetHints":{"allow":["GET"]}}],"collection":[{"href":"https:\/\/varaviksne.rezeknesip.lv\/index.php\/wp-json\/wp\/v2\/pages"}],"about":[{"href":"https:\/\/varaviksne.rezeknesip.lv\/index.php\/wp-json\/wp\/v2\/types\/page"}],"author":[{"embeddable":true,"href":"https:\/\/varaviksne.rezeknesip.lv\/index.php\/wp-json\/wp\/v2\/users\/1"}],"replies":[{"embeddable":true,"href":"https:\/\/varaviksne.rezeknesip.lv\/index.php\/wp-json\/wp\/v2\/comments?post=252"}],"version-history":[{"count":53,"href":"https:\/\/varaviksne.rezeknesip.lv\/index.php\/wp-json\/wp\/v2\/pages\/252\/revisions"}],"predecessor-version":[{"id":20472,"href":"https:\/\/varaviksne.rezeknesip.lv\/index.php\/wp-json\/wp\/v2\/pages\/252\/revisions\/20472"}],"up":[{"embeddable":true,"href":"https:\/\/varaviksne.rezeknesip.lv\/index.php\/wp-json\/wp\/v2\/pages\/32"}],"wp:attachment":[{"href":"https:\/\/varaviksne.rezeknesip.lv\/index.php\/wp-json\/wp\/v2\/media?parent=252"}],"curies":[{"name":"wp","href":"https:\/\/api.w.org\/{rel}","templated":true}]}}