{"id":260,"date":"2018-11-13T08:57:37","date_gmt":"2018-11-13T08:57:37","guid":{"rendered":"http:\/\/varaviksne.rezeknesip.lv\/?page_id=260"},"modified":"2025-12-03T15:28:31","modified_gmt":"2025-12-03T12:28:31","slug":"marite","status":"publish","type":"page","link":"https:\/\/varaviksne.rezeknesip.lv\/index.php\/grupas\/marite\/","title":{"rendered":"M\u0101r\u012bte"},"content":{"rendered":"<p><strong>Grupa \u201cM\u0101r\u012bte\u201d<\/strong><\/p>\n<p>Grupu apmekl\u0113 5 gadu veci zin\u0101tk\u0101ri, rado\u0161i, draudz\u012bgi un talant\u012bgi b\u0113rni.<\/p>\n<ul>\n<li>Lielu uzman\u012bbu piev\u0113r\u0161am b\u0113rnu dro\u0161\u012bbai. Organiz\u0113jam m\u0101c\u012bbu pastaigas pie krustojuma, si\u017eeta lomu sp\u0113les, galda sp\u0113les, grupas noteikumi utt.<\/li>\n<li>B\u0113rni ir dabas draugi un p\u0113tnieki. V\u0113ro dz\u012bv\u0101s un nedz\u012bv\u0101s dabas objektus, dab\u0101 notieko\u0161\u0101s izmai\u0146as, eksperiment\u0113, p\u0113ta un izzina apk\u0101rtni. R\u016bp\u0113jas par telpaugiem un ziv\u012bm dz\u012bv\u0101s dabas st\u016br\u012bt\u012b. Piedal\u0101s tuv\u0101k\u0101s apk\u0101rtnes sakop\u0161an\u0101. Pavasar\u012b d\u0101rz\u0101 st\u0101da un s\u0113j s\u0113klas, vasar\u0101 r\u016bp\u0113jas par d\u0101rzu. B\u0113rni ar interesi v\u0113ro k\u0101 d\u012bgts, aug, zied un nogatavojas d\u0101rze\u0146i.<\/li>\n<li>B\u0113rni izzina savu dzimto pils\u0113tu, iepaz\u012bstas ar apk\u0101rt\u0113jo vidi. Tas rosina b\u0113rnus dom\u0101t un savas emocijas aprakst\u012bt v\u0101rdos, sniedz jaunas zin\u0101\u0161anas, k\u0101 ar\u012b audzina m\u012blest\u012bbu, patriotisk\u0101s j\u016btas pret dzimto pils\u0113tu, valsti un t\u0101s kult\u016bru.<\/li>\n<li>Grup\u0101 \u201eM\u0101r\u012bte\u201d sv\u0113tki tiek gaid\u012bti ar \u012bpa\u0161i lielu prieku. Kop\u012bgi svinam gadsk\u0101rtu sv\u0113tkus. Pie mums n\u0101k ciemos Mi\u0137elis, M\u0101rti\u0146\u0161, Ziemassv\u0113tku r\u016b\u0137is un Lieldienu za\u0137is. Ziemassv\u0113tku klus\u0101 laik\u0101 sve\u010du gaism\u0101 las\u0101m skaistas latvie\u0161u tautas pasakas. Svinam b\u0113rnu dzim\u0161anas dienas un v\u0101rda dienas.<\/li>\n<li>B\u0113rni ar lielu interesi piedal\u0101s da\u017e\u0101dos konkursos, izst\u0101d\u0113s. Darbojoties ar da\u017e\u0101diem materi\u0101liem, b\u0113rni att\u012bsta izt\u0113li un fant\u0101ziju.<\/li>\n<\/ul>\n<p><u>Grupas \u201cM\u0101r\u012bte\u201d darbinieki:<\/u><\/p>\n<p>Pirmsskolas skolot\u0101ja: <strong>Skaidr\u012bte Jer\u0161ova<\/strong><\/p>\n<p>Pirmsskolas skolot\u0101ja: <strong>Ineta Urt\u0101ne<\/strong>.<\/p>\n<p>Pirmsskolas skolot\u0101ja pal\u012bgs: <strong>Tatjana Agule.<\/strong><\/p>\n<p>Grupas \u201eM\u0101r\u012bte\u201d noteikumi<\/p>\n<p><img loading=\"lazy\" decoding=\"async\" class=\"aligncenter wp-image-7911\" src=\"http:\/\/varaviksne.rezeknesip.lv\/wp-content\/uploads\/2022\/02\/noteikumi.jpg\" alt=\"\" width=\"471\" height=\"794\" srcset=\"https:\/\/varaviksne.rezeknesip.lv\/wp-content\/uploads\/2022\/02\/noteikumi.jpg 2274w, https:\/\/varaviksne.rezeknesip.lv\/wp-content\/uploads\/2022\/02\/noteikumi-178x300.jpg 178w, https:\/\/varaviksne.rezeknesip.lv\/wp-content\/uploads\/2022\/02\/noteikumi-768x1294.jpg 768w, https:\/\/varaviksne.rezeknesip.lv\/wp-content\/uploads\/2022\/02\/noteikumi-608x1024.jpg 608w, https:\/\/varaviksne.rezeknesip.lv\/wp-content\/uploads\/2022\/02\/noteikumi-14x24.jpg 14w, https:\/\/varaviksne.rezeknesip.lv\/wp-content\/uploads\/2022\/02\/noteikumi-21x36.jpg 21w, https:\/\/varaviksne.rezeknesip.lv\/wp-content\/uploads\/2022\/02\/noteikumi-28x48.jpg 28w\" sizes=\"auto, (max-width: 471px) 100vw, 471px\" \/><\/p>\n<p style=\"text-align: center;\">Dabaszin\u012bbu centrs<\/p>\n<p><img loading=\"lazy\" decoding=\"async\" class=\"aligncenter wp-image-7912\" src=\"http:\/\/varaviksne.rezeknesip.lv\/wp-content\/uploads\/2022\/02\/dabas-centrs.jpg\" alt=\"\" width=\"466\" height=\"711\" srcset=\"https:\/\/varaviksne.rezeknesip.lv\/wp-content\/uploads\/2022\/02\/dabas-centrs.jpg 2926w, https:\/\/varaviksne.rezeknesip.lv\/wp-content\/uploads\/2022\/02\/dabas-centrs-197x300.jpg 197w, https:\/\/varaviksne.rezeknesip.lv\/wp-content\/uploads\/2022\/02\/dabas-centrs-768x1171.jpg 768w, https:\/\/varaviksne.rezeknesip.lv\/wp-content\/uploads\/2022\/02\/dabas-centrs-671x1024.jpg 671w, https:\/\/varaviksne.rezeknesip.lv\/wp-content\/uploads\/2022\/02\/dabas-centrs-16x24.jpg 16w, https:\/\/varaviksne.rezeknesip.lv\/wp-content\/uploads\/2022\/02\/dabas-centrs-24x36.jpg 24w, https:\/\/varaviksne.rezeknesip.lv\/wp-content\/uploads\/2022\/02\/dabas-centrs-31x48.jpg 31w\" sizes=\"auto, (max-width: 466px) 100vw, 466px\" \/><\/p>\n<p style=\"text-align: center;\">Valodas centrs<\/p>\n<p><img loading=\"lazy\" decoding=\"async\" class=\"aligncenter wp-image-7913\" src=\"http:\/\/varaviksne.rezeknesip.lv\/wp-content\/uploads\/2022\/02\/valodas-centrs.jpg\" alt=\"\" width=\"615\" height=\"413\" srcset=\"https:\/\/varaviksne.rezeknesip.lv\/wp-content\/uploads\/2022\/02\/valodas-centrs.jpg 4313w, https:\/\/varaviksne.rezeknesip.lv\/wp-content\/uploads\/2022\/02\/valodas-centrs-300x202.jpg 300w, https:\/\/varaviksne.rezeknesip.lv\/wp-content\/uploads\/2022\/02\/valodas-centrs-768x516.jpg 768w, https:\/\/varaviksne.rezeknesip.lv\/wp-content\/uploads\/2022\/02\/valodas-centrs-1024x688.jpg 1024w, https:\/\/varaviksne.rezeknesip.lv\/wp-content\/uploads\/2022\/02\/valodas-centrs-24x16.jpg 24w, https:\/\/varaviksne.rezeknesip.lv\/wp-content\/uploads\/2022\/02\/valodas-centrs-36x24.jpg 36w, https:\/\/varaviksne.rezeknesip.lv\/wp-content\/uploads\/2022\/02\/valodas-centrs-48x32.jpg 48w\" sizes=\"auto, (max-width: 615px) 100vw, 615px\" \/><\/p>\n<p style=\"text-align: center;\">Matem\u0101tikas centrs<\/p>\n<p><img loading=\"lazy\" decoding=\"async\" class=\"aligncenter size-full wp-image-7914\" src=\"http:\/\/varaviksne.rezeknesip.lv\/wp-content\/uploads\/2022\/02\/matem\u0101tikas-centrs.jpg\" alt=\"\" width=\"874\" height=\"636\" srcset=\"https:\/\/varaviksne.rezeknesip.lv\/wp-content\/uploads\/2022\/02\/matem\u0101tikas-centrs.jpg 874w, https:\/\/varaviksne.rezeknesip.lv\/wp-content\/uploads\/2022\/02\/matem\u0101tikas-centrs-300x218.jpg 300w, https:\/\/varaviksne.rezeknesip.lv\/wp-content\/uploads\/2022\/02\/matem\u0101tikas-centrs-768x559.jpg 768w, https:\/\/varaviksne.rezeknesip.lv\/wp-content\/uploads\/2022\/02\/matem\u0101tikas-centrs-24x17.jpg 24w, https:\/\/varaviksne.rezeknesip.lv\/wp-content\/uploads\/2022\/02\/matem\u0101tikas-centrs-36x26.jpg 36w, https:\/\/varaviksne.rezeknesip.lv\/wp-content\/uploads\/2022\/02\/matem\u0101tikas-centrs-48x35.jpg 48w\" sizes=\"auto, (max-width: 874px) 100vw, 874px\" \/><\/p>\n<p>No c\u012bru\u013ca es dzied\u0101t m\u0101c\u012b\u0161os,<br \/>\nNo purva b\u0113rza augt, no liep\u0101m zied\u0113t,<br \/>\nNo r\u012bta ausmas \u2013 tum\u0161as domas klied\u0113t.<br \/>\nNo darba bites str\u0101d\u0101t m\u0101c\u012b\u0161os,<br \/>\nNo lauka ziediem \u2013 d\u0101v\u0101t citiem prieku,<br \/>\nNo akmens \u2013 klus\u0113t, neteikt v\u0101rdu lieku.<br \/>\nNo avota k\u013c\u016bt skaidram m\u0101c\u012b\u0161os,<br \/>\nNo tor\u0146a smail\u0113m- lepni aug\u0161up celties,<br \/>\nNo kalnu gr\u0113d\u0101m \u2013 drusk\u0101s nesa\u0161\u0137elties.<br \/>\nNo rudzu asna drosmi m\u0101c\u012b\u0161os,<br \/>\nNo zieme\u013czvaigznes \u2013 patst\u0101v\u012bbu cietu,<br \/>\nNo g\u0101ju putniem \u2013 m\u012bl\u0113t dzimto vietu.<br \/>\nNo kalnu strauta steigties m\u0101c\u012b\u0161os,<br \/>\nNo kalna priedes \u2013 neliekties nevienam.<br \/>\nNo pu\u0137es pumpurus v\u0113rt m\u0101c\u012b\u0161os,<br \/>\nNo varav\u012bksnes daudzkr\u0101sainu tiltu celt.<br \/>\nNo m\u0101mi\u0146as es \u0161\u016bp\u013ca dziesmu m\u0101c\u012b\u0161os,<br \/>\nNo t\u0113ta- dro\u0161sird\u012bgam b\u016bt un v\u0113j\u0101 nesaliekties.<br \/>\nNo vect\u0113ti\u0146a, vecm\u0101mi\u0146as labest\u012bbu m\u0101c\u012b\u0161os,<br \/>\nNo saules \u2013 gai\u0161umu dot katrai dienai.<\/p>\n<p><img loading=\"lazy\" decoding=\"async\" class=\"alignnone wp-image-522\" src=\"http:\/\/varaviksne.rezeknesip.lv\/wp-content\/uploads\/2019\/10\/marite1-300x290.jpg\" alt=\"\" width=\"119\" height=\"115\" srcset=\"https:\/\/varaviksne.rezeknesip.lv\/wp-content\/uploads\/2019\/10\/marite1-300x290.jpg 300w, https:\/\/varaviksne.rezeknesip.lv\/wp-content\/uploads\/2019\/10\/marite1-24x24.jpg 24w, https:\/\/varaviksne.rezeknesip.lv\/wp-content\/uploads\/2019\/10\/marite1-36x36.jpg 36w, https:\/\/varaviksne.rezeknesip.lv\/wp-content\/uploads\/2019\/10\/marite1-48x46.jpg 48w, https:\/\/varaviksne.rezeknesip.lv\/wp-content\/uploads\/2019\/10\/marite1.jpg 626w\" sizes=\"auto, (max-width: 119px) 100vw, 119px\" \/>\u00a0\u00a0\u00a0\u00a0\u00a0\u00a0\u00a0\u00a0\u00a0\u00a0 <strong>M\u0101c\u012bbu jomas vienai ned\u0113\u013cai grup\u0101 &#8220;M\u0101r\u012bte&#8221;<\/strong><\/p>\n<ol>\n<li><em> \u00a0\u00a0\u00a0\u00a0 <\/em>Valodu m\u0101c\u012bbu joma<em> ( latvie\u0161u valoda)<\/em><\/li>\n<li>Soci\u0101l\u0101 un pilsonisk\u0101 m\u0101c\u012bbu joma <em>(iepaz\u012bstin\u0101\u0161ana ar apk\u0101rtni)<\/em><\/li>\n<li>Kult\u016bras izpratnes un pa\u0161izpausmes m\u0101ksl\u0101 m\u0101c\u012bbu joma <em>(z\u012bm\u0113\u0161ana, m\u016bzika, literat\u016bra)<\/em><\/li>\n<li>Dabaszin\u012bbu m\u0101c\u012bbu joma <em>(iepaz\u012bstin\u0101\u0161ana ar dabu)<\/em><\/li>\n<li>Matem\u0101tikas m\u0101c\u012bbu joma <em>(matem\u0101tika)<\/em><\/li>\n<li>Tehnolo\u0123iju m\u0101c\u012bbu joma<em> (veido\u0161ana, aplic\u0113\u0161ana, konstru\u0113\u0161ana, rokdarbi)<\/em><\/li>\n<li>Vesel\u012bbas un fizisk\u0101s aktivit\u0101tes m\u0101c\u012bbu joma <em>(sports 5x ned\u0113\u013c\u0101:2<\/em><em> sports-z\u0101l\u0113,\u00a0 1 sports- sporta laukum\u0101, 2 x sporta sp\u0113les laukum\u0101)<\/em><\/li>\n<\/ol>\n<p><img loading=\"lazy\" decoding=\"async\" class=\"alignright wp-image-523\" src=\"http:\/\/varaviksne.rezeknesip.lv\/wp-content\/uploads\/2019\/10\/marite2-291x300.jpg\" alt=\"\" width=\"125\" height=\"129\" srcset=\"https:\/\/varaviksne.rezeknesip.lv\/wp-content\/uploads\/2019\/10\/marite2-291x300.jpg 291w, https:\/\/varaviksne.rezeknesip.lv\/wp-content\/uploads\/2019\/10\/marite2-24x24.jpg 24w, https:\/\/varaviksne.rezeknesip.lv\/wp-content\/uploads\/2019\/10\/marite2-36x36.jpg 36w, https:\/\/varaviksne.rezeknesip.lv\/wp-content\/uploads\/2019\/10\/marite2.jpg 466w\" sizes=\"auto, (max-width: 125px) 100vw, 125px\" \/><\/p>\n<p><strong>Pirmsskolas izgl\u012bt\u012bbas skolot\u0101ji atbild par izgl\u012bt\u012bbas satura apguvi <\/strong>rota\u013cnodarb\u012bb\u0101s ar integr\u0113tu m\u0101c\u012bbu saturu b\u0113rna fiziskai un soci\u0101lai att\u012bst\u012bbai m\u0101c\u012bbu jom\u0101s <strong>visas dienas garum\u0101.<\/strong><\/p>\n<p><img loading=\"lazy\" decoding=\"async\" class=\"alignnone wp-image-401\" src=\"http:\/\/varaviksne.rezeknesip.lv\/wp-content\/uploads\/2019\/10\/zucok.jpg\" alt=\"\" width=\"136\" height=\"70\" srcset=\"https:\/\/varaviksne.rezeknesip.lv\/wp-content\/uploads\/2019\/10\/zucok.jpg 268w, https:\/\/varaviksne.rezeknesip.lv\/wp-content\/uploads\/2019\/10\/zucok-24x12.jpg 24w, https:\/\/varaviksne.rezeknesip.lv\/wp-content\/uploads\/2019\/10\/zucok-36x19.jpg 36w, https:\/\/varaviksne.rezeknesip.lv\/wp-content\/uploads\/2019\/10\/zucok-48x25.jpg 48w\" sizes=\"auto, (max-width: 136px) 100vw, 136px\" \/><\/p>\n<p><strong>DIENAS GAITA<\/strong><\/p>\n<p>2025.\/2026.m.g.<\/p>\n<p><strong>GRUPA \u201cM\u0100R\u012aTE\u201d<\/strong>( 5 GADI)<\/p>\n<p>&nbsp;<\/p>\n<table>\n<tbody>\n<tr>\n<td width=\"406\">Pie\u0146em\u0161ana, individu\u0101lais darbs<\/td>\n<td width=\"173\">7.00 \u2013 7.50<\/td>\n<\/tr>\n<tr>\n<td width=\"406\">R\u012bta aplis<\/td>\n<td width=\"173\">7.50<\/td>\n<\/tr>\n<tr>\n<td width=\"406\">R\u012bta rosme<\/td>\n<td width=\"173\">8.03 \u2013 8.13<\/td>\n<\/tr>\n<tr>\n<td width=\"406\"><strong>Brokastis<\/strong><\/td>\n<td width=\"173\"><strong>8.20 \u2013 8.35<\/strong><\/td>\n<\/tr>\n<tr>\n<td width=\"406\">Rota\u013cnodarb\u012bbas<\/td>\n<td width=\"173\">8.40 \u2013 10.30<\/td>\n<\/tr>\n<tr>\n<td width=\"406\">\u00a0 Sagatavo\u0161an\u0101s pastaigai, pastaiga\/ sliktu laika<\/p>\n<p>apst\u0101k\u013cu gad\u012bjum\u0101 tiek organiz\u0113tas aktivit\u0101tes z\u0101l\u0113\/<\/td>\n<td width=\"173\">10.35 \u2013 12.05<\/td>\n<\/tr>\n<tr>\n<td width=\"406\"><strong>Pusdienas<\/strong><\/td>\n<td width=\"173\"><strong>12.10 \u2013 12.30<\/strong><\/td>\n<\/tr>\n<tr>\n<td width=\"406\">Sagatavo\u0161an\u0101s atp\u016btai, atp\u016bta<\/td>\n<td width=\"173\">L\u012bdz 14.45<\/td>\n<\/tr>\n<tr>\n<td width=\"406\">Cel\u0161an\u0101s, gaisa proced\u016bras<\/td>\n<td width=\"173\">14.45 \u2013 14.55<\/td>\n<\/tr>\n<tr>\n<td width=\"406\"><strong>Launags<\/strong><\/td>\n<td width=\"173\"><strong>15.10 \u2013\u00a0 15.30<\/strong><\/td>\n<\/tr>\n<tr>\n<td width=\"406\">Vakara aplis, <strong>pastaiga<\/strong> ja ir labie laika apst\u0101k\u013ci, sp\u0113les, individu\u0101lais darbs<\/td>\n<td width=\"173\">L\u012bdz 18.00<\/td>\n<\/tr>\n<tr>\n<td width=\"406\">&nbsp;<\/td>\n<td width=\"173\"><strong>piektdien\u0101s<\/strong><\/p>\n<p>sagatavo\u0161ana pastaigai, pastaiga<\/p>\n<p>10.00 \u2013 11.20;<\/p>\n<p>1 rota\u013cnodarb\u012bba<\/p>\n<p>notiks 11.35 \u2013 12.05<\/td>\n<\/tr>\n<\/tbody>\n<\/table>\n<p>&nbsp;<\/p>\n<p><strong>K\u0101rt\u012bba k\u0101d\u0101 PII \u201cVarav\u012bksne\u201d b\u0113rni <u>neiet<\/u> pastaig\u0101s:<\/strong><\/p>\n<ol>\n<li>Kad \u0101r\u0101 gaisa temperat\u016bra ir -15<sup>0<\/sup> \u2013b\u0113rni vecum\u0101 no 3 l\u012bdz 7 gadiem.<\/li>\n<li>Kad \u0101r\u0101 ir stiprs v\u0113j\u0161.<\/li>\n<li>Kad smidzina vai l\u012bst lietus, bet ja b\u0113rni jau bija \u0101r\u0101, tad dr\u012bkst izmantot nojumi.<\/li>\n<li>Kad ir sniega putenis un citi nelabv\u0113l\u012bgi apst\u0101k\u013ci.<\/li>\n<\/ol>\n<p>&nbsp;<\/p>\n<p><strong>Tad pastaigu viet\u0101 notiek sporta aktivit\u0101tes z\u0101l\u0113 vai sp\u0113les grup\u0101.<\/strong><\/p>\n<p style=\"text-align: center;\"><strong>Grupa \u201eM\u0101r\u012bte\u201d (b\u0113rnu vecums \u2013 5 gadi)<\/strong><\/p>\n<p style=\"text-align: center;\"><strong>M\u0101c\u012bbu nodarb\u012bbu saraksts 2025.\/2026.m.g.<\/strong><\/p>\n<p><strong>\u00a0<\/strong><strong>R\u012aTA APLIS 7:50<\/strong><\/p>\n<p><strong>R\u012aTA ROSME \u00a0\u00a08.03 \u2013 8.13<\/strong><\/p>\n<table width=\"0\">\n<tbody>\n<tr>\n<td width=\"189\"><strong>Pirmdiena<\/strong><\/td>\n<td width=\"189\"><strong>Otrdiena<\/strong><\/td>\n<td width=\"189\"><strong>Tre\u0161diena<\/strong><\/td>\n<td width=\"189\"><strong>Ceturtdiena<\/strong><\/td>\n<td width=\"234\"><strong>Piektdiena<\/strong><\/td>\n<\/tr>\n<tr>\n<td width=\"189\">8.40 \u2013 9.10<\/p>\n<p>Daba<\/td>\n<td width=\"189\">8.40 \u2013 9.10<\/p>\n<p>Runa<\/td>\n<td width=\"189\">8.40 \u2013 9.10<\/p>\n<p>Matem\u0101tika<\/td>\n<td width=\"189\">8.40 \u2013 9.10<\/p>\n<p>Literat\u016bra<\/td>\n<td width=\"234\">8.40 \u2013 9.10<\/p>\n<p><strong>Sports z\u0101l\u0113<\/strong><\/td>\n<\/tr>\n<tr>\n<td rowspan=\"3\" width=\"189\">9.20 \u2013 9.50<\/p>\n<p>Veido\u0161ana<\/td>\n<td rowspan=\"3\" width=\"189\">9.20 \u2013 9.50<\/p>\n<p>Aplic\u0113\u0161ana<\/td>\n<td rowspan=\"2\" width=\"189\">9.13 &#8211; 9.43<\/p>\n<p>Apk\u0101rtne<\/td>\n<td rowspan=\"2\" width=\"189\">9.13 \u2013 9.43<\/p>\n<p>Z\u012bm\u0113\u0161ana<\/td>\n<td width=\"234\">9.15 \u2013 9.45<\/p>\n<p>Rokdarbi<\/td>\n<\/tr>\n<tr>\n<td width=\"234\">9.50 \u2013 10.20<\/p>\n<p>Intere\u0161u izgl\u012bt\u012bbas nodarb\u012bba \u201c<strong>Dabaszin\u0101t\u0146u pulci\u0146\u0161<\/strong>\u201d<\/td>\n<\/tr>\n<tr>\n<td width=\"189\">9.48-9:58<\/p>\n<p>\u016adens\/ d\u0101rze\u0146i<\/td>\n<td width=\"189\">9.48-9:58<\/p>\n<p>\u016adens\/ d\u0101rze\u0146i<\/td>\n<td width=\"234\">\u016adens\/ d\u0101rze\u0146i<\/td>\n<\/tr>\n<tr>\n<td width=\"189\">9.55-10.05<\/p>\n<p>\u016adens\/ d\u0101rze\u0146i<\/td>\n<td width=\"189\">9.55-10.05<\/p>\n<p>\u016adens\/ d\u0101rze\u0146i<\/td>\n<td width=\"189\"><strong>10:00 \u2013 10.30 <\/strong><\/p>\n<p><strong>Sports z\u0101l\u0113 <\/strong><\/td>\n<td width=\"189\"><strong>10:00 \u2013 10.30 <\/strong><\/p>\n<p><strong>M\u016bzika<\/strong><\/td>\n<td width=\"234\">*pastaiga<\/p>\n<p>10.<strong>30<\/strong> \u2013 11.20<\/td>\n<\/tr>\n<tr>\n<td width=\"189\">10.10 \u2013 10.30<\/p>\n<p>Tekstpr\u0101t\u012bbas<\/p>\n<p>uzdevumi<\/td>\n<td width=\"189\">10.10 \u2013 10.30<\/p>\n<p>Rakst\u012btprasmju<\/p>\n<p>vingrin\u0101jumi<\/p>\n<p>(valodas jomas SR)<\/td>\n<td width=\"189\"><\/td>\n<td width=\"189\"><em>Sporta aktivit\u0101tes<\/em><\/p>\n<p><em>pastaigas laik\u0101<\/em><\/td>\n<td width=\"234\">&nbsp;<\/p>\n<p>&nbsp;<\/td>\n<\/tr>\n<tr>\n<td width=\"189\">11.05 \u2013 11.35<\/p>\n<p><strong>Sports sporta laukum\u0101 <\/strong><\/td>\n<td width=\"189\"><em>Sporta aktivit\u0101tes<\/em><\/p>\n<p><em>pastaigas laik\u0101<\/em><\/td>\n<td width=\"189\"><\/td>\n<td width=\"189\"><\/td>\n<td width=\"234\"><strong>11.35 \u2013 12.05<\/strong><\/p>\n<p><strong>M\u016bzika<\/strong><\/p>\n<p>&nbsp;<\/td>\n<\/tr>\n<tr>\n<td width=\"189\"><strong>12.00 Dejas <\/strong><\/p>\n<p><strong>\u00a0\u00a0\u00a0\u00a0\u00a0 (pulci\u0146\u0161)<\/strong><\/td>\n<td width=\"189\"><strong>12.10 \u2013 12.35<\/strong><\/p>\n<p><strong>Ang\u013cu valoda<\/strong><\/p>\n<p><strong>(pulci\u0146\u0161)<\/strong><\/td>\n<td width=\"189\"><strong>12.00 Dejas <\/strong><\/p>\n<p><strong>\u00a0\u00a0\u00a0\u00a0\u00a0 (pulci\u0146\u0161)<\/strong><\/td>\n<td width=\"189\"><strong>12.10 \u2013 12.35<\/strong><\/p>\n<p><strong>Ang\u013cu valoda <\/strong><\/p>\n<p><strong>(pulci\u0146\u0161)<\/strong><\/td>\n<td width=\"234\">14.45<\/p>\n<p>Vesel\u012bbas m\u0101c\u012bba<\/td>\n<\/tr>\n<tr>\n<td width=\"189\">15.40 \u2013 16.10 Konstru\u0113\u0161ana<\/td>\n<td width=\"189\"><strong>16.10 \u2013 16.40<\/strong><\/p>\n<p><strong>Ritmika z\u0101l\u0113<\/strong><\/td>\n<td width=\"189\">15.40 \u2013 16.10<\/p>\n<p>R\u0113ki\u0146pr\u0101t\u012bbas uzdevumi<\/td>\n<td width=\"189\"><strong>14.45 \u2013 15.05<\/strong><\/p>\n<p><strong>Ritmika z\u0101l\u0113<\/strong><\/td>\n<td width=\"234\">15.40 \u2013 16.10<\/p>\n<p>Las\u012bt\/Rakst\u012bt prasmju<\/p>\n<p>vingrin\u0101jumi<\/td>\n<\/tr>\n<\/tbody>\n<\/table>\n<p><strong>\u00a0<\/strong><\/p>\n<p><strong>\u00a0<\/strong><\/p>\n<p><img loading=\"lazy\" decoding=\"async\" class=\" wp-image-403 aligncenter\" src=\"http:\/\/varaviksne.rezeknesip.lv\/wp-content\/uploads\/2019\/10\/zucki-300x172.png\" alt=\"\" width=\"218\" height=\"125\" srcset=\"https:\/\/varaviksne.rezeknesip.lv\/wp-content\/uploads\/2019\/10\/zucki-300x172.png 300w, https:\/\/varaviksne.rezeknesip.lv\/wp-content\/uploads\/2019\/10\/zucki-24x14.png 24w, https:\/\/varaviksne.rezeknesip.lv\/wp-content\/uploads\/2019\/10\/zucki-36x21.png 36w, https:\/\/varaviksne.rezeknesip.lv\/wp-content\/uploads\/2019\/10\/zucki-48x27.png 48w, https:\/\/varaviksne.rezeknesip.lv\/wp-content\/uploads\/2019\/10\/zucki.png 386w\" sizes=\"auto, (max-width: 218px) 100vw, 218px\" \/><\/p>\n","protected":false},"excerpt":{"rendered":"<p>Grupa \u201cM\u0101r\u012bte\u201d Grupu apmekl\u0113 5 gadu veci zin\u0101tk\u0101ri, rado\u0161i, draudz\u012bgi un talant\u012bgi b\u0113rni. Lielu uzman\u012bbu piev\u0113r\u0161am b\u0113rnu dro\u0161\u012bbai. Organiz\u0113jam m\u0101c\u012bbu pastaigas pie krustojuma, si\u017eeta lomu sp\u0113les, galda sp\u0113les, grupas noteikumi utt. B\u0113rni ir dabas draugi un p\u0113tnieki. V\u0113ro dz\u012bv\u0101s un nedz\u012bv\u0101s dabas objektus, dab\u0101 notieko\u0161\u0101s izmai\u0146as, eksperiment\u0113, p\u0113ta un izzina apk\u0101rtni. R\u016bp\u0113jas par telpaugiem un [&hellip;]<\/p>\n","protected":false},"author":1,"featured_media":0,"parent":32,"menu_order":0,"comment_status":"closed","ping_status":"closed","template":"","meta":{"footnotes":""},"class_list":["post-260","page","type-page","status-publish","hentry"],"_links":{"self":[{"href":"https:\/\/varaviksne.rezeknesip.lv\/index.php\/wp-json\/wp\/v2\/pages\/260","targetHints":{"allow":["GET"]}}],"collection":[{"href":"https:\/\/varaviksne.rezeknesip.lv\/index.php\/wp-json\/wp\/v2\/pages"}],"about":[{"href":"https:\/\/varaviksne.rezeknesip.lv\/index.php\/wp-json\/wp\/v2\/types\/page"}],"author":[{"embeddable":true,"href":"https:\/\/varaviksne.rezeknesip.lv\/index.php\/wp-json\/wp\/v2\/users\/1"}],"replies":[{"embeddable":true,"href":"https:\/\/varaviksne.rezeknesip.lv\/index.php\/wp-json\/wp\/v2\/comments?post=260"}],"version-history":[{"count":52,"href":"https:\/\/varaviksne.rezeknesip.lv\/index.php\/wp-json\/wp\/v2\/pages\/260\/revisions"}],"predecessor-version":[{"id":20476,"href":"https:\/\/varaviksne.rezeknesip.lv\/index.php\/wp-json\/wp\/v2\/pages\/260\/revisions\/20476"}],"up":[{"embeddable":true,"href":"https:\/\/varaviksne.rezeknesip.lv\/index.php\/wp-json\/wp\/v2\/pages\/32"}],"wp:attachment":[{"href":"https:\/\/varaviksne.rezeknesip.lv\/index.php\/wp-json\/wp\/v2\/media?parent=260"}],"curies":[{"name":"wp","href":"https:\/\/api.w.org\/{rel}","templated":true}]}}