{"id":266,"date":"2018-11-13T08:59:01","date_gmt":"2018-11-13T08:59:01","guid":{"rendered":"http:\/\/varaviksne.rezeknesip.lv\/?page_id=266"},"modified":"2025-09-18T13:38:05","modified_gmt":"2025-09-18T10:38:05","slug":"paldies","status":"publish","type":"page","link":"https:\/\/varaviksne.rezeknesip.lv\/index.php\/mes-stastam\/paldies\/","title":{"rendered":"Paldies"},"content":{"rendered":"<p>&nbsp;<\/p>\r\n<h1><strong>Liels paldies vec\u0101kiem par \u017eal\u016bzij\u0101m!\u00a0<\/strong><\/h1>\r\n<p>Izsak\u0101m lielu pateic\u012bbu Iest\u0101des padomei un vec\u0101kiem par ziedojumiem. Kopsumm\u0101 bija ziedoti 290 EUR. Da\u013cu no maks\u0101juma par \u017eal\u016bzij\u0101m sedz\u0101m no ziedojumu naudas un da\u013cu no iest\u0101des bud\u017eeta.<\/p>\r\n<p>Kop\u0101 m\u0113s paveic\u0101m lielu darbu. Pateicoties Jums iest\u0101des z\u0101l\u0113 ir jaunas kvalitat\u012bvas \u017eal\u016bzijas.<\/p>\r\n<p><img loading=\"lazy\" decoding=\"async\" class=\"aligncenter size-full wp-image-19698\" src=\"http:\/\/varaviksne.rezeknesip.lv\/wp-content\/uploads\/2025\/09\/IMG_20250918_122758-scaled.jpg\" sizes=\"auto, (max-width: 2560px) 100vw, 2560px\" srcset=\"http:\/\/varaviksne.rezeknesip.lv\/wp-content\/uploads\/2025\/09\/IMG_20250918_122758-scaled.jpg 2560w, http:\/\/varaviksne.rezeknesip.lv\/wp-content\/uploads\/2025\/09\/IMG_20250918_122758-300x225.jpg 300w, http:\/\/varaviksne.rezeknesip.lv\/wp-content\/uploads\/2025\/09\/IMG_20250918_122758-1024x769.jpg 1024w, http:\/\/varaviksne.rezeknesip.lv\/wp-content\/uploads\/2025\/09\/IMG_20250918_122758-768x577.jpg 768w, http:\/\/varaviksne.rezeknesip.lv\/wp-content\/uploads\/2025\/09\/IMG_20250918_122758-1536x1153.jpg 1536w, http:\/\/varaviksne.rezeknesip.lv\/wp-content\/uploads\/2025\/09\/IMG_20250918_122758-2048x1538.jpg 2048w, http:\/\/varaviksne.rezeknesip.lv\/wp-content\/uploads\/2025\/09\/IMG_20250918_122758-24x18.jpg 24w, http:\/\/varaviksne.rezeknesip.lv\/wp-content\/uploads\/2025\/09\/IMG_20250918_122758-36x27.jpg 36w, http:\/\/varaviksne.rezeknesip.lv\/wp-content\/uploads\/2025\/09\/IMG_20250918_122758-48x36.jpg 48w\" alt=\"\" width=\"2560\" height=\"1922\" \/><\/p>\r\n<p>&nbsp;<\/p>\r\n<p><strong>2022.gada novembris<\/strong><\/p>\r\n\r\n<p>Sagaidot <em>Latvijas<\/em> Republikas proklam\u0113\u0161anas <em>10<\/em>4. <em>gadadienu<\/em> apsveicam m\u016bsu iest\u0101des jubil\u0101rus:<\/p>\r\n\r\n\r\n\r\n<p>pirmsskolas skolot\u0101ju Allu Ludbor\u017eu 30 gadu darba jubilej\u0101,<\/p>\r\n\r\n\r\n\r\n<p>pirmsskolas skolot\u0101ja pal\u012bgu In\u0101ru Boiko 30 gadu darba jubilej\u0101,<\/p>\r\n\r\n\r\n\r\n<p>ve\u013cas p\u0101rzini Svetlanu Kondakovu 25 gadu darba jubilej\u0101.<\/p>\r\n\r\n\r\n\r\n<p>Iest\u0101des darbinieki ir apbalvoti ar R\u0113zeknes valstspils\u0113tas pa\u0161vald\u012bbas pateic\u012bbas rakstiem\u00a0 par godpr\u0101t\u012bgu,\u00a0 apzin\u012bgu darbu, par ieguld\u012bjumiem iest\u0101des att\u012bst\u012bb\u0101.<\/p>\r\n\r\n\r\n\r\n<p>&nbsp;<\/p>\r\n\r\n\r\n\r\n<figure class=\"wp-block-image size-large\"><img loading=\"lazy\" decoding=\"async\" width=\"768\" height=\"1024\" class=\"wp-image-10143\" src=\"http:\/\/varaviksne.rezeknesip.lv\/wp-content\/uploads\/2022\/11\/1669180876026-768x1024.jpg\" alt=\"\" srcset=\"https:\/\/varaviksne.rezeknesip.lv\/wp-content\/uploads\/2022\/11\/1669180876026-768x1024.jpg 768w, https:\/\/varaviksne.rezeknesip.lv\/wp-content\/uploads\/2022\/11\/1669180876026-225x300.jpg 225w, https:\/\/varaviksne.rezeknesip.lv\/wp-content\/uploads\/2022\/11\/1669180876026-1152x1536.jpg 1152w, https:\/\/varaviksne.rezeknesip.lv\/wp-content\/uploads\/2022\/11\/1669180876026-1536x2048.jpg 1536w, https:\/\/varaviksne.rezeknesip.lv\/wp-content\/uploads\/2022\/11\/1669180876026-18x24.jpg 18w, https:\/\/varaviksne.rezeknesip.lv\/wp-content\/uploads\/2022\/11\/1669180876026-27x36.jpg 27w, https:\/\/varaviksne.rezeknesip.lv\/wp-content\/uploads\/2022\/11\/1669180876026-36x48.jpg 36w, https:\/\/varaviksne.rezeknesip.lv\/wp-content\/uploads\/2022\/11\/1669180876026-scaled.jpg 1920w\" sizes=\"auto, (max-width: 768px) 100vw, 768px\" \/><\/figure>\r\n\r\n\r\n\r\n<p>&nbsp;<\/p>\r\n\r\n<p><strong>2021.gada novembris<\/strong><\/p>\r\n<p>Sagaidot<span class=\"aCOpRe\"> <em>Latvijas<\/em> Republikas proklam\u0113\u0161anas <em>103<\/em>. <em>gadadienu<\/em><\/span> apsveicam m\u016bsu iest\u0101des jubil\u0101rus: pirmsskolas skolot\u0101ju Skaidr\u012bti Jer\u0161ovu 15 gadu darba jubilej\u0101, pirmsskolas m\u016bzikas skolot\u0101ju Irinu Grabovsku 20 gadu darba jubilej\u0101, iest\u0101des vad\u012bt\u0101ju Nata\u013cju Maksimovu 20 gadu darba jubilej\u0101 un pirmsskolas skolot\u0101ja pal\u012bgu Tatjanu Aguli 25 gadu darba jubilej\u0101.<\/p>\r\n<p>Darbinieki ir apbalvota ar R\u0113zeknes pils\u0113tas domes Pateic\u012bbas rakstu\u00a0 par godpr\u0101t\u012bgu,\u00a0 apzin\u012bgu darbu, par ieguld\u012bjumiem iest\u0101des att\u012bst\u012bb\u0101. Paldies visiem par darbu, iej\u016bt\u012bbu un ieguld\u012bjumiem b\u0113rnu un iest\u0101des att\u012bst\u012bb\u0101.<\/p>\r\n<p><img loading=\"lazy\" decoding=\"async\" class=\"aligncenter size-full wp-image-7346\" src=\"http:\/\/varaviksne.rezeknesip.lv\/wp-content\/uploads\/2021\/11\/IMG_20211126_100630.jpg\" alt=\"\" width=\"2736\" height=\"3648\" srcset=\"https:\/\/varaviksne.rezeknesip.lv\/wp-content\/uploads\/2021\/11\/IMG_20211126_100630.jpg 2736w, https:\/\/varaviksne.rezeknesip.lv\/wp-content\/uploads\/2021\/11\/IMG_20211126_100630-225x300.jpg 225w, https:\/\/varaviksne.rezeknesip.lv\/wp-content\/uploads\/2021\/11\/IMG_20211126_100630-768x1024.jpg 768w, https:\/\/varaviksne.rezeknesip.lv\/wp-content\/uploads\/2021\/11\/IMG_20211126_100630-18x24.jpg 18w, https:\/\/varaviksne.rezeknesip.lv\/wp-content\/uploads\/2021\/11\/IMG_20211126_100630-27x36.jpg 27w, https:\/\/varaviksne.rezeknesip.lv\/wp-content\/uploads\/2021\/11\/IMG_20211126_100630-36x48.jpg 36w\" sizes=\"auto, (max-width: 2736px) 100vw, 2736px\" \/><\/p>\r\n<p><img loading=\"lazy\" decoding=\"async\" class=\"aligncenter size-full wp-image-7345\" src=\"http:\/\/varaviksne.rezeknesip.lv\/wp-content\/uploads\/2021\/11\/IMG_20211126_100304.jpg\" alt=\"\" width=\"2736\" height=\"3648\" srcset=\"https:\/\/varaviksne.rezeknesip.lv\/wp-content\/uploads\/2021\/11\/IMG_20211126_100304.jpg 2736w, https:\/\/varaviksne.rezeknesip.lv\/wp-content\/uploads\/2021\/11\/IMG_20211126_100304-225x300.jpg 225w, https:\/\/varaviksne.rezeknesip.lv\/wp-content\/uploads\/2021\/11\/IMG_20211126_100304-768x1024.jpg 768w, https:\/\/varaviksne.rezeknesip.lv\/wp-content\/uploads\/2021\/11\/IMG_20211126_100304-18x24.jpg 18w, https:\/\/varaviksne.rezeknesip.lv\/wp-content\/uploads\/2021\/11\/IMG_20211126_100304-27x36.jpg 27w, https:\/\/varaviksne.rezeknesip.lv\/wp-content\/uploads\/2021\/11\/IMG_20211126_100304-36x48.jpg 36w\" sizes=\"auto, (max-width: 2736px) 100vw, 2736px\" \/><\/p>\r\n<p><img loading=\"lazy\" decoding=\"async\" class=\"aligncenter size-full wp-image-7344\" src=\"http:\/\/varaviksne.rezeknesip.lv\/wp-content\/uploads\/2021\/11\/IMG_20211126_100330.jpg\" alt=\"\" width=\"2736\" height=\"3648\" srcset=\"https:\/\/varaviksne.rezeknesip.lv\/wp-content\/uploads\/2021\/11\/IMG_20211126_100330.jpg 2736w, https:\/\/varaviksne.rezeknesip.lv\/wp-content\/uploads\/2021\/11\/IMG_20211126_100330-225x300.jpg 225w, https:\/\/varaviksne.rezeknesip.lv\/wp-content\/uploads\/2021\/11\/IMG_20211126_100330-768x1024.jpg 768w, https:\/\/varaviksne.rezeknesip.lv\/wp-content\/uploads\/2021\/11\/IMG_20211126_100330-18x24.jpg 18w, https:\/\/varaviksne.rezeknesip.lv\/wp-content\/uploads\/2021\/11\/IMG_20211126_100330-27x36.jpg 27w, https:\/\/varaviksne.rezeknesip.lv\/wp-content\/uploads\/2021\/11\/IMG_20211126_100330-36x48.jpg 36w\" sizes=\"auto, (max-width: 2736px) 100vw, 2736px\" \/><\/p>\r\n<p><img loading=\"lazy\" decoding=\"async\" class=\"aligncenter size-full wp-image-7343\" src=\"http:\/\/varaviksne.rezeknesip.lv\/wp-content\/uploads\/2021\/11\/IMG_20211126_100618.jpg\" alt=\"\" width=\"2736\" height=\"3648\" srcset=\"https:\/\/varaviksne.rezeknesip.lv\/wp-content\/uploads\/2021\/11\/IMG_20211126_100618.jpg 2736w, https:\/\/varaviksne.rezeknesip.lv\/wp-content\/uploads\/2021\/11\/IMG_20211126_100618-225x300.jpg 225w, https:\/\/varaviksne.rezeknesip.lv\/wp-content\/uploads\/2021\/11\/IMG_20211126_100618-768x1024.jpg 768w, https:\/\/varaviksne.rezeknesip.lv\/wp-content\/uploads\/2021\/11\/IMG_20211126_100618-18x24.jpg 18w, https:\/\/varaviksne.rezeknesip.lv\/wp-content\/uploads\/2021\/11\/IMG_20211126_100618-27x36.jpg 27w, https:\/\/varaviksne.rezeknesip.lv\/wp-content\/uploads\/2021\/11\/IMG_20211126_100618-36x48.jpg 36w\" sizes=\"auto, (max-width: 2736px) 100vw, 2736px\" \/><\/p>\r\n<p><strong>2020.gada novembris<\/strong><\/p>\r\n<p>Sagaidot<span class=\"aCOpRe\"> <em>Latvijas<\/em> Republikas proklam\u0113\u0161anas <em>102<\/em>. <em>gadadienu<\/em><\/span> apsveicam m\u016bsu iest\u0101des jubil\u0101ru pirmsskolas skolot\u0101ju Vitu \u010cistjakovu 25 gadu darba jubilej\u0101.<\/p>\r\n<p>Vita \u010cistjakova ir apbalvota ar R\u0113zeknes pils\u0113tas domes Pateic\u012bbas rakstu\u00a0 par godpr\u0101t\u012bgu,\u00a0 apzin\u012bgu darbu, par ieguld\u012bjumiem iest\u0101des att\u012bst\u012bb\u0101.<\/p>\r\n<p><img loading=\"lazy\" decoding=\"async\" class=\"aligncenter size-full wp-image-3897\" src=\"http:\/\/varaviksne.rezeknesip.lv\/wp-content\/uploads\/2020\/11\/IMG_20201117_092336.jpg\" alt=\"\" width=\"3120\" height=\"4160\" srcset=\"https:\/\/varaviksne.rezeknesip.lv\/wp-content\/uploads\/2020\/11\/IMG_20201117_092336.jpg 3120w, https:\/\/varaviksne.rezeknesip.lv\/wp-content\/uploads\/2020\/11\/IMG_20201117_092336-225x300.jpg 225w, https:\/\/varaviksne.rezeknesip.lv\/wp-content\/uploads\/2020\/11\/IMG_20201117_092336-768x1024.jpg 768w, https:\/\/varaviksne.rezeknesip.lv\/wp-content\/uploads\/2020\/11\/IMG_20201117_092336-18x24.jpg 18w, https:\/\/varaviksne.rezeknesip.lv\/wp-content\/uploads\/2020\/11\/IMG_20201117_092336-27x36.jpg 27w, https:\/\/varaviksne.rezeknesip.lv\/wp-content\/uploads\/2020\/11\/IMG_20201117_092336-36x48.jpg 36w\" sizes=\"auto, (max-width: 3120px) 100vw, 3120px\" \/><\/p>\r\n<p><strong>2020.gada oktobris<\/strong><\/p>\r\n<p>Sagaidot Pasaules skolot\u0101ju dienu, sak\u0101m lielu paldies vis\u0101m iest\u0101des skolot\u0101j\u0101m, kuras ar sav\u0101m zin\u0101\u0161an\u0101m, pieredzi, aizraut\u012bbu, rado\u0161\u0101m idej\u0101m dal\u0101s ar b\u0113rniem, sniedzot ieguld\u012bjumu vi\u0146u izaugsm\u0113 un l\u012bdz ar to \u2013 m\u016bsu valsts n\u0101kotn\u0113. Paldies ar\u012b skolot\u0101ju pal\u012bgiem, kuru ieguld\u012bjums b\u0113rnu audzin\u0101\u0161an\u0101 un att\u012bst\u012bb\u0101 ar\u012b ir \u013coti liels.<\/p>\r\n<p>\u0160ogad divas iest\u0101des skolot\u0101jas ir apbalvotas ar R\u0113zeknes pils\u0113tas domes pateic\u012bbu: m\u016bzikas skolot\u0101ja Irina Grabovska un pirmsskolas skolot\u0101ja Skaidr\u012bte Jer\u0161ova.<\/p>\r\n<p><em><strong>Ir m\u0101tes, t\u0113va v\u0101rds mums visiem sv\u0113ts,<\/strong><\/em><\/p>\r\n<p><em><strong>Bet skolot\u0101ja v\u0101rds tiem l\u012bdz\u0101s staro,<\/strong><\/em><\/p>\r\n<p><em><strong>Jo m\u016bs dv\u0113sel\u0113s vislab\u0101kais ir s\u0113ts,<\/strong><\/em><\/p>\r\n<p><em><strong>No s\u0113kl\u0101m pirmaj\u0101m nu birzs un druva zaro.<\/strong><\/em><\/p>\r\n<p><strong>\/Mirdza \u0136empe\/<\/strong><\/p>\r\n<p><img loading=\"lazy\" decoding=\"async\" class=\" wp-image-3350 aligncenter\" src=\"http:\/\/varaviksne.rezeknesip.lv\/wp-content\/uploads\/2020\/10\/IMG_20201002_134126.jpg\" sizes=\"auto, (max-width: 560px) 100vw, 560px\" srcset=\"http:\/\/varaviksne.rezeknesip.lv\/wp-content\/uploads\/2020\/10\/IMG_20201002_134126.jpg 2736w, http:\/\/varaviksne.rezeknesip.lv\/wp-content\/uploads\/2020\/10\/IMG_20201002_134126-225x300.jpg 225w, http:\/\/varaviksne.rezeknesip.lv\/wp-content\/uploads\/2020\/10\/IMG_20201002_134126-768x1024.jpg 768w, http:\/\/varaviksne.rezeknesip.lv\/wp-content\/uploads\/2020\/10\/IMG_20201002_134126-18x24.jpg 18w, http:\/\/varaviksne.rezeknesip.lv\/wp-content\/uploads\/2020\/10\/IMG_20201002_134126-27x36.jpg 27w, http:\/\/varaviksne.rezeknesip.lv\/wp-content\/uploads\/2020\/10\/IMG_20201002_134126-36x48.jpg 36w\" alt=\"\" width=\"560\" height=\"747\" \/><\/p>\r\n<p><img loading=\"lazy\" decoding=\"async\" class=\"aligncenter wp-image-3360\" src=\"http:\/\/varaviksne.rezeknesip.lv\/wp-content\/uploads\/2020\/10\/skaidr\u012bte2.jpg\" sizes=\"auto, (max-width: 557px) 100vw, 557px\" srcset=\"http:\/\/varaviksne.rezeknesip.lv\/wp-content\/uploads\/2020\/10\/skaidr\u012bte2.jpg 2736w, http:\/\/varaviksne.rezeknesip.lv\/wp-content\/uploads\/2020\/10\/skaidr\u012bte2-271x300.jpg 271w, http:\/\/varaviksne.rezeknesip.lv\/wp-content\/uploads\/2020\/10\/skaidr\u012bte2-768x851.jpg 768w, http:\/\/varaviksne.rezeknesip.lv\/wp-content\/uploads\/2020\/10\/skaidr\u012bte2-924x1024.jpg 924w, http:\/\/varaviksne.rezeknesip.lv\/wp-content\/uploads\/2020\/10\/skaidr\u012bte2-22x24.jpg 22w, http:\/\/varaviksne.rezeknesip.lv\/wp-content\/uploads\/2020\/10\/skaidr\u012bte2-32x36.jpg 32w, http:\/\/varaviksne.rezeknesip.lv\/wp-content\/uploads\/2020\/10\/skaidr\u012bte2-43x48.jpg 43w\" alt=\"\" width=\"557\" height=\"617\" \/><\/p>\r\n<p><strong>2019.gada maijs<\/strong><\/p>\r\n<p><em>Pirmsskolas izgl\u012bt\u012bbas iest\u0101des \u201cVarav\u012bksne\u201d kolekt\u012bvs saka paldies<\/em><\/p>\r\n<p><strong><em>Ir\u012bnai Mar\u010dukai<\/em><\/strong><\/p>\r\n<p><em>par pirmsskolas un sporta skolot\u0101jas<\/em><\/p>\r\n<p><em>izcilu darbu 26 gadu garum\u0101!<\/em><\/p>\r\n<p><em>Lai tev pan\u0101kumiem bag\u0101ts jaun\u0101 darba ce\u013c\u0161!<\/em><\/p>\r\n<p><img loading=\"lazy\" decoding=\"async\" class=\"alignnone size-medium wp-image-375\" src=\"http:\/\/varaviksne.rezeknesip.lv\/wp-content\/uploads\/2019\/10\/paldies-300x141.jpg\" alt=\"\" width=\"300\" height=\"141\" srcset=\"https:\/\/varaviksne.rezeknesip.lv\/wp-content\/uploads\/2019\/10\/paldies-300x141.jpg 300w, https:\/\/varaviksne.rezeknesip.lv\/wp-content\/uploads\/2019\/10\/paldies-768x361.jpg 768w, https:\/\/varaviksne.rezeknesip.lv\/wp-content\/uploads\/2019\/10\/paldies-24x11.jpg 24w, https:\/\/varaviksne.rezeknesip.lv\/wp-content\/uploads\/2019\/10\/paldies-36x17.jpg 36w, https:\/\/varaviksne.rezeknesip.lv\/wp-content\/uploads\/2019\/10\/paldies-48x23.jpg 48w, https:\/\/varaviksne.rezeknesip.lv\/wp-content\/uploads\/2019\/10\/paldies.jpg 850w\" sizes=\"auto, (max-width: 300px) 100vw, 300px\" \/><\/p>","protected":false},"excerpt":{"rendered":"<p>&nbsp; Liels paldies vec\u0101kiem par \u017eal\u016bzij\u0101m!\u00a0 Izsak\u0101m lielu pateic\u012bbu Iest\u0101des padomei un vec\u0101kiem par ziedojumiem. Kopsumm\u0101 bija ziedoti 290 EUR. Da\u013cu no maks\u0101juma par \u017eal\u016bzij\u0101m sedz\u0101m no ziedojumu naudas un da\u013cu no iest\u0101des bud\u017eeta. Kop\u0101 m\u0113s paveic\u0101m lielu darbu. Pateicoties Jums iest\u0101des z\u0101l\u0113 ir jaunas kvalitat\u012bvas \u017eal\u016bzijas. &nbsp; 2022.gada novembris Sagaidot Latvijas Republikas proklam\u0113\u0161anas 104. [&hellip;]<\/p>\n","protected":false},"author":1,"featured_media":0,"parent":34,"menu_order":0,"comment_status":"closed","ping_status":"closed","template":"","meta":{"footnotes":""},"class_list":["post-266","page","type-page","status-publish","hentry"],"_links":{"self":[{"href":"https:\/\/varaviksne.rezeknesip.lv\/index.php\/wp-json\/wp\/v2\/pages\/266","targetHints":{"allow":["GET"]}}],"collection":[{"href":"https:\/\/varaviksne.rezeknesip.lv\/index.php\/wp-json\/wp\/v2\/pages"}],"about":[{"href":"https:\/\/varaviksne.rezeknesip.lv\/index.php\/wp-json\/wp\/v2\/types\/page"}],"author":[{"embeddable":true,"href":"https:\/\/varaviksne.rezeknesip.lv\/index.php\/wp-json\/wp\/v2\/users\/1"}],"replies":[{"embeddable":true,"href":"https:\/\/varaviksne.rezeknesip.lv\/index.php\/wp-json\/wp\/v2\/comments?post=266"}],"version-history":[{"count":12,"href":"https:\/\/varaviksne.rezeknesip.lv\/index.php\/wp-json\/wp\/v2\/pages\/266\/revisions"}],"predecessor-version":[{"id":19702,"href":"https:\/\/varaviksne.rezeknesip.lv\/index.php\/wp-json\/wp\/v2\/pages\/266\/revisions\/19702"}],"up":[{"embeddable":true,"href":"https:\/\/varaviksne.rezeknesip.lv\/index.php\/wp-json\/wp\/v2\/pages\/34"}],"wp:attachment":[{"href":"https:\/\/varaviksne.rezeknesip.lv\/index.php\/wp-json\/wp\/v2\/media?parent=266"}],"curies":[{"name":"wp","href":"https:\/\/api.w.org\/{rel}","templated":true}]}}