{"id":5,"date":"2018-09-11T11:54:09","date_gmt":"2018-09-11T11:54:09","guid":{"rendered":"http:\/\/varaviksne.rezeknesip.lv\/?page_id=5"},"modified":"2023-10-26T15:13:55","modified_gmt":"2023-10-26T12:13:55","slug":"home","status":"publish","type":"page","link":"https:\/\/varaviksne.rezeknesip.lv\/","title":{"rendered":"S\u0101kumlapa"},"content":{"rendered":"\t\t<div data-elementor-type=\"wp-post\" data-elementor-id=\"5\" class=\"elementor elementor-5 elementor-bc-flex-widget\">\n\t\t\t\t\t\t<div class=\"elementor-inner\">\n\t\t\t\t<div class=\"elementor-section-wrap\">\n\t\t\t\t\t\t\t\t\t<section class=\"elementor-section elementor-top-section elementor-element elementor-element-3d0a1e3a elementor-section-full_width elementor-section-height-default elementor-section-height-default\" data-id=\"3d0a1e3a\" data-element_type=\"section\">\n\t\t\t\t\t\t<div class=\"elementor-container elementor-column-gap-no\">\n\t\t\t\t\t\t\t<div class=\"elementor-row\">\n\t\t\t\t\t<div class=\"elementor-column elementor-col-100 elementor-top-column elementor-element elementor-element-506f02ec\" data-id=\"506f02ec\" data-element_type=\"column\">\n\t\t\t<div class=\"elementor-column-wrap elementor-element-populated\">\n\t\t\t\t\t\t\t<div class=\"elementor-widget-wrap\">\n\t\t\t\t\t\t<div class=\"elementor-element elementor-element-6c99937 elementor-widget elementor-widget-image\" data-id=\"6c99937\" data-element_type=\"widget\" data-widget_type=\"image.default\">\n\t\t\t\t<div class=\"elementor-widget-container\">\n\t\t\t<style>\/*! elementor - v3.17.0 - 25-10-2023 *\/\n.elementor-widget-image{text-align:center}.elementor-widget-image a{display:inline-block}.elementor-widget-image a img[src$=\".svg\"]{width:48px}.elementor-widget-image img{vertical-align:middle;display:inline-block}<\/style>\t\t\t\t\t<div class=\"elementor-image\">\n\t\t\t\t\t\t\t\t\t\t\t\t<img decoding=\"async\" src=\"http:\/\/varaviksne.rezeknesip.lv\/wp-content\/uploads\/2018\/09\/header.jpg\" title=\"\" alt=\"\" loading=\"lazy\" \/>\t\t\t\t\t\t\t\t\t\t\t\t\t\t<\/div>\n\t\t\t\t\t\t<\/div>\n\t\t\t\t<\/div>\n\t\t\t\t\t\t<\/div>\n\t\t\t\t\t<\/div>\n\t\t<\/div>\n\t\t\t\t\t\t\t\t<\/div>\n\t\t\t\t\t<\/div>\n\t\t<\/section>\n\t\t\t\t<section class=\"elementor-section elementor-top-section elementor-element elementor-element-647e1e7 elementor-section-full_width elementor-section-height-default elementor-section-height-default\" data-id=\"647e1e7\" data-element_type=\"section\">\n\t\t\t\t\t\t<div class=\"elementor-container elementor-column-gap-no\">\n\t\t\t\t\t\t\t<div class=\"elementor-row\">\n\t\t\t\t\t<div class=\"elementor-column elementor-col-100 elementor-top-column elementor-element elementor-element-61ec053\" data-id=\"61ec053\" data-element_type=\"column\">\n\t\t\t<div class=\"elementor-column-wrap\">\n\t\t\t\t\t\t\t<div class=\"elementor-widget-wrap\">\n\t\t\t\t\t\t\t\t<\/div>\n\t\t\t\t\t<\/div>\n\t\t<\/div>\n\t\t\t\t\t\t\t\t<\/div>\n\t\t\t\t\t<\/div>\n\t\t<\/section>\n\t\t\t\t<section class=\"elementor-section elementor-top-section elementor-element elementor-element-f61cd59 elementor-section-boxed elementor-section-height-default elementor-section-height-default\" data-id=\"f61cd59\" data-element_type=\"section\">\n\t\t\t\t\t\t<div class=\"elementor-container elementor-column-gap-default\">\n\t\t\t\t\t\t\t<div class=\"elementor-row\">\n\t\t\t\t\t<div class=\"elementor-column elementor-col-100 elementor-top-column elementor-element elementor-element-0a50e8f\" data-id=\"0a50e8f\" data-element_type=\"column\">\n\t\t\t<div class=\"elementor-column-wrap elementor-element-populated\">\n\t\t\t\t\t\t\t<div class=\"elementor-widget-wrap\">\n\t\t\t\t\t\t<div class=\"elementor-element elementor-element-714d9a6 elementor-widget elementor-widget-wp-widget-recent-posts\" data-id=\"714d9a6\" data-element_type=\"widget\" data-widget_type=\"wp-widget-recent-posts.default\">\n\t\t\t\t<div class=\"elementor-widget-container\">\n\t\t\t\n\t\t\n\t\t<h5>Aktualit\u0101tes<\/h5>\n\t\t<ul>\n\t\t\t\t\t\t\t\t\t\t\t<li>\n\t\t\t\t\t<a href=\"https:\/\/varaviksne.rezeknesip.lv\/index.php\/venden-2026-gada-bernu-zimejumu-konkurss-udens-musu-pasaule\/\">VENDEN 2026. gada b\u0113rnu z\u012bm\u0113jumu konkurss \u201c\u016adens m\u016bsu pasaul\u0113\u201d<\/a>\n\t\t\t\t\t\t\t\t\t\t\t<span class=\"post-date\">11\/04\/2026<\/span>\n\t\t\t\t\t\t\t\t\t<\/li>\n\t\t\t\t\t\t\t\t\t\t\t<li>\n\t\t\t\t\t<a href=\"https:\/\/varaviksne.rezeknesip.lv\/index.php\/grupas-bitite-daliba-projekta-daram-kopa-veseligi\/\">Grupas \u201cBit\u012bte\u201d dal\u012bba \u00a0projekt\u0101 \u201cDar\u0101m kop\u0101 vesel\u012bgi\u201d<\/a>\n\t\t\t\t\t\t\t\t\t\t\t<span class=\"post-date\">10\/04\/2026<\/span>\n\t\t\t\t\t\t\t\t\t<\/li>\n\t\t\t\t\t\t\t\t\t\t\t<li>\n\t\t\t\t\t<a href=\"https:\/\/varaviksne.rezeknesip.lv\/index.php\/nodarbibas-par-emocionalo-un-fizisko-neaizskaramibu\/\">Nodarb\u012bbas par emocion\u0101lo un fizisko neaizskaram\u012bbu<\/a>\n\t\t\t\t\t\t\t\t\t\t\t<span class=\"post-date\">10\/04\/2026<\/span>\n\t\t\t\t\t\t\t\t\t<\/li>\n\t\t\t\t\t\t\t\t\t\t\t<li>\n\t\t\t\t\t<a href=\"https:\/\/varaviksne.rezeknesip.lv\/index.php\/es-manas-emocijas-un-riciba\/\">Es, manas\u00a0 emocijas un\u00a0 r\u012bc\u012bba<\/a>\n\t\t\t\t\t\t\t\t\t\t\t<span class=\"post-date\">10\/04\/2026<\/span>\n\t\t\t\t\t\t\t\t\t<\/li>\n\t\t\t\t\t\t\t\t\t\t\t<li>\n\t\t\t\t\t<a href=\"https:\/\/varaviksne.rezeknesip.lv\/index.php\/macibu-nodarbibas-par-zobu-higienu\/\">M\u0101c\u012bbu nodarb\u012bbas par zobu higi\u0113nu<\/a>\n\t\t\t\t\t\t\t\t\t\t\t<span class=\"post-date\">09\/04\/2026<\/span>\n\t\t\t\t\t\t\t\t\t<\/li>\n\t\t\t\t\t<\/ul>\n\n\t\t\t\t<\/div>\n\t\t\t\t<\/div>\n\t\t\t\t\t\t<\/div>\n\t\t\t\t\t<\/div>\n\t\t<\/div>\n\t\t\t\t\t\t\t\t<\/div>\n\t\t\t\t\t<\/div>\n\t\t<\/section>\n\t\t\t\t<section class=\"elementor-section elementor-top-section elementor-element elementor-element-989d31f elementor-section-boxed elementor-section-height-default elementor-section-height-default\" data-id=\"989d31f\" data-element_type=\"section\">\n\t\t\t\t\t\t<div class=\"elementor-container elementor-column-gap-default\">\n\t\t\t\t\t\t\t<div class=\"elementor-row\">\n\t\t\t\t\t<div class=\"elementor-column elementor-col-100 elementor-top-column elementor-element elementor-element-e36274b\" data-id=\"e36274b\" data-element_type=\"column\">\n\t\t\t<div class=\"elementor-column-wrap elementor-element-populated\">\n\t\t\t\t\t\t\t<div class=\"elementor-widget-wrap\">\n\t\t\t\t\t\t<div class=\"elementor-element elementor-element-05835ca elementor-widget elementor-widget-image-gallery\" data-id=\"05835ca\" data-element_type=\"widget\" data-widget_type=\"image-gallery.default\">\n\t\t\t\t<div class=\"elementor-widget-container\">\n\t\t\t<style>\/*! elementor - v3.17.0 - 25-10-2023 *\/\n.elementor-image-gallery .gallery-item{display:inline-block;text-align:center;vertical-align:top;width:100%;max-width:100%;margin:0 auto}.elementor-image-gallery .gallery-item img{margin:0 auto}.elementor-image-gallery .gallery-item .gallery-caption{margin:0}.elementor-image-gallery figure img{display:block}.elementor-image-gallery figure figcaption{width:100%}.gallery-spacing-custom .elementor-image-gallery .gallery-icon{padding:0}@media (min-width:768px){.elementor-image-gallery .gallery-columns-2 .gallery-item{max-width:50%}.elementor-image-gallery .gallery-columns-3 .gallery-item{max-width:33.33%}.elementor-image-gallery .gallery-columns-4 .gallery-item{max-width:25%}.elementor-image-gallery .gallery-columns-5 .gallery-item{max-width:20%}.elementor-image-gallery .gallery-columns-6 .gallery-item{max-width:16.666%}.elementor-image-gallery .gallery-columns-7 .gallery-item{max-width:14.28%}.elementor-image-gallery .gallery-columns-8 .gallery-item{max-width:12.5%}.elementor-image-gallery .gallery-columns-9 .gallery-item{max-width:11.11%}.elementor-image-gallery .gallery-columns-10 .gallery-item{max-width:10%}}@media (min-width:480px) and (max-width:767px){.elementor-image-gallery .gallery.gallery-columns-2 .gallery-item,.elementor-image-gallery .gallery.gallery-columns-3 .gallery-item,.elementor-image-gallery .gallery.gallery-columns-4 .gallery-item,.elementor-image-gallery .gallery.gallery-columns-5 .gallery-item,.elementor-image-gallery .gallery.gallery-columns-6 .gallery-item,.elementor-image-gallery .gallery.gallery-columns-7 .gallery-item,.elementor-image-gallery .gallery.gallery-columns-8 .gallery-item,.elementor-image-gallery .gallery.gallery-columns-9 .gallery-item,.elementor-image-gallery .gallery.gallery-columns-10 .gallery-item{max-width:50%}}@media (max-width:479px){.elementor-image-gallery .gallery.gallery-columns-2 .gallery-item,.elementor-image-gallery .gallery.gallery-columns-3 .gallery-item,.elementor-image-gallery .gallery.gallery-columns-4 .gallery-item,.elementor-image-gallery .gallery.gallery-columns-5 .gallery-item,.elementor-image-gallery .gallery.gallery-columns-6 .gallery-item,.elementor-image-gallery .gallery.gallery-columns-7 .gallery-item,.elementor-image-gallery .gallery.gallery-columns-8 .gallery-item,.elementor-image-gallery .gallery.gallery-columns-9 .gallery-item,.elementor-image-gallery .gallery.gallery-columns-10 .gallery-item{max-width:100%}}<\/style>\t\t<div class=\"elementor-image-gallery\">\n\t\t\t<div id='gallery-1' class='gallery galleryid-5 gallery-columns-4 gallery-size-medium'><figure class='gallery-item'>\n\t\t\t<div class='gallery-icon landscape'>\n\t\t\t\t<a data-elementor-open-lightbox=\"yes\" data-elementor-lightbox-slideshow=\"05835ca\" data-elementor-lightbox-title=\"image8\" data-e-action-hash=\"#elementor-action%3Aaction%3Dlightbox%26settings%3DeyJpZCI6MTA2LCJ1cmwiOiJodHRwczpcL1wvdmFyYXZpa3NuZS5yZXpla25lc2lwLmx2XC93cC1jb250ZW50XC91cGxvYWRzXC8yMDE4XC8wOVwvaW1hZ2U4LnBuZyIsInNsaWRlc2hvdyI6IjA1ODM1Y2EifQ%3D%3D\" href='https:\/\/varaviksne.rezeknesip.lv\/wp-content\/uploads\/2018\/09\/image8.png'><img loading=\"lazy\" decoding=\"async\" width=\"300\" height=\"225\" src=\"https:\/\/varaviksne.rezeknesip.lv\/wp-content\/uploads\/2018\/09\/image8-300x225.png\" class=\"attachment-medium size-medium\" alt=\"\" srcset=\"https:\/\/varaviksne.rezeknesip.lv\/wp-content\/uploads\/2018\/09\/image8-300x225.png 300w, https:\/\/varaviksne.rezeknesip.lv\/wp-content\/uploads\/2018\/09\/image8.png 480w, https:\/\/varaviksne.rezeknesip.lv\/wp-content\/uploads\/2018\/09\/image8-24x18.png 24w, https:\/\/varaviksne.rezeknesip.lv\/wp-content\/uploads\/2018\/09\/image8-36x27.png 36w, https:\/\/varaviksne.rezeknesip.lv\/wp-content\/uploads\/2018\/09\/image8-48x36.png 48w\" sizes=\"auto, (max-width: 300px) 100vw, 300px\" \/><\/a>\n\t\t\t<\/div><\/figure><figure class='gallery-item'>\n\t\t\t<div class='gallery-icon landscape'>\n\t\t\t\t<a data-elementor-open-lightbox=\"yes\" data-elementor-lightbox-slideshow=\"05835ca\" data-elementor-lightbox-title=\"image7\" data-e-action-hash=\"#elementor-action%3Aaction%3Dlightbox%26settings%3DeyJpZCI6MTA1LCJ1cmwiOiJodHRwczpcL1wvdmFyYXZpa3NuZS5yZXpla25lc2lwLmx2XC93cC1jb250ZW50XC91cGxvYWRzXC8yMDE4XC8wOVwvaW1hZ2U3LnBuZyIsInNsaWRlc2hvdyI6IjA1ODM1Y2EifQ%3D%3D\" href='https:\/\/varaviksne.rezeknesip.lv\/wp-content\/uploads\/2018\/09\/image7.png'><img loading=\"lazy\" decoding=\"async\" width=\"300\" height=\"225\" src=\"https:\/\/varaviksne.rezeknesip.lv\/wp-content\/uploads\/2018\/09\/image7-300x225.png\" class=\"attachment-medium size-medium\" alt=\"\" srcset=\"https:\/\/varaviksne.rezeknesip.lv\/wp-content\/uploads\/2018\/09\/image7-300x225.png 300w, https:\/\/varaviksne.rezeknesip.lv\/wp-content\/uploads\/2018\/09\/image7.png 480w, https:\/\/varaviksne.rezeknesip.lv\/wp-content\/uploads\/2018\/09\/image7-24x18.png 24w, https:\/\/varaviksne.rezeknesip.lv\/wp-content\/uploads\/2018\/09\/image7-36x27.png 36w, https:\/\/varaviksne.rezeknesip.lv\/wp-content\/uploads\/2018\/09\/image7-48x36.png 48w\" sizes=\"auto, (max-width: 300px) 100vw, 300px\" \/><\/a>\n\t\t\t<\/div><\/figure><figure class='gallery-item'>\n\t\t\t<div class='gallery-icon landscape'>\n\t\t\t\t<a data-elementor-open-lightbox=\"yes\" data-elementor-lightbox-slideshow=\"05835ca\" data-elementor-lightbox-title=\"image1\" data-e-action-hash=\"#elementor-action%3Aaction%3Dlightbox%26settings%3DeyJpZCI6OTksInVybCI6Imh0dHBzOlwvXC92YXJhdmlrc25lLnJlemVrbmVzaXAubHZcL3dwLWNvbnRlbnRcL3VwbG9hZHNcLzIwMThcLzA5XC9pbWFnZTEucG5nIiwic2xpZGVzaG93IjoiMDU4MzVjYSJ9\" href='https:\/\/varaviksne.rezeknesip.lv\/wp-content\/uploads\/2018\/09\/image1.png'><img loading=\"lazy\" decoding=\"async\" width=\"300\" height=\"225\" src=\"https:\/\/varaviksne.rezeknesip.lv\/wp-content\/uploads\/2018\/09\/image1-300x225.png\" class=\"attachment-medium size-medium\" alt=\"\" srcset=\"https:\/\/varaviksne.rezeknesip.lv\/wp-content\/uploads\/2018\/09\/image1-300x225.png 300w, https:\/\/varaviksne.rezeknesip.lv\/wp-content\/uploads\/2018\/09\/image1.png 480w, https:\/\/varaviksne.rezeknesip.lv\/wp-content\/uploads\/2018\/09\/image1-24x18.png 24w, https:\/\/varaviksne.rezeknesip.lv\/wp-content\/uploads\/2018\/09\/image1-36x27.png 36w, https:\/\/varaviksne.rezeknesip.lv\/wp-content\/uploads\/2018\/09\/image1-48x36.png 48w\" sizes=\"auto, (max-width: 300px) 100vw, 300px\" \/><\/a>\n\t\t\t<\/div><\/figure><figure class='gallery-item'>\n\t\t\t<div class='gallery-icon landscape'>\n\t\t\t\t<a data-elementor-open-lightbox=\"yes\" data-elementor-lightbox-slideshow=\"05835ca\" data-elementor-lightbox-title=\"image2\" data-e-action-hash=\"#elementor-action%3Aaction%3Dlightbox%26settings%3DeyJpZCI6MTAwLCJ1cmwiOiJodHRwczpcL1wvdmFyYXZpa3NuZS5yZXpla25lc2lwLmx2XC93cC1jb250ZW50XC91cGxvYWRzXC8yMDE4XC8wOVwvaW1hZ2UyLnBuZyIsInNsaWRlc2hvdyI6IjA1ODM1Y2EifQ%3D%3D\" href='https:\/\/varaviksne.rezeknesip.lv\/wp-content\/uploads\/2018\/09\/image2.png'><img loading=\"lazy\" decoding=\"async\" width=\"300\" height=\"225\" src=\"https:\/\/varaviksne.rezeknesip.lv\/wp-content\/uploads\/2018\/09\/image2-300x225.png\" class=\"attachment-medium size-medium\" alt=\"\" srcset=\"https:\/\/varaviksne.rezeknesip.lv\/wp-content\/uploads\/2018\/09\/image2-300x225.png 300w, https:\/\/varaviksne.rezeknesip.lv\/wp-content\/uploads\/2018\/09\/image2.png 480w, https:\/\/varaviksne.rezeknesip.lv\/wp-content\/uploads\/2018\/09\/image2-24x18.png 24w, https:\/\/varaviksne.rezeknesip.lv\/wp-content\/uploads\/2018\/09\/image2-36x27.png 36w, https:\/\/varaviksne.rezeknesip.lv\/wp-content\/uploads\/2018\/09\/image2-48x36.png 48w\" sizes=\"auto, (max-width: 300px) 100vw, 300px\" \/><\/a>\n\t\t\t<\/div><\/figure><figure class='gallery-item'>\n\t\t\t<div class='gallery-icon landscape'>\n\t\t\t\t<a data-elementor-open-lightbox=\"yes\" data-elementor-lightbox-slideshow=\"05835ca\" data-elementor-lightbox-title=\"image3\" data-e-action-hash=\"#elementor-action%3Aaction%3Dlightbox%26settings%3DeyJpZCI6MTAxLCJ1cmwiOiJodHRwczpcL1wvdmFyYXZpa3NuZS5yZXpla25lc2lwLmx2XC93cC1jb250ZW50XC91cGxvYWRzXC8yMDE4XC8wOVwvaW1hZ2UzLnBuZyIsInNsaWRlc2hvdyI6IjA1ODM1Y2EifQ%3D%3D\" href='https:\/\/varaviksne.rezeknesip.lv\/wp-content\/uploads\/2018\/09\/image3.png'><img loading=\"lazy\" decoding=\"async\" width=\"300\" height=\"225\" src=\"https:\/\/varaviksne.rezeknesip.lv\/wp-content\/uploads\/2018\/09\/image3-300x225.png\" class=\"attachment-medium size-medium\" alt=\"\" srcset=\"https:\/\/varaviksne.rezeknesip.lv\/wp-content\/uploads\/2018\/09\/image3-300x225.png 300w, https:\/\/varaviksne.rezeknesip.lv\/wp-content\/uploads\/2018\/09\/image3.png 480w, https:\/\/varaviksne.rezeknesip.lv\/wp-content\/uploads\/2018\/09\/image3-24x18.png 24w, https:\/\/varaviksne.rezeknesip.lv\/wp-content\/uploads\/2018\/09\/image3-36x27.png 36w, https:\/\/varaviksne.rezeknesip.lv\/wp-content\/uploads\/2018\/09\/image3-48x36.png 48w\" sizes=\"auto, (max-width: 300px) 100vw, 300px\" \/><\/a>\n\t\t\t<\/div><\/figure><figure class='gallery-item'>\n\t\t\t<div class='gallery-icon landscape'>\n\t\t\t\t<a data-elementor-open-lightbox=\"yes\" data-elementor-lightbox-slideshow=\"05835ca\" data-elementor-lightbox-title=\"image4\" data-e-action-hash=\"#elementor-action%3Aaction%3Dlightbox%26settings%3DeyJpZCI6MTAyLCJ1cmwiOiJodHRwczpcL1wvdmFyYXZpa3NuZS5yZXpla25lc2lwLmx2XC93cC1jb250ZW50XC91cGxvYWRzXC8yMDE4XC8wOVwvaW1hZ2U0LnBuZyIsInNsaWRlc2hvdyI6IjA1ODM1Y2EifQ%3D%3D\" href='https:\/\/varaviksne.rezeknesip.lv\/wp-content\/uploads\/2018\/09\/image4.png'><img loading=\"lazy\" decoding=\"async\" width=\"300\" height=\"225\" src=\"https:\/\/varaviksne.rezeknesip.lv\/wp-content\/uploads\/2018\/09\/image4-300x225.png\" class=\"attachment-medium size-medium\" alt=\"\" srcset=\"https:\/\/varaviksne.rezeknesip.lv\/wp-content\/uploads\/2018\/09\/image4-300x225.png 300w, https:\/\/varaviksne.rezeknesip.lv\/wp-content\/uploads\/2018\/09\/image4.png 480w, https:\/\/varaviksne.rezeknesip.lv\/wp-content\/uploads\/2018\/09\/image4-24x18.png 24w, https:\/\/varaviksne.rezeknesip.lv\/wp-content\/uploads\/2018\/09\/image4-36x27.png 36w, https:\/\/varaviksne.rezeknesip.lv\/wp-content\/uploads\/2018\/09\/image4-48x36.png 48w\" sizes=\"auto, (max-width: 300px) 100vw, 300px\" \/><\/a>\n\t\t\t<\/div><\/figure><figure class='gallery-item'>\n\t\t\t<div class='gallery-icon landscape'>\n\t\t\t\t<a data-elementor-open-lightbox=\"yes\" data-elementor-lightbox-slideshow=\"05835ca\" data-elementor-lightbox-title=\"image5\" data-e-action-hash=\"#elementor-action%3Aaction%3Dlightbox%26settings%3DeyJpZCI6MTAzLCJ1cmwiOiJodHRwczpcL1wvdmFyYXZpa3NuZS5yZXpla25lc2lwLmx2XC93cC1jb250ZW50XC91cGxvYWRzXC8yMDE4XC8wOVwvaW1hZ2U1LnBuZyIsInNsaWRlc2hvdyI6IjA1ODM1Y2EifQ%3D%3D\" href='https:\/\/varaviksne.rezeknesip.lv\/wp-content\/uploads\/2018\/09\/image5.png'><img loading=\"lazy\" decoding=\"async\" width=\"300\" height=\"225\" src=\"https:\/\/varaviksne.rezeknesip.lv\/wp-content\/uploads\/2018\/09\/image5-300x225.png\" class=\"attachment-medium size-medium\" alt=\"\" srcset=\"https:\/\/varaviksne.rezeknesip.lv\/wp-content\/uploads\/2018\/09\/image5-300x225.png 300w, https:\/\/varaviksne.rezeknesip.lv\/wp-content\/uploads\/2018\/09\/image5.png 480w, https:\/\/varaviksne.rezeknesip.lv\/wp-content\/uploads\/2018\/09\/image5-24x18.png 24w, https:\/\/varaviksne.rezeknesip.lv\/wp-content\/uploads\/2018\/09\/image5-36x27.png 36w, https:\/\/varaviksne.rezeknesip.lv\/wp-content\/uploads\/2018\/09\/image5-48x36.png 48w\" sizes=\"auto, (max-width: 300px) 100vw, 300px\" \/><\/a>\n\t\t\t<\/div><\/figure><figure class='gallery-item'>\n\t\t\t<div class='gallery-icon landscape'>\n\t\t\t\t<a data-elementor-open-lightbox=\"yes\" data-elementor-lightbox-slideshow=\"05835ca\" data-elementor-lightbox-title=\"image6\" data-e-action-hash=\"#elementor-action%3Aaction%3Dlightbox%26settings%3DeyJpZCI6MTA0LCJ1cmwiOiJodHRwczpcL1wvdmFyYXZpa3NuZS5yZXpla25lc2lwLmx2XC93cC1jb250ZW50XC91cGxvYWRzXC8yMDE4XC8wOVwvaW1hZ2U2LnBuZyIsInNsaWRlc2hvdyI6IjA1ODM1Y2EifQ%3D%3D\" href='https:\/\/varaviksne.rezeknesip.lv\/wp-content\/uploads\/2018\/09\/image6.png'><img loading=\"lazy\" decoding=\"async\" width=\"300\" height=\"225\" src=\"https:\/\/varaviksne.rezeknesip.lv\/wp-content\/uploads\/2018\/09\/image6-300x225.png\" class=\"attachment-medium size-medium\" alt=\"\" srcset=\"https:\/\/varaviksne.rezeknesip.lv\/wp-content\/uploads\/2018\/09\/image6-300x225.png 300w, https:\/\/varaviksne.rezeknesip.lv\/wp-content\/uploads\/2018\/09\/image6.png 480w, https:\/\/varaviksne.rezeknesip.lv\/wp-content\/uploads\/2018\/09\/image6-24x18.png 24w, https:\/\/varaviksne.rezeknesip.lv\/wp-content\/uploads\/2018\/09\/image6-36x27.png 36w, https:\/\/varaviksne.rezeknesip.lv\/wp-content\/uploads\/2018\/09\/image6-48x36.png 48w\" sizes=\"auto, (max-width: 300px) 100vw, 300px\" \/><\/a>\n\t\t\t<\/div><\/figure>\n\t\t<\/div>\n\t\t<\/div>\n\t\t\t\t<\/div>\n\t\t\t\t<\/div>\n\t\t\t\t\t\t<\/div>\n\t\t\t\t\t<\/div>\n\t\t<\/div>\n\t\t\t\t\t\t\t\t<\/div>\n\t\t\t\t\t<\/div>\n\t\t<\/section>\n\t\t\t\t<section class=\"elementor-section elementor-top-section elementor-element elementor-element-b99d6cb elementor-section-content-middle elementor-section-boxed elementor-section-height-default elementor-section-height-default\" data-id=\"b99d6cb\" data-element_type=\"section\" data-settings=\"{&quot;background_background&quot;:&quot;classic&quot;}\">\n\t\t\t\t\t\t<div class=\"elementor-container elementor-column-gap-default\">\n\t\t\t\t\t\t\t<div class=\"elementor-row\">\n\t\t\t\t\t<div class=\"elementor-column elementor-col-66 elementor-top-column elementor-element elementor-element-da5d7a7\" data-id=\"da5d7a7\" data-element_type=\"column\">\n\t\t\t<div class=\"elementor-column-wrap elementor-element-populated\">\n\t\t\t\t\t\t\t<div class=\"elementor-widget-wrap\">\n\t\t\t\t\t\t<div class=\"elementor-element elementor-element-2b29656 elementor-widget elementor-widget-text-editor\" data-id=\"2b29656\" data-element_type=\"widget\" data-widget_type=\"text-editor.default\">\n\t\t\t\t<div class=\"elementor-widget-container\">\n\t\t\t<style>\/*! elementor - v3.17.0 - 25-10-2023 *\/\n.elementor-widget-text-editor.elementor-drop-cap-view-stacked .elementor-drop-cap{background-color:#69727d;color:#fff}.elementor-widget-text-editor.elementor-drop-cap-view-framed .elementor-drop-cap{color:#69727d;border:3px solid;background-color:transparent}.elementor-widget-text-editor:not(.elementor-drop-cap-view-default) .elementor-drop-cap{margin-top:8px}.elementor-widget-text-editor:not(.elementor-drop-cap-view-default) .elementor-drop-cap-letter{width:1em;height:1em}.elementor-widget-text-editor .elementor-drop-cap{float:left;text-align:center;line-height:1;font-size:50px}.elementor-widget-text-editor .elementor-drop-cap-letter{display:inline-block}<\/style>\t\t\t\t\t<div class=\"elementor-text-editor elementor-clearfix\">\n\t\t\t\t<h2>B\u0113rniem tiek pied\u0101v\u0101ta sabalans\u0113ta \u0113dienkarte<\/h2>\t\t\t\t\t<\/div>\n\t\t\t\t\t\t<\/div>\n\t\t\t\t<\/div>\n\t\t\t\t\t\t<\/div>\n\t\t\t\t\t<\/div>\n\t\t<\/div>\n\t\t\t\t<div class=\"elementor-column elementor-col-33 elementor-top-column elementor-element elementor-element-930ff8e\" data-id=\"930ff8e\" data-element_type=\"column\">\n\t\t\t<div class=\"elementor-column-wrap elementor-element-populated\">\n\t\t\t\t\t\t\t<div class=\"elementor-widget-wrap\">\n\t\t\t\t\t\t<div class=\"elementor-element elementor-element-663daed elementor-button-info elementor-align-right elementor-widget elementor-widget-button\" data-id=\"663daed\" data-element_type=\"widget\" data-widget_type=\"button.default\">\n\t\t\t\t<div class=\"elementor-widget-container\">\n\t\t\t\t\t<div class=\"elementor-button-wrapper\">\n\t\t\t<a class=\"elementor-button elementor-button-link elementor-size-sm\" href=\"#\">\n\t\t\t\t\t\t<span class=\"elementor-button-content-wrapper\">\n\t\t\t\t\t\t<span class=\"elementor-button-icon elementor-align-icon-left\">\n\t\t\t\t\t\t\t\t\t<i class=\"fa fa-download\" aria-hidden=\"true\"><\/i>\n\t\t\t\t\t\t\t<\/span>\n\t\t\t\t\t\t<span class=\"elementor-button-text\">Lejupiel\u0101d\u0113t<\/span>\n\t\t<\/span>\n\t\t\t\t\t<\/a>\n\t\t<\/div>\n\t\t\t\t<\/div>\n\t\t\t\t<\/div>\n\t\t\t\t\t\t<\/div>\n\t\t\t\t\t<\/div>\n\t\t<\/div>\n\t\t\t\t\t\t\t\t<\/div>\n\t\t\t\t\t<\/div>\n\t\t<\/section>\n\t\t\t\t\t\t\t\t\t<\/div>\n\t\t\t<\/div>\n\t\t\t\t\t<\/div>\n\t\t","protected":false},"excerpt":{"rendered":"<p>&nbsp; Lejupiel\u0101d\u0113t<\/p>\n","protected":false},"author":1,"featured_media":0,"parent":0,"menu_order":0,"comment_status":"closed","ping_status":"closed","template":"templates\/home-template.php","meta":{"footnotes":""},"class_list":["post-5","page","type-page","status-publish","hentry"],"_links":{"self":[{"href":"https:\/\/varaviksne.rezeknesip.lv\/index.php\/wp-json\/wp\/v2\/pages\/5","targetHints":{"allow":["GET"]}}],"collection":[{"href":"https:\/\/varaviksne.rezeknesip.lv\/index.php\/wp-json\/wp\/v2\/pages"}],"about":[{"href":"https:\/\/varaviksne.rezeknesip.lv\/index.php\/wp-json\/wp\/v2\/types\/page"}],"author":[{"embeddable":true,"href":"https:\/\/varaviksne.rezeknesip.lv\/index.php\/wp-json\/wp\/v2\/users\/1"}],"replies":[{"embeddable":true,"href":"https:\/\/varaviksne.rezeknesip.lv\/index.php\/wp-json\/wp\/v2\/comments?post=5"}],"version-history":[{"count":19,"href":"https:\/\/varaviksne.rezeknesip.lv\/index.php\/wp-json\/wp\/v2\/pages\/5\/revisions"}],"predecessor-version":[{"id":13056,"href":"https:\/\/varaviksne.rezeknesip.lv\/index.php\/wp-json\/wp\/v2\/pages\/5\/revisions\/13056"}],"wp:attachment":[{"href":"https:\/\/varaviksne.rezeknesip.lv\/index.php\/wp-json\/wp\/v2\/media?parent=5"}],"curies":[{"name":"wp","href":"https:\/\/api.w.org\/{rel}","templated":true}]}}