{"id":6582,"date":"2021-10-04T12:14:02","date_gmt":"2021-10-04T12:14:02","guid":{"rendered":"http:\/\/varaviksne.rezeknesip.lv\/?page_id=6582"},"modified":"2021-10-04T13:49:57","modified_gmt":"2021-10-04T13:49:57","slug":"iestades-misija-vizija-vertibas","status":"publish","type":"page","link":"https:\/\/varaviksne.rezeknesip.lv\/index.php\/par-mums\/iestades-misija-vizija-vertibas\/","title":{"rendered":"Iest\u0101des misija, v\u012bzija, v\u0113rt\u012bbas"},"content":{"rendered":"<p><strong><u>Misija<\/u><\/strong> &#8211; iest\u0101des darbinieki sadarb\u012bb\u0101 ar izgl\u012btojamo vec\u0101kiem veicina izgl\u012btojamo vispus\u012bgu att\u012bst\u012bbu, izgl\u012btojamie apg\u016bst Es apzi\u0146u, aug, patst\u0101v\u012bgi darbojas, ieinteres\u0113ti un ar prieku m\u0101c\u0101s, g\u016bstot pieredzi par sevi, citiem, apk\u0101rt\u0113jo pasauli un savstarp\u0113jo mijiedarb\u012bbu taj\u0101.<\/p>\n<p><strong><u>Izgl\u012bt\u012bbas iest\u0101des v\u012bzija par izgl\u012btojamo<\/u><\/strong> \u2013 laim\u012bgs, patst\u0101v\u012bgs b\u0113rns, kur\u0161 ir gatavs pielietot savas prasmes un kompetences, m\u0101c\u012bties, pilnveidoties un adapt\u0113ties strauji main\u012bgaj\u0101 pasaul\u0113.<\/p>\n<p><strong><u>V\u0113rt\u012bbas:<\/u><\/strong><\/p>\n<p><strong>B\u0112RNI\u00a0\u00a0 <\/strong>B\u0113rna intereses (att\u012bst\u012bba, vesel\u012bba, pa\u0161saj\u016bta) ir prim\u0101ras.\u00a0 Ikvien\u0101 b\u0113rn\u0101 att\u012bst\u0101m prasmes b\u016bt akt\u012bvam, zin\u0101tk\u0101ram, rado\u0161am, patst\u0101v\u012bgam, pa\u0161pietiekamam, cie\u0146pilnam, prast sadarboties.<\/p>\n<p><strong>DARBINIEKI\u00a0 <\/strong>Darbinieks ir atbild\u012bgs procesa virz\u012bt\u0101js, kuram tiek sniegts atbalsts k\u0101 cilv\u0113kam un k\u0101 konkr\u0113to pien\u0101kumu izpild\u012bt\u0101jam.<\/p>\n<p>&nbsp;<\/p>\n<p><strong>SADARB\u012aBA\u00a0\u00a0 <\/strong>Uzticamies viens otram, pal\u012bdzam viens otram un atbalst\u0101m viens otru ce\u013c\u0101 uz izaugsmi, izvirz\u012btajiem m\u0113r\u0137iem. Atkl\u0101ti run\u0101jam par probl\u0113m\u0101m, kop\u0101 t\u0101s risin\u0101m.<\/p>\n<p><strong>ATBILD\u012aBA\u00a0\u00a0 <\/strong>Uz\u0146emamies atbild\u012bbu par savu r\u012bc\u012bbu un t\u0101s rad\u012btaj\u0101m sek\u0101m; izpild\u0101m sol\u012bjumus un atz\u012bstam pie\u013caut\u0101s k\u013c\u016bdas, lai no t\u0101m m\u0101c\u012btos; godpr\u0101t\u012bgi un kvalitat\u012bvi izpild\u0101m uztic\u0113tos pien\u0101kumus; ies\u0101ktos darbus paveicam l\u012bdz galam.<\/p>\n<p><strong>TRAD\u012aCIJAS\u00a0\u00a0\u00a0 <\/strong>Kopjam un veidojam trad\u012bcijas, kas sekm\u0113 rado\u0161umu, pieder\u012bbu iest\u0101dei, veido m\u016bs par iest\u0101des un valsts patriotiem.<\/p>\n","protected":false},"excerpt":{"rendered":"<p>Misija &#8211; iest\u0101des darbinieki sadarb\u012bb\u0101 ar izgl\u012btojamo vec\u0101kiem veicina izgl\u012btojamo vispus\u012bgu att\u012bst\u012bbu, izgl\u012btojamie apg\u016bst Es apzi\u0146u, aug, patst\u0101v\u012bgi darbojas, ieinteres\u0113ti un ar prieku m\u0101c\u0101s, g\u016bstot pieredzi par sevi, citiem, apk\u0101rt\u0113jo pasauli un savstarp\u0113jo mijiedarb\u012bbu taj\u0101. Izgl\u012bt\u012bbas iest\u0101des v\u012bzija par izgl\u012btojamo \u2013 laim\u012bgs, patst\u0101v\u012bgs b\u0113rns, kur\u0161 ir gatavs pielietot savas prasmes un kompetences, m\u0101c\u012bties, pilnveidoties un [&hellip;]<\/p>\n","protected":false},"author":1,"featured_media":0,"parent":241,"menu_order":0,"comment_status":"closed","ping_status":"closed","template":"","meta":{"footnotes":""},"class_list":["post-6582","page","type-page","status-publish","hentry"],"_links":{"self":[{"href":"https:\/\/varaviksne.rezeknesip.lv\/index.php\/wp-json\/wp\/v2\/pages\/6582","targetHints":{"allow":["GET"]}}],"collection":[{"href":"https:\/\/varaviksne.rezeknesip.lv\/index.php\/wp-json\/wp\/v2\/pages"}],"about":[{"href":"https:\/\/varaviksne.rezeknesip.lv\/index.php\/wp-json\/wp\/v2\/types\/page"}],"author":[{"embeddable":true,"href":"https:\/\/varaviksne.rezeknesip.lv\/index.php\/wp-json\/wp\/v2\/users\/1"}],"replies":[{"embeddable":true,"href":"https:\/\/varaviksne.rezeknesip.lv\/index.php\/wp-json\/wp\/v2\/comments?post=6582"}],"version-history":[{"count":3,"href":"https:\/\/varaviksne.rezeknesip.lv\/index.php\/wp-json\/wp\/v2\/pages\/6582\/revisions"}],"predecessor-version":[{"id":6600,"href":"https:\/\/varaviksne.rezeknesip.lv\/index.php\/wp-json\/wp\/v2\/pages\/6582\/revisions\/6600"}],"up":[{"embeddable":true,"href":"https:\/\/varaviksne.rezeknesip.lv\/index.php\/wp-json\/wp\/v2\/pages\/241"}],"wp:attachment":[{"href":"https:\/\/varaviksne.rezeknesip.lv\/index.php\/wp-json\/wp\/v2\/media?parent=6582"}],"curies":[{"name":"wp","href":"https:\/\/api.w.org\/{rel}","templated":true}]}}