{"id":6586,"date":"2021-10-04T12:14:44","date_gmt":"2021-10-04T12:14:44","guid":{"rendered":"http:\/\/varaviksne.rezeknesip.lv\/?page_id=6586"},"modified":"2025-10-24T17:06:23","modified_gmt":"2025-10-24T14:06:23","slug":"pulcins-logoritmika","status":"publish","type":"page","link":"https:\/\/varaviksne.rezeknesip.lv\/index.php\/macibas-4\/pulcins-logoritmika\/","title":{"rendered":"Maksas ang\u013cu valodas pulci\u0146\u0161 2025.\/2026.m.g."},"content":{"rendered":"<p>Maksas ang\u013cu valodas pulci\u0146\u0161<\/p>\n<p>Pulci\u0146a pedagogs: <strong>Oksana \u0160alajeva- Kraine<br \/>\n<\/strong><\/p>\n<p>Ang\u013cu valodas nodarb\u012bb\u0101s sasniedzamais m\u0113r\u0137is \u2014 valodas element\u0101r\u0101ko pamatu apguve, liekot pamatus m\u0101c\u012bbu darb\u012bbas atsevi\u0161\u0137u iema\u0146u un person\u012bgo rado\u0161as saskarsmes prasmju att\u012bst\u012bbai.<\/p>\n<p><strong>\u00a0M\u0113r\u0137grupa:<br \/>\n<\/strong><\/p>\n<p><em>Izgl\u012btojamie 5-6 gadu \u00a0vecum\u0101. \u00a0\u00a0\u00a0<\/em><\/p>\n<p><em>Divas grupas: gr. &#8220;M\u0101r\u012bte&#8221; un gr. &#8220;Bit\u012bte&#8221;<br \/>\n<\/em><\/p>\n<p>&nbsp;<\/p>\n<p>&nbsp;<\/p>\n<p><img loading=\"lazy\" decoding=\"async\" class=\"aligncenter wp-image-13517 size-full\" src=\"http:\/\/varaviksne.rezeknesip.lv\/wp-content\/uploads\/2024\/01\/B57B3525-EC7F-4E67-953C-7233A25BF2DA1-scaled.jpeg\" alt=\"\" width=\"2560\" height=\"1426\" srcset=\"https:\/\/varaviksne.rezeknesip.lv\/wp-content\/uploads\/2024\/01\/B57B3525-EC7F-4E67-953C-7233A25BF2DA1-scaled.jpeg 2560w, https:\/\/varaviksne.rezeknesip.lv\/wp-content\/uploads\/2024\/01\/B57B3525-EC7F-4E67-953C-7233A25BF2DA1-300x167.jpeg 300w, https:\/\/varaviksne.rezeknesip.lv\/wp-content\/uploads\/2024\/01\/B57B3525-EC7F-4E67-953C-7233A25BF2DA1-1024x570.jpeg 1024w, https:\/\/varaviksne.rezeknesip.lv\/wp-content\/uploads\/2024\/01\/B57B3525-EC7F-4E67-953C-7233A25BF2DA1-768x428.jpeg 768w, https:\/\/varaviksne.rezeknesip.lv\/wp-content\/uploads\/2024\/01\/B57B3525-EC7F-4E67-953C-7233A25BF2DA1-1536x856.jpeg 1536w, https:\/\/varaviksne.rezeknesip.lv\/wp-content\/uploads\/2024\/01\/B57B3525-EC7F-4E67-953C-7233A25BF2DA1-2048x1141.jpeg 2048w, https:\/\/varaviksne.rezeknesip.lv\/wp-content\/uploads\/2024\/01\/B57B3525-EC7F-4E67-953C-7233A25BF2DA1-24x13.jpeg 24w, https:\/\/varaviksne.rezeknesip.lv\/wp-content\/uploads\/2024\/01\/B57B3525-EC7F-4E67-953C-7233A25BF2DA1-36x20.jpeg 36w, https:\/\/varaviksne.rezeknesip.lv\/wp-content\/uploads\/2024\/01\/B57B3525-EC7F-4E67-953C-7233A25BF2DA1-48x27.jpeg 48w\" sizes=\"auto, (max-width: 2560px) 100vw, 2560px\" \/><\/p>\n<p><img loading=\"lazy\" decoding=\"async\" class=\"aligncenter wp-image-13518 size-full\" src=\"http:\/\/varaviksne.rezeknesip.lv\/wp-content\/uploads\/2024\/01\/B57B3525-EC7F-4E67-953C-7233A25BF2DA-scaled.jpeg\" alt=\"\" width=\"2560\" height=\"1426\" srcset=\"https:\/\/varaviksne.rezeknesip.lv\/wp-content\/uploads\/2024\/01\/B57B3525-EC7F-4E67-953C-7233A25BF2DA-scaled.jpeg 2560w, https:\/\/varaviksne.rezeknesip.lv\/wp-content\/uploads\/2024\/01\/B57B3525-EC7F-4E67-953C-7233A25BF2DA-300x167.jpeg 300w, https:\/\/varaviksne.rezeknesip.lv\/wp-content\/uploads\/2024\/01\/B57B3525-EC7F-4E67-953C-7233A25BF2DA-1024x570.jpeg 1024w, https:\/\/varaviksne.rezeknesip.lv\/wp-content\/uploads\/2024\/01\/B57B3525-EC7F-4E67-953C-7233A25BF2DA-768x428.jpeg 768w, https:\/\/varaviksne.rezeknesip.lv\/wp-content\/uploads\/2024\/01\/B57B3525-EC7F-4E67-953C-7233A25BF2DA-1536x856.jpeg 1536w, https:\/\/varaviksne.rezeknesip.lv\/wp-content\/uploads\/2024\/01\/B57B3525-EC7F-4E67-953C-7233A25BF2DA-2048x1141.jpeg 2048w, https:\/\/varaviksne.rezeknesip.lv\/wp-content\/uploads\/2024\/01\/B57B3525-EC7F-4E67-953C-7233A25BF2DA-24x13.jpeg 24w, https:\/\/varaviksne.rezeknesip.lv\/wp-content\/uploads\/2024\/01\/B57B3525-EC7F-4E67-953C-7233A25BF2DA-36x20.jpeg 36w, https:\/\/varaviksne.rezeknesip.lv\/wp-content\/uploads\/2024\/01\/B57B3525-EC7F-4E67-953C-7233A25BF2DA-48x27.jpeg 48w\" sizes=\"auto, (max-width: 2560px) 100vw, 2560px\" \/><\/p>\n<p><img loading=\"lazy\" decoding=\"async\" class=\"aligncenter wp-image-13519 size-full\" src=\"http:\/\/varaviksne.rezeknesip.lv\/wp-content\/uploads\/2024\/01\/C28A34DB-CAAB-4F0B-BFAB-821C0EDB8E17-scaled.jpeg\" alt=\"\" width=\"2560\" height=\"1546\" srcset=\"https:\/\/varaviksne.rezeknesip.lv\/wp-content\/uploads\/2024\/01\/C28A34DB-CAAB-4F0B-BFAB-821C0EDB8E17-scaled.jpeg 2560w, https:\/\/varaviksne.rezeknesip.lv\/wp-content\/uploads\/2024\/01\/C28A34DB-CAAB-4F0B-BFAB-821C0EDB8E17-300x181.jpeg 300w, https:\/\/varaviksne.rezeknesip.lv\/wp-content\/uploads\/2024\/01\/C28A34DB-CAAB-4F0B-BFAB-821C0EDB8E17-1024x618.jpeg 1024w, https:\/\/varaviksne.rezeknesip.lv\/wp-content\/uploads\/2024\/01\/C28A34DB-CAAB-4F0B-BFAB-821C0EDB8E17-768x464.jpeg 768w, https:\/\/varaviksne.rezeknesip.lv\/wp-content\/uploads\/2024\/01\/C28A34DB-CAAB-4F0B-BFAB-821C0EDB8E17-1536x927.jpeg 1536w, https:\/\/varaviksne.rezeknesip.lv\/wp-content\/uploads\/2024\/01\/C28A34DB-CAAB-4F0B-BFAB-821C0EDB8E17-2048x1237.jpeg 2048w, https:\/\/varaviksne.rezeknesip.lv\/wp-content\/uploads\/2024\/01\/C28A34DB-CAAB-4F0B-BFAB-821C0EDB8E17-24x14.jpeg 24w, https:\/\/varaviksne.rezeknesip.lv\/wp-content\/uploads\/2024\/01\/C28A34DB-CAAB-4F0B-BFAB-821C0EDB8E17-36x22.jpeg 36w, https:\/\/varaviksne.rezeknesip.lv\/wp-content\/uploads\/2024\/01\/C28A34DB-CAAB-4F0B-BFAB-821C0EDB8E17-48x29.jpeg 48w\" sizes=\"auto, (max-width: 2560px) 100vw, 2560px\" \/><\/p>\n<p><img loading=\"lazy\" decoding=\"async\" class=\"aligncenter wp-image-13520 size-full\" src=\"http:\/\/varaviksne.rezeknesip.lv\/wp-content\/uploads\/2024\/01\/BBF72945-67F4-49A5-B7E1-CDDD83BB4AC91-scaled.jpeg\" alt=\"\" width=\"2560\" height=\"1727\" srcset=\"https:\/\/varaviksne.rezeknesip.lv\/wp-content\/uploads\/2024\/01\/BBF72945-67F4-49A5-B7E1-CDDD83BB4AC91-scaled.jpeg 2560w, https:\/\/varaviksne.rezeknesip.lv\/wp-content\/uploads\/2024\/01\/BBF72945-67F4-49A5-B7E1-CDDD83BB4AC91-300x202.jpeg 300w, https:\/\/varaviksne.rezeknesip.lv\/wp-content\/uploads\/2024\/01\/BBF72945-67F4-49A5-B7E1-CDDD83BB4AC91-1024x691.jpeg 1024w, https:\/\/varaviksne.rezeknesip.lv\/wp-content\/uploads\/2024\/01\/BBF72945-67F4-49A5-B7E1-CDDD83BB4AC91-768x518.jpeg 768w, https:\/\/varaviksne.rezeknesip.lv\/wp-content\/uploads\/2024\/01\/BBF72945-67F4-49A5-B7E1-CDDD83BB4AC91-1536x1036.jpeg 1536w, https:\/\/varaviksne.rezeknesip.lv\/wp-content\/uploads\/2024\/01\/BBF72945-67F4-49A5-B7E1-CDDD83BB4AC91-2048x1381.jpeg 2048w, https:\/\/varaviksne.rezeknesip.lv\/wp-content\/uploads\/2024\/01\/BBF72945-67F4-49A5-B7E1-CDDD83BB4AC91-24x16.jpeg 24w, https:\/\/varaviksne.rezeknesip.lv\/wp-content\/uploads\/2024\/01\/BBF72945-67F4-49A5-B7E1-CDDD83BB4AC91-36x24.jpeg 36w, https:\/\/varaviksne.rezeknesip.lv\/wp-content\/uploads\/2024\/01\/BBF72945-67F4-49A5-B7E1-CDDD83BB4AC91-48x32.jpeg 48w\" sizes=\"auto, (max-width: 2560px) 100vw, 2560px\" \/><\/p>\n<p><img loading=\"lazy\" decoding=\"async\" class=\"aligncenter wp-image-13522 size-full\" src=\"http:\/\/varaviksne.rezeknesip.lv\/wp-content\/uploads\/2024\/01\/BB28428F-CC61-445A-A66D-95FB4FE1530D-scaled.jpeg\" alt=\"\" width=\"2560\" height=\"2018\" srcset=\"https:\/\/varaviksne.rezeknesip.lv\/wp-content\/uploads\/2024\/01\/BB28428F-CC61-445A-A66D-95FB4FE1530D-scaled.jpeg 2560w, https:\/\/varaviksne.rezeknesip.lv\/wp-content\/uploads\/2024\/01\/BB28428F-CC61-445A-A66D-95FB4FE1530D-300x237.jpeg 300w, https:\/\/varaviksne.rezeknesip.lv\/wp-content\/uploads\/2024\/01\/BB28428F-CC61-445A-A66D-95FB4FE1530D-1024x807.jpeg 1024w, https:\/\/varaviksne.rezeknesip.lv\/wp-content\/uploads\/2024\/01\/BB28428F-CC61-445A-A66D-95FB4FE1530D-768x605.jpeg 768w, https:\/\/varaviksne.rezeknesip.lv\/wp-content\/uploads\/2024\/01\/BB28428F-CC61-445A-A66D-95FB4FE1530D-1536x1211.jpeg 1536w, https:\/\/varaviksne.rezeknesip.lv\/wp-content\/uploads\/2024\/01\/BB28428F-CC61-445A-A66D-95FB4FE1530D-2048x1615.jpeg 2048w, https:\/\/varaviksne.rezeknesip.lv\/wp-content\/uploads\/2024\/01\/BB28428F-CC61-445A-A66D-95FB4FE1530D-24x19.jpeg 24w, https:\/\/varaviksne.rezeknesip.lv\/wp-content\/uploads\/2024\/01\/BB28428F-CC61-445A-A66D-95FB4FE1530D-36x28.jpeg 36w, https:\/\/varaviksne.rezeknesip.lv\/wp-content\/uploads\/2024\/01\/BB28428F-CC61-445A-A66D-95FB4FE1530D-48x38.jpeg 48w\" sizes=\"auto, (max-width: 2560px) 100vw, 2560px\" \/><\/p>\n<p><strong>\u00a0<\/strong><\/p>\n<p><em>\u00a0<\/em><\/p>\n","protected":false},"excerpt":{"rendered":"<p>Maksas ang\u013cu valodas pulci\u0146\u0161 Pulci\u0146a pedagogs: Oksana \u0160alajeva- Kraine Ang\u013cu valodas nodarb\u012bb\u0101s sasniedzamais m\u0113r\u0137is \u2014 valodas element\u0101r\u0101ko pamatu apguve, liekot pamatus m\u0101c\u012bbu darb\u012bbas atsevi\u0161\u0137u iema\u0146u un person\u012bgo rado\u0161as saskarsmes prasmju att\u012bst\u012bbai. \u00a0M\u0113r\u0137grupa: Izgl\u012btojamie 5-6 gadu \u00a0vecum\u0101. \u00a0\u00a0\u00a0 Divas grupas: gr. &#8220;M\u0101r\u012bte&#8221; un gr. &#8220;Bit\u012bte&#8221; &nbsp; &nbsp; \u00a0 \u00a0<\/p>\n","protected":false},"author":1,"featured_media":0,"parent":178,"menu_order":0,"comment_status":"closed","ping_status":"closed","template":"","meta":{"footnotes":""},"class_list":["post-6586","page","type-page","status-publish","hentry"],"_links":{"self":[{"href":"https:\/\/varaviksne.rezeknesip.lv\/index.php\/wp-json\/wp\/v2\/pages\/6586","targetHints":{"allow":["GET"]}}],"collection":[{"href":"https:\/\/varaviksne.rezeknesip.lv\/index.php\/wp-json\/wp\/v2\/pages"}],"about":[{"href":"https:\/\/varaviksne.rezeknesip.lv\/index.php\/wp-json\/wp\/v2\/types\/page"}],"author":[{"embeddable":true,"href":"https:\/\/varaviksne.rezeknesip.lv\/index.php\/wp-json\/wp\/v2\/users\/1"}],"replies":[{"embeddable":true,"href":"https:\/\/varaviksne.rezeknesip.lv\/index.php\/wp-json\/wp\/v2\/comments?post=6586"}],"version-history":[{"count":15,"href":"https:\/\/varaviksne.rezeknesip.lv\/index.php\/wp-json\/wp\/v2\/pages\/6586\/revisions"}],"predecessor-version":[{"id":20140,"href":"https:\/\/varaviksne.rezeknesip.lv\/index.php\/wp-json\/wp\/v2\/pages\/6586\/revisions\/20140"}],"up":[{"embeddable":true,"href":"https:\/\/varaviksne.rezeknesip.lv\/index.php\/wp-json\/wp\/v2\/pages\/178"}],"wp:attachment":[{"href":"https:\/\/varaviksne.rezeknesip.lv\/index.php\/wp-json\/wp\/v2\/media?parent=6586"}],"curies":[{"name":"wp","href":"https:\/\/api.w.org\/{rel}","templated":true}]}}