{"id":6590,"date":"2021-10-04T12:15:08","date_gmt":"2021-10-04T12:15:08","guid":{"rendered":"http:\/\/varaviksne.rezeknesip.lv\/?page_id=6590"},"modified":"2025-10-24T17:06:47","modified_gmt":"2025-10-24T14:06:47","slug":"maksas-deju-pulcins","status":"publish","type":"page","link":"https:\/\/varaviksne.rezeknesip.lv\/index.php\/macibas-4\/maksas-deju-pulcins\/","title":{"rendered":"Maksas deju pulci\u0146\u0161 2025.\/2026.m.g."},"content":{"rendered":"<p>DEJU PULCI\u0145\u0160<\/p>\n<p>Deju pulci\u0146u vada skolot\u0101ja Nat\u0101lija Si\u0146icina<\/p>\n<p>Deja ir viena no sen\u0101kaj\u0101m m\u0101kslas form\u0101m. Dejas veicina personu fizisko un gar\u012bgo att\u012bst\u012bbu, m\u0101ca atbr\u012bvoties, kontrol\u0113t savu \u0137ermeni, padara kust\u012bbas un \u017eestus br\u012bvas, vieglas, skaistas.<\/p>\n<p>Dejojot, b\u0113rni, k\u013c\u016bst emocion\u0101li bag\u0101t\u0101ki, vi\u0146iem ir nemit\u012bgs pozit\u012bvu emociju avots un pa\u0161apliecin\u0101\u0161an\u0101s iesp\u0113ja, vi\u0146i k\u013c\u016bst fiziski sp\u0113c\u012bg\u0101ki un iztur\u012bg\u0101ki. Viens no galvenajiem deju nodarb\u012bbu rezult\u0101tiem ir b\u0113rnu vieglums un p\u0101rliec\u012bba, sazinoties ar apk\u0101rt\u0113jiem, nepiecie\u0161am\u012bba p\u0113c turpm\u0101kas sevis pilnveido\u0161anas un pa\u0161apliecin\u0101\u0161an\u0101s.<\/p>\n<p>Deju nodarb\u012bbu m\u0113r\u0137is ir att\u012bst\u012bt ritma izj\u016btu, apg\u016bt deju kust\u012bbu tempu un koordin\u0101ciju, darbs pie elegant\u0101m dab\u012bg\u0101m \u0137erme\u0146a l\u012bnij\u0101m, kust\u012bbu dinamika, k\u0101ju un p\u0113du darba tehnika. Nodarb\u012bbu m\u0113r\u0137is ir b\u0113rnu fizisk\u0101 un est\u0113tisk\u0101 att\u012bst\u012bba , rado\u0161o prasmju un sp\u0113ju veido\u0161ana, kas pal\u012bdz\u0113s b\u0113rna t\u0101l\u0101kai pa\u0161realiz\u0101cijai un adapt\u0101cijai sabiedr\u012bb\u0101. Nodarb\u012bbu m\u0113r\u0137is ir att\u012bst\u012bt b\u0113rnu sp\u0113jas koncentr\u0113t uzman\u012bbu un izpild\u012bt dejas fonogramm\u0101, sp\u0113ju att\u012bst\u012bt ritmisku kust\u012bbu, atjaunojot dejas ritmisko modeli un kust\u012bbu horeogr\u0101fiju, prasmju att\u012bst\u012b\u0161ana da\u017e\u0101du \u0101trumu kust\u012bbu veik\u0161ana, uzved\u012bbas kult\u016bras izgl\u012bto\u0161ana deju z\u0101l\u0113, attiec\u012bbu veido\u0161ana p\u0101r\u012b un komand\u0101.<\/p>\n<p style=\"text-align: center;\"><img loading=\"lazy\" decoding=\"async\" class=\"alignnone wp-image-13542 size-full\" src=\"http:\/\/varaviksne.rezeknesip.lv\/wp-content\/uploads\/2024\/01\/20240124_155148-scaled.jpg\" alt=\"\" width=\"2560\" height=\"1583\" srcset=\"https:\/\/varaviksne.rezeknesip.lv\/wp-content\/uploads\/2024\/01\/20240124_155148-scaled.jpg 2560w, https:\/\/varaviksne.rezeknesip.lv\/wp-content\/uploads\/2024\/01\/20240124_155148-300x185.jpg 300w, https:\/\/varaviksne.rezeknesip.lv\/wp-content\/uploads\/2024\/01\/20240124_155148-1024x633.jpg 1024w, https:\/\/varaviksne.rezeknesip.lv\/wp-content\/uploads\/2024\/01\/20240124_155148-768x475.jpg 768w, https:\/\/varaviksne.rezeknesip.lv\/wp-content\/uploads\/2024\/01\/20240124_155148-1536x950.jpg 1536w, https:\/\/varaviksne.rezeknesip.lv\/wp-content\/uploads\/2024\/01\/20240124_155148-2048x1266.jpg 2048w, https:\/\/varaviksne.rezeknesip.lv\/wp-content\/uploads\/2024\/01\/20240124_155148-24x15.jpg 24w, https:\/\/varaviksne.rezeknesip.lv\/wp-content\/uploads\/2024\/01\/20240124_155148-36x22.jpg 36w, https:\/\/varaviksne.rezeknesip.lv\/wp-content\/uploads\/2024\/01\/20240124_155148-48x30.jpg 48w\" sizes=\"auto, (max-width: 2560px) 100vw, 2560px\" \/><\/p>\n<p style=\"text-align: center;\"><img loading=\"lazy\" decoding=\"async\" class=\"alignnone wp-image-13543 size-full\" src=\"http:\/\/varaviksne.rezeknesip.lv\/wp-content\/uploads\/2024\/01\/20240124_155202.jpg\" alt=\"\" width=\"2492\" height=\"1892\" srcset=\"https:\/\/varaviksne.rezeknesip.lv\/wp-content\/uploads\/2024\/01\/20240124_155202.jpg 2492w, https:\/\/varaviksne.rezeknesip.lv\/wp-content\/uploads\/2024\/01\/20240124_155202-300x228.jpg 300w, https:\/\/varaviksne.rezeknesip.lv\/wp-content\/uploads\/2024\/01\/20240124_155202-1024x777.jpg 1024w, https:\/\/varaviksne.rezeknesip.lv\/wp-content\/uploads\/2024\/01\/20240124_155202-768x583.jpg 768w, https:\/\/varaviksne.rezeknesip.lv\/wp-content\/uploads\/2024\/01\/20240124_155202-1536x1166.jpg 1536w, https:\/\/varaviksne.rezeknesip.lv\/wp-content\/uploads\/2024\/01\/20240124_155202-2048x1555.jpg 2048w, https:\/\/varaviksne.rezeknesip.lv\/wp-content\/uploads\/2024\/01\/20240124_155202-24x18.jpg 24w, https:\/\/varaviksne.rezeknesip.lv\/wp-content\/uploads\/2024\/01\/20240124_155202-36x27.jpg 36w, https:\/\/varaviksne.rezeknesip.lv\/wp-content\/uploads\/2024\/01\/20240124_155202-48x36.jpg 48w\" sizes=\"auto, (max-width: 2492px) 100vw, 2492px\" \/><\/p>\n<p style=\"text-align: center;\"><img loading=\"lazy\" decoding=\"async\" class=\"alignnone wp-image-13544 size-full\" src=\"http:\/\/varaviksne.rezeknesip.lv\/wp-content\/uploads\/2024\/01\/20240124_155233.jpg\" alt=\"\" width=\"1178\" height=\"1646\" srcset=\"https:\/\/varaviksne.rezeknesip.lv\/wp-content\/uploads\/2024\/01\/20240124_155233.jpg 1178w, https:\/\/varaviksne.rezeknesip.lv\/wp-content\/uploads\/2024\/01\/20240124_155233-215x300.jpg 215w, https:\/\/varaviksne.rezeknesip.lv\/wp-content\/uploads\/2024\/01\/20240124_155233-733x1024.jpg 733w, https:\/\/varaviksne.rezeknesip.lv\/wp-content\/uploads\/2024\/01\/20240124_155233-768x1073.jpg 768w, https:\/\/varaviksne.rezeknesip.lv\/wp-content\/uploads\/2024\/01\/20240124_155233-1099x1536.jpg 1099w, https:\/\/varaviksne.rezeknesip.lv\/wp-content\/uploads\/2024\/01\/20240124_155233-17x24.jpg 17w, https:\/\/varaviksne.rezeknesip.lv\/wp-content\/uploads\/2024\/01\/20240124_155233-26x36.jpg 26w, https:\/\/varaviksne.rezeknesip.lv\/wp-content\/uploads\/2024\/01\/20240124_155233-34x48.jpg 34w\" sizes=\"auto, (max-width: 1178px) 100vw, 1178px\" \/><\/p>\n<p style=\"text-align: center;\"><img loading=\"lazy\" decoding=\"async\" class=\"alignnone wp-image-13545 size-full\" src=\"http:\/\/varaviksne.rezeknesip.lv\/wp-content\/uploads\/2024\/01\/20240124_155240-scaled.jpg\" alt=\"\" width=\"2560\" height=\"1920\" srcset=\"https:\/\/varaviksne.rezeknesip.lv\/wp-content\/uploads\/2024\/01\/20240124_155240-scaled.jpg 2560w, https:\/\/varaviksne.rezeknesip.lv\/wp-content\/uploads\/2024\/01\/20240124_155240-300x225.jpg 300w, https:\/\/varaviksne.rezeknesip.lv\/wp-content\/uploads\/2024\/01\/20240124_155240-1024x768.jpg 1024w, https:\/\/varaviksne.rezeknesip.lv\/wp-content\/uploads\/2024\/01\/20240124_155240-768x576.jpg 768w, https:\/\/varaviksne.rezeknesip.lv\/wp-content\/uploads\/2024\/01\/20240124_155240-1536x1152.jpg 1536w, https:\/\/varaviksne.rezeknesip.lv\/wp-content\/uploads\/2024\/01\/20240124_155240-2048x1536.jpg 2048w, https:\/\/varaviksne.rezeknesip.lv\/wp-content\/uploads\/2024\/01\/20240124_155240-24x18.jpg 24w, https:\/\/varaviksne.rezeknesip.lv\/wp-content\/uploads\/2024\/01\/20240124_155240-36x27.jpg 36w, https:\/\/varaviksne.rezeknesip.lv\/wp-content\/uploads\/2024\/01\/20240124_155240-48x36.jpg 48w\" sizes=\"auto, (max-width: 2560px) 100vw, 2560px\" \/><\/p>\n<p style=\"text-align: center;\"><img loading=\"lazy\" decoding=\"async\" class=\"alignnone wp-image-13546 size-full\" src=\"http:\/\/varaviksne.rezeknesip.lv\/wp-content\/uploads\/2024\/01\/20240124_155434-scaled.jpg\" alt=\"\" width=\"2560\" height=\"2405\" srcset=\"https:\/\/varaviksne.rezeknesip.lv\/wp-content\/uploads\/2024\/01\/20240124_155434-scaled.jpg 2560w, https:\/\/varaviksne.rezeknesip.lv\/wp-content\/uploads\/2024\/01\/20240124_155434-300x282.jpg 300w, https:\/\/varaviksne.rezeknesip.lv\/wp-content\/uploads\/2024\/01\/20240124_155434-1024x962.jpg 1024w, https:\/\/varaviksne.rezeknesip.lv\/wp-content\/uploads\/2024\/01\/20240124_155434-768x721.jpg 768w, https:\/\/varaviksne.rezeknesip.lv\/wp-content\/uploads\/2024\/01\/20240124_155434-1536x1443.jpg 1536w, https:\/\/varaviksne.rezeknesip.lv\/wp-content\/uploads\/2024\/01\/20240124_155434-2048x1924.jpg 2048w, https:\/\/varaviksne.rezeknesip.lv\/wp-content\/uploads\/2024\/01\/20240124_155434-24x24.jpg 24w, https:\/\/varaviksne.rezeknesip.lv\/wp-content\/uploads\/2024\/01\/20240124_155434-36x34.jpg 36w, https:\/\/varaviksne.rezeknesip.lv\/wp-content\/uploads\/2024\/01\/20240124_155434-48x45.jpg 48w\" sizes=\"auto, (max-width: 2560px) 100vw, 2560px\" \/><\/p>\n<p style=\"text-align: center;\"><img loading=\"lazy\" decoding=\"async\" class=\"alignnone wp-image-13547 size-full\" src=\"http:\/\/varaviksne.rezeknesip.lv\/wp-content\/uploads\/2024\/01\/20240124_155442-scaled.jpg\" alt=\"\" width=\"2560\" height=\"1920\" srcset=\"https:\/\/varaviksne.rezeknesip.lv\/wp-content\/uploads\/2024\/01\/20240124_155442-scaled.jpg 2560w, https:\/\/varaviksne.rezeknesip.lv\/wp-content\/uploads\/2024\/01\/20240124_155442-300x225.jpg 300w, https:\/\/varaviksne.rezeknesip.lv\/wp-content\/uploads\/2024\/01\/20240124_155442-1024x768.jpg 1024w, https:\/\/varaviksne.rezeknesip.lv\/wp-content\/uploads\/2024\/01\/20240124_155442-768x576.jpg 768w, https:\/\/varaviksne.rezeknesip.lv\/wp-content\/uploads\/2024\/01\/20240124_155442-1536x1152.jpg 1536w, https:\/\/varaviksne.rezeknesip.lv\/wp-content\/uploads\/2024\/01\/20240124_155442-2048x1536.jpg 2048w, https:\/\/varaviksne.rezeknesip.lv\/wp-content\/uploads\/2024\/01\/20240124_155442-24x18.jpg 24w, https:\/\/varaviksne.rezeknesip.lv\/wp-content\/uploads\/2024\/01\/20240124_155442-36x27.jpg 36w, https:\/\/varaviksne.rezeknesip.lv\/wp-content\/uploads\/2024\/01\/20240124_155442-48x36.jpg 48w\" sizes=\"auto, (max-width: 2560px) 100vw, 2560px\" \/><\/p>\n<p style=\"text-align: center;\"><img loading=\"lazy\" decoding=\"async\" class=\"alignnone wp-image-13549 size-full\" src=\"http:\/\/varaviksne.rezeknesip.lv\/wp-content\/uploads\/2024\/01\/20240124_155446-scaled.jpg\" alt=\"\" width=\"2560\" height=\"1920\" srcset=\"https:\/\/varaviksne.rezeknesip.lv\/wp-content\/uploads\/2024\/01\/20240124_155446-scaled.jpg 2560w, https:\/\/varaviksne.rezeknesip.lv\/wp-content\/uploads\/2024\/01\/20240124_155446-300x225.jpg 300w, https:\/\/varaviksne.rezeknesip.lv\/wp-content\/uploads\/2024\/01\/20240124_155446-1024x768.jpg 1024w, https:\/\/varaviksne.rezeknesip.lv\/wp-content\/uploads\/2024\/01\/20240124_155446-768x576.jpg 768w, https:\/\/varaviksne.rezeknesip.lv\/wp-content\/uploads\/2024\/01\/20240124_155446-1536x1152.jpg 1536w, https:\/\/varaviksne.rezeknesip.lv\/wp-content\/uploads\/2024\/01\/20240124_155446-2048x1536.jpg 2048w, https:\/\/varaviksne.rezeknesip.lv\/wp-content\/uploads\/2024\/01\/20240124_155446-24x18.jpg 24w, https:\/\/varaviksne.rezeknesip.lv\/wp-content\/uploads\/2024\/01\/20240124_155446-36x27.jpg 36w, https:\/\/varaviksne.rezeknesip.lv\/wp-content\/uploads\/2024\/01\/20240124_155446-48x36.jpg 48w\" sizes=\"auto, (max-width: 2560px) 100vw, 2560px\" \/><\/p>\n<p style=\"text-align: center;\"><img loading=\"lazy\" decoding=\"async\" class=\"alignnone wp-image-13550 size-full\" src=\"http:\/\/varaviksne.rezeknesip.lv\/wp-content\/uploads\/2024\/01\/20240124_155452-scaled.jpg\" alt=\"\" width=\"2560\" height=\"1849\" srcset=\"https:\/\/varaviksne.rezeknesip.lv\/wp-content\/uploads\/2024\/01\/20240124_155452-scaled.jpg 2560w, https:\/\/varaviksne.rezeknesip.lv\/wp-content\/uploads\/2024\/01\/20240124_155452-300x217.jpg 300w, https:\/\/varaviksne.rezeknesip.lv\/wp-content\/uploads\/2024\/01\/20240124_155452-1024x740.jpg 1024w, https:\/\/varaviksne.rezeknesip.lv\/wp-content\/uploads\/2024\/01\/20240124_155452-768x555.jpg 768w, https:\/\/varaviksne.rezeknesip.lv\/wp-content\/uploads\/2024\/01\/20240124_155452-1536x1109.jpg 1536w, https:\/\/varaviksne.rezeknesip.lv\/wp-content\/uploads\/2024\/01\/20240124_155452-2048x1479.jpg 2048w, https:\/\/varaviksne.rezeknesip.lv\/wp-content\/uploads\/2024\/01\/20240124_155452-24x17.jpg 24w, https:\/\/varaviksne.rezeknesip.lv\/wp-content\/uploads\/2024\/01\/20240124_155452-36x26.jpg 36w, https:\/\/varaviksne.rezeknesip.lv\/wp-content\/uploads\/2024\/01\/20240124_155452-48x35.jpg 48w\" sizes=\"auto, (max-width: 2560px) 100vw, 2560px\" \/><\/p>\n<p><img loading=\"lazy\" decoding=\"async\" class=\"aligncenter wp-image-13551 size-full\" src=\"http:\/\/varaviksne.rezeknesip.lv\/wp-content\/uploads\/2024\/01\/20240124_155505.jpg\" alt=\"\" width=\"1839\" height=\"1297\" srcset=\"https:\/\/varaviksne.rezeknesip.lv\/wp-content\/uploads\/2024\/01\/20240124_155505.jpg 1839w, https:\/\/varaviksne.rezeknesip.lv\/wp-content\/uploads\/2024\/01\/20240124_155505-300x212.jpg 300w, https:\/\/varaviksne.rezeknesip.lv\/wp-content\/uploads\/2024\/01\/20240124_155505-1024x722.jpg 1024w, https:\/\/varaviksne.rezeknesip.lv\/wp-content\/uploads\/2024\/01\/20240124_155505-768x542.jpg 768w, https:\/\/varaviksne.rezeknesip.lv\/wp-content\/uploads\/2024\/01\/20240124_155505-1536x1083.jpg 1536w, https:\/\/varaviksne.rezeknesip.lv\/wp-content\/uploads\/2024\/01\/20240124_155505-24x17.jpg 24w, https:\/\/varaviksne.rezeknesip.lv\/wp-content\/uploads\/2024\/01\/20240124_155505-36x25.jpg 36w, https:\/\/varaviksne.rezeknesip.lv\/wp-content\/uploads\/2024\/01\/20240124_155505-48x34.jpg 48w\" sizes=\"auto, (max-width: 1839px) 100vw, 1839px\" \/><\/p>\n<p><img loading=\"lazy\" decoding=\"async\" class=\"aligncenter size-full wp-image-6737\" src=\"http:\/\/varaviksne.rezeknesip.lv\/wp-content\/uploads\/2021\/10\/20211013_153349.jpg\" alt=\"\" width=\"4032\" height=\"2268\" srcset=\"https:\/\/varaviksne.rezeknesip.lv\/wp-content\/uploads\/2021\/10\/20211013_153349.jpg 4032w, https:\/\/varaviksne.rezeknesip.lv\/wp-content\/uploads\/2021\/10\/20211013_153349-300x169.jpg 300w, https:\/\/varaviksne.rezeknesip.lv\/wp-content\/uploads\/2021\/10\/20211013_153349-768x432.jpg 768w, https:\/\/varaviksne.rezeknesip.lv\/wp-content\/uploads\/2021\/10\/20211013_153349-1024x576.jpg 1024w, https:\/\/varaviksne.rezeknesip.lv\/wp-content\/uploads\/2021\/10\/20211013_153349-24x14.jpg 24w, https:\/\/varaviksne.rezeknesip.lv\/wp-content\/uploads\/2021\/10\/20211013_153349-36x20.jpg 36w, https:\/\/varaviksne.rezeknesip.lv\/wp-content\/uploads\/2021\/10\/20211013_153349-48x27.jpg 48w\" sizes=\"auto, (max-width: 4032px) 100vw, 4032px\" \/><\/p>\n<p><img loading=\"lazy\" decoding=\"async\" class=\"aligncenter size-full wp-image-6738\" src=\"http:\/\/varaviksne.rezeknesip.lv\/wp-content\/uploads\/2021\/10\/20211013_153937.jpg\" alt=\"\" width=\"3200\" height=\"2006\" srcset=\"https:\/\/varaviksne.rezeknesip.lv\/wp-content\/uploads\/2021\/10\/20211013_153937.jpg 3200w, https:\/\/varaviksne.rezeknesip.lv\/wp-content\/uploads\/2021\/10\/20211013_153937-300x188.jpg 300w, https:\/\/varaviksne.rezeknesip.lv\/wp-content\/uploads\/2021\/10\/20211013_153937-768x481.jpg 768w, https:\/\/varaviksne.rezeknesip.lv\/wp-content\/uploads\/2021\/10\/20211013_153937-1024x642.jpg 1024w, https:\/\/varaviksne.rezeknesip.lv\/wp-content\/uploads\/2021\/10\/20211013_153937-24x15.jpg 24w, https:\/\/varaviksne.rezeknesip.lv\/wp-content\/uploads\/2021\/10\/20211013_153937-36x23.jpg 36w, https:\/\/varaviksne.rezeknesip.lv\/wp-content\/uploads\/2021\/10\/20211013_153937-48x30.jpg 48w\" sizes=\"auto, (max-width: 3200px) 100vw, 3200px\" \/><\/p>\n","protected":false},"excerpt":{"rendered":"<p>DEJU PULCI\u0145\u0160 Deju pulci\u0146u vada skolot\u0101ja Nat\u0101lija Si\u0146icina Deja ir viena no sen\u0101kaj\u0101m m\u0101kslas form\u0101m. Dejas veicina personu fizisko un gar\u012bgo att\u012bst\u012bbu, m\u0101ca atbr\u012bvoties, kontrol\u0113t savu \u0137ermeni, padara kust\u012bbas un \u017eestus br\u012bvas, vieglas, skaistas. Dejojot, b\u0113rni, k\u013c\u016bst emocion\u0101li bag\u0101t\u0101ki, vi\u0146iem ir nemit\u012bgs pozit\u012bvu emociju avots un pa\u0161apliecin\u0101\u0161an\u0101s iesp\u0113ja, vi\u0146i k\u013c\u016bst fiziski sp\u0113c\u012bg\u0101ki un iztur\u012bg\u0101ki. Viens [&hellip;]<\/p>\n","protected":false},"author":1,"featured_media":0,"parent":178,"menu_order":0,"comment_status":"closed","ping_status":"closed","template":"","meta":{"footnotes":""},"class_list":["post-6590","page","type-page","status-publish","hentry"],"_links":{"self":[{"href":"https:\/\/varaviksne.rezeknesip.lv\/index.php\/wp-json\/wp\/v2\/pages\/6590","targetHints":{"allow":["GET"]}}],"collection":[{"href":"https:\/\/varaviksne.rezeknesip.lv\/index.php\/wp-json\/wp\/v2\/pages"}],"about":[{"href":"https:\/\/varaviksne.rezeknesip.lv\/index.php\/wp-json\/wp\/v2\/types\/page"}],"author":[{"embeddable":true,"href":"https:\/\/varaviksne.rezeknesip.lv\/index.php\/wp-json\/wp\/v2\/users\/1"}],"replies":[{"embeddable":true,"href":"https:\/\/varaviksne.rezeknesip.lv\/index.php\/wp-json\/wp\/v2\/comments?post=6590"}],"version-history":[{"count":11,"href":"https:\/\/varaviksne.rezeknesip.lv\/index.php\/wp-json\/wp\/v2\/pages\/6590\/revisions"}],"predecessor-version":[{"id":20141,"href":"https:\/\/varaviksne.rezeknesip.lv\/index.php\/wp-json\/wp\/v2\/pages\/6590\/revisions\/20141"}],"up":[{"embeddable":true,"href":"https:\/\/varaviksne.rezeknesip.lv\/index.php\/wp-json\/wp\/v2\/pages\/178"}],"wp:attachment":[{"href":"https:\/\/varaviksne.rezeknesip.lv\/index.php\/wp-json\/wp\/v2\/media?parent=6590"}],"curies":[{"name":"wp","href":"https:\/\/api.w.org\/{rel}","templated":true}]}}