{"id":7922,"date":"2022-02-03T09:24:01","date_gmt":"2022-02-03T09:24:01","guid":{"rendered":"http:\/\/varaviksne.rezeknesip.lv\/?page_id=7922"},"modified":"2025-06-06T09:12:40","modified_gmt":"2025-06-06T06:12:40","slug":"noderiga-informacija-vecakiem","status":"publish","type":"page","link":"https:\/\/varaviksne.rezeknesip.lv\/index.php\/vecakiem\/noderiga-informacija-vecakiem\/","title":{"rendered":"Noder\u012bga inform\u0101cija vec\u0101kiem"},"content":{"rendered":"\r\n<p>&nbsp;<\/p>\r\n\r\n\r\n\r\n<p><a href=\"http:\/\/varaviksne.rezeknesip.lv\/wp-content\/uploads\/2025\/06\/Informativais-materials-vecakiem.pdf\" target=\"_blank\" rel=\"noopener\">Informat\u012bvais materi\u0101ls vec\u0101kiem (lejupl\u0101d\u0113t)<\/a><\/p>\r\n<p>&nbsp;<\/p>\r\n\r\n\r\n\r\n<p><a href=\"https:\/\/mape.skola2030.lv\/materials\/D94tbasDR8wfsgapbtPhFQ\" target=\"_blank\" rel=\"noreferrer noopener\">https:\/\/mape.skola2030.lv\/materials\/D94tbasDR8wfsgapbtPhFQ<\/a><\/p>\r\n\r\n\r\n\r\n<p>&nbsp;<\/p>\r\n\r\n\r\n\r\n<p><a href=\"https:\/\/kulturaskanons.lv\/wp-content\/uploads\/2022\/09\/KK_uzdevumu_lapas.pdf?fbclid=IwAR1Fp2YFkzq1bhAFx9N-Y3rj7RlUVBOZopUDaqTGs9gvYk9klb7S9XCWK7E\" target=\"_blank\" rel=\"noreferrer noopener\">https:\/\/kulturaskanons.lv\/wp-content\/uploads\/2022\/09\/KK_uzdevumu_lapas.pdf?fbclid=IwAR1Fp2YFkzq1bhAFx9N-Y3rj7RlUVBOZopUDaqTGs9gvYk9klb7S9XCWK7E<\/a><\/p>\r\n\r\n\r\n\r\n<p><a href=\"https:\/\/maciunmacies.valoda.lv\/maci\/pirmsskolai#1tab\" target=\"_blank\" rel=\"noreferrer noopener\">https:\/\/maciunmacies.valoda.lv\/maci\/pirmsskolai#1tab<\/a><\/p>\r\n\r\n\r\n\r\n<p>&nbsp;<\/p>\r\n\r\n\r\n\r\n<p><a href=\"https:\/\/anitasklase.wixsite.com\/anitasklase\/pirmsskola\" target=\"_blank\" rel=\"noreferrer noopener\">https:\/\/anitasklase.wixsite.com\/anitasklase\/pirmsskola<\/a><\/p>\r\n\r\n\r\n\r\n<h2 class=\"wp-block-heading\">Bezmaksas vietnes:<\/h2>\r\n\r\n\r\n\r\n<p><strong><a href=\"http:\/\/www.skanumezapasaka.lv%C2%A0\" target=\"_blank\" rel=\"noreferrer noopener\">Skanumezapasaka.lv<\/a> <\/strong>\u2013 interakt\u012bva un muzik\u0101li izgl\u012btojo\u0161a sp\u0113le b\u0113rniem.<\/p>\r\n\r\n\r\n\r\n<p><a href=\"https:\/\/www.cirkulis.lv\/\" target=\"_blank\" rel=\"noreferrer noopener\"><strong>Cirkulis.lv<\/strong><\/a>\u00a0\u2013\u00a0kr\u0101sojam\u0101s lapas, puzles u. c.;<\/p>\r\n\r\n\r\n\r\n<p><a href=\"https:\/\/maciunmacies.valoda.lv\/\" target=\"_blank\" rel=\"noreferrer noopener\"><strong>M\u0101ci un m\u0101cies\u00a0<\/strong><\/a>\u2013 m\u0101c\u012bbu sp\u0113les latvie\u0161u valodas apguvei;<\/p>\r\n\r\n\r\n\r\n<p>&nbsp;<\/p>\r\n\r\n\r\n\r\n<p><a href=\"https:\/\/bernistaba.lsm.lv\/\" target=\"_blank\" rel=\"noreferrer noopener\"><strong>B\u0113rnistaba<\/strong><\/a>\u00a0\u2013 interakt\u012bva kr\u0101so\u0161ana, kr\u0101sojam\u0101s lapas, anim\u0101ciju filmas, burti, cipari, puzles, pulkstenis, citi interakt\u012bvi m\u0101c\u012bbu materi\u0101li;<\/p>\r\n\r\n\r\n\r\n<p><a href=\"https:\/\/lasamkoks.lv\/\" target=\"_blank\" rel=\"noreferrer noopener\"><strong>Las\u0101mkoks<\/strong><\/a>\u00a0\u2013 m\u0101c\u012bbu sp\u0113les: burti, v\u0101rdu m\u012bklas, cipari;<\/p>\r\n\r\n\r\n\r\n<p><a href=\"http:\/\/www.dzimba.lv\/lv\/\" target=\"_blank\" rel=\"noreferrer noopener\"><strong>D\u017eimba<\/strong><\/a>\u00a0\u2013 soci\u0101l\u0101s un dro\u0161\u012bbas sp\u0113les;<\/p>\r\n\r\n\r\n\r\n<p><a href=\"https:\/\/soma.lv\/\" target=\"_blank\" rel=\"noreferrer noopener\"><strong>Soma<\/strong><\/a>\u00a0\u2013 burti un skait\u013ci, darba lapas;<\/p>\r\n\r\n\r\n\r\n<p><a href=\"https:\/\/esmaja.lv\/lv\/projekti\/vitamins-es\/sakumskola?fbclid=IwAR3faztQMShnoWwO1xQwIRUYtV1RzmOVuIstsNp5FGaBIYlaUYdUh_DL-JU\" target=\"_blank\" rel=\"noreferrer noopener\"><strong>\u0136eburu m\u0101kslas burtn\u012bca<\/strong><\/a>\u00a0\u2013\u00a0vizu\u0101lo un rado\u0161o dom\u0101\u0161anu att\u012bsto\u0161i uzdevumi, zin\u0101\u0161anu pilnveido\u0161ana par\u00a0Eiropu;<\/p>\r\n\r\n\r\n\r\n<p><a href=\"https:\/\/www.letonika.lv\/\" target=\"_blank\" rel=\"noreferrer noopener\"><strong>Letonika\u00a0<\/strong><\/a>\u2013 run\u0101jo\u0161\u0101s pasakas.<\/p>\r\n\r\n\r\n\r\n<p><a href=\"https:\/\/vip.ventspils.lv\/pirmsskolas-izglitiba\/macibu-materiali-darbam-majas-apstaklos\/\" target=\"_blank\" rel=\"noreferrer noopener\"><strong>Darba lapas\u00a0<\/strong><\/a>\u2013 Ventspils Izgl\u012bt\u012bbas p\u0101rvaldes sagatavoti m\u0101c\u012bbu materi\u0101li darbam m\u0101jas apst\u0101k\u013cos<\/p>\r\n\r\n\r\n\r\n<p>&nbsp;<\/p>\r\n\r\n\r\n\r\n<p>&nbsp;<\/p>\r\n","protected":false},"excerpt":{"rendered":"<p>&nbsp; Informat\u012bvais materi\u0101ls vec\u0101kiem (lejupl\u0101d\u0113t) &nbsp; https:\/\/mape.skola2030.lv\/materials\/D94tbasDR8wfsgapbtPhFQ &nbsp; https:\/\/kulturaskanons.lv\/wp-content\/uploads\/2022\/09\/KK_uzdevumu_lapas.pdf?fbclid=IwAR1Fp2YFkzq1bhAFx9N-Y3rj7RlUVBOZopUDaqTGs9gvYk9klb7S9XCWK7E https:\/\/maciunmacies.valoda.lv\/maci\/pirmsskolai#1tab &nbsp; https:\/\/anitasklase.wixsite.com\/anitasklase\/pirmsskola Bezmaksas vietnes: Skanumezapasaka.lv \u2013 interakt\u012bva un muzik\u0101li izgl\u012btojo\u0161a sp\u0113le b\u0113rniem. Cirkulis.lv\u00a0\u2013\u00a0kr\u0101sojam\u0101s lapas, puzles u. c.; M\u0101ci un m\u0101cies\u00a0\u2013 m\u0101c\u012bbu sp\u0113les latvie\u0161u valodas apguvei; &nbsp; B\u0113rnistaba\u00a0\u2013 interakt\u012bva kr\u0101so\u0161ana, kr\u0101sojam\u0101s lapas, anim\u0101ciju filmas, burti, cipari, puzles, pulkstenis, citi interakt\u012bvi m\u0101c\u012bbu materi\u0101li; Las\u0101mkoks\u00a0\u2013 m\u0101c\u012bbu sp\u0113les: burti, [&hellip;]<\/p>\n","protected":false},"author":2,"featured_media":0,"parent":30,"menu_order":0,"comment_status":"closed","ping_status":"closed","template":"","meta":{"footnotes":""},"class_list":["post-7922","page","type-page","status-publish","hentry"],"_links":{"self":[{"href":"https:\/\/varaviksne.rezeknesip.lv\/index.php\/wp-json\/wp\/v2\/pages\/7922","targetHints":{"allow":["GET"]}}],"collection":[{"href":"https:\/\/varaviksne.rezeknesip.lv\/index.php\/wp-json\/wp\/v2\/pages"}],"about":[{"href":"https:\/\/varaviksne.rezeknesip.lv\/index.php\/wp-json\/wp\/v2\/types\/page"}],"author":[{"embeddable":true,"href":"https:\/\/varaviksne.rezeknesip.lv\/index.php\/wp-json\/wp\/v2\/users\/2"}],"replies":[{"embeddable":true,"href":"https:\/\/varaviksne.rezeknesip.lv\/index.php\/wp-json\/wp\/v2\/comments?post=7922"}],"version-history":[{"count":8,"href":"https:\/\/varaviksne.rezeknesip.lv\/index.php\/wp-json\/wp\/v2\/pages\/7922\/revisions"}],"predecessor-version":[{"id":19124,"href":"https:\/\/varaviksne.rezeknesip.lv\/index.php\/wp-json\/wp\/v2\/pages\/7922\/revisions\/19124"}],"up":[{"embeddable":true,"href":"https:\/\/varaviksne.rezeknesip.lv\/index.php\/wp-json\/wp\/v2\/pages\/30"}],"wp:attachment":[{"href":"https:\/\/varaviksne.rezeknesip.lv\/index.php\/wp-json\/wp\/v2\/media?parent=7922"}],"curies":[{"name":"wp","href":"https:\/\/api.w.org\/{rel}","templated":true}]}}